{"id":5857,"date":"2026-04-09T11:12:21","date_gmt":"2026-04-09T10:12:21","guid":{"rendered":"https:\/\/carland-solutions.pt\/product\/mercedes-benz-cla-250\/"},"modified":"2026-04-09T11:16:20","modified_gmt":"2026-04-09T10:16:20","slug":"mercedes-benz-cla-250","status":"publish","type":"product","link":"https:\/\/carland-solutions.pt\/pt-pt\/product\/mercedes-benz-cla-250\/","title":{"rendered":"Mercedes-Benz CLA 250"},"content":{"rendered":"<div class=\"wpb-content-wrapper\"><p>[vc_row gap=&#8221;35&#8243; equal_height=&#8221;yes&#8221; content_placement=&#8221;top&#8221;][vc_column][vc_column_text css=&#8221;&#8221;]<strong>Mercedes-Benz CLA 250<\/strong>[\/vc_column_text][vc_column_text css=&#8221;&#8221;]<strong>Mercedes-Benz CLA 250<\/strong><strong> &#8211; Elegante, desportivo e eficiente<\/strong>: o Mercedes-Benz CLA 250 08-2022 combina um design requintado com linhas aerodin\u00e2micas e um interior de alta qualidade que coloca o conforto e a tecnologia de ponta no seu centro; gra\u00e7as ao seu motor potente e suave, este autom\u00f3vel proporciona um excelente desempenho tanto na cidade como na autoestrada, enquanto o seu consumo de combust\u00edvel eficiente assegura um equil\u00edbrio perfeito entre pot\u00eancia e economia, ideal para quem procura prazer de condu\u00e7\u00e3o, luxo e fiabilidade num autom\u00f3vel elegante[\/vc_column_text][\/vc_column][\/vc_row][vc_row gap=&#8221;35&#8243; equal_height=&#8221;yes&#8221; content_placement=&#8221;top&#8221;][vc_column width=&#8221;1\/2&#8243;][vc_column_text css=&#8221;&#8221;]<\/p>\n<p><strong>\u00c1UDIO E MULTIM\u00c9DIA<\/strong><\/p>\n<p>-Bluetooth<\/p>\n<p>-R\u00e1dio<\/p>\n<p>-Sistema m\u00e3os livres<\/p>\n<p>-Porta USB<\/p>\n<p>-Sistema de navega\u00e7\u00e3o<\/p>\n<p>-Ecr\u00e3 t\u00e1til<\/p>\n<p>-Controlo de voz das fun\u00e7\u00f5es do ve\u00edculo<\/p>\n<p><strong>CONFORTO E EQUIPAMENTO<\/strong><\/p>\n<p>-Ar condicionado autom\u00e1tico de zona dupla<\/p>\n<p>-Revestimento em meia pele<\/p>\n<p>-Assento do condutor aquecido<\/p>\n<p>-Assento do passageiro aquecido<\/p>\n<p>-Apoio de bra\u00e7os \u00e0 frente<\/p>\n<p>-Apoio de bra\u00e7os na retaguarda<\/p>\n<p>-Volante multifun\u00e7\u00f5es<\/p>\n<p>-Arranque sem chave<\/p>\n<p>-Arranque do motor sem fios<\/p>\n<p>-Ar condicionado autom\u00e1tico<\/p>\n<p>-Sensor traseiro<\/p>\n<p>-Vidros el\u00e9ctricos dianteiros<\/p>\n<p>-Vidros traseiros el\u00e9ctricos<\/p>\n<p>-Vidros traseiros de getinte<\/p>\n<p>-Eletr\u00f3nica e assist\u00eancia \u00e0 condu\u00e7\u00e3o<\/p>\n<p>-Controlo de velocidade de cruzeiro adaptativo<\/p>\n<p>-Sensor de estacionamento dianteiro<\/p>\n<p>-Sensor de estacionamento traseiro<\/p>\n<p>-Assist\u00eancia \u00e0 luz<\/p>\n<p>-Far\u00f3is de dire\u00e7\u00e3o<\/p>\n<p>-Luzes de circula\u00e7\u00e3o diurna LED<\/p>\n<p>-Sistema de arranque\/paragem<\/p>\n<p>-Controlo da press\u00e3o dos pneus<\/p>\n<p>-Trav\u00e3o de m\u00e3o el\u00e9trico<\/p>\n<p>-Dire\u00e7\u00e3o assistida<\/p>\n<p><strong>SEGURAN\u00c7A <\/strong><\/p>\n<p>-ABS<\/p>\n<p>-Assistente de mudan\u00e7a de faixa<\/p>\n<p>-Airbag do condutor<\/p>\n<p>-Airbag do passageiro<\/p>\n<p>&#8211; Airbags laterais para o condutor e passageiro<\/p>\n<p>-ISOFIX[\/vc_column_text][\/vc_column][vc_column width=&#8221;1\/2&#8243;][vc_column_text css=&#8221;.vc_custom_1763481845196{padding-top: 25px !important;padding-right: 35px !important;padding-bottom: 25px !important;padding-left: 35px !important;background-color: #1c2e4a !important;border-radius: 10px !important;}&#8221;]<span style=\"color: #ffffff;\"><i class=\"fa-fw dt-icon-the7-misc-017\"><\/i><strong>  Entrega gratuita em Portugal<\/strong><\/span><\/p>\n<p><span style=\"color: #ffffff;\"><i class=\"fa-fw dt-icon-the7-misc-017\"><\/i><strong>  O pre\u00e7o inclui uma garantia de 18 meses com cobertura nacional, um ve\u00edculo de substitui\u00e7\u00e3o e assist\u00eancia em viagem 24 horas por dia<\/strong><\/span><\/p>\n<p><span style=\"color: #ffffff;\"><i class=\"fa-fw dt-icon-the7-misc-017\"><\/i><strong>  Possibilidade de financiamento<\/strong><\/span><\/p>\n<p><span style=\"color: #ffffff;\"><i class=\"fa-fw dt-icon-the7-misc-017\"><\/i><strong>  A troca do teu autom\u00f3vel atual \u00e9 poss\u00edvel mediante pedido<\/strong><\/span>[\/vc_column_text][\/vc_column][\/vc_row][vc_row][vc_column][vc_column_text css=&#8221;&#8221;]<\/p>\n<h2>Est\u00e1s interessado neste carro?<\/h2>\n<p>[\/vc_column_text][vc_column_text css=&#8221;&#8221;]Se estiveres interessado neste ou em qualquer outro dos nossos autom\u00f3veis usados, n\u00e3o hesites em contactar-nos atrav\u00e9s de <strong><a href=\"tel:+31641972793\">+31 6 419 727 93<\/a><\/strong> ou <strong><a href=\"tel:+351960184708\">+351 960 184 708<\/a><\/strong>.[\/vc_column_text][\/vc_column][\/vc_row]<\/p>\n<\/div>","protected":false},"excerpt":{"rendered":"<ul>\n<li>Ano de constru\u00e7\u00e3o: 08-2022<\/li>\n<li>Vers\u00e3o: CLA 250<\/li>\n<li>Quilometragem: 74.000 km<\/li>\n<li>Capacidade do cilindro: 1.332 cm\u00b3<\/li>\n<li>Pot\u00eancia: 218 cv<\/li>\n<li>Bin\u00e1rio: 450 Nm<\/li>\n<li>Consumo urbano: 4,6 l\/100 km<\/li>\n<li>Caixa de velocidades: Autom\u00e1tica<\/li>\n<li>Tra\u00e7\u00e3o: H\u00edbrida (gasolina)<\/li>\n<\/ul>\n","protected":false},"featured_media":5846,"template":"","meta":[],"product_brand":[],"product_cat":[48],"product_tag":[],"class_list":{"0":"post-5857","1":"product","2":"type-product","3":"status-publish","4":"has-post-thumbnail","6":"product_cat-te-koop-pt-pt","7":"description-off","9":"first","10":"instock","11":"shipping-taxable","12":"purchasable","13":"product-type-simple"},"yoast_head":"<!-- This site is optimized with the Yoast SEO plugin v27.3 - https:\/\/yoast.com\/product\/yoast-seo-wordpress\/ -->\n<title>Mercedes-Benz CLA 250 - Carland Solutions<\/title>\n<meta name=\"robots\" content=\"index, follow, max-snippet:-1, max-image-preview:large, max-video-preview:-1\" \/>\n<link rel=\"canonical\" href=\"https:\/\/carland-solutions.pt\/pt-pt\/product\/mercedes-benz-cla-250\/\" \/>\n<meta property=\"og:locale\" content=\"pt_PT\" \/>\n<meta property=\"og:type\" content=\"article\" \/>\n<meta property=\"og:title\" content=\"Mercedes-Benz CLA 250 - Carland Solutions\" \/>\n<meta property=\"og:description\" content=\"Ano de constru\u00e7\u00e3o: 08-2022  Vers\u00e3o: CLA 250  Quilometragem: 74.000 km  Capacidade do cilindro: 1.332 cm\u00b3  Pot\u00eancia: 218 cv  Bin\u00e1rio: 450 Nm  Consumo urbano: 4,6 l\/100 km  Caixa de velocidades: Autom\u00e1tica  Tra\u00e7\u00e3o: H\u00edbrida (gasolina)\" \/>\n<meta property=\"og:url\" content=\"https:\/\/carland-solutions.pt\/pt-pt\/product\/mercedes-benz-cla-250\/\" \/>\n<meta property=\"og:site_name\" content=\"Carland Solutions\" \/>\n<meta property=\"article:publisher\" content=\"https:\/\/www.facebook.com\/carlandsolutions\" \/>\n<meta property=\"article:modified_time\" content=\"2026-04-09T10:16:20+00:00\" \/>\n<meta property=\"og:image\" content=\"https:\/\/carland-solutions.pt\/wp-content\/uploads\/2026\/04\/667984672_122108447817264610_3878854720629060177_n.jpg\" \/>\n\t<meta property=\"og:image:width\" content=\"1080\" \/>\n\t<meta property=\"og:image:height\" content=\"1350\" \/>\n\t<meta property=\"og:image:type\" content=\"image\/jpeg\" \/>\n<meta name=\"twitter:card\" content=\"summary_large_image\" \/>\n<meta name=\"twitter:label1\" content=\"Tempo estimado de leitura\" \/>\n\t<meta name=\"twitter:data1\" content=\"2 minutos\" \/>\n<script type=\"application\/ld+json\" class=\"yoast-schema-graph\">{\"@context\":\"https:\\\/\\\/schema.org\",\"@graph\":[{\"@type\":\"WebPage\",\"@id\":\"https:\\\/\\\/carland-solutions.pt\\\/pt-pt\\\/product\\\/mercedes-benz-cla-250\\\/\",\"url\":\"https:\\\/\\\/carland-solutions.pt\\\/pt-pt\\\/product\\\/mercedes-benz-cla-250\\\/\",\"name\":\"Mercedes-Benz CLA 250 - Carland Solutions\",\"isPartOf\":{\"@id\":\"https:\\\/\\\/carland-solutions.pt\\\/pt-pt\\\/#website\"},\"primaryImageOfPage\":{\"@id\":\"https:\\\/\\\/carland-solutions.pt\\\/pt-pt\\\/product\\\/mercedes-benz-cla-250\\\/#primaryimage\"},\"image\":{\"@id\":\"https:\\\/\\\/carland-solutions.pt\\\/pt-pt\\\/product\\\/mercedes-benz-cla-250\\\/#primaryimage\"},\"thumbnailUrl\":\"https:\\\/\\\/carland-solutions.pt\\\/wp-content\\\/uploads\\\/2026\\\/04\\\/667984672_122108447817264610_3878854720629060177_n.jpg\",\"datePublished\":\"2026-04-09T10:12:21+00:00\",\"dateModified\":\"2026-04-09T10:16:20+00:00\",\"breadcrumb\":{\"@id\":\"https:\\\/\\\/carland-solutions.pt\\\/pt-pt\\\/product\\\/mercedes-benz-cla-250\\\/#breadcrumb\"},\"inLanguage\":\"pt-PT\",\"potentialAction\":[{\"@type\":\"ReadAction\",\"target\":[\"https:\\\/\\\/carland-solutions.pt\\\/pt-pt\\\/product\\\/mercedes-benz-cla-250\\\/\"]}]},{\"@type\":\"ImageObject\",\"inLanguage\":\"pt-PT\",\"@id\":\"https:\\\/\\\/carland-solutions.pt\\\/pt-pt\\\/product\\\/mercedes-benz-cla-250\\\/#primaryimage\",\"url\":\"https:\\\/\\\/carland-solutions.pt\\\/wp-content\\\/uploads\\\/2026\\\/04\\\/667984672_122108447817264610_3878854720629060177_n.jpg\",\"contentUrl\":\"https:\\\/\\\/carland-solutions.pt\\\/wp-content\\\/uploads\\\/2026\\\/04\\\/667984672_122108447817264610_3878854720629060177_n.jpg\",\"width\":1080,\"height\":1350},{\"@type\":\"BreadcrumbList\",\"@id\":\"https:\\\/\\\/carland-solutions.pt\\\/pt-pt\\\/product\\\/mercedes-benz-cla-250\\\/#breadcrumb\",\"itemListElement\":[{\"@type\":\"ListItem\",\"position\":1,\"name\":\"Home\",\"item\":\"https:\\\/\\\/carland-solutions.pt\\\/pt-pt\\\/\"},{\"@type\":\"ListItem\",\"position\":2,\"name\":\"Refund and Returns Policy\",\"item\":\"https:\\\/\\\/carland-solutions.pt\\\/?page_id=17\"},{\"@type\":\"ListItem\",\"position\":3,\"name\":\"Mercedes-Benz CLA 250\"}]},{\"@type\":\"WebSite\",\"@id\":\"https:\\\/\\\/carland-solutions.pt\\\/pt-pt\\\/#website\",\"url\":\"https:\\\/\\\/carland-solutions.pt\\\/pt-pt\\\/\",\"name\":\"Carland Solutions\",\"description\":\"\",\"publisher\":{\"@id\":\"https:\\\/\\\/carland-solutions.pt\\\/pt-pt\\\/#organization\"},\"potentialAction\":[{\"@type\":\"SearchAction\",\"target\":{\"@type\":\"EntryPoint\",\"urlTemplate\":\"https:\\\/\\\/carland-solutions.pt\\\/pt-pt\\\/?s={search_term_string}\"},\"query-input\":{\"@type\":\"PropertyValueSpecification\",\"valueRequired\":true,\"valueName\":\"search_term_string\"}}],\"inLanguage\":\"pt-PT\"},{\"@type\":\"Organization\",\"@id\":\"https:\\\/\\\/carland-solutions.pt\\\/pt-pt\\\/#organization\",\"name\":\"Carland Solutions\",\"url\":\"https:\\\/\\\/carland-solutions.pt\\\/pt-pt\\\/\",\"logo\":{\"@type\":\"ImageObject\",\"inLanguage\":\"pt-PT\",\"@id\":\"https:\\\/\\\/carland-solutions.pt\\\/pt-pt\\\/#\\\/schema\\\/logo\\\/image\\\/\",\"url\":\"https:\\\/\\\/carland-solutions.pt\\\/wp-content\\\/uploads\\\/2025\\\/01\\\/Carland-Solutions-WBG-900x400-11.jpg\",\"contentUrl\":\"https:\\\/\\\/carland-solutions.pt\\\/wp-content\\\/uploads\\\/2025\\\/01\\\/Carland-Solutions-WBG-900x400-11.jpg\",\"width\":900,\"height\":400,\"caption\":\"Carland Solutions\"},\"image\":{\"@id\":\"https:\\\/\\\/carland-solutions.pt\\\/pt-pt\\\/#\\\/schema\\\/logo\\\/image\\\/\"},\"sameAs\":[\"https:\\\/\\\/www.facebook.com\\\/carlandsolutions\",\"https:\\\/\\\/www.instagram.com\\\/carlandsolutions\\\/\"]}]}<\/script>\n<!-- \/ Yoast SEO plugin. -->","yoast_head_json":{"title":"Mercedes-Benz CLA 250 - Carland Solutions","robots":{"index":"index","follow":"follow","max-snippet":"max-snippet:-1","max-image-preview":"max-image-preview:large","max-video-preview":"max-video-preview:-1"},"canonical":"https:\/\/carland-solutions.pt\/pt-pt\/product\/mercedes-benz-cla-250\/","og_locale":"pt_PT","og_type":"article","og_title":"Mercedes-Benz CLA 250 - Carland Solutions","og_description":"Ano de constru\u00e7\u00e3o: 08-2022  Vers\u00e3o: CLA 250  Quilometragem: 74.000 km  Capacidade do cilindro: 1.332 cm\u00b3  Pot\u00eancia: 218 cv  Bin\u00e1rio: 450 Nm  Consumo urbano: 4,6 l\/100 km  Caixa de velocidades: Autom\u00e1tica  Tra\u00e7\u00e3o: H\u00edbrida (gasolina)","og_url":"https:\/\/carland-solutions.pt\/pt-pt\/product\/mercedes-benz-cla-250\/","og_site_name":"Carland Solutions","article_publisher":"https:\/\/www.facebook.com\/carlandsolutions","article_modified_time":"2026-04-09T10:16:20+00:00","og_image":[{"width":1080,"height":1350,"url":"https:\/\/carland-solutions.pt\/wp-content\/uploads\/2026\/04\/667984672_122108447817264610_3878854720629060177_n.jpg","type":"image\/jpeg"}],"twitter_card":"summary_large_image","twitter_misc":{"Tempo estimado de leitura":"2 minutos"},"schema":{"@context":"https:\/\/schema.org","@graph":[{"@type":"WebPage","@id":"https:\/\/carland-solutions.pt\/pt-pt\/product\/mercedes-benz-cla-250\/","url":"https:\/\/carland-solutions.pt\/pt-pt\/product\/mercedes-benz-cla-250\/","name":"Mercedes-Benz CLA 250 - Carland Solutions","isPartOf":{"@id":"https:\/\/carland-solutions.pt\/pt-pt\/#website"},"primaryImageOfPage":{"@id":"https:\/\/carland-solutions.pt\/pt-pt\/product\/mercedes-benz-cla-250\/#primaryimage"},"image":{"@id":"https:\/\/carland-solutions.pt\/pt-pt\/product\/mercedes-benz-cla-250\/#primaryimage"},"thumbnailUrl":"https:\/\/carland-solutions.pt\/wp-content\/uploads\/2026\/04\/667984672_122108447817264610_3878854720629060177_n.jpg","datePublished":"2026-04-09T10:12:21+00:00","dateModified":"2026-04-09T10:16:20+00:00","breadcrumb":{"@id":"https:\/\/carland-solutions.pt\/pt-pt\/product\/mercedes-benz-cla-250\/#breadcrumb"},"inLanguage":"pt-PT","potentialAction":[{"@type":"ReadAction","target":["https:\/\/carland-solutions.pt\/pt-pt\/product\/mercedes-benz-cla-250\/"]}]},{"@type":"ImageObject","inLanguage":"pt-PT","@id":"https:\/\/carland-solutions.pt\/pt-pt\/product\/mercedes-benz-cla-250\/#primaryimage","url":"https:\/\/carland-solutions.pt\/wp-content\/uploads\/2026\/04\/667984672_122108447817264610_3878854720629060177_n.jpg","contentUrl":"https:\/\/carland-solutions.pt\/wp-content\/uploads\/2026\/04\/667984672_122108447817264610_3878854720629060177_n.jpg","width":1080,"height":1350},{"@type":"BreadcrumbList","@id":"https:\/\/carland-solutions.pt\/pt-pt\/product\/mercedes-benz-cla-250\/#breadcrumb","itemListElement":[{"@type":"ListItem","position":1,"name":"Home","item":"https:\/\/carland-solutions.pt\/pt-pt\/"},{"@type":"ListItem","position":2,"name":"Refund and Returns Policy","item":"https:\/\/carland-solutions.pt\/?page_id=17"},{"@type":"ListItem","position":3,"name":"Mercedes-Benz CLA 250"}]},{"@type":"WebSite","@id":"https:\/\/carland-solutions.pt\/pt-pt\/#website","url":"https:\/\/carland-solutions.pt\/pt-pt\/","name":"Carland Solutions","description":"","publisher":{"@id":"https:\/\/carland-solutions.pt\/pt-pt\/#organization"},"potentialAction":[{"@type":"SearchAction","target":{"@type":"EntryPoint","urlTemplate":"https:\/\/carland-solutions.pt\/pt-pt\/?s={search_term_string}"},"query-input":{"@type":"PropertyValueSpecification","valueRequired":true,"valueName":"search_term_string"}}],"inLanguage":"pt-PT"},{"@type":"Organization","@id":"https:\/\/carland-solutions.pt\/pt-pt\/#organization","name":"Carland Solutions","url":"https:\/\/carland-solutions.pt\/pt-pt\/","logo":{"@type":"ImageObject","inLanguage":"pt-PT","@id":"https:\/\/carland-solutions.pt\/pt-pt\/#\/schema\/logo\/image\/","url":"https:\/\/carland-solutions.pt\/wp-content\/uploads\/2025\/01\/Carland-Solutions-WBG-900x400-11.jpg","contentUrl":"https:\/\/carland-solutions.pt\/wp-content\/uploads\/2025\/01\/Carland-Solutions-WBG-900x400-11.jpg","width":900,"height":400,"caption":"Carland Solutions"},"image":{"@id":"https:\/\/carland-solutions.pt\/pt-pt\/#\/schema\/logo\/image\/"},"sameAs":["https:\/\/www.facebook.com\/carlandsolutions","https:\/\/www.instagram.com\/carlandsolutions\/"]}]}},"_links":{"self":[{"href":"https:\/\/carland-solutions.pt\/pt-pt\/wp-json\/wp\/v2\/product\/5857","targetHints":{"allow":["GET"]}}],"collection":[{"href":"https:\/\/carland-solutions.pt\/pt-pt\/wp-json\/wp\/v2\/product"}],"about":[{"href":"https:\/\/carland-solutions.pt\/pt-pt\/wp-json\/wp\/v2\/types\/product"}],"wp:featuredmedia":[{"embeddable":true,"href":"https:\/\/carland-solutions.pt\/pt-pt\/wp-json\/wp\/v2\/media\/5846"}],"wp:attachment":[{"href":"https:\/\/carland-solutions.pt\/pt-pt\/wp-json\/wp\/v2\/media?parent=5857"}],"wp:term":[{"taxonomy":"product_brand","embeddable":true,"href":"https:\/\/carland-solutions.pt\/pt-pt\/wp-json\/wp\/v2\/product_brand?post=5857"},{"taxonomy":"product_cat","embeddable":true,"href":"https:\/\/carland-solutions.pt\/pt-pt\/wp-json\/wp\/v2\/product_cat?post=5857"},{"taxonomy":"product_tag","embeddable":true,"href":"https:\/\/carland-solutions.pt\/pt-pt\/wp-json\/wp\/v2\/product_tag?post=5857"}],"curies":[{"name":"wp","href":"https:\/\/api.w.org\/{rel}","templated":true}]}}