{"id":5794,"date":"2025-02-28T10:43:38","date_gmt":"2025-02-28T10:43:38","guid":{"rendered":"https:\/\/carland-solutions.pt\/product\/citroen-c3-2\/"},"modified":"2026-03-28T14:26:25","modified_gmt":"2026-03-28T14:26:25","slug":"citroen-c3-2","status":"publish","type":"product","link":"https:\/\/carland-solutions.pt\/pt-pt\/product\/citroen-c3-2\/","title":{"rendered":"Citro\u00ebn C3"},"content":{"rendered":"<div class=\"wpb-content-wrapper\"><p>[vc_row gap=&#8221;35&#8243; equal_height=&#8221;yes&#8221; content_placement=&#8221;top&#8221;][vc_column][vc_column_text css=&#8221;&#8221;]Citro\u00ebn C3[\/vc_column_text][vc_column_text css=&#8221;&#8221;]<b>Citro\u00ebn C3 &#8211; Compacto, confort\u00e1vel e econ\u00f3mico: Este Citro\u00ebn C3 02-2017 combina um design moderno e peculiar com um elevado n\u00edvel de conforto, gra\u00e7as \u00e0 sua suspens\u00e3o flex\u00edvel e aos seus bancos ergon\u00f3micos, tornando cada viagem mais descontra\u00edda; perfeito para uma utiliza\u00e7\u00e3o di\u00e1ria, destaca-se pela sua manobrabilidade na cidade e desempenho est\u00e1vel na estrada, enquanto os seus motores eficientes em termos de combust\u00edvel contribuem para baixos custos de consumo, e o interior espa\u00e7oso com tecnologia de f\u00e1cil utiliza\u00e7\u00e3o acrescenta comodidade e prazer de condu\u00e7\u00e3o, tornando este autom\u00f3vel uma escolha inteligente para quem procura estilo, conforto e efici\u00eancia<\/b>.[\/vc_column_text][\/vc_column][\/vc_row][vc_row gap=&#8221;35&#8243; equal_height=&#8221;yes&#8221; content_placement=&#8221;top&#8221;][vc_column width=&#8221;1\/2&#8243;][vc_column_text css=&#8221;&#8221;]<strong>\u00c1UDIO E MULTIM\u00c9DIA<\/strong><\/p>\n<p>-Bluetooth<\/p>\n<p>-R\u00e1dio<\/p>\n<p>-Porta USB<\/p>\n<p>-Sistema de som<\/p>\n<p>-Ecr\u00e3 t\u00e1til<\/p>\n<p><strong>CONFORTO E EQUIPAMENTO<\/strong><\/p>\n<p>-Ar condicionado manual<\/p>\n<p>-Estofos em tecido<\/p>\n<p>-Volante em pele<\/p>\n<p>-Volante multifun\u00e7\u00f5es<\/p>\n<p>-Vidros el\u00e9ctricos dianteiros<\/p>\n<p>Eletr\u00f3nica e auxiliares de condu\u00e7\u00e3o<\/p>\n<p>-Controlo de cruzeiro<\/p>\n<p>-Far\u00f3is LED<\/p>\n<p>-Sensores de estacionamento traseiros<\/p>\n<p>-Espelhos retrovisores exteriores com regula\u00e7\u00e3o el\u00e9ctrica<\/p>\n<p>-Espelhos exteriores aquecidos<\/p>\n<p>-Espelhos retrovisores exteriores el\u00e9ctricos rebat\u00edveis<\/p>\n<p>-Sistema de aviso de sa\u00edda involunt\u00e1ria da faixa de rodagem<\/p>\n<p>-Controlo de tra\u00e7\u00e3o<\/p>\n<p>-Reconhecimento de sinais de tr\u00e2nsito<\/p>\n<p>-Luzes de circula\u00e7\u00e3o diurna LED<\/p>\n<p>-L\u00e2mpadas de nevoeiro<\/p>\n<p><strong>SEGURAN\u00c7A<\/strong><\/p>\n<p>-ABS<\/p>\n<p>-Controlo de estabilidade (ESP)<\/p>\n<p>-Airbag do condutor<\/p>\n<p>-Airbag do passageiro<\/p>\n<p>-Airbags para a cabe\u00e7a do condutor e do passageiro<\/p>\n<p>&#8211; Airbags laterais para o condutor e passageiro[\/vc_column_text][\/vc_column][vc_column width=&#8221;1\/2&#8243;][vc_column_text css=&#8221;.vc_custom_1763481845196{padding-top: 25px !important;padding-right: 35px !important;padding-bottom: 25px !important;padding-left: 35px !important;background-color: #1c2e4a !important;border-radius: 10px !important;}&#8221;]<span style=\"color: #ffffff;\"><i class=\"fa-fw dt-icon-the7-misc-017\"><\/i><strong>  Entrega gratuita em Portugal<\/strong><\/span><\/p>\n<p><span style=\"color: #ffffff;\"><i class=\"fa-fw dt-icon-the7-misc-017\"><\/i><strong>  O pre\u00e7o inclui uma garantia de 18 meses com cobertura nacional, um ve\u00edculo de substitui\u00e7\u00e3o e assist\u00eancia em viagem 24 horas por dia<\/strong><\/span><\/p>\n<p><span style=\"color: #ffffff;\"><i class=\"fa-fw dt-icon-the7-misc-017\"><\/i><strong>  Possibilidade de financiamento<\/strong><\/span><\/p>\n<p><span style=\"color: #ffffff;\"><i class=\"fa-fw dt-icon-the7-misc-017\"><\/i><strong>  A troca do teu autom\u00f3vel atual \u00e9 poss\u00edvel mediante pedido<\/strong><\/span>[\/vc_column_text][\/vc_column][\/vc_row][vc_row][vc_column][vc_column_text css=&#8221;&#8221;]<\/p>\n<h2>Est\u00e1s interessado neste carro?<\/h2>\n<p>[\/vc_column_text][vc_column_text css=&#8221;&#8221;]Se estiveres interessado neste ou em qualquer outro dos nossos autom\u00f3veis usados, n\u00e3o hesites em contactar-nos atrav\u00e9s de <strong><a href=\"tel:+31641972793\">+31 6 419 727 93<\/a><\/strong> ou <strong><a href=\"tel:+351960184708\">+351 960 184 708<\/a><\/strong>.[\/vc_column_text][\/vc_column][\/vc_row]<\/p>\n<\/div>","protected":false},"excerpt":{"rendered":"<ul>\n<li>Ano de constru\u00e7\u00e3o: 02-2017<\/li>\n<li>Vers\u00e3o: 1.2 PureTech Feel<\/li>\n<li>Quilometragem: 85.888 km<\/li>\n<li>Deslocamento: 1.199 cm\u00b3<\/li>\n<li>Pot\u00eancia: 82 cv<\/li>\n<li>Bin\u00e1rio: 118 Nm<\/li>\n<li>Consumo urbano: 4,6 l\/100 km<\/li>\n<li>Caixa de velocidades: manual<\/li>\n<li>Combust\u00edvel: gasolina<\/li>\n<\/ul>\n","protected":false},"featured_media":5787,"template":"","meta":[],"product_brand":[],"product_cat":[48,55],"product_tag":[],"class_list":{"0":"post-5794","1":"product","2":"type-product","3":"status-publish","4":"has-post-thumbnail","6":"product_cat-te-koop-pt-pt","7":"product_cat-vendido","8":"description-off","10":"first","11":"outofstock","12":"shipping-taxable","13":"product-type-simple"},"yoast_head":"<!-- This site is optimized with the Yoast SEO plugin v27.6 - https:\/\/yoast.com\/product\/yoast-seo-wordpress\/ -->\n<title>Citro\u00ebn C3 - Carland Solutions<\/title>\n<meta name=\"robots\" content=\"index, follow, max-snippet:-1, max-image-preview:large, max-video-preview:-1\" \/>\n<link rel=\"canonical\" href=\"https:\/\/carland-solutions.pt\/pt-pt\/product\/citroen-c3-2\/\" \/>\n<meta property=\"og:locale\" content=\"pt_PT\" \/>\n<meta property=\"og:type\" content=\"article\" \/>\n<meta property=\"og:title\" content=\"Citro\u00ebn C3 - Carland Solutions\" \/>\n<meta property=\"og:description\" content=\"Ano de constru\u00e7\u00e3o: 02-2017  Vers\u00e3o: 1.2 PureTech Feel  Quilometragem: 85.888 km  Deslocamento: 1.199 cm\u00b3  Pot\u00eancia: 82 cv  Bin\u00e1rio: 118 Nm  Consumo urbano: 4,6 l\/100 km  Caixa de velocidades: manual  Combust\u00edvel: gasolina\" \/>\n<meta property=\"og:url\" content=\"https:\/\/carland-solutions.pt\/pt-pt\/product\/citroen-c3-2\/\" \/>\n<meta property=\"og:site_name\" content=\"Carland Solutions\" \/>\n<meta property=\"article:publisher\" content=\"https:\/\/www.facebook.com\/carlandsolutions\" \/>\n<meta property=\"article:modified_time\" content=\"2026-03-28T14:26:25+00:00\" \/>\n<meta property=\"og:image\" content=\"https:\/\/carland-solutions.pt\/wp-content\/uploads\/2026\/03\/660287771_122106977685264610_4998055801135805866_n.jpg\" \/>\n\t<meta property=\"og:image:width\" content=\"1080\" \/>\n\t<meta property=\"og:image:height\" content=\"1350\" \/>\n\t<meta property=\"og:image:type\" content=\"image\/jpeg\" \/>\n<meta name=\"twitter:card\" content=\"summary_large_image\" \/>\n<meta name=\"twitter:label1\" content=\"Tempo estimado de leitura\" \/>\n\t<meta name=\"twitter:data1\" content=\"2 minutos\" \/>\n<script type=\"application\/ld+json\" class=\"yoast-schema-graph\">{\"@context\":\"https:\\\/\\\/schema.org\",\"@graph\":[{\"@type\":\"WebPage\",\"@id\":\"https:\\\/\\\/carland-solutions.pt\\\/pt-pt\\\/product\\\/citroen-c3-2\\\/\",\"url\":\"https:\\\/\\\/carland-solutions.pt\\\/pt-pt\\\/product\\\/citroen-c3-2\\\/\",\"name\":\"Citro\u00ebn C3 - Carland Solutions\",\"isPartOf\":{\"@id\":\"https:\\\/\\\/carland-solutions.pt\\\/pt-pt\\\/#website\"},\"primaryImageOfPage\":{\"@id\":\"https:\\\/\\\/carland-solutions.pt\\\/pt-pt\\\/product\\\/citroen-c3-2\\\/#primaryimage\"},\"image\":{\"@id\":\"https:\\\/\\\/carland-solutions.pt\\\/pt-pt\\\/product\\\/citroen-c3-2\\\/#primaryimage\"},\"thumbnailUrl\":\"https:\\\/\\\/carland-solutions.pt\\\/wp-content\\\/uploads\\\/2026\\\/03\\\/660287771_122106977685264610_4998055801135805866_n.jpg\",\"datePublished\":\"2025-02-28T10:43:38+00:00\",\"dateModified\":\"2026-03-28T14:26:25+00:00\",\"breadcrumb\":{\"@id\":\"https:\\\/\\\/carland-solutions.pt\\\/pt-pt\\\/product\\\/citroen-c3-2\\\/#breadcrumb\"},\"inLanguage\":\"pt-PT\",\"potentialAction\":[{\"@type\":\"ReadAction\",\"target\":[\"https:\\\/\\\/carland-solutions.pt\\\/pt-pt\\\/product\\\/citroen-c3-2\\\/\"]}]},{\"@type\":\"ImageObject\",\"inLanguage\":\"pt-PT\",\"@id\":\"https:\\\/\\\/carland-solutions.pt\\\/pt-pt\\\/product\\\/citroen-c3-2\\\/#primaryimage\",\"url\":\"https:\\\/\\\/carland-solutions.pt\\\/wp-content\\\/uploads\\\/2026\\\/03\\\/660287771_122106977685264610_4998055801135805866_n.jpg\",\"contentUrl\":\"https:\\\/\\\/carland-solutions.pt\\\/wp-content\\\/uploads\\\/2026\\\/03\\\/660287771_122106977685264610_4998055801135805866_n.jpg\",\"width\":1080,\"height\":1350},{\"@type\":\"BreadcrumbList\",\"@id\":\"https:\\\/\\\/carland-solutions.pt\\\/pt-pt\\\/product\\\/citroen-c3-2\\\/#breadcrumb\",\"itemListElement\":[{\"@type\":\"ListItem\",\"position\":1,\"name\":\"Home\",\"item\":\"https:\\\/\\\/carland-solutions.pt\\\/pt-pt\\\/\"},{\"@type\":\"ListItem\",\"position\":2,\"name\":\"Refund and Returns Policy\",\"item\":\"https:\\\/\\\/carland-solutions.pt\\\/?page_id=17\"},{\"@type\":\"ListItem\",\"position\":3,\"name\":\"Citro\u00ebn C3\"}]},{\"@type\":\"WebSite\",\"@id\":\"https:\\\/\\\/carland-solutions.pt\\\/pt-pt\\\/#website\",\"url\":\"https:\\\/\\\/carland-solutions.pt\\\/pt-pt\\\/\",\"name\":\"Carland Solutions\",\"description\":\"\",\"publisher\":{\"@id\":\"https:\\\/\\\/carland-solutions.pt\\\/pt-pt\\\/#organization\"},\"potentialAction\":[{\"@type\":\"SearchAction\",\"target\":{\"@type\":\"EntryPoint\",\"urlTemplate\":\"https:\\\/\\\/carland-solutions.pt\\\/pt-pt\\\/?s={search_term_string}\"},\"query-input\":{\"@type\":\"PropertyValueSpecification\",\"valueRequired\":true,\"valueName\":\"search_term_string\"}}],\"inLanguage\":\"pt-PT\"},{\"@type\":\"Organization\",\"@id\":\"https:\\\/\\\/carland-solutions.pt\\\/pt-pt\\\/#organization\",\"name\":\"Carland Solutions\",\"url\":\"https:\\\/\\\/carland-solutions.pt\\\/pt-pt\\\/\",\"logo\":{\"@type\":\"ImageObject\",\"inLanguage\":\"pt-PT\",\"@id\":\"https:\\\/\\\/carland-solutions.pt\\\/pt-pt\\\/#\\\/schema\\\/logo\\\/image\\\/\",\"url\":\"https:\\\/\\\/carland-solutions.pt\\\/wp-content\\\/uploads\\\/2025\\\/01\\\/Carland-Solutions-WBG-900x400-11.jpg\",\"contentUrl\":\"https:\\\/\\\/carland-solutions.pt\\\/wp-content\\\/uploads\\\/2025\\\/01\\\/Carland-Solutions-WBG-900x400-11.jpg\",\"width\":900,\"height\":400,\"caption\":\"Carland Solutions\"},\"image\":{\"@id\":\"https:\\\/\\\/carland-solutions.pt\\\/pt-pt\\\/#\\\/schema\\\/logo\\\/image\\\/\"},\"sameAs\":[\"https:\\\/\\\/www.facebook.com\\\/carlandsolutions\",\"https:\\\/\\\/www.instagram.com\\\/carlandsolutions\\\/\"]}]}<\/script>\n<!-- \/ Yoast SEO plugin. -->","yoast_head_json":{"title":"Citro\u00ebn C3 - Carland Solutions","robots":{"index":"index","follow":"follow","max-snippet":"max-snippet:-1","max-image-preview":"max-image-preview:large","max-video-preview":"max-video-preview:-1"},"canonical":"https:\/\/carland-solutions.pt\/pt-pt\/product\/citroen-c3-2\/","og_locale":"pt_PT","og_type":"article","og_title":"Citro\u00ebn C3 - Carland Solutions","og_description":"Ano de constru\u00e7\u00e3o: 02-2017  Vers\u00e3o: 1.2 PureTech Feel  Quilometragem: 85.888 km  Deslocamento: 1.199 cm\u00b3  Pot\u00eancia: 82 cv  Bin\u00e1rio: 118 Nm  Consumo urbano: 4,6 l\/100 km  Caixa de velocidades: manual  Combust\u00edvel: gasolina","og_url":"https:\/\/carland-solutions.pt\/pt-pt\/product\/citroen-c3-2\/","og_site_name":"Carland Solutions","article_publisher":"https:\/\/www.facebook.com\/carlandsolutions","article_modified_time":"2026-03-28T14:26:25+00:00","og_image":[{"width":1080,"height":1350,"url":"https:\/\/carland-solutions.pt\/wp-content\/uploads\/2026\/03\/660287771_122106977685264610_4998055801135805866_n.jpg","type":"image\/jpeg"}],"twitter_card":"summary_large_image","twitter_misc":{"Tempo estimado de leitura":"2 minutos"},"schema":{"@context":"https:\/\/schema.org","@graph":[{"@type":"WebPage","@id":"https:\/\/carland-solutions.pt\/pt-pt\/product\/citroen-c3-2\/","url":"https:\/\/carland-solutions.pt\/pt-pt\/product\/citroen-c3-2\/","name":"Citro\u00ebn C3 - Carland Solutions","isPartOf":{"@id":"https:\/\/carland-solutions.pt\/pt-pt\/#website"},"primaryImageOfPage":{"@id":"https:\/\/carland-solutions.pt\/pt-pt\/product\/citroen-c3-2\/#primaryimage"},"image":{"@id":"https:\/\/carland-solutions.pt\/pt-pt\/product\/citroen-c3-2\/#primaryimage"},"thumbnailUrl":"https:\/\/carland-solutions.pt\/wp-content\/uploads\/2026\/03\/660287771_122106977685264610_4998055801135805866_n.jpg","datePublished":"2025-02-28T10:43:38+00:00","dateModified":"2026-03-28T14:26:25+00:00","breadcrumb":{"@id":"https:\/\/carland-solutions.pt\/pt-pt\/product\/citroen-c3-2\/#breadcrumb"},"inLanguage":"pt-PT","potentialAction":[{"@type":"ReadAction","target":["https:\/\/carland-solutions.pt\/pt-pt\/product\/citroen-c3-2\/"]}]},{"@type":"ImageObject","inLanguage":"pt-PT","@id":"https:\/\/carland-solutions.pt\/pt-pt\/product\/citroen-c3-2\/#primaryimage","url":"https:\/\/carland-solutions.pt\/wp-content\/uploads\/2026\/03\/660287771_122106977685264610_4998055801135805866_n.jpg","contentUrl":"https:\/\/carland-solutions.pt\/wp-content\/uploads\/2026\/03\/660287771_122106977685264610_4998055801135805866_n.jpg","width":1080,"height":1350},{"@type":"BreadcrumbList","@id":"https:\/\/carland-solutions.pt\/pt-pt\/product\/citroen-c3-2\/#breadcrumb","itemListElement":[{"@type":"ListItem","position":1,"name":"Home","item":"https:\/\/carland-solutions.pt\/pt-pt\/"},{"@type":"ListItem","position":2,"name":"Refund and Returns Policy","item":"https:\/\/carland-solutions.pt\/?page_id=17"},{"@type":"ListItem","position":3,"name":"Citro\u00ebn C3"}]},{"@type":"WebSite","@id":"https:\/\/carland-solutions.pt\/pt-pt\/#website","url":"https:\/\/carland-solutions.pt\/pt-pt\/","name":"Carland Solutions","description":"","publisher":{"@id":"https:\/\/carland-solutions.pt\/pt-pt\/#organization"},"potentialAction":[{"@type":"SearchAction","target":{"@type":"EntryPoint","urlTemplate":"https:\/\/carland-solutions.pt\/pt-pt\/?s={search_term_string}"},"query-input":{"@type":"PropertyValueSpecification","valueRequired":true,"valueName":"search_term_string"}}],"inLanguage":"pt-PT"},{"@type":"Organization","@id":"https:\/\/carland-solutions.pt\/pt-pt\/#organization","name":"Carland Solutions","url":"https:\/\/carland-solutions.pt\/pt-pt\/","logo":{"@type":"ImageObject","inLanguage":"pt-PT","@id":"https:\/\/carland-solutions.pt\/pt-pt\/#\/schema\/logo\/image\/","url":"https:\/\/carland-solutions.pt\/wp-content\/uploads\/2025\/01\/Carland-Solutions-WBG-900x400-11.jpg","contentUrl":"https:\/\/carland-solutions.pt\/wp-content\/uploads\/2025\/01\/Carland-Solutions-WBG-900x400-11.jpg","width":900,"height":400,"caption":"Carland Solutions"},"image":{"@id":"https:\/\/carland-solutions.pt\/pt-pt\/#\/schema\/logo\/image\/"},"sameAs":["https:\/\/www.facebook.com\/carlandsolutions","https:\/\/www.instagram.com\/carlandsolutions\/"]}]}},"_links":{"self":[{"href":"https:\/\/carland-solutions.pt\/pt-pt\/wp-json\/wp\/v2\/product\/5794","targetHints":{"allow":["GET"]}}],"collection":[{"href":"https:\/\/carland-solutions.pt\/pt-pt\/wp-json\/wp\/v2\/product"}],"about":[{"href":"https:\/\/carland-solutions.pt\/pt-pt\/wp-json\/wp\/v2\/types\/product"}],"wp:featuredmedia":[{"embeddable":true,"href":"https:\/\/carland-solutions.pt\/pt-pt\/wp-json\/wp\/v2\/media\/5787"}],"wp:attachment":[{"href":"https:\/\/carland-solutions.pt\/pt-pt\/wp-json\/wp\/v2\/media?parent=5794"}],"wp:term":[{"taxonomy":"product_brand","embeddable":true,"href":"https:\/\/carland-solutions.pt\/pt-pt\/wp-json\/wp\/v2\/product_brand?post=5794"},{"taxonomy":"product_cat","embeddable":true,"href":"https:\/\/carland-solutions.pt\/pt-pt\/wp-json\/wp\/v2\/product_cat?post=5794"},{"taxonomy":"product_tag","embeddable":true,"href":"https:\/\/carland-solutions.pt\/pt-pt\/wp-json\/wp\/v2\/product_tag?post=5794"}],"curies":[{"name":"wp","href":"https:\/\/api.w.org\/{rel}","templated":true}]}}