{"id":5249,"date":"2025-02-13T10:40:36","date_gmt":"2025-02-13T10:40:36","guid":{"rendered":"https:\/\/carland-solutions.pt\/product\/land-rover-range-rover-evoque-2\/"},"modified":"2025-12-12T12:32:34","modified_gmt":"2025-12-12T12:32:34","slug":"land-rover-range-rover-evoque-2","status":"publish","type":"product","link":"https:\/\/carland-solutions.pt\/pt-pt\/product\/land-rover-range-rover-evoque-2\/","title":{"rendered":"Land Rover Range Rover Evoque"},"content":{"rendered":"<div class=\"wpb-content-wrapper\"><p>[vc_row gap=&#8221;35&#8243; equal_height=&#8221;yes&#8221; content_placement=&#8221;top&#8221;][vc_column][vc_column_text css=&#8221;&#8221;]Land Rover Range Rover Evoque[\/vc_column_text][vc_column_text css=&#8221;&#8221;]<strong>Land Rover Range Rover Evoque &#8211; Elegante, potente e eficiente<\/strong> O <strong>Land Rover Range Rover Evoque 08-2018<\/strong> eleva cada condu\u00e7\u00e3o ao n\u00edvel seguinte com o seu conforto premium, performance din\u00e2mica e surpreendente efici\u00eancia de combust\u00edvel. Com as suas linhas modernas e aspeto imponente, proporciona uma experi\u00eancia de condu\u00e7\u00e3o particularmente suave gra\u00e7as ao seu interior com design ergon\u00f3mico, materiais de elevada qualidade e tecnologia intuitiva. O seu desempenho equilibrado fornece pot\u00eancia quando necess\u00e1rio, enquanto o consumo optimizado garante efici\u00eancia na utiliza\u00e7\u00e3o di\u00e1ria. Al\u00e9m disso, a sua versatilidade e a sua excelente tra\u00e7\u00e3o tornam cada condu\u00e7\u00e3o mais segura e agrad\u00e1vel. Uma escolha perfeita para quem procura um SUV compacto que combina sem esfor\u00e7o luxo, agilidade e economia[\/vc_column_text][\/vc_column][\/vc_row][vc_row gap=&#8221;35&#8243; equal_height=&#8221;yes&#8221; content_placement=&#8221;top&#8221;][vc_column width=&#8221;1\/2&#8243;][vc_column_text css=&#8221;&#8221;]<\/p>\n<p><strong>\u00c1UDIO E MULTIM\u00c9DIA<\/strong><\/p>\n<p>-Android Auto<\/p>\n<p>-Bluetooth<\/p>\n<p>-R\u00e1dio<\/p>\n<p>-Porta USB<\/p>\n<p>-Sistema de navega\u00e7\u00e3o<\/p>\n<p>-Ecr\u00e3 t\u00e1til<\/p>\n<p><strong>CONFORTO E EQUIPAMENTO<\/strong><\/p>\n<p>-Ar condicionado autom\u00e1tico<\/p>\n<p>-Estofos em tecido com pel<\/p>\n<p>-Apoio lombar el\u00e9trico para o banco do condutor<\/p>\n<p>-Apoio lombar el\u00e9trico para o banco do passageiro<\/p>\n<p>-Apoio de bra\u00e7os \u00e0 frente<\/p>\n<p>-Volante em pele<\/p>\n<p>-Volante desportivo<\/p>\n<p>-Controlo do r\u00e1dio no volante<\/p>\n<p>-Volante multifun\u00e7\u00f5es<\/p>\n<p>-Fecho centralizado sem chave<\/p>\n<p>-Arranque do motor sem chave<\/p>\n<p>-Sensor traseiro<\/p>\n<p>-Vidros el\u00e9ctricos dianteiros<\/p>\n<p>-Vidros traseiros el\u00e9ctricos<\/p>\n<p>Eletr\u00f3nica e auxiliares de condu\u00e7\u00e3o<\/p>\n<p>-Controlo de cruzeiro<\/p>\n<p>-Sensor de estacionamento dianteiro<\/p>\n<p>-Sensor de estacionamento traseiro<\/p>\n<p>-C\u00e2mara de apoio<\/p>\n<p>-Espelhos retrovisores exteriores com regula\u00e7\u00e3o el\u00e9ctrica<\/p>\n<p>-Espelhos retrovisores exteriores el\u00e9ctricos rebat\u00edveis<\/p>\n<p>-Controlo de tra\u00e7\u00e3o<\/p>\n<p>-Luzes de circula\u00e7\u00e3o diurna<\/p>\n<p>-Luzes de circula\u00e7\u00e3o diurna LED<\/p>\n<p>-Luzes traseiras LED<\/p>\n<p>-Sistema de arranque\/paragem<\/p>\n<p>-Controlo da press\u00e3o dos pneus<\/p>\n<p>-Trav\u00e3o de m\u00e3o el\u00e9trico<\/p>\n<p><strong>SEGURAN\u00c7A<\/strong><\/p>\n<p>-ABS<\/p>\n<p>-Sistema de aviso de colis\u00e3o<\/p>\n<p>-Assistente de faixa de rodagem<\/p>\n<p>-Airbag do condutor<\/p>\n<p>-Airbag do passageiro<\/p>\n<p>&#8211; Airbags laterais para o condutor e passageiro<\/p>\n<p>-ISOFIX[\/vc_column_text][\/vc_column][vc_column width=&#8221;1\/2&#8243;][vc_column_text css=&#8221;.vc_custom_1763481845196{padding-top: 25px !important;padding-right: 35px !important;padding-bottom: 25px !important;padding-left: 35px !important;background-color: #1c2e4a !important;border-radius: 10px !important;}&#8221;]<span style=\"color: #ffffff;\"><i class=\"fa-fw dt-icon-the7-misc-017\"><\/i><strong>  Entrega gratuita em Portugal<\/strong><\/span><\/p>\n<p><span style=\"color: #ffffff;\"><i class=\"fa-fw dt-icon-the7-misc-017\"><\/i><strong>  O pre\u00e7o inclui uma garantia de 18 meses com cobertura nacional, um ve\u00edculo de substitui\u00e7\u00e3o e assist\u00eancia em viagem 24 horas por dia<\/strong><\/span><\/p>\n<p><span style=\"color: #ffffff;\"><i class=\"fa-fw dt-icon-the7-misc-017\"><\/i><strong>  Possibilidade de financiamento<\/strong><\/span><\/p>\n<p><span style=\"color: #ffffff;\"><i class=\"fa-fw dt-icon-the7-misc-017\"><\/i><strong>  A troca do teu autom\u00f3vel atual \u00e9 poss\u00edvel mediante pedido<\/strong><\/span>[\/vc_column_text][\/vc_column][\/vc_row][vc_row][vc_column][vc_column_text css=&#8221;&#8221;]<\/p>\n<h2>Est\u00e1s interessado neste carro?<\/h2>\n<p>[\/vc_column_text][vc_column_text css=&#8221;&#8221;]Se estiveres interessado neste ou em qualquer outro dos nossos autom\u00f3veis usados, n\u00e3o hesites em contactar-nos atrav\u00e9s de <strong><a href=\"tel:+31641972793\">+31 6 419 727 93<\/a><\/strong> ou <strong><a href=\"tel:+351960184708\">+351 960 184 708<\/a><\/strong>.[\/vc_column_text][\/vc_column][\/vc_row]<\/p>\n<\/div>","protected":false},"excerpt":{"rendered":"<ul>\n<li>Ano de constru\u00e7\u00e3o: 08-2018<\/li>\n<li>Vers\u00e3o: 2.0 TD4 SE<\/li>\n<li>Quilometragem: 109.328 km<\/li>\n<li>Capacidade do cilindro: 1,999 cm3<\/li>\n<li>Pot\u00eancia: 150 cv<\/li>\n<li>Bin\u00e1rio: 380 nm<\/li>\n<li>Consumo na cidade: 5,1\/100 km<\/li>\n<li>Caixa de velocidades: autom\u00e1tica<\/li>\n<li>Combust\u00edvel: gas\u00f3leo<\/li>\n<\/ul>\n","protected":false},"featured_media":5228,"template":"","meta":[],"product_brand":[],"product_cat":[55],"product_tag":[],"class_list":{"0":"post-5249","1":"product","2":"type-product","3":"status-publish","4":"has-post-thumbnail","6":"product_cat-vendido","7":"description-off","9":"first","10":"outofstock","11":"shipping-taxable","12":"product-type-simple"},"yoast_head":"<!-- This site is optimized with the Yoast SEO plugin v27.5 - https:\/\/yoast.com\/product\/yoast-seo-wordpress\/ -->\n<title>Land Rover Range Rover Evoque - Carland Solutions<\/title>\n<meta name=\"robots\" content=\"index, follow, max-snippet:-1, max-image-preview:large, max-video-preview:-1\" \/>\n<link rel=\"canonical\" href=\"https:\/\/carland-solutions.pt\/pt-pt\/product\/land-rover-range-rover-evoque-2\/\" \/>\n<meta property=\"og:locale\" content=\"pt_PT\" \/>\n<meta property=\"og:type\" content=\"article\" \/>\n<meta property=\"og:title\" content=\"Land Rover Range Rover Evoque - Carland Solutions\" \/>\n<meta property=\"og:description\" content=\"Ano de constru\u00e7\u00e3o: 08-2018  Vers\u00e3o: 2.0 TD4 SE  Quilometragem: 109.328 km  Capacidade do cilindro: 1,999 cm3  Pot\u00eancia: 150 cv  Bin\u00e1rio: 380 nm  Consumo na cidade: 5,1\/100 km  Caixa de velocidades: autom\u00e1tica  Combust\u00edvel: gas\u00f3leo\" \/>\n<meta property=\"og:url\" content=\"https:\/\/carland-solutions.pt\/pt-pt\/product\/land-rover-range-rover-evoque-2\/\" \/>\n<meta property=\"og:site_name\" content=\"Carland Solutions\" \/>\n<meta property=\"article:publisher\" content=\"https:\/\/www.facebook.com\/carlandsolutions\" \/>\n<meta property=\"article:modified_time\" content=\"2025-12-12T12:32:34+00:00\" \/>\n<meta property=\"og:image\" content=\"https:\/\/carland-solutions.pt\/wp-content\/uploads\/2025\/12\/IMG_7401.jpg\" \/>\n\t<meta property=\"og:image:width\" content=\"1080\" \/>\n\t<meta property=\"og:image:height\" content=\"1920\" \/>\n\t<meta property=\"og:image:type\" content=\"image\/jpeg\" \/>\n<meta name=\"twitter:card\" content=\"summary_large_image\" \/>\n<meta name=\"twitter:label1\" content=\"Tempo estimado de leitura\" \/>\n\t<meta name=\"twitter:data1\" content=\"3 minutos\" \/>\n<script type=\"application\/ld+json\" class=\"yoast-schema-graph\">{\"@context\":\"https:\\\/\\\/schema.org\",\"@graph\":[{\"@type\":\"WebPage\",\"@id\":\"https:\\\/\\\/carland-solutions.pt\\\/pt-pt\\\/product\\\/land-rover-range-rover-evoque-2\\\/\",\"url\":\"https:\\\/\\\/carland-solutions.pt\\\/pt-pt\\\/product\\\/land-rover-range-rover-evoque-2\\\/\",\"name\":\"Land Rover Range Rover Evoque - Carland Solutions\",\"isPartOf\":{\"@id\":\"https:\\\/\\\/carland-solutions.pt\\\/pt-pt\\\/#website\"},\"primaryImageOfPage\":{\"@id\":\"https:\\\/\\\/carland-solutions.pt\\\/pt-pt\\\/product\\\/land-rover-range-rover-evoque-2\\\/#primaryimage\"},\"image\":{\"@id\":\"https:\\\/\\\/carland-solutions.pt\\\/pt-pt\\\/product\\\/land-rover-range-rover-evoque-2\\\/#primaryimage\"},\"thumbnailUrl\":\"https:\\\/\\\/carland-solutions.pt\\\/wp-content\\\/uploads\\\/2025\\\/12\\\/IMG_7401.jpg\",\"datePublished\":\"2025-02-13T10:40:36+00:00\",\"dateModified\":\"2025-12-12T12:32:34+00:00\",\"breadcrumb\":{\"@id\":\"https:\\\/\\\/carland-solutions.pt\\\/pt-pt\\\/product\\\/land-rover-range-rover-evoque-2\\\/#breadcrumb\"},\"inLanguage\":\"pt-PT\",\"potentialAction\":[{\"@type\":\"ReadAction\",\"target\":[\"https:\\\/\\\/carland-solutions.pt\\\/pt-pt\\\/product\\\/land-rover-range-rover-evoque-2\\\/\"]}]},{\"@type\":\"ImageObject\",\"inLanguage\":\"pt-PT\",\"@id\":\"https:\\\/\\\/carland-solutions.pt\\\/pt-pt\\\/product\\\/land-rover-range-rover-evoque-2\\\/#primaryimage\",\"url\":\"https:\\\/\\\/carland-solutions.pt\\\/wp-content\\\/uploads\\\/2025\\\/12\\\/IMG_7401.jpg\",\"contentUrl\":\"https:\\\/\\\/carland-solutions.pt\\\/wp-content\\\/uploads\\\/2025\\\/12\\\/IMG_7401.jpg\",\"width\":1080,\"height\":1920},{\"@type\":\"BreadcrumbList\",\"@id\":\"https:\\\/\\\/carland-solutions.pt\\\/pt-pt\\\/product\\\/land-rover-range-rover-evoque-2\\\/#breadcrumb\",\"itemListElement\":[{\"@type\":\"ListItem\",\"position\":1,\"name\":\"Home\",\"item\":\"https:\\\/\\\/carland-solutions.pt\\\/pt-pt\\\/\"},{\"@type\":\"ListItem\",\"position\":2,\"name\":\"Refund and Returns Policy\",\"item\":\"https:\\\/\\\/carland-solutions.pt\\\/?page_id=17\"},{\"@type\":\"ListItem\",\"position\":3,\"name\":\"Land Rover Range Rover Evoque\"}]},{\"@type\":\"WebSite\",\"@id\":\"https:\\\/\\\/carland-solutions.pt\\\/pt-pt\\\/#website\",\"url\":\"https:\\\/\\\/carland-solutions.pt\\\/pt-pt\\\/\",\"name\":\"Carland Solutions\",\"description\":\"\",\"publisher\":{\"@id\":\"https:\\\/\\\/carland-solutions.pt\\\/pt-pt\\\/#organization\"},\"potentialAction\":[{\"@type\":\"SearchAction\",\"target\":{\"@type\":\"EntryPoint\",\"urlTemplate\":\"https:\\\/\\\/carland-solutions.pt\\\/pt-pt\\\/?s={search_term_string}\"},\"query-input\":{\"@type\":\"PropertyValueSpecification\",\"valueRequired\":true,\"valueName\":\"search_term_string\"}}],\"inLanguage\":\"pt-PT\"},{\"@type\":\"Organization\",\"@id\":\"https:\\\/\\\/carland-solutions.pt\\\/pt-pt\\\/#organization\",\"name\":\"Carland Solutions\",\"url\":\"https:\\\/\\\/carland-solutions.pt\\\/pt-pt\\\/\",\"logo\":{\"@type\":\"ImageObject\",\"inLanguage\":\"pt-PT\",\"@id\":\"https:\\\/\\\/carland-solutions.pt\\\/pt-pt\\\/#\\\/schema\\\/logo\\\/image\\\/\",\"url\":\"https:\\\/\\\/carland-solutions.pt\\\/wp-content\\\/uploads\\\/2025\\\/01\\\/Carland-Solutions-WBG-900x400-11.jpg\",\"contentUrl\":\"https:\\\/\\\/carland-solutions.pt\\\/wp-content\\\/uploads\\\/2025\\\/01\\\/Carland-Solutions-WBG-900x400-11.jpg\",\"width\":900,\"height\":400,\"caption\":\"Carland Solutions\"},\"image\":{\"@id\":\"https:\\\/\\\/carland-solutions.pt\\\/pt-pt\\\/#\\\/schema\\\/logo\\\/image\\\/\"},\"sameAs\":[\"https:\\\/\\\/www.facebook.com\\\/carlandsolutions\",\"https:\\\/\\\/www.instagram.com\\\/carlandsolutions\\\/\"]}]}<\/script>\n<!-- \/ Yoast SEO plugin. -->","yoast_head_json":{"title":"Land Rover Range Rover Evoque - Carland Solutions","robots":{"index":"index","follow":"follow","max-snippet":"max-snippet:-1","max-image-preview":"max-image-preview:large","max-video-preview":"max-video-preview:-1"},"canonical":"https:\/\/carland-solutions.pt\/pt-pt\/product\/land-rover-range-rover-evoque-2\/","og_locale":"pt_PT","og_type":"article","og_title":"Land Rover Range Rover Evoque - Carland Solutions","og_description":"Ano de constru\u00e7\u00e3o: 08-2018  Vers\u00e3o: 2.0 TD4 SE  Quilometragem: 109.328 km  Capacidade do cilindro: 1,999 cm3  Pot\u00eancia: 150 cv  Bin\u00e1rio: 380 nm  Consumo na cidade: 5,1\/100 km  Caixa de velocidades: autom\u00e1tica  Combust\u00edvel: gas\u00f3leo","og_url":"https:\/\/carland-solutions.pt\/pt-pt\/product\/land-rover-range-rover-evoque-2\/","og_site_name":"Carland Solutions","article_publisher":"https:\/\/www.facebook.com\/carlandsolutions","article_modified_time":"2025-12-12T12:32:34+00:00","og_image":[{"width":1080,"height":1920,"url":"https:\/\/carland-solutions.pt\/wp-content\/uploads\/2025\/12\/IMG_7401.jpg","type":"image\/jpeg"}],"twitter_card":"summary_large_image","twitter_misc":{"Tempo estimado de leitura":"3 minutos"},"schema":{"@context":"https:\/\/schema.org","@graph":[{"@type":"WebPage","@id":"https:\/\/carland-solutions.pt\/pt-pt\/product\/land-rover-range-rover-evoque-2\/","url":"https:\/\/carland-solutions.pt\/pt-pt\/product\/land-rover-range-rover-evoque-2\/","name":"Land Rover Range Rover Evoque - Carland Solutions","isPartOf":{"@id":"https:\/\/carland-solutions.pt\/pt-pt\/#website"},"primaryImageOfPage":{"@id":"https:\/\/carland-solutions.pt\/pt-pt\/product\/land-rover-range-rover-evoque-2\/#primaryimage"},"image":{"@id":"https:\/\/carland-solutions.pt\/pt-pt\/product\/land-rover-range-rover-evoque-2\/#primaryimage"},"thumbnailUrl":"https:\/\/carland-solutions.pt\/wp-content\/uploads\/2025\/12\/IMG_7401.jpg","datePublished":"2025-02-13T10:40:36+00:00","dateModified":"2025-12-12T12:32:34+00:00","breadcrumb":{"@id":"https:\/\/carland-solutions.pt\/pt-pt\/product\/land-rover-range-rover-evoque-2\/#breadcrumb"},"inLanguage":"pt-PT","potentialAction":[{"@type":"ReadAction","target":["https:\/\/carland-solutions.pt\/pt-pt\/product\/land-rover-range-rover-evoque-2\/"]}]},{"@type":"ImageObject","inLanguage":"pt-PT","@id":"https:\/\/carland-solutions.pt\/pt-pt\/product\/land-rover-range-rover-evoque-2\/#primaryimage","url":"https:\/\/carland-solutions.pt\/wp-content\/uploads\/2025\/12\/IMG_7401.jpg","contentUrl":"https:\/\/carland-solutions.pt\/wp-content\/uploads\/2025\/12\/IMG_7401.jpg","width":1080,"height":1920},{"@type":"BreadcrumbList","@id":"https:\/\/carland-solutions.pt\/pt-pt\/product\/land-rover-range-rover-evoque-2\/#breadcrumb","itemListElement":[{"@type":"ListItem","position":1,"name":"Home","item":"https:\/\/carland-solutions.pt\/pt-pt\/"},{"@type":"ListItem","position":2,"name":"Refund and Returns Policy","item":"https:\/\/carland-solutions.pt\/?page_id=17"},{"@type":"ListItem","position":3,"name":"Land Rover Range Rover Evoque"}]},{"@type":"WebSite","@id":"https:\/\/carland-solutions.pt\/pt-pt\/#website","url":"https:\/\/carland-solutions.pt\/pt-pt\/","name":"Carland Solutions","description":"","publisher":{"@id":"https:\/\/carland-solutions.pt\/pt-pt\/#organization"},"potentialAction":[{"@type":"SearchAction","target":{"@type":"EntryPoint","urlTemplate":"https:\/\/carland-solutions.pt\/pt-pt\/?s={search_term_string}"},"query-input":{"@type":"PropertyValueSpecification","valueRequired":true,"valueName":"search_term_string"}}],"inLanguage":"pt-PT"},{"@type":"Organization","@id":"https:\/\/carland-solutions.pt\/pt-pt\/#organization","name":"Carland Solutions","url":"https:\/\/carland-solutions.pt\/pt-pt\/","logo":{"@type":"ImageObject","inLanguage":"pt-PT","@id":"https:\/\/carland-solutions.pt\/pt-pt\/#\/schema\/logo\/image\/","url":"https:\/\/carland-solutions.pt\/wp-content\/uploads\/2025\/01\/Carland-Solutions-WBG-900x400-11.jpg","contentUrl":"https:\/\/carland-solutions.pt\/wp-content\/uploads\/2025\/01\/Carland-Solutions-WBG-900x400-11.jpg","width":900,"height":400,"caption":"Carland Solutions"},"image":{"@id":"https:\/\/carland-solutions.pt\/pt-pt\/#\/schema\/logo\/image\/"},"sameAs":["https:\/\/www.facebook.com\/carlandsolutions","https:\/\/www.instagram.com\/carlandsolutions\/"]}]}},"_links":{"self":[{"href":"https:\/\/carland-solutions.pt\/pt-pt\/wp-json\/wp\/v2\/product\/5249","targetHints":{"allow":["GET"]}}],"collection":[{"href":"https:\/\/carland-solutions.pt\/pt-pt\/wp-json\/wp\/v2\/product"}],"about":[{"href":"https:\/\/carland-solutions.pt\/pt-pt\/wp-json\/wp\/v2\/types\/product"}],"wp:featuredmedia":[{"embeddable":true,"href":"https:\/\/carland-solutions.pt\/pt-pt\/wp-json\/wp\/v2\/media\/5228"}],"wp:attachment":[{"href":"https:\/\/carland-solutions.pt\/pt-pt\/wp-json\/wp\/v2\/media?parent=5249"}],"wp:term":[{"taxonomy":"product_brand","embeddable":true,"href":"https:\/\/carland-solutions.pt\/pt-pt\/wp-json\/wp\/v2\/product_brand?post=5249"},{"taxonomy":"product_cat","embeddable":true,"href":"https:\/\/carland-solutions.pt\/pt-pt\/wp-json\/wp\/v2\/product_cat?post=5249"},{"taxonomy":"product_tag","embeddable":true,"href":"https:\/\/carland-solutions.pt\/pt-pt\/wp-json\/wp\/v2\/product_tag?post=5249"}],"curies":[{"name":"wp","href":"https:\/\/api.w.org\/{rel}","templated":true}]}}