{"id":4280,"date":"2025-02-10T10:27:50","date_gmt":"2025-02-10T10:27:50","guid":{"rendered":"https:\/\/carland-solutions.pt\/product\/citroen-c3-puretech-brilho\/"},"modified":"2025-11-18T12:32:38","modified_gmt":"2025-11-18T12:32:38","slug":"citroen-c3-puretech-brilho","status":"publish","type":"product","link":"https:\/\/carland-solutions.pt\/pt-pt\/product\/citroen-c3-puretech-brilho\/","title":{"rendered":"Citroen C3 PureTech Brilho"},"content":{"rendered":"<div class=\"wpb-content-wrapper\"><p>[vc_row gap=&#8221;35&#8243; equal_height=&#8221;yes&#8221; content_placement=&#8221;top&#8221;][vc_column][vc_column_text css=&#8221;&#8221;]Citroen C3 PureTech Brilho[\/vc_column_text][vc_column_text css=&#8221;&#8221;]<\/p>\n<p><strong>Citro\u00ebn C3 &#8211; Elegante, potente e econ\u00f3mico<\/strong><br \/>\nO Citro\u00ebn C3 06-2019 combina um design moderno com um excelente conforto e um desempenho fi\u00e1vel. Este autom\u00f3vel compacto destaca-se pela sua apar\u00eancia \u00fanica e divertida e \u00e9 perfeito para quem procura um autom\u00f3vel pr\u00e1tico mas com car\u00e1cter. O interior foi concebido para proporcionar o m\u00e1ximo conforto de condu\u00e7\u00e3o, com bancos ergon\u00f3micos e uma atmosfera agrad\u00e1vel e calma que torna cada viagem agrad\u00e1vel. O motor eficiente garante um baixo consumo de combust\u00edvel sem comprometer a pot\u00eancia, o que torna o C3 ideal tanto para desloca\u00e7\u00f5es na cidade como para viagens mais longas. Um autom\u00f3vel que combina na perfei\u00e7\u00e3o tecnologia, seguran\u00e7a e prazer de condu\u00e7\u00e3o.[\/vc_column_text][\/vc_column][\/vc_row][vc_row gap=&#8221;35&#8243; equal_height=&#8221;yes&#8221; content_placement=&#8221;top&#8221;][vc_column width=&#8221;1\/2&#8243;][vc_column_text css=&#8221;&#8221;]<\/p>\n<p><strong>\u00c1UDIO E MULTIM\u00c9DIA<\/strong><\/p>\n<p>-Bluetooth<\/p>\n<p>-R\u00e1dio<\/p>\n<p>-Porta USB<\/p>\n<p>-Sistema de \u00e1udio<\/p>\n<p>-Ecr\u00e3 t\u00e1til<\/p>\n<p><strong>CONFORTO E EQUIPAMENTO<\/strong><\/p>\n<p>-Ar condicionado manual<\/p>\n<p>-Estofos em tecido<\/p>\n<p>-Volante em pele<\/p>\n<p>-Volante multifun\u00e7\u00f5es<\/p>\n<p>-Vidros el\u00e9ctricos dianteiros<\/p>\n<p>-Eletr\u00f3nica e assist\u00eancia \u00e0 condu\u00e7\u00e3o<\/p>\n<p>-Controlo de cruzeiro<\/p>\n<p>-Far\u00f3is LED<\/p>\n<p>-Sensor de estacionamento traseiro<\/p>\n<p>-Espelhos retrovisores exteriores com regula\u00e7\u00e3o el\u00e9ctrica<\/p>\n<p>-Espelhos exteriores aquecidos<\/p>\n<p>-Espelhos retrovisores exteriores el\u00e9ctricos rebat\u00edveis<\/p>\n<p>-Sistema que avisa quando atravessas a faixa de rodagem<\/p>\n<p>-Controlo de tra\u00e7\u00e3o<\/p>\n<p>-Reconhecimento de sinais de tr\u00e2nsito<\/p>\n<p>-Luzes de circula\u00e7\u00e3o diurna LED<\/p>\n<p>-L\u00e2mpadas de nevoeiro<\/p>\n<p><strong>SEGURAN\u00c7A<\/strong><\/p>\n<p>-ABS<\/p>\n<p>-Controlo de estabilidade (ESP)<\/p>\n<p>-Airbag do condutor<\/p>\n<p>-Airbag do passageiro<\/p>\n<p>-Airbags para a cabe\u00e7a do condutor e do passageiro<\/p>\n<p>&#8211; Airbags laterais para o condutor e passageiro[\/vc_column_text][\/vc_column][vc_column width=&#8221;1\/2&#8243;][vc_column_text css=&#8221;.vc_custom_1762415716948{padding-top: 25px !important;padding-right: 35px !important;padding-bottom: 25px !important;padding-left: 35px !important;background-color: #1c2e4a !important;border-radius: 10px !important;}&#8221;]<span style=\"color: #ffffff;\"><i class=\"fa-fw dt-icon-the7-misc-017\"><\/i><strong>  Entrega gratuita em Portugal<\/strong><\/span><\/p>\n<p><span style=\"color: #ffffff;\"><i class=\"fa-fw dt-icon-the7-misc-017\"><\/i><strong>  O pre\u00e7o inclui uma garantia de 18 meses com cobertura nacional, um ve\u00edculo de substitui\u00e7\u00e3o e assist\u00eancia em viagem 24 horas por dia<\/strong><\/span><\/p>\n<p><span style=\"color: #ffffff;\"><i class=\"fa-fw dt-icon-the7-misc-017\"><\/i><strong>  Possibilidade de financiamento<\/strong><\/span><\/p>\n<p><span style=\"color: #ffffff;\"><i class=\"fa-fw dt-icon-the7-misc-017\"><\/i><strong>  A troca do teu autom\u00f3vel atual \u00e9 poss\u00edvel mediante pedido<\/strong><\/span>[\/vc_column_text][\/vc_column][\/vc_row][vc_row][vc_column][vc_column_text css=&#8221;&#8221;]<\/p>\n<h2>Est\u00e1s interessado neste carro?<\/h2>\n<p>[\/vc_column_text][vc_column_text css=&#8221;&#8221;]Se estiveres interessado neste ou em qualquer outro dos nossos autom\u00f3veis usados, n\u00e3o hesites em contactar-nos atrav\u00e9s de <strong><a href=\"tel:+31641972793\">+31 6 419 727 93<\/a><\/strong> ou <strong><a href=\"tel:+351960184708\">+351 960 184 708<\/a><\/strong>.[\/vc_column_text][\/vc_column][\/vc_row]<\/p>\n<\/div>","protected":false},"excerpt":{"rendered":"<ul>\n<li>Ano de constru\u00e7\u00e3o: 06-2019<\/li>\n<li>Vers\u00e3o: 1.2 PureTech Shine<\/li>\n<li>Quilometragem: 112.888 km<\/li>\n<li>Capacidade do cilindro: 1.199 cm3<\/li>\n<li>Pot\u00eancia: 82 cv<\/li>\n<li>Bin\u00e1rio: 118 Nm<\/li>\n<li>Consumo de combust\u00edvel na cidade: 4,6\/100 km<\/li>\n<li>Caixa de velocidades: manual<\/li>\n<li>Combust\u00edvel: gasolina<\/li>\n<\/ul>\n","protected":false},"featured_media":4277,"template":"","meta":[],"product_brand":[],"product_cat":[55],"product_tag":[],"class_list":{"0":"post-4280","1":"product","2":"type-product","3":"status-publish","4":"has-post-thumbnail","6":"product_cat-vendido","7":"description-off","9":"first","10":"outofstock","11":"shipping-taxable","12":"product-type-simple"},"yoast_head":"<!-- This site is optimized with the Yoast SEO plugin v27.5 - https:\/\/yoast.com\/product\/yoast-seo-wordpress\/ -->\n<title>Citroen C3 PureTech Brilho - Carland Solutions<\/title>\n<meta name=\"robots\" content=\"index, follow, max-snippet:-1, max-image-preview:large, max-video-preview:-1\" \/>\n<link rel=\"canonical\" href=\"https:\/\/carland-solutions.pt\/pt-pt\/product\/citroen-c3-puretech-brilho\/\" \/>\n<meta property=\"og:locale\" content=\"pt_PT\" \/>\n<meta property=\"og:type\" content=\"article\" \/>\n<meta property=\"og:title\" content=\"Citroen C3 PureTech Brilho - Carland Solutions\" \/>\n<meta property=\"og:description\" content=\"Ano de constru\u00e7\u00e3o: 06-2019  Vers\u00e3o: 1.2 PureTech Shine  Quilometragem: 112.888 km  Capacidade do cilindro: 1.199 cm3  Pot\u00eancia: 82 cv  Bin\u00e1rio: 118 Nm  Consumo de combust\u00edvel na cidade: 4,6\/100 km  Caixa de velocidades: manual  Combust\u00edvel: gasolina\" \/>\n<meta property=\"og:url\" content=\"https:\/\/carland-solutions.pt\/pt-pt\/product\/citroen-c3-puretech-brilho\/\" \/>\n<meta property=\"og:site_name\" content=\"Carland Solutions\" \/>\n<meta property=\"article:publisher\" content=\"https:\/\/www.facebook.com\/carlandsolutions\" \/>\n<meta property=\"article:modified_time\" content=\"2025-11-18T12:32:38+00:00\" \/>\n<meta property=\"og:image\" content=\"https:\/\/carland-solutions.pt\/wp-content\/uploads\/2025\/11\/voor-foto.jpg\" \/>\n\t<meta property=\"og:image:width\" content=\"1080\" \/>\n\t<meta property=\"og:image:height\" content=\"1920\" \/>\n\t<meta property=\"og:image:type\" content=\"image\/jpeg\" \/>\n<meta name=\"twitter:card\" content=\"summary_large_image\" \/>\n<meta name=\"twitter:label1\" content=\"Tempo estimado de leitura\" \/>\n\t<meta name=\"twitter:data1\" content=\"2 minutos\" \/>\n<script type=\"application\/ld+json\" class=\"yoast-schema-graph\">{\"@context\":\"https:\\\/\\\/schema.org\",\"@graph\":[{\"@type\":\"WebPage\",\"@id\":\"https:\\\/\\\/carland-solutions.pt\\\/pt-pt\\\/product\\\/citroen-c3-puretech-brilho\\\/\",\"url\":\"https:\\\/\\\/carland-solutions.pt\\\/pt-pt\\\/product\\\/citroen-c3-puretech-brilho\\\/\",\"name\":\"Citroen C3 PureTech Brilho - Carland Solutions\",\"isPartOf\":{\"@id\":\"https:\\\/\\\/carland-solutions.pt\\\/pt-pt\\\/#website\"},\"primaryImageOfPage\":{\"@id\":\"https:\\\/\\\/carland-solutions.pt\\\/pt-pt\\\/product\\\/citroen-c3-puretech-brilho\\\/#primaryimage\"},\"image\":{\"@id\":\"https:\\\/\\\/carland-solutions.pt\\\/pt-pt\\\/product\\\/citroen-c3-puretech-brilho\\\/#primaryimage\"},\"thumbnailUrl\":\"https:\\\/\\\/carland-solutions.pt\\\/wp-content\\\/uploads\\\/2025\\\/11\\\/voor-foto.jpg\",\"datePublished\":\"2025-02-10T10:27:50+00:00\",\"dateModified\":\"2025-11-18T12:32:38+00:00\",\"breadcrumb\":{\"@id\":\"https:\\\/\\\/carland-solutions.pt\\\/pt-pt\\\/product\\\/citroen-c3-puretech-brilho\\\/#breadcrumb\"},\"inLanguage\":\"pt-PT\",\"potentialAction\":[{\"@type\":\"ReadAction\",\"target\":[\"https:\\\/\\\/carland-solutions.pt\\\/pt-pt\\\/product\\\/citroen-c3-puretech-brilho\\\/\"]}]},{\"@type\":\"ImageObject\",\"inLanguage\":\"pt-PT\",\"@id\":\"https:\\\/\\\/carland-solutions.pt\\\/pt-pt\\\/product\\\/citroen-c3-puretech-brilho\\\/#primaryimage\",\"url\":\"https:\\\/\\\/carland-solutions.pt\\\/wp-content\\\/uploads\\\/2025\\\/11\\\/voor-foto.jpg\",\"contentUrl\":\"https:\\\/\\\/carland-solutions.pt\\\/wp-content\\\/uploads\\\/2025\\\/11\\\/voor-foto.jpg\",\"width\":1080,\"height\":1920},{\"@type\":\"BreadcrumbList\",\"@id\":\"https:\\\/\\\/carland-solutions.pt\\\/pt-pt\\\/product\\\/citroen-c3-puretech-brilho\\\/#breadcrumb\",\"itemListElement\":[{\"@type\":\"ListItem\",\"position\":1,\"name\":\"Home\",\"item\":\"https:\\\/\\\/carland-solutions.pt\\\/pt-pt\\\/\"},{\"@type\":\"ListItem\",\"position\":2,\"name\":\"Refund and Returns Policy\",\"item\":\"https:\\\/\\\/carland-solutions.pt\\\/?page_id=17\"},{\"@type\":\"ListItem\",\"position\":3,\"name\":\"Citroen C3 PureTech Brilho\"}]},{\"@type\":\"WebSite\",\"@id\":\"https:\\\/\\\/carland-solutions.pt\\\/pt-pt\\\/#website\",\"url\":\"https:\\\/\\\/carland-solutions.pt\\\/pt-pt\\\/\",\"name\":\"Carland Solutions\",\"description\":\"\",\"publisher\":{\"@id\":\"https:\\\/\\\/carland-solutions.pt\\\/pt-pt\\\/#organization\"},\"potentialAction\":[{\"@type\":\"SearchAction\",\"target\":{\"@type\":\"EntryPoint\",\"urlTemplate\":\"https:\\\/\\\/carland-solutions.pt\\\/pt-pt\\\/?s={search_term_string}\"},\"query-input\":{\"@type\":\"PropertyValueSpecification\",\"valueRequired\":true,\"valueName\":\"search_term_string\"}}],\"inLanguage\":\"pt-PT\"},{\"@type\":\"Organization\",\"@id\":\"https:\\\/\\\/carland-solutions.pt\\\/pt-pt\\\/#organization\",\"name\":\"Carland Solutions\",\"url\":\"https:\\\/\\\/carland-solutions.pt\\\/pt-pt\\\/\",\"logo\":{\"@type\":\"ImageObject\",\"inLanguage\":\"pt-PT\",\"@id\":\"https:\\\/\\\/carland-solutions.pt\\\/pt-pt\\\/#\\\/schema\\\/logo\\\/image\\\/\",\"url\":\"https:\\\/\\\/carland-solutions.pt\\\/wp-content\\\/uploads\\\/2025\\\/01\\\/Carland-Solutions-WBG-900x400-11.jpg\",\"contentUrl\":\"https:\\\/\\\/carland-solutions.pt\\\/wp-content\\\/uploads\\\/2025\\\/01\\\/Carland-Solutions-WBG-900x400-11.jpg\",\"width\":900,\"height\":400,\"caption\":\"Carland Solutions\"},\"image\":{\"@id\":\"https:\\\/\\\/carland-solutions.pt\\\/pt-pt\\\/#\\\/schema\\\/logo\\\/image\\\/\"},\"sameAs\":[\"https:\\\/\\\/www.facebook.com\\\/carlandsolutions\",\"https:\\\/\\\/www.instagram.com\\\/carlandsolutions\\\/\"]}]}<\/script>\n<!-- \/ Yoast SEO plugin. -->","yoast_head_json":{"title":"Citroen C3 PureTech Brilho - Carland Solutions","robots":{"index":"index","follow":"follow","max-snippet":"max-snippet:-1","max-image-preview":"max-image-preview:large","max-video-preview":"max-video-preview:-1"},"canonical":"https:\/\/carland-solutions.pt\/pt-pt\/product\/citroen-c3-puretech-brilho\/","og_locale":"pt_PT","og_type":"article","og_title":"Citroen C3 PureTech Brilho - Carland Solutions","og_description":"Ano de constru\u00e7\u00e3o: 06-2019  Vers\u00e3o: 1.2 PureTech Shine  Quilometragem: 112.888 km  Capacidade do cilindro: 1.199 cm3  Pot\u00eancia: 82 cv  Bin\u00e1rio: 118 Nm  Consumo de combust\u00edvel na cidade: 4,6\/100 km  Caixa de velocidades: manual  Combust\u00edvel: gasolina","og_url":"https:\/\/carland-solutions.pt\/pt-pt\/product\/citroen-c3-puretech-brilho\/","og_site_name":"Carland Solutions","article_publisher":"https:\/\/www.facebook.com\/carlandsolutions","article_modified_time":"2025-11-18T12:32:38+00:00","og_image":[{"width":1080,"height":1920,"url":"https:\/\/carland-solutions.pt\/wp-content\/uploads\/2025\/11\/voor-foto.jpg","type":"image\/jpeg"}],"twitter_card":"summary_large_image","twitter_misc":{"Tempo estimado de leitura":"2 minutos"},"schema":{"@context":"https:\/\/schema.org","@graph":[{"@type":"WebPage","@id":"https:\/\/carland-solutions.pt\/pt-pt\/product\/citroen-c3-puretech-brilho\/","url":"https:\/\/carland-solutions.pt\/pt-pt\/product\/citroen-c3-puretech-brilho\/","name":"Citroen C3 PureTech Brilho - Carland Solutions","isPartOf":{"@id":"https:\/\/carland-solutions.pt\/pt-pt\/#website"},"primaryImageOfPage":{"@id":"https:\/\/carland-solutions.pt\/pt-pt\/product\/citroen-c3-puretech-brilho\/#primaryimage"},"image":{"@id":"https:\/\/carland-solutions.pt\/pt-pt\/product\/citroen-c3-puretech-brilho\/#primaryimage"},"thumbnailUrl":"https:\/\/carland-solutions.pt\/wp-content\/uploads\/2025\/11\/voor-foto.jpg","datePublished":"2025-02-10T10:27:50+00:00","dateModified":"2025-11-18T12:32:38+00:00","breadcrumb":{"@id":"https:\/\/carland-solutions.pt\/pt-pt\/product\/citroen-c3-puretech-brilho\/#breadcrumb"},"inLanguage":"pt-PT","potentialAction":[{"@type":"ReadAction","target":["https:\/\/carland-solutions.pt\/pt-pt\/product\/citroen-c3-puretech-brilho\/"]}]},{"@type":"ImageObject","inLanguage":"pt-PT","@id":"https:\/\/carland-solutions.pt\/pt-pt\/product\/citroen-c3-puretech-brilho\/#primaryimage","url":"https:\/\/carland-solutions.pt\/wp-content\/uploads\/2025\/11\/voor-foto.jpg","contentUrl":"https:\/\/carland-solutions.pt\/wp-content\/uploads\/2025\/11\/voor-foto.jpg","width":1080,"height":1920},{"@type":"BreadcrumbList","@id":"https:\/\/carland-solutions.pt\/pt-pt\/product\/citroen-c3-puretech-brilho\/#breadcrumb","itemListElement":[{"@type":"ListItem","position":1,"name":"Home","item":"https:\/\/carland-solutions.pt\/pt-pt\/"},{"@type":"ListItem","position":2,"name":"Refund and Returns Policy","item":"https:\/\/carland-solutions.pt\/?page_id=17"},{"@type":"ListItem","position":3,"name":"Citroen C3 PureTech Brilho"}]},{"@type":"WebSite","@id":"https:\/\/carland-solutions.pt\/pt-pt\/#website","url":"https:\/\/carland-solutions.pt\/pt-pt\/","name":"Carland Solutions","description":"","publisher":{"@id":"https:\/\/carland-solutions.pt\/pt-pt\/#organization"},"potentialAction":[{"@type":"SearchAction","target":{"@type":"EntryPoint","urlTemplate":"https:\/\/carland-solutions.pt\/pt-pt\/?s={search_term_string}"},"query-input":{"@type":"PropertyValueSpecification","valueRequired":true,"valueName":"search_term_string"}}],"inLanguage":"pt-PT"},{"@type":"Organization","@id":"https:\/\/carland-solutions.pt\/pt-pt\/#organization","name":"Carland Solutions","url":"https:\/\/carland-solutions.pt\/pt-pt\/","logo":{"@type":"ImageObject","inLanguage":"pt-PT","@id":"https:\/\/carland-solutions.pt\/pt-pt\/#\/schema\/logo\/image\/","url":"https:\/\/carland-solutions.pt\/wp-content\/uploads\/2025\/01\/Carland-Solutions-WBG-900x400-11.jpg","contentUrl":"https:\/\/carland-solutions.pt\/wp-content\/uploads\/2025\/01\/Carland-Solutions-WBG-900x400-11.jpg","width":900,"height":400,"caption":"Carland Solutions"},"image":{"@id":"https:\/\/carland-solutions.pt\/pt-pt\/#\/schema\/logo\/image\/"},"sameAs":["https:\/\/www.facebook.com\/carlandsolutions","https:\/\/www.instagram.com\/carlandsolutions\/"]}]}},"_links":{"self":[{"href":"https:\/\/carland-solutions.pt\/pt-pt\/wp-json\/wp\/v2\/product\/4280","targetHints":{"allow":["GET"]}}],"collection":[{"href":"https:\/\/carland-solutions.pt\/pt-pt\/wp-json\/wp\/v2\/product"}],"about":[{"href":"https:\/\/carland-solutions.pt\/pt-pt\/wp-json\/wp\/v2\/types\/product"}],"wp:featuredmedia":[{"embeddable":true,"href":"https:\/\/carland-solutions.pt\/pt-pt\/wp-json\/wp\/v2\/media\/4277"}],"wp:attachment":[{"href":"https:\/\/carland-solutions.pt\/pt-pt\/wp-json\/wp\/v2\/media?parent=4280"}],"wp:term":[{"taxonomy":"product_brand","embeddable":true,"href":"https:\/\/carland-solutions.pt\/pt-pt\/wp-json\/wp\/v2\/product_brand?post=4280"},{"taxonomy":"product_cat","embeddable":true,"href":"https:\/\/carland-solutions.pt\/pt-pt\/wp-json\/wp\/v2\/product_cat?post=4280"},{"taxonomy":"product_tag","embeddable":true,"href":"https:\/\/carland-solutions.pt\/pt-pt\/wp-json\/wp\/v2\/product_tag?post=4280"}],"curies":[{"name":"wp","href":"https:\/\/api.w.org\/{rel}","templated":true}]}}