{"id":3821,"date":"2025-01-30T09:51:08","date_gmt":"2025-01-30T09:51:08","guid":{"rendered":"https:\/\/carland-solutions.pt\/product\/peugeot-2008e\/"},"modified":"2025-10-13T13:30:05","modified_gmt":"2025-10-13T12:30:05","slug":"peugeot-2008e","status":"publish","type":"product","link":"https:\/\/carland-solutions.pt\/pt-pt\/product\/peugeot-2008e\/","title":{"rendered":"Peugeot 2008E"},"content":{"rendered":"<div class=\"wpb-content-wrapper\"><p>[vc_row gap=&#8221;35&#8243; equal_height=&#8221;yes&#8221; content_placement=&#8221;top&#8221;][vc_column][vc_column_text css=&#8221;&#8221;]<\/p>\n<h2 dir=\"auto\">Peugeot 2008E<\/h2>\n<p>[\/vc_column_text][vc_column_text css=&#8221;&#8221;]<\/p>\n<p class=\"\" data-start=\"0\" data-end=\"61\"><strong data-start=\"0\" data-end=\"59\">Peugeot 2008E &#8211; Elegante, potente e amigo do ambiente<\/strong><\/p>\n<p class=\"\" data-start=\"63\" data-end=\"539\">O Peugeot 2008E Electric Drive Allure Pack oferece o melhor da condu\u00e7\u00e3o el\u00e9ctrica: pot\u00eancia, conforto e tecnologia avan\u00e7ada. Com uma pot\u00eancia impressionante de 136 cv e 260 Nm de bin\u00e1rio, este SUV oferece um desempenho sem esfor\u00e7o e uma experi\u00eancia de condu\u00e7\u00e3o silenciosa e suave. A sua autonomia de 340 km garante que as viagens longas n\u00e3o s\u00e3o um problema. O interior luxuoso, as modernas funcionalidades multim\u00e9dia e as extensas op\u00e7\u00f5es de seguran\u00e7a tornam cada viagem agrad\u00e1vel e relaxante.   <\/p>\n<p>[\/vc_column_text][\/vc_column][\/vc_row][vc_row gap=&#8221;35&#8243; equal_height=&#8221;yes&#8221; content_placement=&#8221;top&#8221;][vc_column width=&#8221;1\/2&#8243;][vc_column_text css=&#8221;&#8221;]<\/p>\n<div class=\"x11i5rnm xat24cr x1mh8g0r x1vvkbs xtlvy1s x126k92a\">\n<div dir=\"auto\">\n<div dir=\"auto\">\n<h3 class=\"\" data-start=\"884\" data-end=\"914\"><strong data-start=\"888\" data-end=\"912\">CONFORTO E EQUIPAMENTO<\/strong><\/h3>\n<ul data-start=\"915\" data-end=\"1151\">\n<li class=\"\" data-start=\"915\" data-end=\"945\">\n<p class=\"\" data-start=\"917\" data-end=\"945\">Ar condicionado manual<\/p>\n<\/li>\n<li class=\"\" data-start=\"946\" data-end=\"962\">\n<p class=\"\" data-start=\"948\" data-end=\"962\">Apoio de bra\u00e7o dianteiro<\/p>\n<\/li>\n<li class=\"\" data-start=\"963\" data-end=\"982\">\n<p class=\"\" data-start=\"965\" data-end=\"982\">Volante em pele<\/p>\n<\/li>\n<li class=\"\" data-start=\"983\" data-end=\"1015\">\n<p class=\"\" data-start=\"985\" data-end=\"1015\">Comandos do r\u00e1dio no volante<\/p>\n<\/li>\n<li class=\"\" data-start=\"1016\" data-end=\"1046\">\n<p class=\"\" data-start=\"1018\" data-end=\"1046\">Volante multifun\u00e7\u00f5es<\/p>\n<\/li>\n<li class=\"\" data-start=\"1047\" data-end=\"1079\">\n<p class=\"\" data-start=\"1049\" data-end=\"1079\">Fecho centralizado sem chave<\/p>\n<\/li>\n<li class=\"\" data-start=\"1080\" data-end=\"1106\">\n<p class=\"\" data-start=\"1082\" data-end=\"1106\">Arranca sem chave<\/p>\n<\/li>\n<li class=\"\" data-start=\"1107\" data-end=\"1122\">\n<p class=\"\" data-start=\"1109\" data-end=\"1122\">Sensor de chuva<\/p>\n<\/li>\n<li class=\"\" data-start=\"1123\" data-end=\"1151\">\n<p class=\"\" data-start=\"1125\" data-end=\"1151\">Vidros traseiros el\u00e9ctricos<\/p>\n<\/li>\n<\/ul>\n<hr class=\"\" data-start=\"1153\" data-end=\"1156\">\n<h3 class=\"\" data-start=\"1158\" data-end=\"1189\"><strong data-start=\"1162\" data-end=\"1187\">TECNOLOGIA E ASSIST\u00caNCIA \u00c0 CONDU\u00c7\u00c3O<\/strong><\/h3>\n<ul data-start=\"1190\" data-end=\"1495\">\n<li class=\"\" data-start=\"1190\" data-end=\"1208\">\n<p class=\"\" data-start=\"1192\" data-end=\"1208\">Controlo da velocidade de cruzeiro<\/p>\n<\/li>\n<li class=\"\" data-start=\"1209\" data-end=\"1226\">\n<p class=\"\" data-start=\"1211\" data-end=\"1226\">Far\u00f3is LED<\/p>\n<\/li>\n<li class=\"\" data-start=\"1227\" data-end=\"1249\">\n<p class=\"\" data-start=\"1229\" data-end=\"1249\">C\u00e2mara de vis\u00e3o traseira<\/p>\n<\/li>\n<li class=\"\" data-start=\"1250\" data-end=\"1274\">\n<p class=\"\" data-start=\"1252\" data-end=\"1274\">Sensor de estacionamento traseiro<\/p>\n<\/li>\n<li class=\"\" data-start=\"1275\" data-end=\"1316\">\n<p class=\"\" data-start=\"1277\" data-end=\"1316\">Espelhos retrovisores exteriores com regula\u00e7\u00e3o el\u00e9ctrica<\/p>\n<\/li>\n<li class=\"\" data-start=\"1317\" data-end=\"1357\">\n<p class=\"\" data-start=\"1319\" data-end=\"1357\">Espelhos retrovisores exteriores rebat\u00edveis eletricamente<\/p>\n<\/li>\n<li class=\"\" data-start=\"1358\" data-end=\"1383\">\n<p class=\"\" data-start=\"1360\" data-end=\"1383\">Luzes de circula\u00e7\u00e3o diurna LED<\/p>\n<\/li>\n<li class=\"\" data-start=\"1384\" data-end=\"1398\">\n<p class=\"\" data-start=\"1386\" data-end=\"1398\">Luzes de nevoeiro<\/p>\n<\/li>\n<li class=\"\" data-start=\"1399\" data-end=\"1420\">\n<p class=\"\" data-start=\"1401\" data-end=\"1420\">Luzes traseiras LED<\/p>\n<\/li>\n<li class=\"\" data-start=\"1421\" data-end=\"1448\">\n<p class=\"\" data-start=\"1423\" data-end=\"1448\">Controlo da press\u00e3o dos pneus<\/p>\n<\/li>\n<li class=\"\" data-start=\"1449\" data-end=\"1472\">\n<p class=\"\" data-start=\"1451\" data-end=\"1472\">Trav\u00e3o de m\u00e3o el\u00e9trico<\/p>\n<\/li>\n<li class=\"\" data-start=\"1473\" data-end=\"1495\">\n<p class=\"\" data-start=\"1475\" data-end=\"1495\">Dire\u00e7\u00e3o assistida<\/p>\n<\/li>\n<\/ul>\n<hr class=\"\" data-start=\"1497\" data-end=\"1500\">\n<h3 class=\"\" data-start=\"1502\" data-end=\"1530\"><strong data-start=\"1506\" data-end=\"1528\">\u00c1UDIO E MULTIM\u00c9DIA<\/strong><\/h3>\n<ul data-start=\"1531\" data-end=\"1652\">\n<li class=\"\" data-start=\"1531\" data-end=\"1548\">\n<p class=\"\" data-start=\"1533\" data-end=\"1548\">Apple CarPlay<\/p>\n<\/li>\n<li class=\"\" data-start=\"1549\" data-end=\"1565\">\n<p class=\"\" data-start=\"1551\" data-end=\"1565\">Android Auto<\/p>\n<\/li>\n<li class=\"\" data-start=\"1566\" data-end=\"1579\">\n<p class=\"\" data-start=\"1568\" data-end=\"1579\">Bluetooth<\/p>\n<\/li>\n<li class=\"\" data-start=\"1580\" data-end=\"1601\">\n<p class=\"\" data-start=\"1582\" data-end=\"1601\">Sistema m\u00e3os-livres<\/p>\n<\/li>\n<li class=\"\" data-start=\"1602\" data-end=\"1615\">\n<p class=\"\" data-start=\"1604\" data-end=\"1615\">Porta USB<\/p>\n<\/li>\n<li class=\"\" data-start=\"1616\" data-end=\"1636\">\n<p class=\"\" data-start=\"1618\" data-end=\"1636\">Sistema de navega\u00e7\u00e3o<\/p>\n<\/li>\n<li class=\"\" data-start=\"1637\" data-end=\"1652\">\n<p class=\"\" data-start=\"1639\" data-end=\"1652\">Ecr\u00e3 t\u00e1til<\/p>\n<\/li>\n<\/ul>\n<hr class=\"\" data-start=\"1654\" data-end=\"1657\">\n<h3 class=\"\" data-start=\"1659\" data-end=\"1679\"><strong data-start=\"1663\" data-end=\"1677\">SEGURAN\u00c7A<\/strong><\/h3>\n<ul data-start=\"1680\" data-end=\"1843\">\n<li class=\"\" data-start=\"1680\" data-end=\"1687\">\n<p class=\"\" data-start=\"1682\" data-end=\"1687\">ABS<\/p>\n<\/li>\n<li class=\"\" data-start=\"1688\" data-end=\"1717\">\n<p class=\"\" data-start=\"1690\" data-end=\"1717\">Controlo de estabilidade (SP)<\/p>\n<\/li>\n<li class=\"\" data-start=\"1718\" data-end=\"1745\">\n<p class=\"\" data-start=\"1720\" data-end=\"1745\">Chamada SOS autom\u00e1tica<\/p>\n<\/li>\n<li class=\"\" data-start=\"1746\" data-end=\"1767\">\n<p class=\"\" data-start=\"1748\" data-end=\"1767\">Airbag do condutor<\/p>\n<\/li>\n<li class=\"\" data-start=\"1768\" data-end=\"1788\">\n<p class=\"\" data-start=\"1770\" data-end=\"1788\">Airbag do passageiro<\/p>\n<\/li>\n<li class=\"\" data-start=\"1789\" data-end=\"1832\">\n<p class=\"\" data-start=\"1791\" data-end=\"1832\">Airbags laterais para o condutor e passageiro<\/p>\n<\/li>\n<li class=\"\" data-start=\"1833\" data-end=\"1843\">\n<p class=\"\" data-start=\"1835\" data-end=\"1843\">ISOFIX<\/p>\n<\/li>\n<\/ul>\n<\/div>\n<\/div>\n<\/div>\n<p>[\/vc_column_text][\/vc_column][vc_column width=&#8221;1\/2&#8243;][vc_column_text css=&#8221;.vc_custom_1740045839023{padding-top: 25px !important;padding-right: 35px !important;padding-bottom: 25px !important;padding-left: 35px !important;background-color: #1c2e4a !important;border-radius: 10px !important;}&#8221;]<span style=\"color: #ffffff;\"><i class=\"fa-fw dt-icon-the7-misc-017\"><\/i><strong>  Compra o teu carro connosco e recebe um vale para ir de f\u00e9rias!<\/strong><\/span><\/p>\n<p><span style=\"color: #ffffff;\"><i class=\"fa-fw dt-icon-the7-misc-017\"><\/i><strong>  Entrega gratuita em Portugal<\/strong><\/span><\/p>\n<p><span style=\"color: #ffffff;\"><i class=\"fa-fw dt-icon-the7-misc-017\"><\/i><strong>  O pre\u00e7o inclui uma garantia de 18 meses com cobertura nacional, um ve\u00edculo de substitui\u00e7\u00e3o e assist\u00eancia em viagem 24 horas por dia<\/strong><\/span><\/p>\n<p><span style=\"color: #ffffff;\"><i class=\"fa-fw dt-icon-the7-misc-017\"><\/i><strong>  Aceitamos devolu\u00e7\u00f5es<\/strong><\/span><\/p>\n<p><span style=\"color: #ffffff;\"><i class=\"fa-fw dt-icon-the7-misc-017\"><\/i><strong>  Possibilidade de financiamento<\/strong><\/span>[\/vc_column_text][\/vc_column][\/vc_row][vc_row][vc_column][vc_column_text css=&#8221;&#8221;]<\/p>\n<h2>Est\u00e1s interessado neste carro?<\/h2>\n<p>[\/vc_column_text][vc_column_text css=&#8221;&#8221;]Se estiveres interessado neste ou em qualquer outro dos nossos autom\u00f3veis usados, n\u00e3o hesites em contactar-nos atrav\u00e9s de <strong><br \/>\n  <a href=\"tel:+31641972793\">+31 6 419 727 93<\/a><br \/>\n<\/strong> ou <strong><br \/>\n  <a href=\"tel:+351960184708\">+351 960 184 708<\/a><br \/>\n<\/strong>.[\/vc_column_text][\/vc_column][\/vc_row]<\/p>\n<\/div>","protected":false},"excerpt":{"rendered":"<ul data-start=\"576\" data-end=\"877\">\n<li class=\"\" data-start=\"576\" data-end=\"601\">\n<p class=\"\" data-start=\"578\" data-end=\"601\"><strong data-start=\"578\" data-end=\"591\">Ano de constru\u00e7\u00e3o:<\/strong> 06-2023<\/p>\n<\/li>\n<li class=\"\" data-start=\"602\" data-end=\"663\">\n<p class=\"\" data-start=\"604\" data-end=\"663\"><strong data-start=\"604\" data-end=\"621\">Modelo\/Vers\u00e3o:<\/strong> Peugeot 2008 Electric Drive Allure Pack<\/p>\n<\/li>\n<li class=\"\" data-start=\"664\" data-end=\"697\">\n<p class=\"\" data-start=\"666\" data-end=\"697\"><strong data-start=\"666\" data-end=\"685\">Quilometragem:<\/strong> 14.828 km<\/p>\n<\/li>\n<li class=\"\" data-start=\"698\" data-end=\"733\">\n<p class=\"\" data-start=\"700\" data-end=\"733\"><strong data-start=\"700\" data-end=\"716\">Capacidade do motor:<\/strong> &#8211; (el\u00e9trico)<\/p>\n<\/li>\n<li class=\"\" data-start=\"734\" data-end=\"758\">\n<p class=\"\" data-start=\"736\" data-end=\"758\"><strong data-start=\"736\" data-end=\"749\">Pot\u00eancia:<\/strong> 136 cv<\/p>\n<\/li>\n<li class=\"\" data-start=\"759\" data-end=\"781\">\n<p class=\"\" data-start=\"761\" data-end=\"781\"><strong data-start=\"761\" data-end=\"772\">Bin\u00e1rio:<\/strong> 260 Nm<\/p>\n<\/li>\n<li class=\"\" data-start=\"782\" data-end=\"814\">\n<p class=\"\" data-start=\"784\" data-end=\"814\"><strong data-start=\"784\" data-end=\"797\">Consumo:<\/strong> &#8211; (el\u00e9trico)<\/p>\n<\/li>\n<li class=\"\" data-start=\"815\" data-end=\"847\">\n<p class=\"\" data-start=\"817\" data-end=\"847\"><strong data-start=\"817\" data-end=\"833\">Transmiss\u00e3o:<\/strong> Autom\u00e1tica<\/p>\n<\/li>\n<li class=\"\" data-start=\"848\" data-end=\"877\">\n<p class=\"\" data-start=\"850\" data-end=\"877\"><strong data-start=\"850\" data-end=\"864\">Combust\u00edvel:<\/strong> El\u00e9trico<\/p>\n<\/li>\n<\/ul>\n","protected":false},"featured_media":1520,"template":"","meta":[],"product_brand":[],"product_cat":[55],"product_tag":[],"class_list":{"0":"post-3821","1":"product","2":"type-product","3":"status-publish","4":"has-post-thumbnail","6":"product_cat-vendido","7":"description-off","9":"first","10":"outofstock","11":"shipping-taxable","12":"product-type-simple"},"yoast_head":"<!-- This site is optimized with the Yoast SEO plugin v27.5 - https:\/\/yoast.com\/product\/yoast-seo-wordpress\/ -->\n<title>Peugeot 2008E - Carland Solutions<\/title>\n<meta name=\"robots\" content=\"index, follow, max-snippet:-1, max-image-preview:large, max-video-preview:-1\" \/>\n<link rel=\"canonical\" href=\"https:\/\/carland-solutions.pt\/pt-pt\/product\/peugeot-2008e\/\" \/>\n<meta property=\"og:locale\" content=\"pt_PT\" \/>\n<meta property=\"og:type\" content=\"article\" \/>\n<meta property=\"og:title\" content=\"Peugeot 2008E - Carland Solutions\" \/>\n<meta property=\"og:description\" content=\"Ano de constru\u00e7\u00e3o: 06-2023   Modelo\/Vers\u00e3o: Peugeot 2008 Electric Drive Allure Pack   Quilometragem: 14.828 km   Capacidade do motor: - (el\u00e9trico)   Pot\u00eancia: 136 cv   Bin\u00e1rio: 260 Nm   Consumo: - (el\u00e9trico)   Transmiss\u00e3o: Autom\u00e1tica   Combust\u00edvel: El\u00e9trico\" \/>\n<meta property=\"og:url\" content=\"https:\/\/carland-solutions.pt\/pt-pt\/product\/peugeot-2008e\/\" \/>\n<meta property=\"og:site_name\" content=\"Carland Solutions\" \/>\n<meta property=\"article:publisher\" content=\"https:\/\/www.facebook.com\/carlandsolutions\" \/>\n<meta property=\"article:modified_time\" content=\"2025-10-13T12:30:05+00:00\" \/>\n<meta property=\"og:image\" content=\"https:\/\/carland-solutions.pt\/wp-content\/uploads\/2025\/01\/25-03-24-Peugeot-2008E10.jpg\" \/>\n\t<meta property=\"og:image:width\" content=\"1350\" \/>\n\t<meta property=\"og:image:height\" content=\"1688\" \/>\n\t<meta property=\"og:image:type\" content=\"image\/jpeg\" \/>\n<meta name=\"twitter:card\" content=\"summary_large_image\" \/>\n<meta name=\"twitter:label1\" content=\"Tempo estimado de leitura\" \/>\n\t<meta name=\"twitter:data1\" content=\"2 minutos\" \/>\n<script type=\"application\/ld+json\" class=\"yoast-schema-graph\">{\"@context\":\"https:\\\/\\\/schema.org\",\"@graph\":[{\"@type\":\"WebPage\",\"@id\":\"https:\\\/\\\/carland-solutions.pt\\\/pt-pt\\\/product\\\/peugeot-2008e\\\/\",\"url\":\"https:\\\/\\\/carland-solutions.pt\\\/pt-pt\\\/product\\\/peugeot-2008e\\\/\",\"name\":\"Peugeot 2008E - Carland Solutions\",\"isPartOf\":{\"@id\":\"https:\\\/\\\/carland-solutions.pt\\\/pt-pt\\\/#website\"},\"primaryImageOfPage\":{\"@id\":\"https:\\\/\\\/carland-solutions.pt\\\/pt-pt\\\/product\\\/peugeot-2008e\\\/#primaryimage\"},\"image\":{\"@id\":\"https:\\\/\\\/carland-solutions.pt\\\/pt-pt\\\/product\\\/peugeot-2008e\\\/#primaryimage\"},\"thumbnailUrl\":\"https:\\\/\\\/carland-solutions.pt\\\/wp-content\\\/uploads\\\/2025\\\/01\\\/25-03-24-Peugeot-2008E10.jpg\",\"datePublished\":\"2025-01-30T09:51:08+00:00\",\"dateModified\":\"2025-10-13T12:30:05+00:00\",\"breadcrumb\":{\"@id\":\"https:\\\/\\\/carland-solutions.pt\\\/pt-pt\\\/product\\\/peugeot-2008e\\\/#breadcrumb\"},\"inLanguage\":\"pt-PT\",\"potentialAction\":[{\"@type\":\"ReadAction\",\"target\":[\"https:\\\/\\\/carland-solutions.pt\\\/pt-pt\\\/product\\\/peugeot-2008e\\\/\"]}]},{\"@type\":\"ImageObject\",\"inLanguage\":\"pt-PT\",\"@id\":\"https:\\\/\\\/carland-solutions.pt\\\/pt-pt\\\/product\\\/peugeot-2008e\\\/#primaryimage\",\"url\":\"https:\\\/\\\/carland-solutions.pt\\\/wp-content\\\/uploads\\\/2025\\\/01\\\/25-03-24-Peugeot-2008E10.jpg\",\"contentUrl\":\"https:\\\/\\\/carland-solutions.pt\\\/wp-content\\\/uploads\\\/2025\\\/01\\\/25-03-24-Peugeot-2008E10.jpg\",\"width\":1350,\"height\":1688},{\"@type\":\"BreadcrumbList\",\"@id\":\"https:\\\/\\\/carland-solutions.pt\\\/pt-pt\\\/product\\\/peugeot-2008e\\\/#breadcrumb\",\"itemListElement\":[{\"@type\":\"ListItem\",\"position\":1,\"name\":\"Home\",\"item\":\"https:\\\/\\\/carland-solutions.pt\\\/pt-pt\\\/\"},{\"@type\":\"ListItem\",\"position\":2,\"name\":\"Refund and Returns Policy\",\"item\":\"https:\\\/\\\/carland-solutions.pt\\\/?page_id=17\"},{\"@type\":\"ListItem\",\"position\":3,\"name\":\"Peugeot 2008E\"}]},{\"@type\":\"WebSite\",\"@id\":\"https:\\\/\\\/carland-solutions.pt\\\/pt-pt\\\/#website\",\"url\":\"https:\\\/\\\/carland-solutions.pt\\\/pt-pt\\\/\",\"name\":\"Carland Solutions\",\"description\":\"\",\"publisher\":{\"@id\":\"https:\\\/\\\/carland-solutions.pt\\\/pt-pt\\\/#organization\"},\"potentialAction\":[{\"@type\":\"SearchAction\",\"target\":{\"@type\":\"EntryPoint\",\"urlTemplate\":\"https:\\\/\\\/carland-solutions.pt\\\/pt-pt\\\/?s={search_term_string}\"},\"query-input\":{\"@type\":\"PropertyValueSpecification\",\"valueRequired\":true,\"valueName\":\"search_term_string\"}}],\"inLanguage\":\"pt-PT\"},{\"@type\":\"Organization\",\"@id\":\"https:\\\/\\\/carland-solutions.pt\\\/pt-pt\\\/#organization\",\"name\":\"Carland Solutions\",\"url\":\"https:\\\/\\\/carland-solutions.pt\\\/pt-pt\\\/\",\"logo\":{\"@type\":\"ImageObject\",\"inLanguage\":\"pt-PT\",\"@id\":\"https:\\\/\\\/carland-solutions.pt\\\/pt-pt\\\/#\\\/schema\\\/logo\\\/image\\\/\",\"url\":\"https:\\\/\\\/carland-solutions.pt\\\/wp-content\\\/uploads\\\/2025\\\/01\\\/Carland-Solutions-WBG-900x400-11.jpg\",\"contentUrl\":\"https:\\\/\\\/carland-solutions.pt\\\/wp-content\\\/uploads\\\/2025\\\/01\\\/Carland-Solutions-WBG-900x400-11.jpg\",\"width\":900,\"height\":400,\"caption\":\"Carland Solutions\"},\"image\":{\"@id\":\"https:\\\/\\\/carland-solutions.pt\\\/pt-pt\\\/#\\\/schema\\\/logo\\\/image\\\/\"},\"sameAs\":[\"https:\\\/\\\/www.facebook.com\\\/carlandsolutions\",\"https:\\\/\\\/www.instagram.com\\\/carlandsolutions\\\/\"]}]}<\/script>\n<!-- \/ Yoast SEO plugin. -->","yoast_head_json":{"title":"Peugeot 2008E - Carland Solutions","robots":{"index":"index","follow":"follow","max-snippet":"max-snippet:-1","max-image-preview":"max-image-preview:large","max-video-preview":"max-video-preview:-1"},"canonical":"https:\/\/carland-solutions.pt\/pt-pt\/product\/peugeot-2008e\/","og_locale":"pt_PT","og_type":"article","og_title":"Peugeot 2008E - Carland Solutions","og_description":"Ano de constru\u00e7\u00e3o: 06-2023   Modelo\/Vers\u00e3o: Peugeot 2008 Electric Drive Allure Pack   Quilometragem: 14.828 km   Capacidade do motor: - (el\u00e9trico)   Pot\u00eancia: 136 cv   Bin\u00e1rio: 260 Nm   Consumo: - (el\u00e9trico)   Transmiss\u00e3o: Autom\u00e1tica   Combust\u00edvel: El\u00e9trico","og_url":"https:\/\/carland-solutions.pt\/pt-pt\/product\/peugeot-2008e\/","og_site_name":"Carland Solutions","article_publisher":"https:\/\/www.facebook.com\/carlandsolutions","article_modified_time":"2025-10-13T12:30:05+00:00","og_image":[{"width":1350,"height":1688,"url":"https:\/\/carland-solutions.pt\/wp-content\/uploads\/2025\/01\/25-03-24-Peugeot-2008E10.jpg","type":"image\/jpeg"}],"twitter_card":"summary_large_image","twitter_misc":{"Tempo estimado de leitura":"2 minutos"},"schema":{"@context":"https:\/\/schema.org","@graph":[{"@type":"WebPage","@id":"https:\/\/carland-solutions.pt\/pt-pt\/product\/peugeot-2008e\/","url":"https:\/\/carland-solutions.pt\/pt-pt\/product\/peugeot-2008e\/","name":"Peugeot 2008E - Carland Solutions","isPartOf":{"@id":"https:\/\/carland-solutions.pt\/pt-pt\/#website"},"primaryImageOfPage":{"@id":"https:\/\/carland-solutions.pt\/pt-pt\/product\/peugeot-2008e\/#primaryimage"},"image":{"@id":"https:\/\/carland-solutions.pt\/pt-pt\/product\/peugeot-2008e\/#primaryimage"},"thumbnailUrl":"https:\/\/carland-solutions.pt\/wp-content\/uploads\/2025\/01\/25-03-24-Peugeot-2008E10.jpg","datePublished":"2025-01-30T09:51:08+00:00","dateModified":"2025-10-13T12:30:05+00:00","breadcrumb":{"@id":"https:\/\/carland-solutions.pt\/pt-pt\/product\/peugeot-2008e\/#breadcrumb"},"inLanguage":"pt-PT","potentialAction":[{"@type":"ReadAction","target":["https:\/\/carland-solutions.pt\/pt-pt\/product\/peugeot-2008e\/"]}]},{"@type":"ImageObject","inLanguage":"pt-PT","@id":"https:\/\/carland-solutions.pt\/pt-pt\/product\/peugeot-2008e\/#primaryimage","url":"https:\/\/carland-solutions.pt\/wp-content\/uploads\/2025\/01\/25-03-24-Peugeot-2008E10.jpg","contentUrl":"https:\/\/carland-solutions.pt\/wp-content\/uploads\/2025\/01\/25-03-24-Peugeot-2008E10.jpg","width":1350,"height":1688},{"@type":"BreadcrumbList","@id":"https:\/\/carland-solutions.pt\/pt-pt\/product\/peugeot-2008e\/#breadcrumb","itemListElement":[{"@type":"ListItem","position":1,"name":"Home","item":"https:\/\/carland-solutions.pt\/pt-pt\/"},{"@type":"ListItem","position":2,"name":"Refund and Returns Policy","item":"https:\/\/carland-solutions.pt\/?page_id=17"},{"@type":"ListItem","position":3,"name":"Peugeot 2008E"}]},{"@type":"WebSite","@id":"https:\/\/carland-solutions.pt\/pt-pt\/#website","url":"https:\/\/carland-solutions.pt\/pt-pt\/","name":"Carland Solutions","description":"","publisher":{"@id":"https:\/\/carland-solutions.pt\/pt-pt\/#organization"},"potentialAction":[{"@type":"SearchAction","target":{"@type":"EntryPoint","urlTemplate":"https:\/\/carland-solutions.pt\/pt-pt\/?s={search_term_string}"},"query-input":{"@type":"PropertyValueSpecification","valueRequired":true,"valueName":"search_term_string"}}],"inLanguage":"pt-PT"},{"@type":"Organization","@id":"https:\/\/carland-solutions.pt\/pt-pt\/#organization","name":"Carland Solutions","url":"https:\/\/carland-solutions.pt\/pt-pt\/","logo":{"@type":"ImageObject","inLanguage":"pt-PT","@id":"https:\/\/carland-solutions.pt\/pt-pt\/#\/schema\/logo\/image\/","url":"https:\/\/carland-solutions.pt\/wp-content\/uploads\/2025\/01\/Carland-Solutions-WBG-900x400-11.jpg","contentUrl":"https:\/\/carland-solutions.pt\/wp-content\/uploads\/2025\/01\/Carland-Solutions-WBG-900x400-11.jpg","width":900,"height":400,"caption":"Carland Solutions"},"image":{"@id":"https:\/\/carland-solutions.pt\/pt-pt\/#\/schema\/logo\/image\/"},"sameAs":["https:\/\/www.facebook.com\/carlandsolutions","https:\/\/www.instagram.com\/carlandsolutions\/"]}]}},"_links":{"self":[{"href":"https:\/\/carland-solutions.pt\/pt-pt\/wp-json\/wp\/v2\/product\/3821","targetHints":{"allow":["GET"]}}],"collection":[{"href":"https:\/\/carland-solutions.pt\/pt-pt\/wp-json\/wp\/v2\/product"}],"about":[{"href":"https:\/\/carland-solutions.pt\/pt-pt\/wp-json\/wp\/v2\/types\/product"}],"wp:featuredmedia":[{"embeddable":true,"href":"https:\/\/carland-solutions.pt\/pt-pt\/wp-json\/wp\/v2\/media\/1520"}],"wp:attachment":[{"href":"https:\/\/carland-solutions.pt\/pt-pt\/wp-json\/wp\/v2\/media?parent=3821"}],"wp:term":[{"taxonomy":"product_brand","embeddable":true,"href":"https:\/\/carland-solutions.pt\/pt-pt\/wp-json\/wp\/v2\/product_brand?post=3821"},{"taxonomy":"product_cat","embeddable":true,"href":"https:\/\/carland-solutions.pt\/pt-pt\/wp-json\/wp\/v2\/product_cat?post=3821"},{"taxonomy":"product_tag","embeddable":true,"href":"https:\/\/carland-solutions.pt\/pt-pt\/wp-json\/wp\/v2\/product_tag?post=3821"}],"curies":[{"name":"wp","href":"https:\/\/api.w.org\/{rel}","templated":true}]}}