{"id":3748,"date":"2025-02-10T10:26:58","date_gmt":"2025-02-10T10:26:58","guid":{"rendered":"https:\/\/carland-solutions.pt\/product\/jeep-cherokee\/"},"modified":"2025-10-08T18:25:49","modified_gmt":"2025-10-08T17:25:49","slug":"jeep-cherokee","status":"publish","type":"product","link":"https:\/\/carland-solutions.pt\/pt-pt\/product\/jeep-cherokee\/","title":{"rendered":"Jeep Cherokee"},"content":{"rendered":"<div class=\"wpb-content-wrapper\"><p>[vc_row gap=&#8221;35&#8243; equal_height=&#8221;yes&#8221; content_placement=&#8221;top&#8221;][vc_column][vc_column_text css=&#8221;&#8221;]Jeep Cherokee[\/vc_column_text][vc_column_text css=&#8221;&#8221;]<strong>Jeep Cherokee Poderoso, elegante e pronto para qualquer aventura<\/strong><br \/>\nO Jeep Cherokee 2016 combina o car\u00e1cter aventureiro da marca com um n\u00edvel excecional de conforto e tecnologia. Com um motor potente e eficiente, proporciona um desempenho impressionante, tanto em estrada como fora dela, sem comprometer a economia. O interior espa\u00e7oso e requintado, com materiais de alta qualidade e sistemas avan\u00e7ados de assist\u00eancia \u00e0 condu\u00e7\u00e3o, garante uma experi\u00eancia de condu\u00e7\u00e3o descontra\u00edda e segura. Quer conduzas pela cidade ou em terrenos acidentados, o Cherokee 2016 oferece o equil\u00edbrio perfeito entre eleg\u00e2ncia, pot\u00eancia e versatilidade[\/vc_column_text][\/vc_column][\/vc_row][vc_row gap=&#8221;35&#8243; equal_height=&#8221;yes&#8221; content_placement=&#8221;top&#8221;][vc_column width=&#8221;1\/2&#8243;][vc_column_text css=&#8221;&#8221;]\u00c1UDIO E MULTIM\u00c9DIA<br \/>\n-Bluetooth<br \/>\n-Sistema m\u00e3os livres<br \/>\n-Porta USB<br \/>\n-Sistema de navega\u00e7\u00e3o<br \/>\n-Sistema de \u00e1udio<br \/>\n-Ecr\u00e3 t\u00e1til<br \/>\nCONFORTO E EQUIPAMENTO<br \/>\n-Ar condicionado autom\u00e1tico de zona dupla<br \/>\n-Estofos em pele<br \/>\n-Banco do condutor com regula\u00e7\u00e3o el\u00e9ctrica<br \/>\n-Apoio lombar el\u00e9trico para o banco do condutor<br \/>\n-Apoio de bra\u00e7os \u00e0 frente<br \/>\n-Apoio de bra\u00e7os na retaguarda<br \/>\n-Volante em pele<br \/>\n-Controlo do r\u00e1dio no volante<br \/>\n-Volante multifun\u00e7\u00f5es<br \/>\n-Alavanca de velocidades em pele<br \/>\n-Sensor traseiro<br \/>\n-Vidros el\u00e9ctricos dianteiros<br \/>\n-Vidros traseiros el\u00e9ctricos<br \/>\n-Vidros traseiros de getinte<br \/>\nEletr\u00f3nica e auxiliares de condu\u00e7\u00e3o<br \/>\n-Controlo de cruzeiro<br \/>\n-Far\u00f3is de bi-x\u00e9non<br \/>\n-Sensor de estacionamento traseiro<br \/>\n-Controlo de tra\u00e7\u00e3o<br \/>\n-Hill Holder<br \/>\n-Ativa\u00e7\u00e3o autom\u00e1tica da motobomba<br \/>\n-Limpadores de far\u00f3is<br \/>\n-Far\u00f3is direcionais<br \/>\n-Luzes de circula\u00e7\u00e3o diurna LED<br \/>\n-L\u00e2mpadas de nevoeiro<br \/>\n-Sistema de arranque\/paragem<br \/>\n-Trav\u00e3o de m\u00e3o el\u00e9trico<br \/>\nSEGURAN\u00c7A<br \/>\n-ABS<br \/>\n-Controlo de estabilidade (ESP)<br \/>\n-Distribui\u00e7\u00e3o eletr\u00f3nica da for\u00e7a de travagem<br \/>\n-Sistema eletr\u00f3nico de assist\u00eancia \u00e0 travagem<br \/>\n-Assistente de travagem ativo<br \/>\n-Airbag do condutor<br \/>\n-Airbag do passageiro<br \/>\n-Airbag para os joelhos do passageiro<br \/>\n-Airbags para a cabe\u00e7a do condutor e do passageiro<br \/>\n-Airbags laterais para o condutor e passageiro<br \/>\n-Airbags traseiros para a cabe\u00e7a<br \/>\n-ISOFIX<br \/>\n-Sistema de prote\u00e7\u00e3o contra capotamento[\/vc_column_text][\/vc_column][vc_column width=&#8221;1\/2&#8243;][vc_column_text css=&#8221;.vc_custom_1759939600442{padding-top: 25px !important;padding-right: 35px !important;padding-bottom: 25px !important;padding-left: 35px !important;background-color: #1c2e4a !important;border-radius: 10px !important;}&#8221;]<span style=\"color: #ffffff;\"><i class=\"fa-fw dt-icon-the7-misc-017\"><\/i><strong>  Compra o teu carro connosco e recebe um vale para ir de f\u00e9rias!<\/strong><\/span><\/p>\n<p><span style=\"color: #ffffff;\"><i class=\"fa-fw dt-icon-the7-misc-017\"><\/i><strong>  Entrega gratuita em Portugal<\/strong><\/span><\/p>\n<p><span style=\"color: #ffffff;\"><i class=\"fa-fw dt-icon-the7-misc-017\"><\/i><strong>  O pre\u00e7o inclui uma garantia de 18 meses com cobertura nacional, um ve\u00edculo de substitui\u00e7\u00e3o e assist\u00eancia em viagem 24 horas por dia<\/strong><\/span><\/p>\n<p><span style=\"color: #ffffff;\"><i class=\"fa-fw dt-icon-the7-misc-017\"><\/i><strong>  Possibilidade de financiamento<\/strong><\/span><\/p>\n<p><span style=\"color: #ffffff;\"><i class=\"fa-fw dt-icon-the7-misc-017\"><\/i><strong>  A troca do teu autom\u00f3vel atual \u00e9 poss\u00edvel mediante pedido<\/strong><\/span>[\/vc_column_text][\/vc_column][\/vc_row][vc_row][vc_column][vc_column_text css=&#8221;&#8221;]<\/p>\n<h2>Est\u00e1s interessado neste carro?<\/h2>\n<p>[\/vc_column_text][vc_column_text css=&#8221;&#8221;]Se estiveres interessado neste ou em qualquer outro dos nossos autom\u00f3veis usados, n\u00e3o hesites em contactar-nos atrav\u00e9s de <strong><br \/>\n  <a href=\"tel:+31641972793\">+31 6 419 727 93<\/a><br \/>\n<\/strong> ou <strong><br \/>\n  <a href=\"tel:+351960184708\">+351 960 184 708<\/a><br \/>\n<\/strong>.[\/vc_column_text][\/vc_column][\/vc_row]<\/p>\n<\/div>","protected":false},"excerpt":{"rendered":"<p>&#8211; Ano de fabrico: 2016<br \/>\n&#8211; Vers\u00e3o: 2.2 Multijet Active Drive I Auto Night Eagle<br \/>\n&#8211; Quilometragem: 291.000 km<br \/>\n&#8211; Cilindrada: 2.184 cm3<br \/>\n&#8211; Pot\u00eancia: 200 cv<br \/>\n&#8211; Bin\u00e1rio: 440 nm<br \/>\n&#8211; Consumo urbano: 5,7\/100 km<br \/>\n&#8211; Caixa de velocidades: autom\u00e1tica<br \/>\n&#8211; Combust\u00edvel: gas\u00f3leo<\/p>\n","protected":false},"featured_media":3643,"template":"","meta":[],"product_brand":[],"product_cat":[55],"product_tag":[],"class_list":{"0":"post-3748","1":"product","2":"type-product","3":"status-publish","4":"has-post-thumbnail","6":"product_cat-vendido","7":"description-off","9":"first","10":"outofstock","11":"shipping-taxable","12":"product-type-simple"},"yoast_head":"<!-- This site is optimized with the Yoast SEO plugin v27.5 - https:\/\/yoast.com\/product\/yoast-seo-wordpress\/ -->\n<title>Jeep Cherokee - Carland Solutions<\/title>\n<meta name=\"robots\" content=\"index, follow, max-snippet:-1, max-image-preview:large, max-video-preview:-1\" \/>\n<link rel=\"canonical\" href=\"https:\/\/carland-solutions.pt\/pt-pt\/product\/jeep-cherokee\/\" \/>\n<meta property=\"og:locale\" content=\"pt_PT\" \/>\n<meta property=\"og:type\" content=\"article\" \/>\n<meta property=\"og:title\" content=\"Jeep Cherokee - Carland Solutions\" \/>\n<meta property=\"og:description\" content=\"- Ano de fabrico: 2016 - Vers\u00e3o: 2.2 Multijet Active Drive I Auto Night Eagle - Quilometragem: 291.000 km - Cilindrada: 2.184 cm3 - Pot\u00eancia: 200 cv - Bin\u00e1rio: 440 nm - Consumo urbano: 5,7\/100 km - Caixa de velocidades: autom\u00e1tica - Combust\u00edvel: gas\u00f3leo\" \/>\n<meta property=\"og:url\" content=\"https:\/\/carland-solutions.pt\/pt-pt\/product\/jeep-cherokee\/\" \/>\n<meta property=\"og:site_name\" content=\"Carland Solutions\" \/>\n<meta property=\"article:publisher\" content=\"https:\/\/www.facebook.com\/carlandsolutions\" \/>\n<meta property=\"article:modified_time\" content=\"2025-10-08T17:25:49+00:00\" \/>\n<meta property=\"og:image\" content=\"https:\/\/carland-solutions.pt\/wp-content\/uploads\/2025\/10\/IMG_5559.jpg\" \/>\n\t<meta property=\"og:image:width\" content=\"1080\" \/>\n\t<meta property=\"og:image:height\" content=\"1920\" \/>\n\t<meta property=\"og:image:type\" content=\"image\/jpeg\" \/>\n<meta name=\"twitter:card\" content=\"summary_large_image\" \/>\n<meta name=\"twitter:label1\" content=\"Tempo estimado de leitura\" \/>\n\t<meta name=\"twitter:data1\" content=\"3 minutos\" \/>\n<script type=\"application\/ld+json\" class=\"yoast-schema-graph\">{\"@context\":\"https:\\\/\\\/schema.org\",\"@graph\":[{\"@type\":\"WebPage\",\"@id\":\"https:\\\/\\\/carland-solutions.pt\\\/pt-pt\\\/product\\\/jeep-cherokee\\\/\",\"url\":\"https:\\\/\\\/carland-solutions.pt\\\/pt-pt\\\/product\\\/jeep-cherokee\\\/\",\"name\":\"Jeep Cherokee - Carland Solutions\",\"isPartOf\":{\"@id\":\"https:\\\/\\\/carland-solutions.pt\\\/pt-pt\\\/#website\"},\"primaryImageOfPage\":{\"@id\":\"https:\\\/\\\/carland-solutions.pt\\\/pt-pt\\\/product\\\/jeep-cherokee\\\/#primaryimage\"},\"image\":{\"@id\":\"https:\\\/\\\/carland-solutions.pt\\\/pt-pt\\\/product\\\/jeep-cherokee\\\/#primaryimage\"},\"thumbnailUrl\":\"https:\\\/\\\/carland-solutions.pt\\\/wp-content\\\/uploads\\\/2025\\\/10\\\/IMG_5559.jpg\",\"datePublished\":\"2025-02-10T10:26:58+00:00\",\"dateModified\":\"2025-10-08T17:25:49+00:00\",\"breadcrumb\":{\"@id\":\"https:\\\/\\\/carland-solutions.pt\\\/pt-pt\\\/product\\\/jeep-cherokee\\\/#breadcrumb\"},\"inLanguage\":\"pt-PT\",\"potentialAction\":[{\"@type\":\"ReadAction\",\"target\":[\"https:\\\/\\\/carland-solutions.pt\\\/pt-pt\\\/product\\\/jeep-cherokee\\\/\"]}]},{\"@type\":\"ImageObject\",\"inLanguage\":\"pt-PT\",\"@id\":\"https:\\\/\\\/carland-solutions.pt\\\/pt-pt\\\/product\\\/jeep-cherokee\\\/#primaryimage\",\"url\":\"https:\\\/\\\/carland-solutions.pt\\\/wp-content\\\/uploads\\\/2025\\\/10\\\/IMG_5559.jpg\",\"contentUrl\":\"https:\\\/\\\/carland-solutions.pt\\\/wp-content\\\/uploads\\\/2025\\\/10\\\/IMG_5559.jpg\",\"width\":1080,\"height\":1920},{\"@type\":\"BreadcrumbList\",\"@id\":\"https:\\\/\\\/carland-solutions.pt\\\/pt-pt\\\/product\\\/jeep-cherokee\\\/#breadcrumb\",\"itemListElement\":[{\"@type\":\"ListItem\",\"position\":1,\"name\":\"Home\",\"item\":\"https:\\\/\\\/carland-solutions.pt\\\/pt-pt\\\/\"},{\"@type\":\"ListItem\",\"position\":2,\"name\":\"Refund and Returns Policy\",\"item\":\"https:\\\/\\\/carland-solutions.pt\\\/?page_id=17\"},{\"@type\":\"ListItem\",\"position\":3,\"name\":\"Jeep Cherokee\"}]},{\"@type\":\"WebSite\",\"@id\":\"https:\\\/\\\/carland-solutions.pt\\\/pt-pt\\\/#website\",\"url\":\"https:\\\/\\\/carland-solutions.pt\\\/pt-pt\\\/\",\"name\":\"Carland Solutions\",\"description\":\"\",\"publisher\":{\"@id\":\"https:\\\/\\\/carland-solutions.pt\\\/pt-pt\\\/#organization\"},\"potentialAction\":[{\"@type\":\"SearchAction\",\"target\":{\"@type\":\"EntryPoint\",\"urlTemplate\":\"https:\\\/\\\/carland-solutions.pt\\\/pt-pt\\\/?s={search_term_string}\"},\"query-input\":{\"@type\":\"PropertyValueSpecification\",\"valueRequired\":true,\"valueName\":\"search_term_string\"}}],\"inLanguage\":\"pt-PT\"},{\"@type\":\"Organization\",\"@id\":\"https:\\\/\\\/carland-solutions.pt\\\/pt-pt\\\/#organization\",\"name\":\"Carland Solutions\",\"url\":\"https:\\\/\\\/carland-solutions.pt\\\/pt-pt\\\/\",\"logo\":{\"@type\":\"ImageObject\",\"inLanguage\":\"pt-PT\",\"@id\":\"https:\\\/\\\/carland-solutions.pt\\\/pt-pt\\\/#\\\/schema\\\/logo\\\/image\\\/\",\"url\":\"https:\\\/\\\/carland-solutions.pt\\\/wp-content\\\/uploads\\\/2025\\\/01\\\/Carland-Solutions-WBG-900x400-11.jpg\",\"contentUrl\":\"https:\\\/\\\/carland-solutions.pt\\\/wp-content\\\/uploads\\\/2025\\\/01\\\/Carland-Solutions-WBG-900x400-11.jpg\",\"width\":900,\"height\":400,\"caption\":\"Carland Solutions\"},\"image\":{\"@id\":\"https:\\\/\\\/carland-solutions.pt\\\/pt-pt\\\/#\\\/schema\\\/logo\\\/image\\\/\"},\"sameAs\":[\"https:\\\/\\\/www.facebook.com\\\/carlandsolutions\",\"https:\\\/\\\/www.instagram.com\\\/carlandsolutions\\\/\"]}]}<\/script>\n<!-- \/ Yoast SEO plugin. -->","yoast_head_json":{"title":"Jeep Cherokee - Carland Solutions","robots":{"index":"index","follow":"follow","max-snippet":"max-snippet:-1","max-image-preview":"max-image-preview:large","max-video-preview":"max-video-preview:-1"},"canonical":"https:\/\/carland-solutions.pt\/pt-pt\/product\/jeep-cherokee\/","og_locale":"pt_PT","og_type":"article","og_title":"Jeep Cherokee - Carland Solutions","og_description":"- Ano de fabrico: 2016 - Vers\u00e3o: 2.2 Multijet Active Drive I Auto Night Eagle - Quilometragem: 291.000 km - Cilindrada: 2.184 cm3 - Pot\u00eancia: 200 cv - Bin\u00e1rio: 440 nm - Consumo urbano: 5,7\/100 km - Caixa de velocidades: autom\u00e1tica - Combust\u00edvel: gas\u00f3leo","og_url":"https:\/\/carland-solutions.pt\/pt-pt\/product\/jeep-cherokee\/","og_site_name":"Carland Solutions","article_publisher":"https:\/\/www.facebook.com\/carlandsolutions","article_modified_time":"2025-10-08T17:25:49+00:00","og_image":[{"width":1080,"height":1920,"url":"https:\/\/carland-solutions.pt\/wp-content\/uploads\/2025\/10\/IMG_5559.jpg","type":"image\/jpeg"}],"twitter_card":"summary_large_image","twitter_misc":{"Tempo estimado de leitura":"3 minutos"},"schema":{"@context":"https:\/\/schema.org","@graph":[{"@type":"WebPage","@id":"https:\/\/carland-solutions.pt\/pt-pt\/product\/jeep-cherokee\/","url":"https:\/\/carland-solutions.pt\/pt-pt\/product\/jeep-cherokee\/","name":"Jeep Cherokee - Carland Solutions","isPartOf":{"@id":"https:\/\/carland-solutions.pt\/pt-pt\/#website"},"primaryImageOfPage":{"@id":"https:\/\/carland-solutions.pt\/pt-pt\/product\/jeep-cherokee\/#primaryimage"},"image":{"@id":"https:\/\/carland-solutions.pt\/pt-pt\/product\/jeep-cherokee\/#primaryimage"},"thumbnailUrl":"https:\/\/carland-solutions.pt\/wp-content\/uploads\/2025\/10\/IMG_5559.jpg","datePublished":"2025-02-10T10:26:58+00:00","dateModified":"2025-10-08T17:25:49+00:00","breadcrumb":{"@id":"https:\/\/carland-solutions.pt\/pt-pt\/product\/jeep-cherokee\/#breadcrumb"},"inLanguage":"pt-PT","potentialAction":[{"@type":"ReadAction","target":["https:\/\/carland-solutions.pt\/pt-pt\/product\/jeep-cherokee\/"]}]},{"@type":"ImageObject","inLanguage":"pt-PT","@id":"https:\/\/carland-solutions.pt\/pt-pt\/product\/jeep-cherokee\/#primaryimage","url":"https:\/\/carland-solutions.pt\/wp-content\/uploads\/2025\/10\/IMG_5559.jpg","contentUrl":"https:\/\/carland-solutions.pt\/wp-content\/uploads\/2025\/10\/IMG_5559.jpg","width":1080,"height":1920},{"@type":"BreadcrumbList","@id":"https:\/\/carland-solutions.pt\/pt-pt\/product\/jeep-cherokee\/#breadcrumb","itemListElement":[{"@type":"ListItem","position":1,"name":"Home","item":"https:\/\/carland-solutions.pt\/pt-pt\/"},{"@type":"ListItem","position":2,"name":"Refund and Returns Policy","item":"https:\/\/carland-solutions.pt\/?page_id=17"},{"@type":"ListItem","position":3,"name":"Jeep Cherokee"}]},{"@type":"WebSite","@id":"https:\/\/carland-solutions.pt\/pt-pt\/#website","url":"https:\/\/carland-solutions.pt\/pt-pt\/","name":"Carland Solutions","description":"","publisher":{"@id":"https:\/\/carland-solutions.pt\/pt-pt\/#organization"},"potentialAction":[{"@type":"SearchAction","target":{"@type":"EntryPoint","urlTemplate":"https:\/\/carland-solutions.pt\/pt-pt\/?s={search_term_string}"},"query-input":{"@type":"PropertyValueSpecification","valueRequired":true,"valueName":"search_term_string"}}],"inLanguage":"pt-PT"},{"@type":"Organization","@id":"https:\/\/carland-solutions.pt\/pt-pt\/#organization","name":"Carland Solutions","url":"https:\/\/carland-solutions.pt\/pt-pt\/","logo":{"@type":"ImageObject","inLanguage":"pt-PT","@id":"https:\/\/carland-solutions.pt\/pt-pt\/#\/schema\/logo\/image\/","url":"https:\/\/carland-solutions.pt\/wp-content\/uploads\/2025\/01\/Carland-Solutions-WBG-900x400-11.jpg","contentUrl":"https:\/\/carland-solutions.pt\/wp-content\/uploads\/2025\/01\/Carland-Solutions-WBG-900x400-11.jpg","width":900,"height":400,"caption":"Carland Solutions"},"image":{"@id":"https:\/\/carland-solutions.pt\/pt-pt\/#\/schema\/logo\/image\/"},"sameAs":["https:\/\/www.facebook.com\/carlandsolutions","https:\/\/www.instagram.com\/carlandsolutions\/"]}]}},"_links":{"self":[{"href":"https:\/\/carland-solutions.pt\/pt-pt\/wp-json\/wp\/v2\/product\/3748","targetHints":{"allow":["GET"]}}],"collection":[{"href":"https:\/\/carland-solutions.pt\/pt-pt\/wp-json\/wp\/v2\/product"}],"about":[{"href":"https:\/\/carland-solutions.pt\/pt-pt\/wp-json\/wp\/v2\/types\/product"}],"wp:featuredmedia":[{"embeddable":true,"href":"https:\/\/carland-solutions.pt\/pt-pt\/wp-json\/wp\/v2\/media\/3643"}],"wp:attachment":[{"href":"https:\/\/carland-solutions.pt\/pt-pt\/wp-json\/wp\/v2\/media?parent=3748"}],"wp:term":[{"taxonomy":"product_brand","embeddable":true,"href":"https:\/\/carland-solutions.pt\/pt-pt\/wp-json\/wp\/v2\/product_brand?post=3748"},{"taxonomy":"product_cat","embeddable":true,"href":"https:\/\/carland-solutions.pt\/pt-pt\/wp-json\/wp\/v2\/product_cat?post=3748"},{"taxonomy":"product_tag","embeddable":true,"href":"https:\/\/carland-solutions.pt\/pt-pt\/wp-json\/wp\/v2\/product_tag?post=3748"}],"curies":[{"name":"wp","href":"https:\/\/api.w.org\/{rel}","templated":true}]}}