{"id":3201,"date":"2025-02-10T10:22:39","date_gmt":"2025-02-10T10:22:39","guid":{"rendered":"https:\/\/carland-solutions.pt\/product\/mercedes-benz-c-300-e\/"},"modified":"2025-10-09T09:53:03","modified_gmt":"2025-10-09T08:53:03","slug":"mercedes-benz-c-300-e","status":"publish","type":"product","link":"https:\/\/carland-solutions.pt\/pt-pt\/product\/mercedes-benz-c-300-e\/","title":{"rendered":"Mercedes-Benz C 300 e"},"content":{"rendered":"<div class=\"wpb-content-wrapper\"><p>[vc_row gap=&#8221;35&#8243; equal_height=&#8221;yes&#8221; content_placement=&#8221;top&#8221;][vc_column][vc_column_text css=&#8221;&#8221;]<strong>Mercedes-Benz C 300 e  <\/strong>[\/vc_column_text][vc_column_text css=&#8221;&#8221;]Combinando o luxo intemporal com a moderna tecnologia h\u00edbrida plug-in, o Mercedes-Benz C 300 e oferece-te uma experi\u00eancia de condu\u00e7\u00e3o din\u00e2mica e sustent\u00e1vel. Gra\u00e7as \u00e0 combina\u00e7\u00e3o de um potente motor a gasolina e um eficiente motor el\u00e9trico, desfruta de um desempenho impressionante, bem como de um baixo consumo, ideal tanto para a condu\u00e7\u00e3o na cidade como para viagens longas. O interior exala conforto e classe, com materiais de alta qualidade e um sistema de infoentretenimento avan\u00e7ado. Quer opte por uma condu\u00e7\u00e3o descontra\u00edda ou desportiva, o C 300 e proporciona um desempenho de topo em todas as situa\u00e7\u00f5es com um acabamento refinado que esperaria da Mercedes[\/vc_column_text][\/vc_column][\/vc_row][vc_row gap=&#8221;35&#8243; equal_height=&#8221;yes&#8221; content_placement=&#8221;top&#8221;][vc_column width=&#8221;1\/2&#8243;][vc_column_text css=&#8221;&#8221;]<strong>\u00c1UDIO E MULTIM\u00c9DIA<\/strong><\/p>\n<ul>\n<li>Android Auto<\/li>\n<li>Bluetooth<\/li>\n<li>R\u00e1dio BURMESTER<\/li>\n<li>Sistema m\u00e3os-livres<\/li>\n<li>Porta USB<\/li>\n<li>Sistema de navega\u00e7\u00e3o<\/li>\n<li>Ecr\u00e3 t\u00e1til<\/li>\n<li>Controlo por voz das fun\u00e7\u00f5es do ve\u00edculo<\/li>\n<\/ul>\n<p>&nbsp;<\/p>\n<p>&nbsp;<\/p>\n<p>&nbsp;<\/p>\n<p><strong>CONFORTO E EQUIPAMENTO<\/strong><\/p>\n<ul>\n<li>Ar condicionado autom\u00e1tico<\/li>\n<li>Banco do condutor aquecido e com regula\u00e7\u00e3o el\u00e9ctrica<\/li>\n<li>Banco do passageiro com aquecimento e regula\u00e7\u00e3o el\u00e9ctrica<\/li>\n<li>Bancos desportivos dianteiros<\/li>\n<li>Apoios de bra\u00e7os dianteiros e traseiros<\/li>\n<li>Volante desportivo em pele<\/li>\n<li>Comandos do r\u00e1dio no volante<\/li>\n<li>Volante com patilhas de mudan\u00e7a de velocidades<\/li>\n<li>Ar condicionado autom\u00e1tico<\/li>\n<li>Sensor de chuva<\/li>\n<li>Desembaciador do para-brisas<\/li>\n<li>Vidros el\u00e9ctricos \u00e0 frente e atr\u00e1s<\/li>\n<li>Vidros traseiros fumados<\/li>\n<li>Eletr\u00f3nica e auxiliares de condu\u00e7\u00e3o<\/li>\n<li>Sensores de estacionamento \u00e0 frente e atr\u00e1s<\/li>\n<li>Ajuda ao estacionamento<\/li>\n<li>C\u00e2mara 360\u00ba e c\u00e2mara de marcha-atr\u00e1s<\/li>\n<li>Espelhos retrovisores exteriores com regula\u00e7\u00e3o el\u00e9ctrica<\/li>\n<li>Assistente de faixa de rodagem ativo<\/li>\n<li>Sistema de aviso de transposi\u00e7\u00e3o de faixa de rodagem<\/li>\n<li>Ren\u00fancia<\/li>\n<li>Controlo de tra\u00e7\u00e3o<\/li>\n<li>Controlo de descida de colina<\/li>\n<li>Indicadores din\u00e2micos<\/li>\n<li>Far\u00f3is com luz de curva<\/li>\n<li>Luzes de nevoeiro<\/li>\n<li>Luzes traseiras LED<\/li>\n<li>Ilumina\u00e7\u00e3o interior LED<\/li>\n<li>Sistema Start\/Stop<\/li>\n<li>Controlo da press\u00e3o dos pneus<\/li>\n<li>Trav\u00e3o de m\u00e3o el\u00e9trico<\/li>\n<li>Dire\u00e7\u00e3o assistida SAFETY<\/li>\n<li>ABS<\/li>\n<li>Sistema de controlo da estabilidade (ESP)<\/li>\n<li>Distribui\u00e7\u00e3o eletr\u00f3nica da for\u00e7a de travagem<\/li>\n<li>Sistema eletr\u00f3nico de assist\u00eancia \u00e0 travagem<\/li>\n<li>Assistente de travagem ativo<\/li>\n<li>Sistema de aviso de colis\u00e3o, pr\u00e9-colis\u00e3o e fadiga<\/li>\n<li>Airbag para o condutor e passageiro<\/li>\n<li>Airbag para os joelhos do condutor e do passageiro<\/li>\n<li>Airbags de cabe\u00e7a para o condutor e passageiro<\/li>\n<li>Airbag central para condutor e passageiro<\/li>\n<li>Airbags laterais para o condutor e passageiro<\/li>\n<li>Airbags de cortina traseiros<\/li>\n<li>ISOFIX<\/li>\n<li>\n<\/li>\n<\/ul>\n<p>[\/vc_column_text][\/vc_column][vc_column width=&#8221;1\/2&#8243;][vc_column_text css=&#8221;.vc_custom_1740045839023{padding-top: 25px !important;padding-right: 35px !important;padding-bottom: 25px !important;padding-left: 35px !important;background-color: #1c2e4a !important;border-radius: 10px !important;}&#8221;]<span style=\"color: #ffffff;\"><i class=\"fa-fw dt-icon-the7-misc-017\"><\/i><strong>  Compra o teu carro connosco e recebe um vale para ir de f\u00e9rias!<\/strong><\/span><\/p>\n<p><span style=\"color: #ffffff;\"><i class=\"fa-fw dt-icon-the7-misc-017\"><\/i><strong>  Entrega gratuita em Portugal<\/strong><\/span><\/p>\n<p><span style=\"color: #ffffff;\"><i class=\"fa-fw dt-icon-the7-misc-017\"><\/i><strong>  O pre\u00e7o inclui uma garantia de 18 meses com cobertura nacional, um ve\u00edculo de substitui\u00e7\u00e3o e assist\u00eancia em viagem 24 horas por dia<\/strong><\/span><\/p>\n<p><span style=\"color: #ffffff;\"><i class=\"fa-fw dt-icon-the7-misc-017\"><\/i><strong>  Aceitamos devolu\u00e7\u00f5es<\/strong><\/span><\/p>\n<p><span style=\"color: #ffffff;\"><i class=\"fa-fw dt-icon-the7-misc-017\"><\/i><strong>  Possibilidade de financiamento<\/strong><\/span>[\/vc_column_text][\/vc_column][\/vc_row][vc_row][vc_column][vc_column_text css=&#8221;&#8221;]<\/p>\n<h2>Est\u00e1s interessado neste carro?<\/h2>\n<p>[\/vc_column_text][vc_column_text css=&#8221;&#8221;]Se estiveres interessado neste ou em qualquer outro dos nossos autom\u00f3veis usados, n\u00e3o hesites em contactar-nos atrav\u00e9s de <strong><br \/>\n  <a href=\"tel:+31641972793\">+31 6 419 727 93<\/a><br \/>\n<\/strong> ou <strong><br \/>\n  <a href=\"tel:+351960184708\">+351 960 184 708<\/a><br \/>\n<\/strong>.[\/vc_column_text][\/vc_column][\/vc_row]<\/p>\n<\/div>","protected":false},"excerpt":{"rendered":"<ul>\n<li>Ano: 11-2020<\/li>\n<li>Vers\u00e3o: Linha C 300 e T 9G-Tronic AMG<\/li>\n<li>Quilometragem: 132.188 km<\/li>\n<li>Desloca\u00e7\u00e3o: 1.991 cm3<\/li>\n<li>Pot\u00eancia: 320 cv<\/li>\n<li>Bin\u00e1rio: 700 nm<\/li>\n<li>Consumo de combust\u00edvel na cidade: 3,6\/100 km<\/li>\n<li>Caixa de velocidades: autom\u00e1tica<\/li>\n<li>Combust\u00e3o: h\u00edbrida<\/li>\n<\/ul>\n<p>&nbsp;<\/p>\n<p>&nbsp;<\/p>\n","protected":false},"featured_media":3205,"template":"","meta":[],"product_brand":[],"product_cat":[55],"product_tag":[],"class_list":{"0":"post-3201","1":"product","2":"type-product","3":"status-publish","4":"has-post-thumbnail","6":"product_cat-vendido","7":"description-off","9":"first","10":"outofstock","11":"shipping-taxable","12":"product-type-simple"},"yoast_head":"<!-- This site is optimized with the Yoast SEO plugin v27.5 - https:\/\/yoast.com\/product\/yoast-seo-wordpress\/ -->\n<title>Mercedes-Benz C 300 e - Carland Solutions<\/title>\n<meta name=\"robots\" content=\"index, follow, max-snippet:-1, max-image-preview:large, max-video-preview:-1\" \/>\n<link rel=\"canonical\" href=\"https:\/\/carland-solutions.pt\/pt-pt\/product\/mercedes-benz-c-300-e\/\" \/>\n<meta property=\"og:locale\" content=\"pt_PT\" \/>\n<meta property=\"og:type\" content=\"article\" \/>\n<meta property=\"og:title\" content=\"Mercedes-Benz C 300 e - Carland Solutions\" \/>\n<meta property=\"og:description\" content=\"Ano: 11-2020  Vers\u00e3o: Linha C 300 e T 9G-Tronic AMG  Quilometragem: 132.188 km  Desloca\u00e7\u00e3o: 1.991 cm3  Pot\u00eancia: 320 cv  Bin\u00e1rio: 700 nm  Consumo de combust\u00edvel na cidade: 3,6\/100 km  Caixa de velocidades: autom\u00e1tica  Combust\u00e3o: h\u00edbrida &nbsp; &nbsp;\" \/>\n<meta property=\"og:url\" content=\"https:\/\/carland-solutions.pt\/pt-pt\/product\/mercedes-benz-c-300-e\/\" \/>\n<meta property=\"og:site_name\" content=\"Carland Solutions\" \/>\n<meta property=\"article:publisher\" content=\"https:\/\/www.facebook.com\/carlandsolutions\" \/>\n<meta property=\"article:modified_time\" content=\"2025-10-09T08:53:03+00:00\" \/>\n<meta property=\"og:image\" content=\"https:\/\/carland-solutions.pt\/wp-content\/uploads\/2025\/09\/IMG_4499.jpg\" \/>\n\t<meta property=\"og:image:width\" content=\"1080\" \/>\n\t<meta property=\"og:image:height\" content=\"1920\" \/>\n\t<meta property=\"og:image:type\" content=\"image\/jpeg\" \/>\n<meta name=\"twitter:card\" content=\"summary_large_image\" \/>\n<meta name=\"twitter:label1\" content=\"Tempo estimado de leitura\" \/>\n\t<meta name=\"twitter:data1\" content=\"3 minutos\" \/>\n<script type=\"application\/ld+json\" class=\"yoast-schema-graph\">{\"@context\":\"https:\\\/\\\/schema.org\",\"@graph\":[{\"@type\":\"WebPage\",\"@id\":\"https:\\\/\\\/carland-solutions.pt\\\/pt-pt\\\/product\\\/mercedes-benz-c-300-e\\\/\",\"url\":\"https:\\\/\\\/carland-solutions.pt\\\/pt-pt\\\/product\\\/mercedes-benz-c-300-e\\\/\",\"name\":\"Mercedes-Benz C 300 e - Carland Solutions\",\"isPartOf\":{\"@id\":\"https:\\\/\\\/carland-solutions.pt\\\/pt-pt\\\/#website\"},\"primaryImageOfPage\":{\"@id\":\"https:\\\/\\\/carland-solutions.pt\\\/pt-pt\\\/product\\\/mercedes-benz-c-300-e\\\/#primaryimage\"},\"image\":{\"@id\":\"https:\\\/\\\/carland-solutions.pt\\\/pt-pt\\\/product\\\/mercedes-benz-c-300-e\\\/#primaryimage\"},\"thumbnailUrl\":\"https:\\\/\\\/carland-solutions.pt\\\/wp-content\\\/uploads\\\/2025\\\/09\\\/IMG_4499.jpg\",\"datePublished\":\"2025-02-10T10:22:39+00:00\",\"dateModified\":\"2025-10-09T08:53:03+00:00\",\"breadcrumb\":{\"@id\":\"https:\\\/\\\/carland-solutions.pt\\\/pt-pt\\\/product\\\/mercedes-benz-c-300-e\\\/#breadcrumb\"},\"inLanguage\":\"pt-PT\",\"potentialAction\":[{\"@type\":\"ReadAction\",\"target\":[\"https:\\\/\\\/carland-solutions.pt\\\/pt-pt\\\/product\\\/mercedes-benz-c-300-e\\\/\"]}]},{\"@type\":\"ImageObject\",\"inLanguage\":\"pt-PT\",\"@id\":\"https:\\\/\\\/carland-solutions.pt\\\/pt-pt\\\/product\\\/mercedes-benz-c-300-e\\\/#primaryimage\",\"url\":\"https:\\\/\\\/carland-solutions.pt\\\/wp-content\\\/uploads\\\/2025\\\/09\\\/IMG_4499.jpg\",\"contentUrl\":\"https:\\\/\\\/carland-solutions.pt\\\/wp-content\\\/uploads\\\/2025\\\/09\\\/IMG_4499.jpg\",\"width\":1080,\"height\":1920},{\"@type\":\"BreadcrumbList\",\"@id\":\"https:\\\/\\\/carland-solutions.pt\\\/pt-pt\\\/product\\\/mercedes-benz-c-300-e\\\/#breadcrumb\",\"itemListElement\":[{\"@type\":\"ListItem\",\"position\":1,\"name\":\"Home\",\"item\":\"https:\\\/\\\/carland-solutions.pt\\\/pt-pt\\\/\"},{\"@type\":\"ListItem\",\"position\":2,\"name\":\"Refund and Returns Policy\",\"item\":\"https:\\\/\\\/carland-solutions.pt\\\/?page_id=17\"},{\"@type\":\"ListItem\",\"position\":3,\"name\":\"Mercedes-Benz C 300 e\"}]},{\"@type\":\"WebSite\",\"@id\":\"https:\\\/\\\/carland-solutions.pt\\\/pt-pt\\\/#website\",\"url\":\"https:\\\/\\\/carland-solutions.pt\\\/pt-pt\\\/\",\"name\":\"Carland Solutions\",\"description\":\"\",\"publisher\":{\"@id\":\"https:\\\/\\\/carland-solutions.pt\\\/pt-pt\\\/#organization\"},\"potentialAction\":[{\"@type\":\"SearchAction\",\"target\":{\"@type\":\"EntryPoint\",\"urlTemplate\":\"https:\\\/\\\/carland-solutions.pt\\\/pt-pt\\\/?s={search_term_string}\"},\"query-input\":{\"@type\":\"PropertyValueSpecification\",\"valueRequired\":true,\"valueName\":\"search_term_string\"}}],\"inLanguage\":\"pt-PT\"},{\"@type\":\"Organization\",\"@id\":\"https:\\\/\\\/carland-solutions.pt\\\/pt-pt\\\/#organization\",\"name\":\"Carland Solutions\",\"url\":\"https:\\\/\\\/carland-solutions.pt\\\/pt-pt\\\/\",\"logo\":{\"@type\":\"ImageObject\",\"inLanguage\":\"pt-PT\",\"@id\":\"https:\\\/\\\/carland-solutions.pt\\\/pt-pt\\\/#\\\/schema\\\/logo\\\/image\\\/\",\"url\":\"https:\\\/\\\/carland-solutions.pt\\\/wp-content\\\/uploads\\\/2025\\\/01\\\/Carland-Solutions-WBG-900x400-11.jpg\",\"contentUrl\":\"https:\\\/\\\/carland-solutions.pt\\\/wp-content\\\/uploads\\\/2025\\\/01\\\/Carland-Solutions-WBG-900x400-11.jpg\",\"width\":900,\"height\":400,\"caption\":\"Carland Solutions\"},\"image\":{\"@id\":\"https:\\\/\\\/carland-solutions.pt\\\/pt-pt\\\/#\\\/schema\\\/logo\\\/image\\\/\"},\"sameAs\":[\"https:\\\/\\\/www.facebook.com\\\/carlandsolutions\",\"https:\\\/\\\/www.instagram.com\\\/carlandsolutions\\\/\"]}]}<\/script>\n<!-- \/ Yoast SEO plugin. -->","yoast_head_json":{"title":"Mercedes-Benz C 300 e - Carland Solutions","robots":{"index":"index","follow":"follow","max-snippet":"max-snippet:-1","max-image-preview":"max-image-preview:large","max-video-preview":"max-video-preview:-1"},"canonical":"https:\/\/carland-solutions.pt\/pt-pt\/product\/mercedes-benz-c-300-e\/","og_locale":"pt_PT","og_type":"article","og_title":"Mercedes-Benz C 300 e - Carland Solutions","og_description":"Ano: 11-2020  Vers\u00e3o: Linha C 300 e T 9G-Tronic AMG  Quilometragem: 132.188 km  Desloca\u00e7\u00e3o: 1.991 cm3  Pot\u00eancia: 320 cv  Bin\u00e1rio: 700 nm  Consumo de combust\u00edvel na cidade: 3,6\/100 km  Caixa de velocidades: autom\u00e1tica  Combust\u00e3o: h\u00edbrida &nbsp; &nbsp;","og_url":"https:\/\/carland-solutions.pt\/pt-pt\/product\/mercedes-benz-c-300-e\/","og_site_name":"Carland Solutions","article_publisher":"https:\/\/www.facebook.com\/carlandsolutions","article_modified_time":"2025-10-09T08:53:03+00:00","og_image":[{"width":1080,"height":1920,"url":"https:\/\/carland-solutions.pt\/wp-content\/uploads\/2025\/09\/IMG_4499.jpg","type":"image\/jpeg"}],"twitter_card":"summary_large_image","twitter_misc":{"Tempo estimado de leitura":"3 minutos"},"schema":{"@context":"https:\/\/schema.org","@graph":[{"@type":"WebPage","@id":"https:\/\/carland-solutions.pt\/pt-pt\/product\/mercedes-benz-c-300-e\/","url":"https:\/\/carland-solutions.pt\/pt-pt\/product\/mercedes-benz-c-300-e\/","name":"Mercedes-Benz C 300 e - Carland Solutions","isPartOf":{"@id":"https:\/\/carland-solutions.pt\/pt-pt\/#website"},"primaryImageOfPage":{"@id":"https:\/\/carland-solutions.pt\/pt-pt\/product\/mercedes-benz-c-300-e\/#primaryimage"},"image":{"@id":"https:\/\/carland-solutions.pt\/pt-pt\/product\/mercedes-benz-c-300-e\/#primaryimage"},"thumbnailUrl":"https:\/\/carland-solutions.pt\/wp-content\/uploads\/2025\/09\/IMG_4499.jpg","datePublished":"2025-02-10T10:22:39+00:00","dateModified":"2025-10-09T08:53:03+00:00","breadcrumb":{"@id":"https:\/\/carland-solutions.pt\/pt-pt\/product\/mercedes-benz-c-300-e\/#breadcrumb"},"inLanguage":"pt-PT","potentialAction":[{"@type":"ReadAction","target":["https:\/\/carland-solutions.pt\/pt-pt\/product\/mercedes-benz-c-300-e\/"]}]},{"@type":"ImageObject","inLanguage":"pt-PT","@id":"https:\/\/carland-solutions.pt\/pt-pt\/product\/mercedes-benz-c-300-e\/#primaryimage","url":"https:\/\/carland-solutions.pt\/wp-content\/uploads\/2025\/09\/IMG_4499.jpg","contentUrl":"https:\/\/carland-solutions.pt\/wp-content\/uploads\/2025\/09\/IMG_4499.jpg","width":1080,"height":1920},{"@type":"BreadcrumbList","@id":"https:\/\/carland-solutions.pt\/pt-pt\/product\/mercedes-benz-c-300-e\/#breadcrumb","itemListElement":[{"@type":"ListItem","position":1,"name":"Home","item":"https:\/\/carland-solutions.pt\/pt-pt\/"},{"@type":"ListItem","position":2,"name":"Refund and Returns Policy","item":"https:\/\/carland-solutions.pt\/?page_id=17"},{"@type":"ListItem","position":3,"name":"Mercedes-Benz C 300 e"}]},{"@type":"WebSite","@id":"https:\/\/carland-solutions.pt\/pt-pt\/#website","url":"https:\/\/carland-solutions.pt\/pt-pt\/","name":"Carland Solutions","description":"","publisher":{"@id":"https:\/\/carland-solutions.pt\/pt-pt\/#organization"},"potentialAction":[{"@type":"SearchAction","target":{"@type":"EntryPoint","urlTemplate":"https:\/\/carland-solutions.pt\/pt-pt\/?s={search_term_string}"},"query-input":{"@type":"PropertyValueSpecification","valueRequired":true,"valueName":"search_term_string"}}],"inLanguage":"pt-PT"},{"@type":"Organization","@id":"https:\/\/carland-solutions.pt\/pt-pt\/#organization","name":"Carland Solutions","url":"https:\/\/carland-solutions.pt\/pt-pt\/","logo":{"@type":"ImageObject","inLanguage":"pt-PT","@id":"https:\/\/carland-solutions.pt\/pt-pt\/#\/schema\/logo\/image\/","url":"https:\/\/carland-solutions.pt\/wp-content\/uploads\/2025\/01\/Carland-Solutions-WBG-900x400-11.jpg","contentUrl":"https:\/\/carland-solutions.pt\/wp-content\/uploads\/2025\/01\/Carland-Solutions-WBG-900x400-11.jpg","width":900,"height":400,"caption":"Carland Solutions"},"image":{"@id":"https:\/\/carland-solutions.pt\/pt-pt\/#\/schema\/logo\/image\/"},"sameAs":["https:\/\/www.facebook.com\/carlandsolutions","https:\/\/www.instagram.com\/carlandsolutions\/"]}]}},"_links":{"self":[{"href":"https:\/\/carland-solutions.pt\/pt-pt\/wp-json\/wp\/v2\/product\/3201","targetHints":{"allow":["GET"]}}],"collection":[{"href":"https:\/\/carland-solutions.pt\/pt-pt\/wp-json\/wp\/v2\/product"}],"about":[{"href":"https:\/\/carland-solutions.pt\/pt-pt\/wp-json\/wp\/v2\/types\/product"}],"wp:featuredmedia":[{"embeddable":true,"href":"https:\/\/carland-solutions.pt\/pt-pt\/wp-json\/wp\/v2\/media\/3205"}],"wp:attachment":[{"href":"https:\/\/carland-solutions.pt\/pt-pt\/wp-json\/wp\/v2\/media?parent=3201"}],"wp:term":[{"taxonomy":"product_brand","embeddable":true,"href":"https:\/\/carland-solutions.pt\/pt-pt\/wp-json\/wp\/v2\/product_brand?post=3201"},{"taxonomy":"product_cat","embeddable":true,"href":"https:\/\/carland-solutions.pt\/pt-pt\/wp-json\/wp\/v2\/product_cat?post=3201"},{"taxonomy":"product_tag","embeddable":true,"href":"https:\/\/carland-solutions.pt\/pt-pt\/wp-json\/wp\/v2\/product_tag?post=3201"}],"curies":[{"name":"wp","href":"https:\/\/api.w.org\/{rel}","templated":true}]}}