{"id":2213,"date":"2025-02-13T10:41:09","date_gmt":"2025-02-13T10:41:09","guid":{"rendered":"https:\/\/carland-solutions.pt\/product\/renault-kangoo-formula-edition\/"},"modified":"2025-10-31T16:18:52","modified_gmt":"2025-10-31T16:18:52","slug":"renault-kangoo-formula-edition","status":"publish","type":"product","link":"https:\/\/carland-solutions.pt\/pt-pt\/product\/renault-kangoo-formula-edition\/","title":{"rendered":"Renault Kangoo Formula Edition"},"content":{"rendered":"<div class=\"wpb-content-wrapper\"><p>[vc_row gap=&#8221;35&#8243; equal_height=&#8221;yes&#8221; content_placement=&#8221;top&#8221;][vc_column][vc_column_text css=&#8221;&#8221;]Renault Kangoo Formula Edition[\/vc_column_text][vc_column_text css=&#8221;&#8221;]<\/p>\n<h3 data-start=\"115\" data-end=\"202\"><strong data-start=\"119\" data-end=\"202\">Renault Kangoo Formula Edition 2017 &#8211; Desportivo, vers\u00e1til e surpreendentemente econ\u00f3mico<\/strong><\/h3>\n<p data-start=\"204\" data-end=\"486\">Ervaar de perfecte mix van sportiviteit en functionaliteit met de <strong data-start=\"270\" data-end=\"309\">Renault Kangoo Formula Edition 2017<\/strong>. Ge\u00efnspireerd op de Formule 1, valt deze speciale editie op door zijn stoere design, exclusieve details en dynamisch rijgedrag \u2013 zonder in te leveren op comfort of effici\u00ebntie.<\/p>\n<p data-start=\"488\" data-end=\"904\">No interior, o Kangoo oferece um interior espa\u00e7oso e flex\u00edvel, ideal tanto para profissionais como para fam\u00edlias activas. O econ\u00f3mico motor diesel proporciona um desempenho potente com baixo consumo de combust\u00edvel, tornando cada viagem agrad\u00e1vel e econ\u00f3mica. O acabamento exclusivo Formula Edition &#8211; com detalhes em preto brilhante, jantes especiais e pormenores em amarelo desportivo &#8211; confere ao autom\u00f3vel um aspeto distinto e contempor\u00e2neo.  <\/p>\n<p data-start=\"906\" data-end=\"1067\">Quer procures um parceiro de trabalho fi\u00e1vel ou um companheiro vers\u00e1til para a tua vida di\u00e1ria, o Kangoo Formula Edition 2017 est\u00e1 pronto para te acompanhar<\/p>\n<p>[\/vc_column_text][\/vc_column][\/vc_row][vc_row gap=&#8221;35&#8243; equal_height=&#8221;yes&#8221; content_placement=&#8221;top&#8221;][vc_column width=&#8221;1\/2&#8243;][vc_column_text css=&#8221;&#8221;]\u00c1UDIO E MULTIM\u00c9DIA-Bluetooth-R\u00e1dio-Teclado t\u00e1til<\/p>\n<p>CONFORTO E EQUIPAMENTO-Ar condicionado manual-Tecido Alcantara-Apoio de bra\u00e7os \u00e0 frente-Comandos de r\u00e1dio no volante-Vidros dianteiros el\u00e9ctricos<\/p>\n<p>-Eletr\u00f3nica e assist\u00eancia \u00e0 condu\u00e7\u00e3o<br \/>\n-Controlo de cruzeiro<br \/>\n-Sensor de estacionamento traseiro<br \/>\n-Limitador de velocidade<br \/>\n-Controlo de tra\u00e7\u00e3o<br \/>\n-Suporte de altura<br \/>\n-Dire\u00e7\u00e3o<\/p>\n<p>SEGURAN\u00c7A-ABS-Controlo de estabilidade (ESP)-Distribui\u00e7\u00e3o eletr\u00f3nica dos trav\u00f5es-Assist\u00eancia eletr\u00f3nica aos trav\u00f5es-Airbag do condutor-Airbag do passageiro-Airbags de cabe\u00e7a do condutor e do passageiro-ISOFIX[\/vc_column_text][\/vc_column][vc_column width=&#8221;1\/2&#8243;][vc_column_text css=&#8221;.vc_custom_1759939632701{padding-top: 25px !important;padding-right: 35px !important;padding-bottom: 25px !important;padding-left: 35px !important;background-color: #1c2e4a !important;border-radius: 10px !important;}&#8221;]<span style=\"color: #ffffff;\"><i class=\"fa-fw dt-icon-the7-misc-017\"><\/i><strong>  Compra o teu carro connosco e recebe um vale para ir de f\u00e9rias!<\/strong><\/span><\/p>\n<p><span style=\"color: #ffffff;\"><i class=\"fa-fw dt-icon-the7-misc-017\"><\/i><strong>  Entrega gratuita em Portugal<\/strong><\/span><\/p>\n<p><span style=\"color: #ffffff;\"><i class=\"fa-fw dt-icon-the7-misc-017\"><\/i><strong>  O pre\u00e7o inclui uma garantia de 18 meses com cobertura nacional, um ve\u00edculo de substitui\u00e7\u00e3o e assist\u00eancia em viagem 24 horas por dia<\/strong><\/span><\/p>\n<p><span style=\"color: #ffffff;\"><i class=\"fa-fw dt-icon-the7-misc-017\"><\/i><strong>  Possibilidade de financiamento<\/strong><\/span><\/p>\n<p><span style=\"color: #ffffff;\"><i class=\"fa-fw dt-icon-the7-misc-017\"><\/i><strong>  A troca do teu autom\u00f3vel atual \u00e9 poss\u00edvel mediante pedido<\/strong><\/span>[\/vc_column_text][\/vc_column][\/vc_row][vc_row][vc_column][vc_column_text css=&#8221;&#8221;]<\/p>\n<h2>Est\u00e1s interessado neste carro?<\/h2>\n<p>[\/vc_column_text][vc_column_text css=&#8221;&#8221;]Se estiveres interessado neste ou em qualquer outro dos nossos autom\u00f3veis usados, n\u00e3o hesites em contactar-nos atrav\u00e9s de <strong><a href=\"tel:+31641972793\">+31 6 419 727 93<\/a><\/strong> ou <strong><a href=\"tel:+351960184708\">+351 960 184 708<\/a><\/strong>.[\/vc_column_text][\/vc_column][\/vc_row]<\/p>\n<\/div>","protected":false},"excerpt":{"rendered":"<p>&#8211; Ano: 10-2017<br \/>\n&#8211; Vers\u00e3o: 1.5 dCi Formula Edition<br \/>\n&#8211; Quilometragem: 116 088 km<br \/>\n&#8211; Cilindrada: 1 461 cm3<br \/>\n&#8211; Pot\u00eancia: 90 cv<br \/>\n&#8211; Bin\u00e1rio: 240 nm<br \/>\n&#8211; Consumo urbano: 4,3\/100 km<br \/>\n&#8211; Caixa de velocidades: Autom\u00e1tica<br \/>\n&#8211; Combust\u00edvel: Diesel<\/p>\n","protected":false},"featured_media":2205,"template":"","meta":[],"product_brand":[],"product_cat":[48,55],"product_tag":[],"class_list":{"0":"post-2213","1":"product","2":"type-product","3":"status-publish","4":"has-post-thumbnail","6":"product_cat-te-koop-pt-pt","7":"product_cat-vendido","8":"description-off","10":"first","11":"outofstock","12":"shipping-taxable","13":"product-type-simple"},"yoast_head":"<!-- This site is optimized with the Yoast SEO plugin v27.5 - https:\/\/yoast.com\/product\/yoast-seo-wordpress\/ -->\n<title>Renault Kangoo Formula Edition - Carland Solutions<\/title>\n<meta name=\"robots\" content=\"index, follow, max-snippet:-1, max-image-preview:large, max-video-preview:-1\" \/>\n<link rel=\"canonical\" href=\"https:\/\/carland-solutions.pt\/pt-pt\/product\/renault-kangoo-formula-edition\/\" \/>\n<meta property=\"og:locale\" content=\"pt_PT\" \/>\n<meta property=\"og:type\" content=\"article\" \/>\n<meta property=\"og:title\" content=\"Renault Kangoo Formula Edition - Carland Solutions\" \/>\n<meta property=\"og:description\" content=\"- Ano: 10-2017 - Vers\u00e3o: 1.5 dCi Formula Edition - Quilometragem: 116 088 km - Cilindrada: 1 461 cm3 - Pot\u00eancia: 90 cv - Bin\u00e1rio: 240 nm - Consumo urbano: 4,3\/100 km - Caixa de velocidades: Autom\u00e1tica - Combust\u00edvel: Diesel\" \/>\n<meta property=\"og:url\" content=\"https:\/\/carland-solutions.pt\/pt-pt\/product\/renault-kangoo-formula-edition\/\" \/>\n<meta property=\"og:site_name\" content=\"Carland Solutions\" \/>\n<meta property=\"article:publisher\" content=\"https:\/\/www.facebook.com\/carlandsolutions\" \/>\n<meta property=\"article:modified_time\" content=\"2025-10-31T16:18:52+00:00\" \/>\n<meta property=\"og:image\" content=\"https:\/\/carland-solutions.pt\/wp-content\/uploads\/2025\/07\/Renault-Kango-8-2.jpg\" \/>\n\t<meta property=\"og:image:width\" content=\"759\" \/>\n\t<meta property=\"og:image:height\" content=\"1350\" \/>\n\t<meta property=\"og:image:type\" content=\"image\/jpeg\" \/>\n<meta name=\"twitter:card\" content=\"summary_large_image\" \/>\n<meta name=\"twitter:label1\" content=\"Tempo estimado de leitura\" \/>\n\t<meta name=\"twitter:data1\" content=\"2 minutos\" \/>\n<script type=\"application\/ld+json\" class=\"yoast-schema-graph\">{\"@context\":\"https:\\\/\\\/schema.org\",\"@graph\":[{\"@type\":\"WebPage\",\"@id\":\"https:\\\/\\\/carland-solutions.pt\\\/pt-pt\\\/product\\\/renault-kangoo-formula-edition\\\/\",\"url\":\"https:\\\/\\\/carland-solutions.pt\\\/pt-pt\\\/product\\\/renault-kangoo-formula-edition\\\/\",\"name\":\"Renault Kangoo Formula Edition - Carland Solutions\",\"isPartOf\":{\"@id\":\"https:\\\/\\\/carland-solutions.pt\\\/pt-pt\\\/#website\"},\"primaryImageOfPage\":{\"@id\":\"https:\\\/\\\/carland-solutions.pt\\\/pt-pt\\\/product\\\/renault-kangoo-formula-edition\\\/#primaryimage\"},\"image\":{\"@id\":\"https:\\\/\\\/carland-solutions.pt\\\/pt-pt\\\/product\\\/renault-kangoo-formula-edition\\\/#primaryimage\"},\"thumbnailUrl\":\"https:\\\/\\\/carland-solutions.pt\\\/wp-content\\\/uploads\\\/2025\\\/07\\\/Renault-Kango-8-2.jpg\",\"datePublished\":\"2025-02-13T10:41:09+00:00\",\"dateModified\":\"2025-10-31T16:18:52+00:00\",\"breadcrumb\":{\"@id\":\"https:\\\/\\\/carland-solutions.pt\\\/pt-pt\\\/product\\\/renault-kangoo-formula-edition\\\/#breadcrumb\"},\"inLanguage\":\"pt-PT\",\"potentialAction\":[{\"@type\":\"ReadAction\",\"target\":[\"https:\\\/\\\/carland-solutions.pt\\\/pt-pt\\\/product\\\/renault-kangoo-formula-edition\\\/\"]}]},{\"@type\":\"ImageObject\",\"inLanguage\":\"pt-PT\",\"@id\":\"https:\\\/\\\/carland-solutions.pt\\\/pt-pt\\\/product\\\/renault-kangoo-formula-edition\\\/#primaryimage\",\"url\":\"https:\\\/\\\/carland-solutions.pt\\\/wp-content\\\/uploads\\\/2025\\\/07\\\/Renault-Kango-8-2.jpg\",\"contentUrl\":\"https:\\\/\\\/carland-solutions.pt\\\/wp-content\\\/uploads\\\/2025\\\/07\\\/Renault-Kango-8-2.jpg\",\"width\":759,\"height\":1350},{\"@type\":\"BreadcrumbList\",\"@id\":\"https:\\\/\\\/carland-solutions.pt\\\/pt-pt\\\/product\\\/renault-kangoo-formula-edition\\\/#breadcrumb\",\"itemListElement\":[{\"@type\":\"ListItem\",\"position\":1,\"name\":\"Home\",\"item\":\"https:\\\/\\\/carland-solutions.pt\\\/pt-pt\\\/\"},{\"@type\":\"ListItem\",\"position\":2,\"name\":\"Refund and Returns Policy\",\"item\":\"https:\\\/\\\/carland-solutions.pt\\\/?page_id=17\"},{\"@type\":\"ListItem\",\"position\":3,\"name\":\"Renault Kangoo Formula Edition\"}]},{\"@type\":\"WebSite\",\"@id\":\"https:\\\/\\\/carland-solutions.pt\\\/pt-pt\\\/#website\",\"url\":\"https:\\\/\\\/carland-solutions.pt\\\/pt-pt\\\/\",\"name\":\"Carland Solutions\",\"description\":\"\",\"publisher\":{\"@id\":\"https:\\\/\\\/carland-solutions.pt\\\/pt-pt\\\/#organization\"},\"potentialAction\":[{\"@type\":\"SearchAction\",\"target\":{\"@type\":\"EntryPoint\",\"urlTemplate\":\"https:\\\/\\\/carland-solutions.pt\\\/pt-pt\\\/?s={search_term_string}\"},\"query-input\":{\"@type\":\"PropertyValueSpecification\",\"valueRequired\":true,\"valueName\":\"search_term_string\"}}],\"inLanguage\":\"pt-PT\"},{\"@type\":\"Organization\",\"@id\":\"https:\\\/\\\/carland-solutions.pt\\\/pt-pt\\\/#organization\",\"name\":\"Carland Solutions\",\"url\":\"https:\\\/\\\/carland-solutions.pt\\\/pt-pt\\\/\",\"logo\":{\"@type\":\"ImageObject\",\"inLanguage\":\"pt-PT\",\"@id\":\"https:\\\/\\\/carland-solutions.pt\\\/pt-pt\\\/#\\\/schema\\\/logo\\\/image\\\/\",\"url\":\"https:\\\/\\\/carland-solutions.pt\\\/wp-content\\\/uploads\\\/2025\\\/01\\\/Carland-Solutions-WBG-900x400-11.jpg\",\"contentUrl\":\"https:\\\/\\\/carland-solutions.pt\\\/wp-content\\\/uploads\\\/2025\\\/01\\\/Carland-Solutions-WBG-900x400-11.jpg\",\"width\":900,\"height\":400,\"caption\":\"Carland Solutions\"},\"image\":{\"@id\":\"https:\\\/\\\/carland-solutions.pt\\\/pt-pt\\\/#\\\/schema\\\/logo\\\/image\\\/\"},\"sameAs\":[\"https:\\\/\\\/www.facebook.com\\\/carlandsolutions\",\"https:\\\/\\\/www.instagram.com\\\/carlandsolutions\\\/\"]}]}<\/script>\n<!-- \/ Yoast SEO plugin. -->","yoast_head_json":{"title":"Renault Kangoo Formula Edition - Carland Solutions","robots":{"index":"index","follow":"follow","max-snippet":"max-snippet:-1","max-image-preview":"max-image-preview:large","max-video-preview":"max-video-preview:-1"},"canonical":"https:\/\/carland-solutions.pt\/pt-pt\/product\/renault-kangoo-formula-edition\/","og_locale":"pt_PT","og_type":"article","og_title":"Renault Kangoo Formula Edition - Carland Solutions","og_description":"- Ano: 10-2017 - Vers\u00e3o: 1.5 dCi Formula Edition - Quilometragem: 116 088 km - Cilindrada: 1 461 cm3 - Pot\u00eancia: 90 cv - Bin\u00e1rio: 240 nm - Consumo urbano: 4,3\/100 km - Caixa de velocidades: Autom\u00e1tica - Combust\u00edvel: Diesel","og_url":"https:\/\/carland-solutions.pt\/pt-pt\/product\/renault-kangoo-formula-edition\/","og_site_name":"Carland Solutions","article_publisher":"https:\/\/www.facebook.com\/carlandsolutions","article_modified_time":"2025-10-31T16:18:52+00:00","og_image":[{"width":759,"height":1350,"url":"https:\/\/carland-solutions.pt\/wp-content\/uploads\/2025\/07\/Renault-Kango-8-2.jpg","type":"image\/jpeg"}],"twitter_card":"summary_large_image","twitter_misc":{"Tempo estimado de leitura":"2 minutos"},"schema":{"@context":"https:\/\/schema.org","@graph":[{"@type":"WebPage","@id":"https:\/\/carland-solutions.pt\/pt-pt\/product\/renault-kangoo-formula-edition\/","url":"https:\/\/carland-solutions.pt\/pt-pt\/product\/renault-kangoo-formula-edition\/","name":"Renault Kangoo Formula Edition - Carland Solutions","isPartOf":{"@id":"https:\/\/carland-solutions.pt\/pt-pt\/#website"},"primaryImageOfPage":{"@id":"https:\/\/carland-solutions.pt\/pt-pt\/product\/renault-kangoo-formula-edition\/#primaryimage"},"image":{"@id":"https:\/\/carland-solutions.pt\/pt-pt\/product\/renault-kangoo-formula-edition\/#primaryimage"},"thumbnailUrl":"https:\/\/carland-solutions.pt\/wp-content\/uploads\/2025\/07\/Renault-Kango-8-2.jpg","datePublished":"2025-02-13T10:41:09+00:00","dateModified":"2025-10-31T16:18:52+00:00","breadcrumb":{"@id":"https:\/\/carland-solutions.pt\/pt-pt\/product\/renault-kangoo-formula-edition\/#breadcrumb"},"inLanguage":"pt-PT","potentialAction":[{"@type":"ReadAction","target":["https:\/\/carland-solutions.pt\/pt-pt\/product\/renault-kangoo-formula-edition\/"]}]},{"@type":"ImageObject","inLanguage":"pt-PT","@id":"https:\/\/carland-solutions.pt\/pt-pt\/product\/renault-kangoo-formula-edition\/#primaryimage","url":"https:\/\/carland-solutions.pt\/wp-content\/uploads\/2025\/07\/Renault-Kango-8-2.jpg","contentUrl":"https:\/\/carland-solutions.pt\/wp-content\/uploads\/2025\/07\/Renault-Kango-8-2.jpg","width":759,"height":1350},{"@type":"BreadcrumbList","@id":"https:\/\/carland-solutions.pt\/pt-pt\/product\/renault-kangoo-formula-edition\/#breadcrumb","itemListElement":[{"@type":"ListItem","position":1,"name":"Home","item":"https:\/\/carland-solutions.pt\/pt-pt\/"},{"@type":"ListItem","position":2,"name":"Refund and Returns Policy","item":"https:\/\/carland-solutions.pt\/?page_id=17"},{"@type":"ListItem","position":3,"name":"Renault Kangoo Formula Edition"}]},{"@type":"WebSite","@id":"https:\/\/carland-solutions.pt\/pt-pt\/#website","url":"https:\/\/carland-solutions.pt\/pt-pt\/","name":"Carland Solutions","description":"","publisher":{"@id":"https:\/\/carland-solutions.pt\/pt-pt\/#organization"},"potentialAction":[{"@type":"SearchAction","target":{"@type":"EntryPoint","urlTemplate":"https:\/\/carland-solutions.pt\/pt-pt\/?s={search_term_string}"},"query-input":{"@type":"PropertyValueSpecification","valueRequired":true,"valueName":"search_term_string"}}],"inLanguage":"pt-PT"},{"@type":"Organization","@id":"https:\/\/carland-solutions.pt\/pt-pt\/#organization","name":"Carland Solutions","url":"https:\/\/carland-solutions.pt\/pt-pt\/","logo":{"@type":"ImageObject","inLanguage":"pt-PT","@id":"https:\/\/carland-solutions.pt\/pt-pt\/#\/schema\/logo\/image\/","url":"https:\/\/carland-solutions.pt\/wp-content\/uploads\/2025\/01\/Carland-Solutions-WBG-900x400-11.jpg","contentUrl":"https:\/\/carland-solutions.pt\/wp-content\/uploads\/2025\/01\/Carland-Solutions-WBG-900x400-11.jpg","width":900,"height":400,"caption":"Carland Solutions"},"image":{"@id":"https:\/\/carland-solutions.pt\/pt-pt\/#\/schema\/logo\/image\/"},"sameAs":["https:\/\/www.facebook.com\/carlandsolutions","https:\/\/www.instagram.com\/carlandsolutions\/"]}]}},"_links":{"self":[{"href":"https:\/\/carland-solutions.pt\/pt-pt\/wp-json\/wp\/v2\/product\/2213","targetHints":{"allow":["GET"]}}],"collection":[{"href":"https:\/\/carland-solutions.pt\/pt-pt\/wp-json\/wp\/v2\/product"}],"about":[{"href":"https:\/\/carland-solutions.pt\/pt-pt\/wp-json\/wp\/v2\/types\/product"}],"wp:featuredmedia":[{"embeddable":true,"href":"https:\/\/carland-solutions.pt\/pt-pt\/wp-json\/wp\/v2\/media\/2205"}],"wp:attachment":[{"href":"https:\/\/carland-solutions.pt\/pt-pt\/wp-json\/wp\/v2\/media?parent=2213"}],"wp:term":[{"taxonomy":"product_brand","embeddable":true,"href":"https:\/\/carland-solutions.pt\/pt-pt\/wp-json\/wp\/v2\/product_brand?post=2213"},{"taxonomy":"product_cat","embeddable":true,"href":"https:\/\/carland-solutions.pt\/pt-pt\/wp-json\/wp\/v2\/product_cat?post=2213"},{"taxonomy":"product_tag","embeddable":true,"href":"https:\/\/carland-solutions.pt\/pt-pt\/wp-json\/wp\/v2\/product_tag?post=2213"}],"curies":[{"name":"wp","href":"https:\/\/api.w.org\/{rel}","templated":true}]}}