{"id":2160,"date":"2025-07-05T11:21:38","date_gmt":"2025-07-05T10:21:38","guid":{"rendered":"https:\/\/carland-solutions.pt\/product\/fiat-scudo-1-5-bluehdi-100hp\/"},"modified":"2025-10-28T11:55:05","modified_gmt":"2025-10-28T11:55:05","slug":"fiat-scudo-1-5-bluehdi-100hp","status":"publish","type":"product","link":"https:\/\/carland-solutions.pt\/pt-pt\/product\/fiat-scudo-1-5-bluehdi-100hp\/","title":{"rendered":"Fiat Scudo 1.5 BlueHDi 100hp"},"content":{"rendered":"<div class=\"wpb-content-wrapper\"><p>[vc_row gap=&#8221;35&#8243; equal_height=&#8221;yes&#8221; content_placement=&#8221;top&#8221;][vc_column][vc_column_text css=&#8221;&#8221;]Fiat Scudo 1.5 BlueHDi 100hp[\/vc_column_text][vc_column_text css=&#8221;&#8221;]<strong>Com apenas 4.888 km no rel\u00f3gio, este Fiat Scudo 1.5 BlueHDi 100hp de 2022 combina pot\u00eancia, economia e conforto numa carrinha eficiente. O motor diesel de 102 cv com 260 Nm de bin\u00e1rio oferece pot\u00eancia e economia, com um consumo de 7,1 l\/100 km na cidade. A caixa de velocidades manual proporciona uma experi\u00eancia de condu\u00e7\u00e3o din\u00e2mica, enquanto o interior est\u00e1 equipado com carater\u00edsticas que aumentam o conforto, tais como ar condicionado manual, estofos em tecido, um apoio de bra\u00e7o dianteiro e comandos do r\u00e1dio no volante. Tamb\u00e9m poder\u00e1s desfrutar de modernas funcionalidades multim\u00e9dia, incluindo um ecr\u00e3 t\u00e1til e Bluetooth, bem como de sistemas pr\u00e1ticos de assist\u00eancia \u00e0 condu\u00e7\u00e3o, como o controlo da velocidade de cruzeiro, sensores de estacionamento traseiros, limitador de velocidade e Hill Holder. Para uma maior sensa\u00e7\u00e3o de seguran\u00e7a, existem v\u00e1rias carater\u00edsticas de seguran\u00e7a ativa, tais como ABS, ESP e m\u00faltiplos airbags. O Fiat Scudo \u00e9 a escolha ideal tanto para o trabalho como para o uso pessoal, com tudo o que precisas para uma condu\u00e7\u00e3o confort\u00e1vel e segura     <\/strong>[\/vc_column_text][\/vc_column][\/vc_row][vc_row gap=&#8221;35&#8243; equal_height=&#8221;yes&#8221; content_placement=&#8221;top&#8221;][vc_column width=&#8221;1\/2&#8243;][vc_column_text css=&#8221;&#8221;]\u00c1UDIO E MULTIM\u00c9DIA-Bluetooth-R\u00e1dio-Teclado t\u00e1til<\/p>\n<p><strong>CONFORTO E EQUIPAMENTO<\/strong><br \/>\n-Ar condicionado manual<br \/>\n-Estofos em tecido<br \/>\n-Apoio de bra\u00e7os \u00e0 frente<br \/>\n-Comandos de r\u00e1dio no volante<br \/>\n-Vidros dianteiros el\u00e9ctricos<br \/>\n-Assist\u00eancia eletr\u00f3nica e \u00e0 condu\u00e7\u00e3o<br \/>\n-Controlo de cruzeiro<br \/>\n-Sensor de estacionamento traseiro<br \/>\n-Limitador de velocidade<br \/>\n-Suporte para colinas<br \/>\n-Assist\u00eancia \u00e0 dire\u00e7\u00e3o<br \/>\n<strong>SEGURAN\u00c7A<\/strong><br \/>\n-ABS<br \/>\n-Controlo de estabilidade (ESP)<br \/>\n-Freio eletr\u00f3nico assistido<br \/>\n-Airbag do condutor<br \/>\n-Airbag do passageiro<br \/>\n-Airbags de cabe\u00e7a do condutor e do passageiro[\/vc_column_text][\/vc_column][vc_column width=&#8221;1\/2&#8243;][vc_column_text css=&#8221;.vc_custom_1759939644771{padding-top: 25px !important;padding-right: 35px !important;padding-bottom: 25px !important;padding-left: 35px !important;background-color: #1c2e4a !important;border-radius: 10px !important;}&#8221;]<span style=\"color: #ffffff;\"><i class=\"fa-fw dt-icon-the7-misc-017\"><\/i><strong>  Compra o teu carro connosco e recebe um vale para ir de f\u00e9rias!<\/strong><\/span><\/p>\n<p><span style=\"color: #ffffff;\"><i class=\"fa-fw dt-icon-the7-misc-017\"><\/i><strong>  Entrega gratuita em Portugal<\/strong><\/span><\/p>\n<p><span style=\"color: #ffffff;\"><i class=\"fa-fw dt-icon-the7-misc-017\"><\/i><strong>  O pre\u00e7o inclui uma garantia de 18 meses com cobertura nacional, um ve\u00edculo de substitui\u00e7\u00e3o e assist\u00eancia em viagem 24 horas por dia<\/strong><\/span><\/p>\n<p><span style=\"color: #ffffff;\"><i class=\"fa-fw dt-icon-the7-misc-017\"><\/i><strong>  Possibilidade de financiamento<\/strong><\/span><\/p>\n<p><span style=\"color: #ffffff;\"><i class=\"fa-fw dt-icon-the7-misc-017\"><\/i><strong>  A troca do teu autom\u00f3vel atual \u00e9 poss\u00edvel mediante pedido<\/strong><\/span>[\/vc_column_text][\/vc_column][\/vc_row][vc_row][vc_column][vc_column_text css=&#8221;&#8221;]<\/p>\n<h2>Est\u00e1s interessado neste carro?<\/h2>\n<p>[\/vc_column_text][vc_column_text css=&#8221;&#8221;]Se estiveres interessado neste ou em qualquer outro dos nossos autom\u00f3veis usados, n\u00e3o hesites em contactar-nos atrav\u00e9s de <strong><a href=\"tel:+31641972793\">+31 6 419 727 93<\/a><\/strong> ou <strong><a href=\"tel:+351960184708\">+351 960 184 708<\/a><\/strong>.[\/vc_column_text][\/vc_column][\/vc_row]<\/p>\n<\/div>","protected":false},"excerpt":{"rendered":"<p>&nbsp;<\/p>\n<p>&#8211; Ano: 2022<br \/>\n&#8211; Vers\u00e3o: Fiat Scudo 1.5 Blue hdi 100 cv<br \/>\n&#8211; Quilometragem: 44 888 km<br \/>\n&#8211; Cilindrada: 1499 cm3<br \/>\n&#8211; Pot\u00eancia: 102 cv<br \/>\n&#8211; Bin\u00e1rio: 260 nm<br \/>\n&#8211; Consumo urbano: 7,1\/100 km<br \/>\n&#8211; Caixa de velocidades: manual<br \/>\n&#8211; Combust\u00edvel: gas\u00f3leo<\/p>\n","protected":false},"featured_media":2108,"template":"","meta":[],"product_brand":[],"product_cat":[48],"product_tag":[],"class_list":{"0":"post-2160","1":"product","2":"type-product","3":"status-publish","4":"has-post-thumbnail","6":"product_cat-te-koop-pt-pt","7":"description-off","9":"first","10":"instock","11":"shipping-taxable","12":"purchasable","13":"product-type-simple"},"yoast_head":"<!-- This site is optimized with the Yoast SEO plugin v27.5 - https:\/\/yoast.com\/product\/yoast-seo-wordpress\/ -->\n<title>Fiat Scudo 1.5 BlueHDi 100hp - Carland Solutions<\/title>\n<meta name=\"robots\" content=\"index, follow, max-snippet:-1, max-image-preview:large, max-video-preview:-1\" \/>\n<link rel=\"canonical\" href=\"https:\/\/carland-solutions.pt\/pt-pt\/product\/fiat-scudo-1-5-bluehdi-100hp\/\" \/>\n<meta property=\"og:locale\" content=\"pt_PT\" \/>\n<meta property=\"og:type\" content=\"article\" \/>\n<meta property=\"og:title\" content=\"Fiat Scudo 1.5 BlueHDi 100hp - Carland Solutions\" \/>\n<meta property=\"og:description\" content=\"&nbsp; - Ano: 2022 - Vers\u00e3o: Fiat Scudo 1.5 Blue hdi 100 cv - Quilometragem: 44 888 km - Cilindrada: 1499 cm3 - Pot\u00eancia: 102 cv - Bin\u00e1rio: 260 nm - Consumo urbano: 7,1\/100 km - Caixa de velocidades: manual - Combust\u00edvel: gas\u00f3leo\" \/>\n<meta property=\"og:url\" content=\"https:\/\/carland-solutions.pt\/pt-pt\/product\/fiat-scudo-1-5-bluehdi-100hp\/\" \/>\n<meta property=\"og:site_name\" content=\"Carland Solutions\" \/>\n<meta property=\"article:publisher\" content=\"https:\/\/www.facebook.com\/carlandsolutions\" \/>\n<meta property=\"article:modified_time\" content=\"2025-10-28T11:55:05+00:00\" \/>\n<meta property=\"og:image\" content=\"https:\/\/carland-solutions.pt\/wp-content\/uploads\/2025\/07\/Fiat-Scudo.jpg\" \/>\n\t<meta property=\"og:image:width\" content=\"1080\" \/>\n\t<meta property=\"og:image:height\" content=\"1350\" \/>\n\t<meta property=\"og:image:type\" content=\"image\/jpeg\" \/>\n<meta name=\"twitter:card\" content=\"summary_large_image\" \/>\n<meta name=\"twitter:label1\" content=\"Tempo estimado de leitura\" \/>\n\t<meta name=\"twitter:data1\" content=\"2 minutos\" \/>\n<script type=\"application\/ld+json\" class=\"yoast-schema-graph\">{\"@context\":\"https:\\\/\\\/schema.org\",\"@graph\":[{\"@type\":\"WebPage\",\"@id\":\"https:\\\/\\\/carland-solutions.pt\\\/pt-pt\\\/product\\\/fiat-scudo-1-5-bluehdi-100hp\\\/\",\"url\":\"https:\\\/\\\/carland-solutions.pt\\\/pt-pt\\\/product\\\/fiat-scudo-1-5-bluehdi-100hp\\\/\",\"name\":\"Fiat Scudo 1.5 BlueHDi 100hp - Carland Solutions\",\"isPartOf\":{\"@id\":\"https:\\\/\\\/carland-solutions.pt\\\/pt-pt\\\/#website\"},\"primaryImageOfPage\":{\"@id\":\"https:\\\/\\\/carland-solutions.pt\\\/pt-pt\\\/product\\\/fiat-scudo-1-5-bluehdi-100hp\\\/#primaryimage\"},\"image\":{\"@id\":\"https:\\\/\\\/carland-solutions.pt\\\/pt-pt\\\/product\\\/fiat-scudo-1-5-bluehdi-100hp\\\/#primaryimage\"},\"thumbnailUrl\":\"https:\\\/\\\/carland-solutions.pt\\\/wp-content\\\/uploads\\\/2025\\\/07\\\/Fiat-Scudo.jpg\",\"datePublished\":\"2025-07-05T10:21:38+00:00\",\"dateModified\":\"2025-10-28T11:55:05+00:00\",\"breadcrumb\":{\"@id\":\"https:\\\/\\\/carland-solutions.pt\\\/pt-pt\\\/product\\\/fiat-scudo-1-5-bluehdi-100hp\\\/#breadcrumb\"},\"inLanguage\":\"pt-PT\",\"potentialAction\":[{\"@type\":\"ReadAction\",\"target\":[\"https:\\\/\\\/carland-solutions.pt\\\/pt-pt\\\/product\\\/fiat-scudo-1-5-bluehdi-100hp\\\/\"]}]},{\"@type\":\"ImageObject\",\"inLanguage\":\"pt-PT\",\"@id\":\"https:\\\/\\\/carland-solutions.pt\\\/pt-pt\\\/product\\\/fiat-scudo-1-5-bluehdi-100hp\\\/#primaryimage\",\"url\":\"https:\\\/\\\/carland-solutions.pt\\\/wp-content\\\/uploads\\\/2025\\\/07\\\/Fiat-Scudo.jpg\",\"contentUrl\":\"https:\\\/\\\/carland-solutions.pt\\\/wp-content\\\/uploads\\\/2025\\\/07\\\/Fiat-Scudo.jpg\",\"width\":1080,\"height\":1350},{\"@type\":\"BreadcrumbList\",\"@id\":\"https:\\\/\\\/carland-solutions.pt\\\/pt-pt\\\/product\\\/fiat-scudo-1-5-bluehdi-100hp\\\/#breadcrumb\",\"itemListElement\":[{\"@type\":\"ListItem\",\"position\":1,\"name\":\"Home\",\"item\":\"https:\\\/\\\/carland-solutions.pt\\\/pt-pt\\\/\"},{\"@type\":\"ListItem\",\"position\":2,\"name\":\"Refund and Returns Policy\",\"item\":\"https:\\\/\\\/carland-solutions.pt\\\/?page_id=17\"},{\"@type\":\"ListItem\",\"position\":3,\"name\":\"Fiat Scudo 1.5 BlueHDi 100hp\"}]},{\"@type\":\"WebSite\",\"@id\":\"https:\\\/\\\/carland-solutions.pt\\\/pt-pt\\\/#website\",\"url\":\"https:\\\/\\\/carland-solutions.pt\\\/pt-pt\\\/\",\"name\":\"Carland Solutions\",\"description\":\"\",\"publisher\":{\"@id\":\"https:\\\/\\\/carland-solutions.pt\\\/pt-pt\\\/#organization\"},\"potentialAction\":[{\"@type\":\"SearchAction\",\"target\":{\"@type\":\"EntryPoint\",\"urlTemplate\":\"https:\\\/\\\/carland-solutions.pt\\\/pt-pt\\\/?s={search_term_string}\"},\"query-input\":{\"@type\":\"PropertyValueSpecification\",\"valueRequired\":true,\"valueName\":\"search_term_string\"}}],\"inLanguage\":\"pt-PT\"},{\"@type\":\"Organization\",\"@id\":\"https:\\\/\\\/carland-solutions.pt\\\/pt-pt\\\/#organization\",\"name\":\"Carland Solutions\",\"url\":\"https:\\\/\\\/carland-solutions.pt\\\/pt-pt\\\/\",\"logo\":{\"@type\":\"ImageObject\",\"inLanguage\":\"pt-PT\",\"@id\":\"https:\\\/\\\/carland-solutions.pt\\\/pt-pt\\\/#\\\/schema\\\/logo\\\/image\\\/\",\"url\":\"https:\\\/\\\/carland-solutions.pt\\\/wp-content\\\/uploads\\\/2025\\\/01\\\/Carland-Solutions-WBG-900x400-11.jpg\",\"contentUrl\":\"https:\\\/\\\/carland-solutions.pt\\\/wp-content\\\/uploads\\\/2025\\\/01\\\/Carland-Solutions-WBG-900x400-11.jpg\",\"width\":900,\"height\":400,\"caption\":\"Carland Solutions\"},\"image\":{\"@id\":\"https:\\\/\\\/carland-solutions.pt\\\/pt-pt\\\/#\\\/schema\\\/logo\\\/image\\\/\"},\"sameAs\":[\"https:\\\/\\\/www.facebook.com\\\/carlandsolutions\",\"https:\\\/\\\/www.instagram.com\\\/carlandsolutions\\\/\"]}]}<\/script>\n<!-- \/ Yoast SEO plugin. -->","yoast_head_json":{"title":"Fiat Scudo 1.5 BlueHDi 100hp - Carland Solutions","robots":{"index":"index","follow":"follow","max-snippet":"max-snippet:-1","max-image-preview":"max-image-preview:large","max-video-preview":"max-video-preview:-1"},"canonical":"https:\/\/carland-solutions.pt\/pt-pt\/product\/fiat-scudo-1-5-bluehdi-100hp\/","og_locale":"pt_PT","og_type":"article","og_title":"Fiat Scudo 1.5 BlueHDi 100hp - Carland Solutions","og_description":"&nbsp; - Ano: 2022 - Vers\u00e3o: Fiat Scudo 1.5 Blue hdi 100 cv - Quilometragem: 44 888 km - Cilindrada: 1499 cm3 - Pot\u00eancia: 102 cv - Bin\u00e1rio: 260 nm - Consumo urbano: 7,1\/100 km - Caixa de velocidades: manual - Combust\u00edvel: gas\u00f3leo","og_url":"https:\/\/carland-solutions.pt\/pt-pt\/product\/fiat-scudo-1-5-bluehdi-100hp\/","og_site_name":"Carland Solutions","article_publisher":"https:\/\/www.facebook.com\/carlandsolutions","article_modified_time":"2025-10-28T11:55:05+00:00","og_image":[{"width":1080,"height":1350,"url":"https:\/\/carland-solutions.pt\/wp-content\/uploads\/2025\/07\/Fiat-Scudo.jpg","type":"image\/jpeg"}],"twitter_card":"summary_large_image","twitter_misc":{"Tempo estimado de leitura":"2 minutos"},"schema":{"@context":"https:\/\/schema.org","@graph":[{"@type":"WebPage","@id":"https:\/\/carland-solutions.pt\/pt-pt\/product\/fiat-scudo-1-5-bluehdi-100hp\/","url":"https:\/\/carland-solutions.pt\/pt-pt\/product\/fiat-scudo-1-5-bluehdi-100hp\/","name":"Fiat Scudo 1.5 BlueHDi 100hp - Carland Solutions","isPartOf":{"@id":"https:\/\/carland-solutions.pt\/pt-pt\/#website"},"primaryImageOfPage":{"@id":"https:\/\/carland-solutions.pt\/pt-pt\/product\/fiat-scudo-1-5-bluehdi-100hp\/#primaryimage"},"image":{"@id":"https:\/\/carland-solutions.pt\/pt-pt\/product\/fiat-scudo-1-5-bluehdi-100hp\/#primaryimage"},"thumbnailUrl":"https:\/\/carland-solutions.pt\/wp-content\/uploads\/2025\/07\/Fiat-Scudo.jpg","datePublished":"2025-07-05T10:21:38+00:00","dateModified":"2025-10-28T11:55:05+00:00","breadcrumb":{"@id":"https:\/\/carland-solutions.pt\/pt-pt\/product\/fiat-scudo-1-5-bluehdi-100hp\/#breadcrumb"},"inLanguage":"pt-PT","potentialAction":[{"@type":"ReadAction","target":["https:\/\/carland-solutions.pt\/pt-pt\/product\/fiat-scudo-1-5-bluehdi-100hp\/"]}]},{"@type":"ImageObject","inLanguage":"pt-PT","@id":"https:\/\/carland-solutions.pt\/pt-pt\/product\/fiat-scudo-1-5-bluehdi-100hp\/#primaryimage","url":"https:\/\/carland-solutions.pt\/wp-content\/uploads\/2025\/07\/Fiat-Scudo.jpg","contentUrl":"https:\/\/carland-solutions.pt\/wp-content\/uploads\/2025\/07\/Fiat-Scudo.jpg","width":1080,"height":1350},{"@type":"BreadcrumbList","@id":"https:\/\/carland-solutions.pt\/pt-pt\/product\/fiat-scudo-1-5-bluehdi-100hp\/#breadcrumb","itemListElement":[{"@type":"ListItem","position":1,"name":"Home","item":"https:\/\/carland-solutions.pt\/pt-pt\/"},{"@type":"ListItem","position":2,"name":"Refund and Returns Policy","item":"https:\/\/carland-solutions.pt\/?page_id=17"},{"@type":"ListItem","position":3,"name":"Fiat Scudo 1.5 BlueHDi 100hp"}]},{"@type":"WebSite","@id":"https:\/\/carland-solutions.pt\/pt-pt\/#website","url":"https:\/\/carland-solutions.pt\/pt-pt\/","name":"Carland Solutions","description":"","publisher":{"@id":"https:\/\/carland-solutions.pt\/pt-pt\/#organization"},"potentialAction":[{"@type":"SearchAction","target":{"@type":"EntryPoint","urlTemplate":"https:\/\/carland-solutions.pt\/pt-pt\/?s={search_term_string}"},"query-input":{"@type":"PropertyValueSpecification","valueRequired":true,"valueName":"search_term_string"}}],"inLanguage":"pt-PT"},{"@type":"Organization","@id":"https:\/\/carland-solutions.pt\/pt-pt\/#organization","name":"Carland Solutions","url":"https:\/\/carland-solutions.pt\/pt-pt\/","logo":{"@type":"ImageObject","inLanguage":"pt-PT","@id":"https:\/\/carland-solutions.pt\/pt-pt\/#\/schema\/logo\/image\/","url":"https:\/\/carland-solutions.pt\/wp-content\/uploads\/2025\/01\/Carland-Solutions-WBG-900x400-11.jpg","contentUrl":"https:\/\/carland-solutions.pt\/wp-content\/uploads\/2025\/01\/Carland-Solutions-WBG-900x400-11.jpg","width":900,"height":400,"caption":"Carland Solutions"},"image":{"@id":"https:\/\/carland-solutions.pt\/pt-pt\/#\/schema\/logo\/image\/"},"sameAs":["https:\/\/www.facebook.com\/carlandsolutions","https:\/\/www.instagram.com\/carlandsolutions\/"]}]}},"_links":{"self":[{"href":"https:\/\/carland-solutions.pt\/pt-pt\/wp-json\/wp\/v2\/product\/2160","targetHints":{"allow":["GET"]}}],"collection":[{"href":"https:\/\/carland-solutions.pt\/pt-pt\/wp-json\/wp\/v2\/product"}],"about":[{"href":"https:\/\/carland-solutions.pt\/pt-pt\/wp-json\/wp\/v2\/types\/product"}],"wp:featuredmedia":[{"embeddable":true,"href":"https:\/\/carland-solutions.pt\/pt-pt\/wp-json\/wp\/v2\/media\/2108"}],"wp:attachment":[{"href":"https:\/\/carland-solutions.pt\/pt-pt\/wp-json\/wp\/v2\/media?parent=2160"}],"wp:term":[{"taxonomy":"product_brand","embeddable":true,"href":"https:\/\/carland-solutions.pt\/pt-pt\/wp-json\/wp\/v2\/product_brand?post=2160"},{"taxonomy":"product_cat","embeddable":true,"href":"https:\/\/carland-solutions.pt\/pt-pt\/wp-json\/wp\/v2\/product_cat?post=2160"},{"taxonomy":"product_tag","embeddable":true,"href":"https:\/\/carland-solutions.pt\/pt-pt\/wp-json\/wp\/v2\/product_tag?post=2160"}],"curies":[{"name":"wp","href":"https:\/\/api.w.org\/{rel}","templated":true}]}}