{"id":1828,"date":"2025-02-10T10:23:49","date_gmt":"2025-02-10T10:23:49","guid":{"rendered":"https:\/\/carland-solutions.pt\/product\/citroen-jumpy-2024-2-0-diesel-automatico\/"},"modified":"2025-10-09T09:43:01","modified_gmt":"2025-10-09T08:43:01","slug":"citroen-jumpy-2024-2-0-diesel-automatico","status":"publish","type":"product","link":"https:\/\/carland-solutions.pt\/pt-pt\/product\/citroen-jumpy-2024-2-0-diesel-automatico\/","title":{"rendered":"Citro\u00ebn Jumpy 2024 | 2.0 Diesel | Autom\u00e1tico"},"content":{"rendered":"<div class=\"wpb-content-wrapper\"><p>[vc_row gap=&#8221;35&#8243; equal_height=&#8221;yes&#8221; content_placement=&#8221;top&#8221;][vc_column][vc_column_text css=&#8221;&#8221;]<\/p>\n<p data-start=\"0\" data-end=\"58\"><strong data-start=\"0\" data-end=\"58\">Citro\u00ebn Jumpy 2024 &#8211; Espa\u00e7oso, potente e eficiente<\/strong><\/p>\n<p data-start=\"60\" data-end=\"714\"><strong data-start=\"60\" data-end=\"124\">A derradeira combina\u00e7\u00e3o de conforto, tecnologia e desempenho<\/strong><br data-start=\"124\" data-end=\"127\">O Citro\u00ebn Jumpy 2024 foi concebido para quem viaja profissionalmente e n\u00e3o quer compromissos. Com o seu potente motor 2.0 diesel, transmiss\u00e3o autom\u00e1tica e um bin\u00e1rio impressionante de 400 Nm, este ve\u00edculo comercial oferece n\u00e3o s\u00f3 uma experi\u00eancia de condu\u00e7\u00e3o suave e potente, mas tamb\u00e9m uma excelente efici\u00eancia. O Jumpy est\u00e1 equipado com tecnologias modernas e carater\u00edsticas de conforto que tornam cada condu\u00e7\u00e3o mais agrad\u00e1vel &#8211; desde sistemas avan\u00e7ados de assist\u00eancia \u00e0 condu\u00e7\u00e3o a um sistema de som de qualidade superior. Ideal para quem valoriza a funcionalidade, a seguran\u00e7a e o conforto num ve\u00edculo comercial fi\u00e1vel   <\/p>\n<p>[\/vc_column_text][vc_column_text css=&#8221;&#8221;][\/vc_column_text][\/vc_column][\/vc_row][vc_row gap=&#8221;35&#8243; equal_height=&#8221;yes&#8221; content_placement=&#8221;top&#8221;][vc_column width=&#8221;1\/2&#8243;][vc_column_text css=&#8221;&#8221;]<\/p>\n<h3 data-start=\"1029\" data-end=\"1058\"><strong data-start=\"1033\" data-end=\"1058\">Outras propriedades<\/strong><\/h3>\n<p data-start=\"1060\" data-end=\"1086\"><strong data-start=\"1060\" data-end=\"1084\">CONFORTO E EQUIPAMENTO<\/strong><\/p>\n<ul data-start=\"1087\" data-end=\"1274\">\n<li data-start=\"1087\" data-end=\"1119\">\n<p data-start=\"1089\" data-end=\"1119\">Ar condicionado autom\u00e1tico<\/p>\n<\/li>\n<li data-start=\"1120\" data-end=\"1138\">\n<p data-start=\"1122\" data-end=\"1138\">Estofos em tecido<\/p>\n<\/li>\n<li data-start=\"1139\" data-end=\"1169\">\n<p data-start=\"1141\" data-end=\"1169\">Volante multifun\u00e7\u00f5es<\/p>\n<\/li>\n<li data-start=\"1170\" data-end=\"1197\">\n<p data-start=\"1172\" data-end=\"1197\">Comandos no volante<\/p>\n<\/li>\n<li data-start=\"1198\" data-end=\"1227\">\n<p data-start=\"1200\" data-end=\"1227\">Fecho centralizado sem chave<\/p>\n<\/li>\n<li data-start=\"1228\" data-end=\"1249\">\n<p data-start=\"1230\" data-end=\"1249\">Vidros el\u00e9ctricos<\/p>\n<\/li>\n<li data-start=\"1250\" data-end=\"1274\">\n<p data-start=\"1252\" data-end=\"1274\">Sensor de estacionamento traseiro<\/p>\n<\/li>\n<\/ul>\n<p data-start=\"1276\" data-end=\"1303\"><strong data-start=\"1276\" data-end=\"1301\">TECNOLOGIA E ASSIST\u00caNCIA \u00c0 CONDU\u00c7\u00c3O<\/strong><\/p>\n<ul data-start=\"1304\" data-end=\"1491\">\n<li data-start=\"1304\" data-end=\"1324\">\n<p data-start=\"1306\" data-end=\"1324\">Sistema de navega\u00e7\u00e3o<\/p>\n<\/li>\n<li data-start=\"1325\" data-end=\"1349\">\n<p data-start=\"1327\" data-end=\"1349\">C\u00e2mara de estacionamento traseira<\/p>\n<\/li>\n<li data-start=\"1350\" data-end=\"1372\">\n<p data-start=\"1352\" data-end=\"1372\">Luz diurna LED<\/p>\n<\/li>\n<li data-start=\"1373\" data-end=\"1387\">\n<p data-start=\"1375\" data-end=\"1387\">Luzes de nevoeiro<\/p>\n<\/li>\n<li data-start=\"1388\" data-end=\"1403\">\n<p data-start=\"1390\" data-end=\"1403\">Sensor de chuva<\/p>\n<\/li>\n<li data-start=\"1404\" data-end=\"1426\">\n<p data-start=\"1406\" data-end=\"1426\">Sistema Start\/Stop<\/p>\n<\/li>\n<li data-start=\"1427\" data-end=\"1456\">\n<p data-start=\"1429\" data-end=\"1456\">Sistema de controlo da press\u00e3o dos pneus<\/p>\n<\/li>\n<li data-start=\"1457\" data-end=\"1491\">\n<p data-start=\"1459\" data-end=\"1491\">Dire\u00e7\u00e3o assistida el\u00e9ctrica<\/p>\n<\/li>\n<\/ul>\n<p data-start=\"1493\" data-end=\"1517\"><strong data-start=\"1493\" data-end=\"1515\">\u00c1UDIO E MULTIM\u00c9DIA<\/strong><\/p>\n<ul data-start=\"1518\" data-end=\"1633\">\n<li data-start=\"1518\" data-end=\"1550\">\n<p data-start=\"1520\" data-end=\"1550\">Apple CarPlay e Android Auto<\/p>\n<\/li>\n<li data-start=\"1551\" data-end=\"1564\">\n<p data-start=\"1553\" data-end=\"1564\">Bluetooth<\/p>\n<\/li>\n<li data-start=\"1565\" data-end=\"1574\">\n<p data-start=\"1567\" data-end=\"1574\">R\u00e1dio<\/p>\n<\/li>\n<li data-start=\"1575\" data-end=\"1588\">\n<p data-start=\"1577\" data-end=\"1588\">Porta USB<\/p>\n<\/li>\n<li data-start=\"1589\" data-end=\"1615\">\n<p data-start=\"1591\" data-end=\"1615\">Sistema de som de alta qualidade<\/p>\n<\/li>\n<li data-start=\"1616\" data-end=\"1633\">\n<p data-start=\"1618\" data-end=\"1633\">Ecr\u00e3 t\u00e1til<\/p>\n<\/li>\n<\/ul>\n<p data-start=\"1635\" data-end=\"1651\"><strong data-start=\"1635\" data-end=\"1649\">SEGURAN\u00c7A<\/strong><\/p>\n<ul data-start=\"1652\" data-end=\"1814\">\n<li data-start=\"1652\" data-end=\"1682\">\n<p data-start=\"1654\" data-end=\"1682\">ABS (Sistema de travagem anti-bloqueio)<\/p>\n<\/li>\n<li data-start=\"1683\" data-end=\"1713\">\n<p data-start=\"1685\" data-end=\"1713\">Controlo de estabilidade (ESC)<\/p>\n<\/li>\n<li data-start=\"1714\" data-end=\"1729\">\n<p data-start=\"1716\" data-end=\"1729\">Assist\u00eancia em subidas<\/p>\n<\/li>\n<li data-start=\"1730\" data-end=\"1764\">\n<p data-start=\"1732\" data-end=\"1764\">Assistente de manuten\u00e7\u00e3o de faixas de rodagem<\/p>\n<\/li>\n<li data-start=\"1765\" data-end=\"1790\">\n<p data-start=\"1767\" data-end=\"1790\">Dete\u00e7\u00e3o de fadiga<\/p>\n<\/li>\n<li data-start=\"1791\" data-end=\"1814\">\n<p data-start=\"1793\" data-end=\"1814\">Airbags frontais e laterais<\/p>\n<\/li>\n<\/ul>\n<p>[\/vc_column_text][\/vc_column][vc_column width=&#8221;1\/2&#8243;][vc_column_text css=&#8221;.vc_custom_1759938954694{padding-top: 25px !important;padding-right: 35px !important;padding-bottom: 25px !important;padding-left: 35px !important;background-color: #1c2e4a !important;border-radius: 10px !important;}&#8221;]<span style=\"color: #ffffff;\"><i class=\"fa-fw dt-icon-the7-misc-017\"><\/i><strong>  Compra o teu carro connosco e recebe um vale para ir de f\u00e9rias!<\/strong><\/span><\/p>\n<p><span style=\"color: #ffffff;\"><i class=\"fa-fw dt-icon-the7-misc-017\"><\/i><strong>  Entrega gratuita em Portugal<\/strong><\/span><\/p>\n<p><span style=\"color: #ffffff;\"><i class=\"fa-fw dt-icon-the7-misc-017\"><\/i><strong>  O pre\u00e7o inclui uma garantia de 18 meses com cobertura nacional, um ve\u00edculo de substitui\u00e7\u00e3o e assist\u00eancia em viagem 24 horas por dia<\/strong><\/span><\/p>\n<p><span style=\"color: #ffffff;\"><i class=\"fa-fw dt-icon-the7-misc-017\"><\/i><strong>  Possibilidade de financiamento<\/strong><\/span>[\/vc_column_text][\/vc_column][\/vc_row][vc_row][vc_column][vc_column_text css=&#8221;&#8221;]<\/p>\n<h2>Est\u00e1s interessado neste carro?<\/h2>\n<p>[\/vc_column_text][vc_column_text css=&#8221;&#8221;]Se estiveres interessado neste ou em qualquer outro dos nossos autom\u00f3veis usados, n\u00e3o hesites em contactar-nos atrav\u00e9s de <strong><br \/>\n  <a href=\"tel:+31641972793\">+31 6 419 727 93<\/a><br \/>\n<\/strong> ou <strong><br \/>\n  <a href=\"tel:+351960184708\">+351 960 184 708<\/a><br \/>\n<\/strong>.[\/vc_column_text][\/vc_column][\/vc_row]<\/p>\n<\/div>","protected":false},"excerpt":{"rendered":"<ul>\n<li data-start=\"749\" data-end=\"771\">\n<p data-start=\"751\" data-end=\"771\"><strong data-start=\"751\" data-end=\"764\">Ano de constru\u00e7\u00e3o:<\/strong> 2024<\/p>\n<\/li>\n<li data-start=\"772\" data-end=\"819\">\n<p data-start=\"774\" data-end=\"819\"><strong data-start=\"774\" data-end=\"791\">Modelo\/Vers\u00e3o:<\/strong> Jumpy 2.0 Diesel Autom\u00e1tico<\/p>\n<\/li>\n<li data-start=\"820\" data-end=\"853\">\n<p data-start=\"822\" data-end=\"853\"><strong data-start=\"822\" data-end=\"841\">Quilometragem:<\/strong> 31.000 km<\/p>\n<\/li>\n<li data-start=\"854\" data-end=\"883\">\n<p data-start=\"856\" data-end=\"883\"><strong data-start=\"856\" data-end=\"872\">Capacidade do motor:<\/strong> 1.997 cc<\/p>\n<\/li>\n<li data-start=\"884\" data-end=\"908\">\n<p data-start=\"886\" data-end=\"908\"><strong data-start=\"886\" data-end=\"899\">Pot\u00eancia:<\/strong> 145 CV<\/p>\n<\/li>\n<li data-start=\"909\" data-end=\"931\">\n<p data-start=\"911\" data-end=\"931\"><strong data-start=\"911\" data-end=\"922\">Bin\u00e1rio:<\/strong> 400 Nm<\/p>\n<\/li>\n<li data-start=\"932\" data-end=\"966\">\n<p data-start=\"934\" data-end=\"966\"><strong data-start=\"934\" data-end=\"947\">Consumo:<\/strong> 6,0-7,0 L\/100 km<\/p>\n<\/li>\n<li data-start=\"967\" data-end=\"996\">\n<p data-start=\"969\" data-end=\"996\"><strong data-start=\"969\" data-end=\"985\">Transmiss\u00e3o:<\/strong> Autom\u00e1tica<\/p>\n<\/li>\n<li data-start=\"997\" data-end=\"1022\">\n<p data-start=\"999\" data-end=\"1022\"><strong data-start=\"999\" data-end=\"1013\">Combust\u00edvel:<\/strong> Diese<\/p>\n<\/li>\n<\/ul>\n","protected":false},"featured_media":1792,"template":"","meta":[],"product_brand":[],"product_cat":[55],"product_tag":[],"class_list":{"0":"post-1828","1":"product","2":"type-product","3":"status-publish","4":"has-post-thumbnail","6":"product_cat-vendido","7":"description-off","9":"first","10":"outofstock","11":"shipping-taxable","12":"product-type-simple"},"yoast_head":"<!-- This site is optimized with the Yoast SEO plugin v27.5 - https:\/\/yoast.com\/product\/yoast-seo-wordpress\/ -->\n<title>Citro\u00ebn Jumpy 2024 | 2.0 Diesel | Autom\u00e1tico - Carland Solutions<\/title>\n<meta name=\"robots\" content=\"index, follow, max-snippet:-1, max-image-preview:large, max-video-preview:-1\" \/>\n<link rel=\"canonical\" href=\"https:\/\/carland-solutions.pt\/pt-pt\/product\/citroen-jumpy-2024-2-0-diesel-automatico\/\" \/>\n<meta property=\"og:locale\" content=\"pt_PT\" \/>\n<meta property=\"og:type\" content=\"article\" \/>\n<meta property=\"og:title\" content=\"Citro\u00ebn Jumpy 2024 | 2.0 Diesel | Autom\u00e1tico - Carland Solutions\" \/>\n<meta property=\"og:description\" content=\"Ano de constru\u00e7\u00e3o: 2024   Modelo\/Vers\u00e3o: Jumpy 2.0 Diesel Autom\u00e1tico   Quilometragem: 31.000 km   Capacidade do motor: 1.997 cc   Pot\u00eancia: 145 CV   Bin\u00e1rio: 400 Nm   Consumo: 6,0-7,0 L\/100 km   Transmiss\u00e3o: Autom\u00e1tica   Combust\u00edvel: Diese\" \/>\n<meta property=\"og:url\" content=\"https:\/\/carland-solutions.pt\/pt-pt\/product\/citroen-jumpy-2024-2-0-diesel-automatico\/\" \/>\n<meta property=\"og:site_name\" content=\"Carland Solutions\" \/>\n<meta property=\"article:publisher\" content=\"https:\/\/www.facebook.com\/carlandsolutions\" \/>\n<meta property=\"article:modified_time\" content=\"2025-10-09T08:43:01+00:00\" \/>\n<meta property=\"og:image\" content=\"https:\/\/carland-solutions.pt\/wp-content\/uploads\/2025\/05\/499552197_122191018550098046_8951227683959919241_n.jpg\" \/>\n\t<meta property=\"og:image:width\" content=\"1080\" \/>\n\t<meta property=\"og:image:height\" content=\"1350\" \/>\n\t<meta property=\"og:image:type\" content=\"image\/jpeg\" \/>\n<meta name=\"twitter:card\" content=\"summary_large_image\" \/>\n<meta name=\"twitter:label1\" content=\"Tempo estimado de leitura\" \/>\n\t<meta name=\"twitter:data1\" content=\"2 minutos\" \/>\n<script type=\"application\/ld+json\" class=\"yoast-schema-graph\">{\"@context\":\"https:\\\/\\\/schema.org\",\"@graph\":[{\"@type\":\"WebPage\",\"@id\":\"https:\\\/\\\/carland-solutions.pt\\\/pt-pt\\\/product\\\/citroen-jumpy-2024-2-0-diesel-automatico\\\/\",\"url\":\"https:\\\/\\\/carland-solutions.pt\\\/pt-pt\\\/product\\\/citroen-jumpy-2024-2-0-diesel-automatico\\\/\",\"name\":\"Citro\u00ebn Jumpy 2024 | 2.0 Diesel | Autom\u00e1tico - Carland Solutions\",\"isPartOf\":{\"@id\":\"https:\\\/\\\/carland-solutions.pt\\\/pt-pt\\\/#website\"},\"primaryImageOfPage\":{\"@id\":\"https:\\\/\\\/carland-solutions.pt\\\/pt-pt\\\/product\\\/citroen-jumpy-2024-2-0-diesel-automatico\\\/#primaryimage\"},\"image\":{\"@id\":\"https:\\\/\\\/carland-solutions.pt\\\/pt-pt\\\/product\\\/citroen-jumpy-2024-2-0-diesel-automatico\\\/#primaryimage\"},\"thumbnailUrl\":\"https:\\\/\\\/carland-solutions.pt\\\/wp-content\\\/uploads\\\/2025\\\/05\\\/499552197_122191018550098046_8951227683959919241_n.jpg\",\"datePublished\":\"2025-02-10T10:23:49+00:00\",\"dateModified\":\"2025-10-09T08:43:01+00:00\",\"breadcrumb\":{\"@id\":\"https:\\\/\\\/carland-solutions.pt\\\/pt-pt\\\/product\\\/citroen-jumpy-2024-2-0-diesel-automatico\\\/#breadcrumb\"},\"inLanguage\":\"pt-PT\",\"potentialAction\":[{\"@type\":\"ReadAction\",\"target\":[\"https:\\\/\\\/carland-solutions.pt\\\/pt-pt\\\/product\\\/citroen-jumpy-2024-2-0-diesel-automatico\\\/\"]}]},{\"@type\":\"ImageObject\",\"inLanguage\":\"pt-PT\",\"@id\":\"https:\\\/\\\/carland-solutions.pt\\\/pt-pt\\\/product\\\/citroen-jumpy-2024-2-0-diesel-automatico\\\/#primaryimage\",\"url\":\"https:\\\/\\\/carland-solutions.pt\\\/wp-content\\\/uploads\\\/2025\\\/05\\\/499552197_122191018550098046_8951227683959919241_n.jpg\",\"contentUrl\":\"https:\\\/\\\/carland-solutions.pt\\\/wp-content\\\/uploads\\\/2025\\\/05\\\/499552197_122191018550098046_8951227683959919241_n.jpg\",\"width\":1080,\"height\":1350},{\"@type\":\"BreadcrumbList\",\"@id\":\"https:\\\/\\\/carland-solutions.pt\\\/pt-pt\\\/product\\\/citroen-jumpy-2024-2-0-diesel-automatico\\\/#breadcrumb\",\"itemListElement\":[{\"@type\":\"ListItem\",\"position\":1,\"name\":\"Home\",\"item\":\"https:\\\/\\\/carland-solutions.pt\\\/pt-pt\\\/\"},{\"@type\":\"ListItem\",\"position\":2,\"name\":\"Refund and Returns Policy\",\"item\":\"https:\\\/\\\/carland-solutions.pt\\\/?page_id=17\"},{\"@type\":\"ListItem\",\"position\":3,\"name\":\"Citro\u00ebn Jumpy 2024 | 2.0 Diesel | Autom\u00e1tico\"}]},{\"@type\":\"WebSite\",\"@id\":\"https:\\\/\\\/carland-solutions.pt\\\/pt-pt\\\/#website\",\"url\":\"https:\\\/\\\/carland-solutions.pt\\\/pt-pt\\\/\",\"name\":\"Carland Solutions\",\"description\":\"\",\"publisher\":{\"@id\":\"https:\\\/\\\/carland-solutions.pt\\\/pt-pt\\\/#organization\"},\"potentialAction\":[{\"@type\":\"SearchAction\",\"target\":{\"@type\":\"EntryPoint\",\"urlTemplate\":\"https:\\\/\\\/carland-solutions.pt\\\/pt-pt\\\/?s={search_term_string}\"},\"query-input\":{\"@type\":\"PropertyValueSpecification\",\"valueRequired\":true,\"valueName\":\"search_term_string\"}}],\"inLanguage\":\"pt-PT\"},{\"@type\":\"Organization\",\"@id\":\"https:\\\/\\\/carland-solutions.pt\\\/pt-pt\\\/#organization\",\"name\":\"Carland Solutions\",\"url\":\"https:\\\/\\\/carland-solutions.pt\\\/pt-pt\\\/\",\"logo\":{\"@type\":\"ImageObject\",\"inLanguage\":\"pt-PT\",\"@id\":\"https:\\\/\\\/carland-solutions.pt\\\/pt-pt\\\/#\\\/schema\\\/logo\\\/image\\\/\",\"url\":\"https:\\\/\\\/carland-solutions.pt\\\/wp-content\\\/uploads\\\/2025\\\/01\\\/Carland-Solutions-WBG-900x400-11.jpg\",\"contentUrl\":\"https:\\\/\\\/carland-solutions.pt\\\/wp-content\\\/uploads\\\/2025\\\/01\\\/Carland-Solutions-WBG-900x400-11.jpg\",\"width\":900,\"height\":400,\"caption\":\"Carland Solutions\"},\"image\":{\"@id\":\"https:\\\/\\\/carland-solutions.pt\\\/pt-pt\\\/#\\\/schema\\\/logo\\\/image\\\/\"},\"sameAs\":[\"https:\\\/\\\/www.facebook.com\\\/carlandsolutions\",\"https:\\\/\\\/www.instagram.com\\\/carlandsolutions\\\/\"]}]}<\/script>\n<!-- \/ Yoast SEO plugin. -->","yoast_head_json":{"title":"Citro\u00ebn Jumpy 2024 | 2.0 Diesel | Autom\u00e1tico - Carland Solutions","robots":{"index":"index","follow":"follow","max-snippet":"max-snippet:-1","max-image-preview":"max-image-preview:large","max-video-preview":"max-video-preview:-1"},"canonical":"https:\/\/carland-solutions.pt\/pt-pt\/product\/citroen-jumpy-2024-2-0-diesel-automatico\/","og_locale":"pt_PT","og_type":"article","og_title":"Citro\u00ebn Jumpy 2024 | 2.0 Diesel | Autom\u00e1tico - Carland Solutions","og_description":"Ano de constru\u00e7\u00e3o: 2024   Modelo\/Vers\u00e3o: Jumpy 2.0 Diesel Autom\u00e1tico   Quilometragem: 31.000 km   Capacidade do motor: 1.997 cc   Pot\u00eancia: 145 CV   Bin\u00e1rio: 400 Nm   Consumo: 6,0-7,0 L\/100 km   Transmiss\u00e3o: Autom\u00e1tica   Combust\u00edvel: Diese","og_url":"https:\/\/carland-solutions.pt\/pt-pt\/product\/citroen-jumpy-2024-2-0-diesel-automatico\/","og_site_name":"Carland Solutions","article_publisher":"https:\/\/www.facebook.com\/carlandsolutions","article_modified_time":"2025-10-09T08:43:01+00:00","og_image":[{"width":1080,"height":1350,"url":"https:\/\/carland-solutions.pt\/wp-content\/uploads\/2025\/05\/499552197_122191018550098046_8951227683959919241_n.jpg","type":"image\/jpeg"}],"twitter_card":"summary_large_image","twitter_misc":{"Tempo estimado de leitura":"2 minutos"},"schema":{"@context":"https:\/\/schema.org","@graph":[{"@type":"WebPage","@id":"https:\/\/carland-solutions.pt\/pt-pt\/product\/citroen-jumpy-2024-2-0-diesel-automatico\/","url":"https:\/\/carland-solutions.pt\/pt-pt\/product\/citroen-jumpy-2024-2-0-diesel-automatico\/","name":"Citro\u00ebn Jumpy 2024 | 2.0 Diesel | Autom\u00e1tico - Carland Solutions","isPartOf":{"@id":"https:\/\/carland-solutions.pt\/pt-pt\/#website"},"primaryImageOfPage":{"@id":"https:\/\/carland-solutions.pt\/pt-pt\/product\/citroen-jumpy-2024-2-0-diesel-automatico\/#primaryimage"},"image":{"@id":"https:\/\/carland-solutions.pt\/pt-pt\/product\/citroen-jumpy-2024-2-0-diesel-automatico\/#primaryimage"},"thumbnailUrl":"https:\/\/carland-solutions.pt\/wp-content\/uploads\/2025\/05\/499552197_122191018550098046_8951227683959919241_n.jpg","datePublished":"2025-02-10T10:23:49+00:00","dateModified":"2025-10-09T08:43:01+00:00","breadcrumb":{"@id":"https:\/\/carland-solutions.pt\/pt-pt\/product\/citroen-jumpy-2024-2-0-diesel-automatico\/#breadcrumb"},"inLanguage":"pt-PT","potentialAction":[{"@type":"ReadAction","target":["https:\/\/carland-solutions.pt\/pt-pt\/product\/citroen-jumpy-2024-2-0-diesel-automatico\/"]}]},{"@type":"ImageObject","inLanguage":"pt-PT","@id":"https:\/\/carland-solutions.pt\/pt-pt\/product\/citroen-jumpy-2024-2-0-diesel-automatico\/#primaryimage","url":"https:\/\/carland-solutions.pt\/wp-content\/uploads\/2025\/05\/499552197_122191018550098046_8951227683959919241_n.jpg","contentUrl":"https:\/\/carland-solutions.pt\/wp-content\/uploads\/2025\/05\/499552197_122191018550098046_8951227683959919241_n.jpg","width":1080,"height":1350},{"@type":"BreadcrumbList","@id":"https:\/\/carland-solutions.pt\/pt-pt\/product\/citroen-jumpy-2024-2-0-diesel-automatico\/#breadcrumb","itemListElement":[{"@type":"ListItem","position":1,"name":"Home","item":"https:\/\/carland-solutions.pt\/pt-pt\/"},{"@type":"ListItem","position":2,"name":"Refund and Returns Policy","item":"https:\/\/carland-solutions.pt\/?page_id=17"},{"@type":"ListItem","position":3,"name":"Citro\u00ebn Jumpy 2024 | 2.0 Diesel | Autom\u00e1tico"}]},{"@type":"WebSite","@id":"https:\/\/carland-solutions.pt\/pt-pt\/#website","url":"https:\/\/carland-solutions.pt\/pt-pt\/","name":"Carland Solutions","description":"","publisher":{"@id":"https:\/\/carland-solutions.pt\/pt-pt\/#organization"},"potentialAction":[{"@type":"SearchAction","target":{"@type":"EntryPoint","urlTemplate":"https:\/\/carland-solutions.pt\/pt-pt\/?s={search_term_string}"},"query-input":{"@type":"PropertyValueSpecification","valueRequired":true,"valueName":"search_term_string"}}],"inLanguage":"pt-PT"},{"@type":"Organization","@id":"https:\/\/carland-solutions.pt\/pt-pt\/#organization","name":"Carland Solutions","url":"https:\/\/carland-solutions.pt\/pt-pt\/","logo":{"@type":"ImageObject","inLanguage":"pt-PT","@id":"https:\/\/carland-solutions.pt\/pt-pt\/#\/schema\/logo\/image\/","url":"https:\/\/carland-solutions.pt\/wp-content\/uploads\/2025\/01\/Carland-Solutions-WBG-900x400-11.jpg","contentUrl":"https:\/\/carland-solutions.pt\/wp-content\/uploads\/2025\/01\/Carland-Solutions-WBG-900x400-11.jpg","width":900,"height":400,"caption":"Carland Solutions"},"image":{"@id":"https:\/\/carland-solutions.pt\/pt-pt\/#\/schema\/logo\/image\/"},"sameAs":["https:\/\/www.facebook.com\/carlandsolutions","https:\/\/www.instagram.com\/carlandsolutions\/"]}]}},"_links":{"self":[{"href":"https:\/\/carland-solutions.pt\/pt-pt\/wp-json\/wp\/v2\/product\/1828","targetHints":{"allow":["GET"]}}],"collection":[{"href":"https:\/\/carland-solutions.pt\/pt-pt\/wp-json\/wp\/v2\/product"}],"about":[{"href":"https:\/\/carland-solutions.pt\/pt-pt\/wp-json\/wp\/v2\/types\/product"}],"wp:featuredmedia":[{"embeddable":true,"href":"https:\/\/carland-solutions.pt\/pt-pt\/wp-json\/wp\/v2\/media\/1792"}],"wp:attachment":[{"href":"https:\/\/carland-solutions.pt\/pt-pt\/wp-json\/wp\/v2\/media?parent=1828"}],"wp:term":[{"taxonomy":"product_brand","embeddable":true,"href":"https:\/\/carland-solutions.pt\/pt-pt\/wp-json\/wp\/v2\/product_brand?post=1828"},{"taxonomy":"product_cat","embeddable":true,"href":"https:\/\/carland-solutions.pt\/pt-pt\/wp-json\/wp\/v2\/product_cat?post=1828"},{"taxonomy":"product_tag","embeddable":true,"href":"https:\/\/carland-solutions.pt\/pt-pt\/wp-json\/wp\/v2\/product_tag?post=1828"}],"curies":[{"name":"wp","href":"https:\/\/api.w.org\/{rel}","templated":true}]}}