{"id":232,"date":"2025-01-05T20:00:36","date_gmt":"2025-01-05T20:00:36","guid":{"rendered":"https:\/\/carland-solutions.pt\/carland-solutions\/"},"modified":"2025-01-05T20:00:36","modified_gmt":"2025-01-05T20:00:36","slug":"carland-solutions","status":"publish","type":"page","link":"https:\/\/carland-solutions.pt\/pt-pt\/carland-solutions\/","title":{"rendered":"Carland Solutions"},"content":{"rendered":"<div class=\"wpb-content-wrapper\"><p>[vc_row][vc_column width=&#8221;1\/2&#8243;][vc_column_text css=&#8221;&#8221;]<\/p>\n<h2>Sobre a Carland Solutions<\/h2>\n<p>Bem-vindo \u00e0 Carland Solutions, o seu parceiro de confian\u00e7a na compra e importa\u00e7\u00e3o de autom\u00f3veis usados em Portugal. A nossa empresa nasceu de uma experi\u00eancia pessoal e evoluiu para uma solu\u00e7\u00e3o de servi\u00e7o completo para holandeses, belgas, alem\u00e3es e portugueses que vivem em Portugal. <\/p>\n<p><strong>Como tudo come\u00e7ou?<\/strong><\/p>\n<p>Depois de ter gerido um neg\u00f3cio de sucesso na Holanda durante 12 anos, emigrei para o terrritorio Portugu\u00eas em 2021 como cidad\u00e3o holand\u00eas, nascido e criado.<\/p>\n<p>Embora tenha gostado muito da minha nova vida, cedo descobri os desafios de trazer o meu pr\u00f3prio carro para Portugal. Os regulamentos complexos, os requisitos t\u00e9cnicos e as v\u00e1rias etapas administrativas tornaram o processo demorado e confuso. Mesmo assim, estava determinado a faze-lo bem, depois de muito esfor\u00e7o e pesquisa, consegui!<\/p>\n<p>Infelizmente percebi que n\u00e3o era o \u00fanico a enfrentar estes obst\u00e1culos. Muitos outros neerlandeses (mas tamb\u00e9m outros residentes na UE) tiveram dificuldade em importar os seus ve\u00edculos corretamente e cumprir a regulamenta\u00e7\u00e3o portuguesa. Por isso mesmo decidi partilhar a minha experi\u00eancia e ajudar as pessoas a importar os seus carros com tranquilidade e sem problemas.   <\/p>\n<p>  [\/vc_column_text][\/vc_column][vc_column width=&#8221;1\/2&#8243;][vc_single_image image=&#8221;138&#8243; img_size=&#8221;600&#215;600&#8243; alignment=&#8221;center&#8221; style=&#8221;vc_box_rounded&#8221; css=&#8221;&#8221;][\/vc_column][\/vc_row][vc_row][vc_column][vc_column_text css=&#8221;&#8221;]<strong>A funda\u00e7\u00e3o da Carland Solutions<\/strong><\/p>\n<p>A Carland Solutions nasceu, desta necessidade de ajudar o pr\u00f3ximo devido a minha propria esperi\u00eancia. Atuamos oficialmente como empresa desde 2023 e oferecemos dois servi\u00e7os essenciais: a venda de carros usados de confian\u00e7a e o apoio total \u00e0 importa\u00e7\u00e3o de ve\u00edculos para Portugal.<\/p>\n<p>Compreendemos que o processo pode ser complicado, especialmente quando se trata de regulamentos de outro pa\u00eds e possivelmente de uma barreira lingu\u00edstica. \u00c9 por isso que oferecemos um servi\u00e7o completo, desde a recolha dos documentos necess\u00e1rios at\u00e9 \u00e0 organiza\u00e7\u00e3o de inspe\u00e7\u00f5es t\u00e9cnicas e ao tratamento das formalidades fiscais e de registo. Tratamos de tudo para que os nossos clientes possam usufruir da sua nova vida em Portugal, sem terem de se preocupar com a sua mobilidade. <\/p>\n<p><strong>Porqu\u00ea a Carland Solutions?<\/strong><\/p>\n<p>Os nossos clientes apreciam-nos pela nossa abordagem pessoal, pelo nosso conhecimento do mercado e da legisla\u00e7\u00e3o local. Porque tamb\u00e9m suportamos os desafios da emigra\u00e7\u00e3o e da importa\u00e7\u00e3o de ve\u00edculos, podemos simpatizar perfeitamente com os nossos clientes. Quer seja um holand\u00eas que acabou de chegar a Portugal, um alem\u00e3o que aqui vive h\u00e1 anos, ou um portugu\u00eas que procura um carro usado de confian\u00e7a, estamos aqui para o ajudar!<\/p>\n<p>A Carland Solutions oferece uma gama de autom\u00f3veis usados cuidadosamente selecionada. Trabalhamos com concession\u00e1rios de confian\u00e7a e garantimos que cada carro cumpre elevados padr\u00f5es de qualidade. Desta forma pode ter a certeza de que est\u00e1 a fazer um bom investimento. Quer esteja \u00e0 procura do seu pr\u00f3ximo carro ou precise de ajuda para importar o seu ve\u00edculo, a nossa equipa est\u00e1 aqui para ajudar. Estamos ansiosos para ajud\u00e1-lo!  <\/p>\n<p>    [\/vc_column_text][\/vc_column][\/vc_row][vc_row][vc_column][vc_column_text css=&#8221;&#8221;]<\/p>\n<h2>Entre em contacto com a Carland Solutions<\/h2>\n<p>Tem alguma pergunta ou coment\u00e1rio para n\u00f3s? Por isso, gostamos sempre de ouvir isso! Ao preencher o formul\u00e1rio abaixo, tentaremos sempre responder-lhe o mais rapidamente poss\u00edvel por telefone ou e-mail.  [\/vc_column_text][vc_row_inner][vc_column_inner width=&#8221;1\/2&#8243; css=&#8221;.vc_custom_1725283147841{background-color: #ededed !important;border-radius: 10px !important;}&#8221;][vc_column_text css=&#8221;&#8221;]\n<div class=\"wpcf7 no-js\" id=\"wpcf7-f1206-o1\" lang=\"pt-PT\" dir=\"ltr\" data-wpcf7-id=\"1206\">\n<div class=\"screen-reader-response\"><p role=\"status\" aria-live=\"polite\" aria-atomic=\"true\"><\/p> <ul><\/ul><\/div>\n<form action=\"\/pt-pt\/wp-json\/wp\/v2\/pages\/232#wpcf7-f1206-o1\" method=\"post\" class=\"wpcf7-form init\" aria-label=\"Formul\u00e1rio de contacto\" novalidate=\"novalidate\" data-status=\"init\">\n<fieldset class=\"hidden-fields-container\"><input type=\"hidden\" name=\"_wpcf7\" value=\"1206\" \/><input type=\"hidden\" name=\"_wpcf7_version\" value=\"6.1.5\" \/><input type=\"hidden\" name=\"_wpcf7_locale\" value=\"pt_PT\" \/><input type=\"hidden\" name=\"_wpcf7_unit_tag\" value=\"wpcf7-f1206-o1\" \/><input type=\"hidden\" name=\"_wpcf7_container_post\" value=\"0\" \/><input type=\"hidden\" name=\"_wpcf7_posted_data_hash\" value=\"\" \/>\n<\/fieldset>\n<p><span class=\"wpcf7-form-control-wrap\" data-name=\"naam\"><input size=\"40\" maxlength=\"400\" class=\"wpcf7-form-control wpcf7-text wpcf7-validates-as-required\" aria-required=\"true\" aria-invalid=\"false\" placeholder=\"Nome (Obrigat\u00f3rio)\" value=\"\" type=\"text\" name=\"naam\" \/><\/span>\n<\/p>\n<p><span class=\"wpcf7-form-control-wrap\" data-name=\"email\"><input size=\"40\" maxlength=\"400\" class=\"wpcf7-form-control wpcf7-email wpcf7-validates-as-required wpcf7-text wpcf7-validates-as-email\" aria-required=\"true\" aria-invalid=\"false\" placeholder=\"Endere\u00e7o de email (Obrigat\u00f3rio)\" value=\"\" type=\"email\" name=\"email\" \/><\/span>\n<\/p>\n<p><span class=\"wpcf7-form-control-wrap\" data-name=\"tel\"><input size=\"40\" maxlength=\"400\" class=\"wpcf7-form-control wpcf7-tel wpcf7-validates-as-required wpcf7-text wpcf7-validates-as-tel\" aria-required=\"true\" aria-invalid=\"false\" placeholder=\"N\u00famero de telefone (+351.., +31.., +49..) (Obrigat\u00f3rio)\" value=\"\" type=\"tel\" name=\"tel\" \/><\/span>\n<\/p>\n<p><span class=\"wpcf7-form-control-wrap\" data-name=\"bericht\"><textarea cols=\"40\" rows=\"10\" maxlength=\"2000\" class=\"wpcf7-form-control wpcf7-textarea\" aria-invalid=\"false\" placeholder=\"Tem alguma pergunta, ou coment\u00e1rio? Temos todo o prazer em ajudar!\" name=\"bericht\"><\/textarea><\/span>\n<\/p>\n<p><input class=\"wpcf7-form-control wpcf7-submit has-spinner\" type=\"submit\" value=\"Enviar\" \/>\n<\/p><div class=\"wpcf7-response-output\" aria-hidden=\"true\"><\/div>\n<\/form>\n<\/div>\n[\/vc_column_text][\/vc_column_inner][vc_column_inner width=&#8221;1\/2&#8243; css=&#8221;.vc_custom_1725282829233{padding-left: 35px !important;}&#8221;][vc_column_text css=&#8221;&#8221;]<strong>Carland Solutions<\/strong><br \/>\nAlto da Ucha<br \/>\n3560-136 S\u00e1t\u00e3o<br \/>\nPortugal<\/p>\n<p><a href=\"tel:+31641972793\" data-type=\"tel\" data-id=\"tel:+31641972793\">+31 6 419 727 93<\/a><br \/>\n<a href=\"tel:+351960184708\" data-type=\"tel\" data-id=\"tel:+351960184708\">+351 960 184 708<\/a><\/p>\n<p><a href=\"https:\/\/wa.me\/31641972793\" data-type=\"link\" data-id=\"https:\/\/wa.me\/31641972793\">WhatsApp<\/a><br \/>\n<a href=\"mailto:Chavesvanschendel@gmail.com\">Chavesvanschendel@gmail.com<\/a>[\/vc_column_text][\/vc_column_inner][\/vc_row_inner][\/vc_column][\/vc_row]<\/p>\n<\/div>","protected":false},"excerpt":{"rendered":"<p>[vc_row][vc_column width=&#8221;1\/2&#8243;][vc_column_text css=&#8221;&#8221;] Sobre a Carland Solutions Bem-vindo \u00e0 Carland Solutions, o seu parceiro de confian\u00e7a na compra e importa\u00e7\u00e3o de autom\u00f3veis usados em Portugal. A nossa empresa nasceu de uma experi\u00eancia pessoal e evoluiu para uma solu\u00e7\u00e3o de servi\u00e7o completo para holandeses, belgas, alem\u00e3es e portugueses que vivem em Portugal. Como tudo come\u00e7ou? Depois&hellip;<\/p>\n","protected":false},"author":1,"featured_media":0,"parent":0,"menu_order":400,"comment_status":"closed","ping_status":"closed","template":"","meta":{"footnotes":""},"class_list":["post-232","page","type-page","status-publish","hentry","description-off"],"yoast_head":"<!-- This site is optimized with the Yoast SEO plugin v27.5 - https:\/\/yoast.com\/product\/yoast-seo-wordpress\/ -->\n<title>Carland Solutions - Carland Solutions<\/title>\n<meta name=\"robots\" content=\"index, follow, max-snippet:-1, max-image-preview:large, max-video-preview:-1\" \/>\n<link rel=\"canonical\" href=\"https:\/\/carland-solutions.pt\/pt-pt\/carland-solutions\/\" \/>\n<meta property=\"og:locale\" content=\"pt_PT\" \/>\n<meta property=\"og:type\" content=\"article\" \/>\n<meta property=\"og:title\" content=\"Carland Solutions - Carland Solutions\" \/>\n<meta property=\"og:description\" content=\"[vc_row][vc_column width=&#8221;1\/2&#8243;][vc_column_text css=&#8221;&#8221;] Sobre a Carland Solutions Bem-vindo \u00e0 Carland Solutions, o seu parceiro de confian\u00e7a na compra e importa\u00e7\u00e3o de autom\u00f3veis usados em Portugal. A nossa empresa nasceu de uma experi\u00eancia pessoal e evoluiu para uma solu\u00e7\u00e3o de servi\u00e7o completo para holandeses, belgas, alem\u00e3es e portugueses que vivem em Portugal. Como tudo come\u00e7ou? Depois&hellip;\" \/>\n<meta property=\"og:url\" content=\"https:\/\/carland-solutions.pt\/pt-pt\/carland-solutions\/\" \/>\n<meta property=\"og:site_name\" content=\"Carland Solutions\" \/>\n<meta property=\"article:publisher\" content=\"https:\/\/www.facebook.com\/carlandsolutions\" \/>\n<meta property=\"og:image\" content=\"https:\/\/carland-solutions.pt\/wp-content\/uploads\/2025\/01\/Carland-Solutions-WBG-900x400-11.jpg\" \/>\n\t<meta property=\"og:image:width\" content=\"900\" \/>\n\t<meta property=\"og:image:height\" content=\"400\" \/>\n\t<meta property=\"og:image:type\" content=\"image\/jpeg\" \/>\n<meta name=\"twitter:card\" content=\"summary_large_image\" \/>\n<meta name=\"twitter:label1\" content=\"Tempo estimado de leitura\" \/>\n\t<meta name=\"twitter:data1\" content=\"3 minutos\" \/>\n<script type=\"application\/ld+json\" class=\"yoast-schema-graph\">{\"@context\":\"https:\\\/\\\/schema.org\",\"@graph\":[{\"@type\":\"WebPage\",\"@id\":\"https:\\\/\\\/carland-solutions.pt\\\/pt-pt\\\/carland-solutions\\\/\",\"url\":\"https:\\\/\\\/carland-solutions.pt\\\/pt-pt\\\/carland-solutions\\\/\",\"name\":\"Carland Solutions - Carland Solutions\",\"isPartOf\":{\"@id\":\"https:\\\/\\\/carland-solutions.pt\\\/pt-pt\\\/#website\"},\"datePublished\":\"2025-01-05T20:00:36+00:00\",\"breadcrumb\":{\"@id\":\"https:\\\/\\\/carland-solutions.pt\\\/pt-pt\\\/carland-solutions\\\/#breadcrumb\"},\"inLanguage\":\"pt-PT\",\"potentialAction\":[{\"@type\":\"ReadAction\",\"target\":[\"https:\\\/\\\/carland-solutions.pt\\\/pt-pt\\\/carland-solutions\\\/\"]}]},{\"@type\":\"BreadcrumbList\",\"@id\":\"https:\\\/\\\/carland-solutions.pt\\\/pt-pt\\\/carland-solutions\\\/#breadcrumb\",\"itemListElement\":[{\"@type\":\"ListItem\",\"position\":1,\"name\":\"Home\",\"item\":\"https:\\\/\\\/carland-solutions.pt\\\/pt-pt\\\/\"},{\"@type\":\"ListItem\",\"position\":2,\"name\":\"Carland Solutions\"}]},{\"@type\":\"WebSite\",\"@id\":\"https:\\\/\\\/carland-solutions.pt\\\/pt-pt\\\/#website\",\"url\":\"https:\\\/\\\/carland-solutions.pt\\\/pt-pt\\\/\",\"name\":\"Carland Solutions\",\"description\":\"\",\"publisher\":{\"@id\":\"https:\\\/\\\/carland-solutions.pt\\\/pt-pt\\\/#organization\"},\"potentialAction\":[{\"@type\":\"SearchAction\",\"target\":{\"@type\":\"EntryPoint\",\"urlTemplate\":\"https:\\\/\\\/carland-solutions.pt\\\/pt-pt\\\/?s={search_term_string}\"},\"query-input\":{\"@type\":\"PropertyValueSpecification\",\"valueRequired\":true,\"valueName\":\"search_term_string\"}}],\"inLanguage\":\"pt-PT\"},{\"@type\":\"Organization\",\"@id\":\"https:\\\/\\\/carland-solutions.pt\\\/pt-pt\\\/#organization\",\"name\":\"Carland Solutions\",\"url\":\"https:\\\/\\\/carland-solutions.pt\\\/pt-pt\\\/\",\"logo\":{\"@type\":\"ImageObject\",\"inLanguage\":\"pt-PT\",\"@id\":\"https:\\\/\\\/carland-solutions.pt\\\/pt-pt\\\/#\\\/schema\\\/logo\\\/image\\\/\",\"url\":\"https:\\\/\\\/carland-solutions.pt\\\/wp-content\\\/uploads\\\/2025\\\/01\\\/Carland-Solutions-WBG-900x400-11.jpg\",\"contentUrl\":\"https:\\\/\\\/carland-solutions.pt\\\/wp-content\\\/uploads\\\/2025\\\/01\\\/Carland-Solutions-WBG-900x400-11.jpg\",\"width\":900,\"height\":400,\"caption\":\"Carland Solutions\"},\"image\":{\"@id\":\"https:\\\/\\\/carland-solutions.pt\\\/pt-pt\\\/#\\\/schema\\\/logo\\\/image\\\/\"},\"sameAs\":[\"https:\\\/\\\/www.facebook.com\\\/carlandsolutions\",\"https:\\\/\\\/www.instagram.com\\\/carlandsolutions\\\/\"]}]}<\/script>\n<!-- \/ Yoast SEO plugin. -->","yoast_head_json":{"title":"Carland Solutions - Carland Solutions","robots":{"index":"index","follow":"follow","max-snippet":"max-snippet:-1","max-image-preview":"max-image-preview:large","max-video-preview":"max-video-preview:-1"},"canonical":"https:\/\/carland-solutions.pt\/pt-pt\/carland-solutions\/","og_locale":"pt_PT","og_type":"article","og_title":"Carland Solutions - Carland Solutions","og_description":"[vc_row][vc_column width=&#8221;1\/2&#8243;][vc_column_text css=&#8221;&#8221;] Sobre a Carland Solutions Bem-vindo \u00e0 Carland Solutions, o seu parceiro de confian\u00e7a na compra e importa\u00e7\u00e3o de autom\u00f3veis usados em Portugal. A nossa empresa nasceu de uma experi\u00eancia pessoal e evoluiu para uma solu\u00e7\u00e3o de servi\u00e7o completo para holandeses, belgas, alem\u00e3es e portugueses que vivem em Portugal. Como tudo come\u00e7ou? Depois&hellip;","og_url":"https:\/\/carland-solutions.pt\/pt-pt\/carland-solutions\/","og_site_name":"Carland Solutions","article_publisher":"https:\/\/www.facebook.com\/carlandsolutions","og_image":[{"width":900,"height":400,"url":"https:\/\/carland-solutions.pt\/wp-content\/uploads\/2025\/01\/Carland-Solutions-WBG-900x400-11.jpg","type":"image\/jpeg"}],"twitter_card":"summary_large_image","twitter_misc":{"Tempo estimado de leitura":"3 minutos"},"schema":{"@context":"https:\/\/schema.org","@graph":[{"@type":"WebPage","@id":"https:\/\/carland-solutions.pt\/pt-pt\/carland-solutions\/","url":"https:\/\/carland-solutions.pt\/pt-pt\/carland-solutions\/","name":"Carland Solutions - Carland Solutions","isPartOf":{"@id":"https:\/\/carland-solutions.pt\/pt-pt\/#website"},"datePublished":"2025-01-05T20:00:36+00:00","breadcrumb":{"@id":"https:\/\/carland-solutions.pt\/pt-pt\/carland-solutions\/#breadcrumb"},"inLanguage":"pt-PT","potentialAction":[{"@type":"ReadAction","target":["https:\/\/carland-solutions.pt\/pt-pt\/carland-solutions\/"]}]},{"@type":"BreadcrumbList","@id":"https:\/\/carland-solutions.pt\/pt-pt\/carland-solutions\/#breadcrumb","itemListElement":[{"@type":"ListItem","position":1,"name":"Home","item":"https:\/\/carland-solutions.pt\/pt-pt\/"},{"@type":"ListItem","position":2,"name":"Carland Solutions"}]},{"@type":"WebSite","@id":"https:\/\/carland-solutions.pt\/pt-pt\/#website","url":"https:\/\/carland-solutions.pt\/pt-pt\/","name":"Carland Solutions","description":"","publisher":{"@id":"https:\/\/carland-solutions.pt\/pt-pt\/#organization"},"potentialAction":[{"@type":"SearchAction","target":{"@type":"EntryPoint","urlTemplate":"https:\/\/carland-solutions.pt\/pt-pt\/?s={search_term_string}"},"query-input":{"@type":"PropertyValueSpecification","valueRequired":true,"valueName":"search_term_string"}}],"inLanguage":"pt-PT"},{"@type":"Organization","@id":"https:\/\/carland-solutions.pt\/pt-pt\/#organization","name":"Carland Solutions","url":"https:\/\/carland-solutions.pt\/pt-pt\/","logo":{"@type":"ImageObject","inLanguage":"pt-PT","@id":"https:\/\/carland-solutions.pt\/pt-pt\/#\/schema\/logo\/image\/","url":"https:\/\/carland-solutions.pt\/wp-content\/uploads\/2025\/01\/Carland-Solutions-WBG-900x400-11.jpg","contentUrl":"https:\/\/carland-solutions.pt\/wp-content\/uploads\/2025\/01\/Carland-Solutions-WBG-900x400-11.jpg","width":900,"height":400,"caption":"Carland Solutions"},"image":{"@id":"https:\/\/carland-solutions.pt\/pt-pt\/#\/schema\/logo\/image\/"},"sameAs":["https:\/\/www.facebook.com\/carlandsolutions","https:\/\/www.instagram.com\/carlandsolutions\/"]}]}},"_links":{"self":[{"href":"https:\/\/carland-solutions.pt\/pt-pt\/wp-json\/wp\/v2\/pages\/232","targetHints":{"allow":["GET"]}}],"collection":[{"href":"https:\/\/carland-solutions.pt\/pt-pt\/wp-json\/wp\/v2\/pages"}],"about":[{"href":"https:\/\/carland-solutions.pt\/pt-pt\/wp-json\/wp\/v2\/types\/page"}],"author":[{"embeddable":true,"href":"https:\/\/carland-solutions.pt\/pt-pt\/wp-json\/wp\/v2\/users\/1"}],"replies":[{"embeddable":true,"href":"https:\/\/carland-solutions.pt\/pt-pt\/wp-json\/wp\/v2\/comments?post=232"}],"version-history":[{"count":0,"href":"https:\/\/carland-solutions.pt\/pt-pt\/wp-json\/wp\/v2\/pages\/232\/revisions"}],"wp:attachment":[{"href":"https:\/\/carland-solutions.pt\/pt-pt\/wp-json\/wp\/v2\/media?parent=232"}],"curies":[{"name":"wp","href":"https:\/\/api.w.org\/{rel}","templated":true}]}}