{"id":231,"date":"2025-01-05T19:57:09","date_gmt":"2025-01-05T19:57:09","guid":{"rendered":"https:\/\/carland-solutions.pt\/mediacao-de-importacao\/"},"modified":"2025-03-19T19:40:23","modified_gmt":"2025-03-19T19:40:23","slug":"mediacao-de-importacao","status":"publish","type":"page","link":"https:\/\/carland-solutions.pt\/pt-pt\/mediacao-de-importacao\/","title":{"rendered":"Media\u00e7\u00e3o de importa\u00e7\u00e3o"},"content":{"rendered":"<div class=\"wpb-content-wrapper\"><p>[vc_row][vc_column width=&#8221;2\/3&#8243;][vc_column_text css=&#8221;&#8221;]<\/p>\n<h1>Media\u00e7\u00e3o de importa\u00e7\u00e3o<\/h1>\n<p>[\/vc_column_text][vc_column_text css=&#8221;&#8221;]<strong>Importar o seu autom\u00f3vel para Portugal? N\u00f3s simplificamos para si. <\/strong><\/p>\n<p>Importar um carro para Portugal pode ser um processo complicado, especialmente se \u00e9 novo no pa\u00eds. No entanto, se emigrar, tem a vantagem de importar um ve\u00edculo com a isen\u00e7\u00e3o de Imposto Sobre Ve\u00edculos (ISV).<\/p>\n<p>\u00c9 importante saber que a documenta\u00e7\u00e3o e os procedimentos dependem da situa\u00e7\u00e3o espec\u00edfica. Embora os documentos exigidos variem, podemos orient\u00e1-lo ao longo de todo o processo, para garantir que tudo \u00e9 tratado de forma correta e eficiente.<\/p>\n<p>Se preferir deixar esta tarefa para um especialista, estamos prontos para o ajudar! Preencha o formul\u00e1rio no final desta p\u00e1gina e entraremos em contacto consigo sem compromisso! <\/p>\n<p> [\/vc_column_text][\/vc_column][vc_column width=&#8221;1\/3&#8243;][vc_row_inner][vc_column_inner][vc_empty_space height=&#8221;80px&#8221;][vc_column_text css=&#8221;.vc_custom_1734378028239{padding-top: 25px !important;padding-right: 35px !important;padding-bottom: 25px !important;padding-left: 35px !important;background-color: #1c2e4a !important;border-radius: 10px !important;}&#8221;]<span style=\"color: #ffffff;\"><i class=\"fa-fw dt-icon-the7-misc-017\"><\/i><strong> Importa\u00e7\u00e3o personalizada<\/strong><\/span><\/p>\n<p><span style=\"color: #ffffff;\"><i class=\"fa-fw dt-icon-the7-misc-017\"><\/i><strong> Parceiro confi\u00e1vel<\/strong><\/span><\/p>\n<p><span style=\"color: #ffffff;\"><i class=\"fa-fw dt-icon-the7-misc-017\"><\/i><strong> Servi\u00e7o r\u00e1pido<\/strong><\/span><\/p>\n<p><span style=\"color: #ffffff;\"><i class=\"fa-fw dt-icon-the7-misc-017\"><\/i><strong> Mais de 380 clientes satisfeitos<\/strong><\/span>[\/vc_column_text][\/vc_column_inner][\/vc_row_inner][\/vc_column][\/vc_row][vc_row css=&#8221;.vc_custom_1732894768891{margin-top: 50px !important;margin-bottom: 35px !important;}&#8221;][vc_column][vc_column_text css=&#8221;&#8221;]<\/p>\n<h2 style=\"text-align: center;\">A Carland Solutions soluciona a um ritmo competitivo<\/h2>\n<p>[\/vc_column_text][\/vc_column][\/vc_row][vc_row gap=&#8221;30&#8243; equal_height=&#8221;yes&#8221; css=&#8221;.vc_custom_1732894802101{margin-bottom: 50px !important;}&#8221;][vc_column width=&#8221;1\/3&#8243; css=&#8221;.vc_custom_1732894634115{background-color: #1C2E4A !important;border-radius: 10px !important;}&#8221;][vc_column_text css=&#8221;&#8221;]<\/p>\n<h3 style=\"text-align: center;\"><span style=\"color: #ffffff;\">Passo 1<\/span><\/h3>\n<p>[\/vc_column_text][vc_column_text css=&#8221;&#8221;]<span style=\"color: #ffffff;\">Entraremos em contacto consigo e discutiremos as op\u00e7\u00f5es para importar o seu carro e regist\u00e1-lo com matr\u00edcula nacional.<\/span>[\/vc_column_text][\/vc_column][vc_column width=&#8221;1\/3&#8243; css=&#8221;.vc_custom_1732894643868{background-color: #1C2E4A !important;border-radius: 10px !important;}&#8221;][vc_column_text css=&#8221;&#8221;]<\/p>\n<h3 style=\"text-align: center;\"><span style=\"color: #ffffff;\">Etapa 2<\/span><\/h3>\n<p>[\/vc_column_text][vc_column_text css=&#8221;&#8221;]<span style=\"color: #ffffff;\">Fornecemos as informa\u00e7\u00f5es e os documentos necess\u00e1rios para importa\u00e7\u00e3o seu carro com sucesso. <\/span>[\/vc_column_text][\/vc_column][vc_column width=&#8221;1\/3&#8243; css=&#8221;.vc_custom_1732894654386{background-color: #1C2E4A !important;border-radius: 10px !important;}&#8221;][vc_column_text css=&#8221;&#8221;]<\/p>\n<h3 style=\"text-align: center;\"><span style=\"color: #ffffff;\">Etapa 3<\/span><\/h3>\n<p>[\/vc_column_text][vc_column_text css=&#8221;&#8221;]<span style=\"color: #ffffff;\">O seu carro est\u00e1 pronto para receber uma matr\u00edcula portuguesa.<br \/>A partir de agora pode conduzir em Portugal sem preocupa\u00e7\u00f5es! <\/span>[\/vc_column_text][\/vc_column][\/vc_row][vc_row css=&#8221;.vc_custom_1728045748118{margin-bottom: 50px !important;}&#8221;][vc_column][vc_column_text css=&#8221;&#8221;]Temos todo o gosto em ajud\u00e1-lo a importar o seu carro. Para o melhor ajuadar e mais rapidamente poss\u00edvel, temos algumas perguntas curtas para si. Preencha todo o formul\u00e1rio e entraremos em contacto consigo o mais breve poss\u00edvel! [\/vc_column_text][vc_row_inner][vc_column_inner width=&#8221;1\/4&#8243;][\/vc_column_inner][vc_column_inner width=&#8221;1\/2&#8243; css=&#8221;.vc_custom_1728045826728{background-color: #ededed !important;border-radius: 10px !important;}&#8221;][vc_column_text css=&#8221;&#8221;]\n<div class=\"wpcf7 no-js\" id=\"wpcf7-f1207-o1\" lang=\"pt-PT\" dir=\"ltr\" data-wpcf7-id=\"1207\">\n<div class=\"screen-reader-response\"><p role=\"status\" aria-live=\"polite\" aria-atomic=\"true\"><\/p> <ul><\/ul><\/div>\n<form action=\"\/pt-pt\/wp-json\/wp\/v2\/pages\/231#wpcf7-f1207-o1\" method=\"post\" class=\"wpcf7-form init\" aria-label=\"Formul\u00e1rio de contacto\" novalidate=\"novalidate\" data-status=\"init\">\n<fieldset class=\"hidden-fields-container\"><input type=\"hidden\" name=\"_wpcf7\" value=\"1207\" \/><input type=\"hidden\" name=\"_wpcf7_version\" value=\"6.1.5\" \/><input type=\"hidden\" name=\"_wpcf7_locale\" value=\"pt_PT\" \/><input type=\"hidden\" name=\"_wpcf7_unit_tag\" value=\"wpcf7-f1207-o1\" \/><input type=\"hidden\" name=\"_wpcf7_container_post\" value=\"0\" \/><input type=\"hidden\" name=\"_wpcf7_posted_data_hash\" value=\"\" \/>\n<\/fieldset>\n<p><span class=\"wpcf7-form-control-wrap\" data-name=\"voornaam\"><input size=\"40\" maxlength=\"400\" class=\"wpcf7-form-control wpcf7-text wpcf7-validates-as-required\" aria-required=\"true\" aria-invalid=\"false\" placeholder=\"Primeiro nome (Obrigat\u00f3rio)\" value=\"\" type=\"text\" name=\"voornaam\" \/><\/span>\n<\/p>\n<p><span class=\"wpcf7-form-control-wrap\" data-name=\"achternaam\"><input size=\"40\" maxlength=\"400\" class=\"wpcf7-form-control wpcf7-text wpcf7-validates-as-required\" aria-required=\"true\" aria-invalid=\"false\" placeholder=\"Sobrenome (Obrigat\u00f3rio)\" value=\"\" type=\"text\" name=\"achternaam\" \/><\/span>\n<\/p>\n<p><span class=\"wpcf7-form-control-wrap\" data-name=\"email\"><input size=\"40\" maxlength=\"400\" class=\"wpcf7-form-control wpcf7-email wpcf7-validates-as-required wpcf7-text wpcf7-validates-as-email\" aria-required=\"true\" aria-invalid=\"false\" placeholder=\"Endere\u00e7o de e-mail (Obrigat\u00f3rio)\" value=\"\" type=\"email\" name=\"email\" \/><\/span>\n<\/p>\n<p><span class=\"wpcf7-form-control-wrap\" data-name=\"tel\"><input size=\"40\" maxlength=\"400\" class=\"wpcf7-form-control wpcf7-tel wpcf7-validates-as-required wpcf7-text wpcf7-validates-as-tel\" aria-required=\"true\" aria-invalid=\"false\" placeholder=\"N\u00famero de telefone (Obrigat\u00f3rio)\" value=\"\" type=\"tel\" name=\"tel\" \/><\/span>\n<\/p>\n<p><span class=\"wpcf7-form-control-wrap\" data-name=\"kenteken\"><input size=\"40\" maxlength=\"400\" class=\"wpcf7-form-control wpcf7-text wpcf7-validates-as-required\" aria-required=\"true\" aria-invalid=\"false\" placeholder=\"Qual \u00e9 a matr\u00edcula do seu autom\u00f3vel? (Obrigat\u00f3rio)\" value=\"\" type=\"text\" name=\"kenteken\" \/><\/span>\n<\/p>\n<p><label>Em que pa\u00eds est\u00e1 atualmente registada esta matr\u00edcula? (Obrigat\u00f3rio)<\/label><br \/>\n<span class=\"wpcf7-form-control-wrap\" data-name=\"landregistratie\"><select class=\"wpcf7-form-control wpcf7-select wpcf7-validates-as-required\" aria-required=\"true\" aria-invalid=\"false\" name=\"landregistratie\"><option value=\"Holanda\">Holanda<\/option><option value=\"B\u00e9lgica\">B\u00e9lgica<\/option><option value=\"Alemanha\">Alemanha<\/option><option value=\"Luxemburgo\">Luxemburgo<\/option><option value=\"Fran\u00e7a\">Fran\u00e7a<\/option><option value=\"Espanha\">Espanha<\/option><option value=\"It\u00e1lia\">It\u00e1lia<\/option><option value=\"\u00c1ustria\">\u00c1ustria<\/option><\/select><\/span>\n<\/p>\n<p><label>Em que data pretende importar o carro? (Obrigat\u00f3rio)<\/label><br \/>\n<span class=\"wpcf7-form-control-wrap\" data-name=\"verhuisdatum\"><input class=\"wpcf7-form-control wpcf7-date wpcf7-validates-as-required wpcf7-validates-as-date\" min=\"2021-01-01\" max=\"2035-01-01\" aria-required=\"true\" aria-invalid=\"false\" placeholder=\"Em que pa\u00eds est\u00e1 atualmente registada esta matr\u00edcula? (Obrigat\u00f3rio)\" value=\"\" type=\"date\" name=\"verhuisdatum\" \/><\/span>\n<\/p>\n<p><label>O carro est\u00e1 na sua posse h\u00e1 mais de 6 meses? (Se 'Sim' pode ser eleg\u00edvel para importar o seu carro com isen\u00e7\u00e3o de impostos) <\/label><br \/>\n<span class=\"wpcf7-form-control-wrap\" data-name=\"belastingvrij\"><span class=\"wpcf7-form-control wpcf7-radio\"><span class=\"wpcf7-list-item first\"><label><span class=\"wpcf7-list-item-label\">Sim<\/span><input type=\"radio\" name=\"belastingvrij\" value=\"Sim\" checked=\"checked\" \/><\/label><\/span><span class=\"wpcf7-list-item last\"><label><span class=\"wpcf7-list-item-label\">N\u00e3o<\/span><input type=\"radio\" name=\"belastingvrij\" value=\"N\u00e3o\" \/><\/label><\/span><\/span><\/span>\n<\/p>\n<p><span class=\"wpcf7-form-control-wrap\" data-name=\"bericht\"><textarea cols=\"40\" rows=\"10\" maxlength=\"2000\" class=\"wpcf7-form-control wpcf7-textarea\" aria-invalid=\"false\" placeholder=\"Tem alguma pergunta, ou coment\u00e1rio? Temos todo o prazer em ajudar!\" name=\"bericht\"><\/textarea><\/span>\n<\/p>\n<p><input class=\"wpcf7-form-control wpcf7-submit has-spinner\" type=\"submit\" value=\"Enviar\" \/>\n<\/p><div class=\"wpcf7-response-output\" aria-hidden=\"true\"><\/div>\n<\/form>\n<\/div>\n[\/vc_column_text][\/vc_column_inner][vc_column_inner width=&#8221;1\/4&#8243;][\/vc_column_inner][\/vc_row_inner][\/vc_column][\/vc_row][vc_row el_id=&#8221;rijbewijs-omwisselen&#8221;][vc_column width=&#8221;2\/3&#8243;][vc_column_text css=&#8221;&#8221;]<\/p>\n<h1>Troque a sua carta de condu\u00e7\u00e3o<\/h1>\n<p>[\/vc_column_text][vc_column_text css=&#8221;&#8221;]<strong>Alterar e registar a carta de condu\u00e7\u00e3o em Portugal \u2013 Evite problemas na estrada<\/strong><\/p>\n<p>Quando emigra para Portugal, n\u00e3o s\u00f3 \u00e9 importante importar corretamente o seu ve\u00edculo, como tamb\u00e9m garantir que continua a conduzir com carta de condu\u00e7\u00e3o v\u00e1lida. Embora a sua carta de condu\u00e7\u00e3o holandesa se mantenha v\u00e1lida, \u00e9 obrigado a regist\u00e1-la no <em>Instituto da Mobilidade e dos Transportes (IMT)<\/em>. <br \/>no prazo de 60 dias ap\u00f3s o seu registo em Portugal. Isto evita problemas e garante que cumpre a legisla\u00e7\u00e3o portuguesa.<\/p>\n<p>Ap\u00f3s a inscri\u00e7\u00e3o no IMT receber\u00e1 o comprovativo da matr\u00edcula, que dever\u00e1 levar sempre consigo quando conduzir em Portugal. Lembre-se: embora a sua carta de condu\u00e7\u00e3o permane\u00e7a v\u00e1lida at\u00e9 \u00e0 data de vencimento, o n\u00e3o cumprimento dos requisitos de registo pode resultar em multas significativas.<\/p>\n<p>Al\u00e9m disso, se tem menos de 18 anos, deve saber que a lei portuguesa exige que os condutores tenham pelo menos 18 anos para conduzir um ve\u00edculo, independentemente de j\u00e1 terem obtido uma carta de condu\u00e7\u00e3o nos Pa\u00edses Baixos.<\/p>\n<p>Quer ter a certeza de que tudo est\u00e1 organizado corretamente e dentro do prazo? Deixe-nos ajud\u00e1-lo com o registo da carta de condu\u00e7\u00e3o e outros assuntos administrativos, para que possa desfrutar das estradas portuguesas sem preocupa\u00e7\u00f5es.  <\/p>\n<p> [\/vc_column_text][\/vc_column][vc_column width=&#8221;1\/3&#8243;][vc_row_inner][vc_column_inner][vc_empty_space height=&#8221;80px&#8221;][vc_column_text css=&#8221;.vc_custom_1734378042007{padding-top: 25px !important;padding-right: 35px !important;padding-bottom: 25px !important;padding-left: 35px !important;background-color: #1c2e4a !important;border-radius: 10px !important;}&#8221;] <span style=\"color: #ffffff;\"><i class=\"fa-fw dt-icon-the7-misc-017\"><\/i><strong> Ajuda com registo no IMT<\/strong><\/span><\/p>\n<p><span style=\"color: #ffffff;\"><i class=\"fa-fw dt-icon-the7-misc-017\"><\/i><strong> Converter a carta de condu\u00e7\u00e3o para portuguesa<\/strong><\/span><\/p>\n<p><span style=\"color: #ffffff;\"><i class=\"fa-fw dt-icon-the7-misc-017\"><\/i><strong> Mais de 50 clientes satisfeitos<\/strong><\/span>[\/vc_column_text][\/vc_column_inner][\/vc_row_inner][\/vc_column][\/vc_row][vc_row css=&#8221;.vc_custom_1728045748118{margin-bottom: 50px !important;}&#8221;][vc_column][vc_column_text css=&#8221;&#8221;]Temos todo o gosto em ajud\u00e1-lo a registar a sua carta de condu\u00e7\u00e3o europeia no IMT ou a converte-la em carta de condu\u00e7\u00e3o portuguesa. Para o podermos ajudar da melhor forma e com a maior brevidade poss\u00edvel, solicitamos que preencha o formul\u00e1rio e entraremos em contacto consigo o mais breve poss\u00edvel! [\/vc_column_text][vc_row_inner][vc_column_inner width=&#8221;1\/4&#8243;][\/vc_column_inner][vc_column_inner width=&#8221;1\/2&#8243; css=&#8221;.vc_custom_1728045826728{background-color: #ededed !important;border-radius: 10px !important;}&#8221;][vc_column_text css=&#8221;&#8221;]\n<div class=\"wpcf7 no-js\" id=\"wpcf7-f1208-o2\" lang=\"pt-PT\" dir=\"ltr\" data-wpcf7-id=\"1208\">\n<div class=\"screen-reader-response\"><p role=\"status\" aria-live=\"polite\" aria-atomic=\"true\"><\/p> <ul><\/ul><\/div>\n<form action=\"\/pt-pt\/wp-json\/wp\/v2\/pages\/231#wpcf7-f1208-o2\" method=\"post\" class=\"wpcf7-form init\" aria-label=\"Formul\u00e1rio de contacto\" novalidate=\"novalidate\" data-status=\"init\">\n<fieldset class=\"hidden-fields-container\"><input type=\"hidden\" name=\"_wpcf7\" value=\"1208\" \/><input type=\"hidden\" name=\"_wpcf7_version\" value=\"6.1.5\" \/><input type=\"hidden\" name=\"_wpcf7_locale\" value=\"pt_PT\" \/><input type=\"hidden\" name=\"_wpcf7_unit_tag\" value=\"wpcf7-f1208-o2\" \/><input type=\"hidden\" name=\"_wpcf7_container_post\" value=\"0\" \/><input type=\"hidden\" name=\"_wpcf7_posted_data_hash\" value=\"\" \/>\n<\/fieldset>\n<p><span class=\"wpcf7-form-control-wrap\" data-name=\"naam\"><input size=\"40\" maxlength=\"400\" class=\"wpcf7-form-control wpcf7-text wpcf7-validates-as-required\" aria-required=\"true\" aria-invalid=\"false\" placeholder=\"Nome (Obrigat\u00f3rio)\" value=\"\" type=\"text\" name=\"naam\" \/><\/span>\n<\/p>\n<p><span class=\"wpcf7-form-control-wrap\" data-name=\"email\"><input size=\"40\" maxlength=\"400\" class=\"wpcf7-form-control wpcf7-email wpcf7-validates-as-required wpcf7-text wpcf7-validates-as-email\" aria-required=\"true\" aria-invalid=\"false\" placeholder=\"Endere\u00e7o de e-mail (Obrigat\u00f3rio)\" value=\"\" type=\"email\" name=\"email\" \/><\/span>\n<\/p>\n<p><span class=\"wpcf7-form-control-wrap\" data-name=\"tel\"><input size=\"40\" maxlength=\"400\" class=\"wpcf7-form-control wpcf7-tel wpcf7-validates-as-required wpcf7-text wpcf7-validates-as-tel\" aria-required=\"true\" aria-invalid=\"false\" placeholder=\"N\u00famero de telefone (+351.., +31.., +49..) (Obrigat\u00f3rio)\" value=\"\" type=\"tel\" name=\"tel\" \/><\/span>\n<\/p>\n<p><span class=\"wpcf7-form-control-wrap\" data-name=\"bericht\"><textarea cols=\"40\" rows=\"10\" maxlength=\"2000\" class=\"wpcf7-form-control wpcf7-textarea\" aria-invalid=\"false\" placeholder=\"Tem alguma pergunta, ou coment\u00e1rio? Temos todo o prazer em ajudar!\" name=\"bericht\"><\/textarea><\/span>\n<\/p>\n<p><input class=\"wpcf7-form-control wpcf7-submit has-spinner\" type=\"submit\" value=\"Enviar\" \/>\n<\/p><div class=\"wpcf7-response-output\" aria-hidden=\"true\"><\/div>\n<\/form>\n<\/div>\n[\/vc_column_text][\/vc_column_inner][vc_column_inner width=&#8221;1\/4&#8243;][\/vc_column_inner][\/vc_row_inner][\/vc_column][\/vc_row]<\/p>\n<\/div>","protected":false},"excerpt":{"rendered":"<p>[vc_row][vc_column width=&#8221;2\/3&#8243;][vc_column_text css=&#8221;&#8221;] Media\u00e7\u00e3o de importa\u00e7\u00e3o [\/vc_column_text][vc_column_text css=&#8221;&#8221;]Importar o seu autom\u00f3vel para Portugal? N\u00f3s simplificamos para si. Importar um carro para Portugal pode ser um processo complicado, especialmente se \u00e9 novo no pa\u00eds. No entanto, se emigrar, tem a vantagem de importar um ve\u00edculo com a isen\u00e7\u00e3o de Imposto Sobre Ve\u00edculos (ISV). \u00c9 importante saber&hellip;<\/p>\n","protected":false},"author":1,"featured_media":0,"parent":0,"menu_order":300,"comment_status":"closed","ping_status":"closed","template":"","meta":{"footnotes":""},"class_list":["post-231","page","type-page","status-publish","hentry","description-off"],"yoast_head":"<!-- This site is optimized with the Yoast SEO plugin v27.5 - https:\/\/yoast.com\/product\/yoast-seo-wordpress\/ -->\n<title>Media\u00e7\u00e3o de importa\u00e7\u00e3o - Carland Solutions<\/title>\n<meta name=\"robots\" content=\"index, follow, max-snippet:-1, max-image-preview:large, max-video-preview:-1\" \/>\n<link rel=\"canonical\" href=\"https:\/\/carland-solutions.pt\/pt-pt\/mediacao-de-importacao\/\" \/>\n<meta property=\"og:locale\" content=\"pt_PT\" \/>\n<meta property=\"og:type\" content=\"article\" \/>\n<meta property=\"og:title\" content=\"Media\u00e7\u00e3o de importa\u00e7\u00e3o - Carland Solutions\" \/>\n<meta property=\"og:description\" content=\"[vc_row][vc_column width=&#8221;2\/3&#8243;][vc_column_text css=&#8221;&#8221;] Media\u00e7\u00e3o de importa\u00e7\u00e3o [\/vc_column_text][vc_column_text css=&#8221;&#8221;]Importar o seu autom\u00f3vel para Portugal? N\u00f3s simplificamos para si. Importar um carro para Portugal pode ser um processo complicado, especialmente se \u00e9 novo no pa\u00eds. No entanto, se emigrar, tem a vantagem de importar um ve\u00edculo com a isen\u00e7\u00e3o de Imposto Sobre Ve\u00edculos (ISV). \u00c9 importante saber&hellip;\" \/>\n<meta property=\"og:url\" content=\"https:\/\/carland-solutions.pt\/pt-pt\/mediacao-de-importacao\/\" \/>\n<meta property=\"og:site_name\" content=\"Carland Solutions\" \/>\n<meta property=\"article:publisher\" content=\"https:\/\/www.facebook.com\/carlandsolutions\" \/>\n<meta property=\"article:modified_time\" content=\"2025-03-19T19:40:23+00:00\" \/>\n<meta property=\"og:image\" content=\"https:\/\/carland-solutions.pt\/wp-content\/uploads\/2025\/01\/Carland-Solutions-WBG-900x400-11.jpg\" \/>\n\t<meta property=\"og:image:width\" content=\"900\" \/>\n\t<meta property=\"og:image:height\" content=\"400\" \/>\n\t<meta property=\"og:image:type\" content=\"image\/jpeg\" \/>\n<meta name=\"twitter:card\" content=\"summary_large_image\" \/>\n<meta name=\"twitter:label1\" content=\"Tempo estimado de leitura\" \/>\n\t<meta name=\"twitter:data1\" content=\"4 minutos\" \/>\n<script type=\"application\/ld+json\" class=\"yoast-schema-graph\">{\"@context\":\"https:\\\/\\\/schema.org\",\"@graph\":[{\"@type\":\"WebPage\",\"@id\":\"https:\\\/\\\/carland-solutions.pt\\\/pt-pt\\\/mediacao-de-importacao\\\/\",\"url\":\"https:\\\/\\\/carland-solutions.pt\\\/pt-pt\\\/mediacao-de-importacao\\\/\",\"name\":\"Media\u00e7\u00e3o de importa\u00e7\u00e3o - Carland Solutions\",\"isPartOf\":{\"@id\":\"https:\\\/\\\/carland-solutions.pt\\\/pt-pt\\\/#website\"},\"datePublished\":\"2025-01-05T19:57:09+00:00\",\"dateModified\":\"2025-03-19T19:40:23+00:00\",\"breadcrumb\":{\"@id\":\"https:\\\/\\\/carland-solutions.pt\\\/pt-pt\\\/mediacao-de-importacao\\\/#breadcrumb\"},\"inLanguage\":\"pt-PT\",\"potentialAction\":[{\"@type\":\"ReadAction\",\"target\":[\"https:\\\/\\\/carland-solutions.pt\\\/pt-pt\\\/mediacao-de-importacao\\\/\"]}]},{\"@type\":\"BreadcrumbList\",\"@id\":\"https:\\\/\\\/carland-solutions.pt\\\/pt-pt\\\/mediacao-de-importacao\\\/#breadcrumb\",\"itemListElement\":[{\"@type\":\"ListItem\",\"position\":1,\"name\":\"Home\",\"item\":\"https:\\\/\\\/carland-solutions.pt\\\/pt-pt\\\/\"},{\"@type\":\"ListItem\",\"position\":2,\"name\":\"Media\u00e7\u00e3o de importa\u00e7\u00e3o\"}]},{\"@type\":\"WebSite\",\"@id\":\"https:\\\/\\\/carland-solutions.pt\\\/pt-pt\\\/#website\",\"url\":\"https:\\\/\\\/carland-solutions.pt\\\/pt-pt\\\/\",\"name\":\"Carland Solutions\",\"description\":\"\",\"publisher\":{\"@id\":\"https:\\\/\\\/carland-solutions.pt\\\/pt-pt\\\/#organization\"},\"potentialAction\":[{\"@type\":\"SearchAction\",\"target\":{\"@type\":\"EntryPoint\",\"urlTemplate\":\"https:\\\/\\\/carland-solutions.pt\\\/pt-pt\\\/?s={search_term_string}\"},\"query-input\":{\"@type\":\"PropertyValueSpecification\",\"valueRequired\":true,\"valueName\":\"search_term_string\"}}],\"inLanguage\":\"pt-PT\"},{\"@type\":\"Organization\",\"@id\":\"https:\\\/\\\/carland-solutions.pt\\\/pt-pt\\\/#organization\",\"name\":\"Carland Solutions\",\"url\":\"https:\\\/\\\/carland-solutions.pt\\\/pt-pt\\\/\",\"logo\":{\"@type\":\"ImageObject\",\"inLanguage\":\"pt-PT\",\"@id\":\"https:\\\/\\\/carland-solutions.pt\\\/pt-pt\\\/#\\\/schema\\\/logo\\\/image\\\/\",\"url\":\"https:\\\/\\\/carland-solutions.pt\\\/wp-content\\\/uploads\\\/2025\\\/01\\\/Carland-Solutions-WBG-900x400-11.jpg\",\"contentUrl\":\"https:\\\/\\\/carland-solutions.pt\\\/wp-content\\\/uploads\\\/2025\\\/01\\\/Carland-Solutions-WBG-900x400-11.jpg\",\"width\":900,\"height\":400,\"caption\":\"Carland Solutions\"},\"image\":{\"@id\":\"https:\\\/\\\/carland-solutions.pt\\\/pt-pt\\\/#\\\/schema\\\/logo\\\/image\\\/\"},\"sameAs\":[\"https:\\\/\\\/www.facebook.com\\\/carlandsolutions\",\"https:\\\/\\\/www.instagram.com\\\/carlandsolutions\\\/\"]}]}<\/script>\n<!-- \/ Yoast SEO plugin. -->","yoast_head_json":{"title":"Media\u00e7\u00e3o de importa\u00e7\u00e3o - Carland Solutions","robots":{"index":"index","follow":"follow","max-snippet":"max-snippet:-1","max-image-preview":"max-image-preview:large","max-video-preview":"max-video-preview:-1"},"canonical":"https:\/\/carland-solutions.pt\/pt-pt\/mediacao-de-importacao\/","og_locale":"pt_PT","og_type":"article","og_title":"Media\u00e7\u00e3o de importa\u00e7\u00e3o - Carland Solutions","og_description":"[vc_row][vc_column width=&#8221;2\/3&#8243;][vc_column_text css=&#8221;&#8221;] Media\u00e7\u00e3o de importa\u00e7\u00e3o [\/vc_column_text][vc_column_text css=&#8221;&#8221;]Importar o seu autom\u00f3vel para Portugal? N\u00f3s simplificamos para si. Importar um carro para Portugal pode ser um processo complicado, especialmente se \u00e9 novo no pa\u00eds. No entanto, se emigrar, tem a vantagem de importar um ve\u00edculo com a isen\u00e7\u00e3o de Imposto Sobre Ve\u00edculos (ISV). \u00c9 importante saber&hellip;","og_url":"https:\/\/carland-solutions.pt\/pt-pt\/mediacao-de-importacao\/","og_site_name":"Carland Solutions","article_publisher":"https:\/\/www.facebook.com\/carlandsolutions","article_modified_time":"2025-03-19T19:40:23+00:00","og_image":[{"width":900,"height":400,"url":"https:\/\/carland-solutions.pt\/wp-content\/uploads\/2025\/01\/Carland-Solutions-WBG-900x400-11.jpg","type":"image\/jpeg"}],"twitter_card":"summary_large_image","twitter_misc":{"Tempo estimado de leitura":"4 minutos"},"schema":{"@context":"https:\/\/schema.org","@graph":[{"@type":"WebPage","@id":"https:\/\/carland-solutions.pt\/pt-pt\/mediacao-de-importacao\/","url":"https:\/\/carland-solutions.pt\/pt-pt\/mediacao-de-importacao\/","name":"Media\u00e7\u00e3o de importa\u00e7\u00e3o - Carland Solutions","isPartOf":{"@id":"https:\/\/carland-solutions.pt\/pt-pt\/#website"},"datePublished":"2025-01-05T19:57:09+00:00","dateModified":"2025-03-19T19:40:23+00:00","breadcrumb":{"@id":"https:\/\/carland-solutions.pt\/pt-pt\/mediacao-de-importacao\/#breadcrumb"},"inLanguage":"pt-PT","potentialAction":[{"@type":"ReadAction","target":["https:\/\/carland-solutions.pt\/pt-pt\/mediacao-de-importacao\/"]}]},{"@type":"BreadcrumbList","@id":"https:\/\/carland-solutions.pt\/pt-pt\/mediacao-de-importacao\/#breadcrumb","itemListElement":[{"@type":"ListItem","position":1,"name":"Home","item":"https:\/\/carland-solutions.pt\/pt-pt\/"},{"@type":"ListItem","position":2,"name":"Media\u00e7\u00e3o de importa\u00e7\u00e3o"}]},{"@type":"WebSite","@id":"https:\/\/carland-solutions.pt\/pt-pt\/#website","url":"https:\/\/carland-solutions.pt\/pt-pt\/","name":"Carland Solutions","description":"","publisher":{"@id":"https:\/\/carland-solutions.pt\/pt-pt\/#organization"},"potentialAction":[{"@type":"SearchAction","target":{"@type":"EntryPoint","urlTemplate":"https:\/\/carland-solutions.pt\/pt-pt\/?s={search_term_string}"},"query-input":{"@type":"PropertyValueSpecification","valueRequired":true,"valueName":"search_term_string"}}],"inLanguage":"pt-PT"},{"@type":"Organization","@id":"https:\/\/carland-solutions.pt\/pt-pt\/#organization","name":"Carland Solutions","url":"https:\/\/carland-solutions.pt\/pt-pt\/","logo":{"@type":"ImageObject","inLanguage":"pt-PT","@id":"https:\/\/carland-solutions.pt\/pt-pt\/#\/schema\/logo\/image\/","url":"https:\/\/carland-solutions.pt\/wp-content\/uploads\/2025\/01\/Carland-Solutions-WBG-900x400-11.jpg","contentUrl":"https:\/\/carland-solutions.pt\/wp-content\/uploads\/2025\/01\/Carland-Solutions-WBG-900x400-11.jpg","width":900,"height":400,"caption":"Carland Solutions"},"image":{"@id":"https:\/\/carland-solutions.pt\/pt-pt\/#\/schema\/logo\/image\/"},"sameAs":["https:\/\/www.facebook.com\/carlandsolutions","https:\/\/www.instagram.com\/carlandsolutions\/"]}]}},"_links":{"self":[{"href":"https:\/\/carland-solutions.pt\/pt-pt\/wp-json\/wp\/v2\/pages\/231","targetHints":{"allow":["GET"]}}],"collection":[{"href":"https:\/\/carland-solutions.pt\/pt-pt\/wp-json\/wp\/v2\/pages"}],"about":[{"href":"https:\/\/carland-solutions.pt\/pt-pt\/wp-json\/wp\/v2\/types\/page"}],"author":[{"embeddable":true,"href":"https:\/\/carland-solutions.pt\/pt-pt\/wp-json\/wp\/v2\/users\/1"}],"replies":[{"embeddable":true,"href":"https:\/\/carland-solutions.pt\/pt-pt\/wp-json\/wp\/v2\/comments?post=231"}],"version-history":[{"count":1,"href":"https:\/\/carland-solutions.pt\/pt-pt\/wp-json\/wp\/v2\/pages\/231\/revisions"}],"predecessor-version":[{"id":1436,"href":"https:\/\/carland-solutions.pt\/pt-pt\/wp-json\/wp\/v2\/pages\/231\/revisions\/1436"}],"wp:attachment":[{"href":"https:\/\/carland-solutions.pt\/pt-pt\/wp-json\/wp\/v2\/media?parent=231"}],"curies":[{"name":"wp","href":"https:\/\/api.w.org\/{rel}","templated":true}]}}