{"id":3817,"date":"2025-01-30T10:17:31","date_gmt":"2025-01-30T10:17:31","guid":{"rendered":"https:\/\/carland-solutions.pt\/product\/porsche-macan-s-2\/"},"modified":"2025-10-13T13:25:42","modified_gmt":"2025-10-13T12:25:42","slug":"porsche-macan-s-2","status":"publish","type":"product","link":"https:\/\/carland-solutions.pt\/en\/product\/porsche-macan-s-2\/","title":{"rendered":"Porsche Macan S"},"content":{"rendered":"<div class=\"wpb-content-wrapper\"><p>[vc_row gap=&#8221;35&#8243; equal_height=&#8221;yes&#8221; content_placement=&#8221;top&#8221;][vc_column][vc_column_text css=&#8221;&#8221;]<\/p>\n<h2 dir=\"auto\">Porsche Macan S<\/h2>\n<p>[\/vc_column_text][vc_column_text css=&#8221;&#8221;]Porsche Macan S<\/p>\n<p>Descubra o equil\u00edbrio perfeito entre desempenho e conforto com este BMW 116D Corporate Edition 2020. Com um potente motor diesel de 1,5 litros que debita 116 cv e um consumo urbano impressionantemente baixo de apenas 3,8 l\/100 km, este autom\u00f3vel oferece prazer de condu\u00e7\u00e3o e economia . Os extensos equipamentos, como o Apple CarPlay, o Android Auto e um sistema de navega\u00e7\u00e3o avan\u00e7ado, garantem que est\u00e1 sempre ligado e no caminho certo. O interior desportivo, com ar condicionado autom\u00e1tico, volante desportivo e igni\u00e7\u00e3o sem chave, oferece uma experi\u00eancia de condu\u00e7\u00e3o luxuosa. Com caracter\u00edsticas de seguran\u00e7a como ABS, ESP e ISOFIX, este BMW \u00e9 uma excelente escolha para quem procura um autom\u00f3vel fi\u00e1vel e elegante.[\/vc_column_text][\/vc_column][\/vc_row][vc_row gap=&#8221;35&#8243; equal_height=&#8221;yes&#8221; content_placement=&#8221;top&#8221;][vc_column width=&#8221;1\/2&#8243;][vc_column_text css=&#8221;&#8221;]<\/p>\n<div class=\"x11i5rnm xat24cr x1mh8g0r x1vvkbs xtlvy1s x126k92a\">\n<div dir=\"auto\">\n<div dir=\"auto\">\n<div class=\"x11i5rnm xat24cr x1mh8g0r x1vvkbs xtlvy1s x126k92a\">\n<div dir=\"auto\">\n<div dir=\"auto\">\n<div dir=\"auto\"><strong>Ano<\/strong>: 2015<br \/>\n<strong>Vers\u00e3o:<\/strong> Porsche Macan S Diesel PDK<br \/>\n<strong>Quil\u00f3metros<\/strong>: 141 188 km<br \/>\n<strong>Cylindrada<\/strong>: 2 967 cc<br \/>\n<strong>Pot\u00eancia<\/strong>: 258 cv<br \/>\n<strong>Bin\u00e1rio<\/strong>: 580 nm<br \/>\n<strong>Consumo Urbano<\/strong>: 6.2\/100 km<br \/>\nTransmission: Automatic<br \/>\n<strong>Combust\u00e3o:<\/strong> Gas\u00f3leo<\/div>\n<\/div>\n<\/div>\n<\/div>\n<\/div>\n<\/div>\n<\/div>\n<p>[\/vc_column_text][vc_column_text css=&#8221;&#8221;]<\/p>\n<div class=\"x11i5rnm xat24cr x1mh8g0r x1vvkbs xtlvy1s x126k92a\">\n<div dir=\"auto\"><strong>\u00c1UDIO E MULTIM\u00c9DIA<\/strong><br \/>\n&#8211; Bluetooth<br \/>\n&#8211; R\u00e1dio<br \/>\n&#8211; Sistema m\u00e3os livres<br \/>\n&#8211; Porta USB<br \/>\n&#8211; Sistema de navega\u00e7\u00e3o<br \/>\n&#8211; Sistema de som<br \/>\n&#8211; Ecr\u00e3 t\u00e1til<\/div>\n<div dir=\"auto\"><strong>CONFORTO E EQUIPAMENTOS<\/strong><br \/>\n&#8211; Gancho de Reboque<br \/>\n&#8211; AC autom\u00e1tico de tr\u00eas zonas<br \/>\n&#8211; Tecto de abrir el\u00e9ctrico<br \/>\n&#8211; Estofos em pele<br \/>\n&#8211; Banco do condutor com regula\u00e7\u00e3o el\u00e9ctrica<br \/>\n&#8211; Regula\u00e7\u00e3o lombar do banco do condutor el\u00e9ctrica<br \/>\n&#8211; Regula\u00e7\u00e3o lombar do banco do passageiro el\u00e9ctrica<br \/>\n&#8211; Bancos com mem\u00f3ria<br \/>\n&#8211; Bancos desportivos dianteiros<br \/>\n&#8211; Volante em pele<br \/>\n&#8211; Volante desportivo<br \/>\n&#8211; Volante eletricamente ajust\u00e1vel<br \/>\n&#8211; Volante multifun\u00e7\u00f5es<br \/>\n&#8211; Steering wheel with paddle shifters<br \/>\n&#8211; Manete de velocidades em pele<br \/>\n&#8211; Chave digital<br \/>\n&#8211; Sensor de chuva<br \/>\n&#8211; Desembaciador de p\u00e1ra-brisas<\/div>\n<div dir=\"auto\"><strong>TECNOLOGIA E ASSIST\u00caNCIA \u00c0 CONDU\u00c7\u00c3O<\/strong><br \/>\n&#8211; Cruise Control<br \/>\n&#8211; Far\u00f3is Bi-Xenon<br \/>\n&#8211; Sensor de estacionamento dianteiro e traseiro<br \/>\n&#8211; C\u00e2mara de marcha-atr\u00e1s<br \/>\n&#8211; Retrovisores exteriores com regula\u00e7\u00e3o el\u00e9ctrica<br \/>\n&#8211; Retrovisores exteriores aquecidos<br \/>\n&#8211; Retrovisores exteriores eletricamente retrateis<br \/>\n&#8211; Assistente de \u00e2ngulo morto<br \/>\n&#8211; Sistema de aviso de transposi\u00e7\u00e3o da via<br \/>\n&#8211; Controlo de proximidade<br \/>\n&#8211; Limitador de velocidade<br \/>\n&#8211; Controlo de trac\u00e7\u00e3o<br \/>\n&#8211; Hill Descent Control<br \/>\n&#8211; Hill Holder<br \/>\n&#8211; Reconhecimento sinais tr\u00e2nsito<br \/>\n&#8211; Activa\u00e7\u00e3o autom\u00e1tica de m\u00ednimos<br \/>\n&#8211; Luzes diurnas LED<br \/>\n&#8211; Far\u00f3is de nevoeiro LED<br \/>\n&#8211; Farolim traseiro LED<br \/>\n&#8211; Follow me home<br \/>\n&#8211; Ilumina\u00e7\u00e3o interior LED<br \/>\n&#8211; Sistema start\/stop<br \/>\n&#8211; Trav\u00e3o de m\u00e3o el\u00e9ctrico<br \/>\n&#8211; Assistente de tr\u00e2nsito<\/div>\n<div dir=\"auto\"><strong>SEGURAN\u00c7A<\/strong><br \/>\n&#8211; ABS<br \/>\n&#8211; Controlo de estabilidade (ESP)<br \/>\n&#8211; Distribui\u00e7\u00e3o electr\u00f3nica de travagem<br \/>\n&#8211; Airbag do condutor e passageiro<br \/>\n&#8211; Airbags de cabe\u00e7a condutor e passageiro<br \/>\n&#8211; Airbag lateral do condutor e passageiro<br \/>\n&#8211; Airbags cabe\u00e7a traseiros<br \/>\n&#8211; ISOFIX<\/div>\n<\/div>\n<p>[\/vc_column_text][\/vc_column][vc_column width=&#8221;1\/2&#8243;][vc_column_text css=&#8221;.vc_custom_1732889426701{padding-top: 25px !important;padding-right: 35px !important;padding-bottom: 25px !important;padding-left: 35px !important;background-color: #1c2e4a !important;border-radius: 10px !important;}&#8221;]<span style=\"color: #ffffff;\"><i class=\"fa-fw dt-icon-the7-misc-017\"><\/i><strong> Free delivery in Portugal<\/strong><\/span><\/p>\n<p><span style=\"color: #ffffff;\"><i class=\"fa-fw dt-icon-the7-misc-017\"><\/i><strong> Price includes 18 months warranty<\/strong><\/span><\/p>\n<p><span style=\"color: #ffffff;\"><i class=\"fa-fw dt-icon-the7-misc-017\"><\/i><strong> We accept trade-ins<\/strong><\/span><\/p>\n<p><span style=\"color: #ffffff;\"><i class=\"fa-fw dt-icon-the7-misc-017\"><\/i><strong> Financing available<\/strong><\/span>[\/vc_column_text][\/vc_column][\/vc_row][vc_row][vc_column][vc_column_text css=&#8221;&#8221;]<\/p>\n<h2>Interested in this car?<\/h2>\n<p>[\/vc_column_text][vc_column_text css=&#8221;&#8221;]If you are interested in this or any of our other used cars, please do not hesitate to contact us at <strong><br \/>\n  <a href=\"tel:+31641972793\">+31 6 419 727 93<\/a><br \/>\n<\/strong> or <strong><br \/>\n  <a href=\"tel:+351960184708\">+351 960 184 708<\/a><br \/>\n<\/strong>.[\/vc_column_text][\/vc_column][\/vc_row]<\/p>\n<\/div>","protected":false},"excerpt":{"rendered":"<div class=\"x11i5rnm xat24cr x1mh8g0r x1vvkbs xtlvy1s x126k92a\">\n<div dir=\"auto\">\n<div dir=\"auto\">\n<div class=\"x11i5rnm xat24cr x1mh8g0r x1vvkbs xtlvy1s x126k92a\">\n<div dir=\"auto\">\n<div dir=\"auto\">\n<div dir=\"auto\"><strong>Ano<\/strong>: 2015<br \/>\n<strong>Vers\u00e3o:<\/strong> Porsche Macan S Diesel PDK<br \/>\n<strong>Quil\u00f3metros<\/strong>: 141 188 km<br \/>\n<strong>Cylindrada<\/strong>: 2 967 cc<br \/>\n<strong>Pot\u00eancia<\/strong>: 258 cv<br \/>\n<strong>Bin\u00e1rio<\/strong>: 580 nm<br \/>\n<strong>Consumo Urbano<\/strong>: 6.2\/100 km<br \/>\nTransmission: Automatic<br \/>\n<strong>Combust\u00e3o:<\/strong> Gas\u00f3leo<\/div>\n<\/div>\n<\/div>\n<\/div>\n<\/div>\n<\/div>\n<\/div>\n","protected":false},"featured_media":533,"template":"","meta":[],"product_brand":[],"product_cat":[53],"product_tag":[],"class_list":{"0":"post-3817","1":"product","2":"type-product","3":"status-publish","4":"has-post-thumbnail","6":"product_cat-sold","7":"description-off","9":"first","10":"outofstock","11":"shipping-taxable","12":"product-type-simple"},"yoast_head":"<!-- This site is optimized with the Yoast SEO plugin v27.5 - https:\/\/yoast.com\/product\/yoast-seo-wordpress\/ -->\n<title>Porsche Macan S - Carland Solutions<\/title>\n<meta name=\"robots\" content=\"index, follow, max-snippet:-1, max-image-preview:large, max-video-preview:-1\" \/>\n<link rel=\"canonical\" href=\"https:\/\/carland-solutions.pt\/en\/product\/porsche-macan-s-2\/\" \/>\n<meta property=\"og:locale\" content=\"en_US\" \/>\n<meta property=\"og:type\" content=\"article\" \/>\n<meta property=\"og:title\" content=\"Porsche Macan S - Carland Solutions\" \/>\n<meta property=\"og:description\" content=\"Ano: 2015 Vers\u00e3o: Porsche Macan S Diesel PDK Quil\u00f3metros: 141 188 km Cylindrada: 2 967 cc Pot\u00eancia: 258 cv Bin\u00e1rio: 580 nm Consumo Urbano: 6.2\/100 km Transmission: Automatic Combust\u00e3o: Gas\u00f3leo\" \/>\n<meta property=\"og:url\" content=\"https:\/\/carland-solutions.pt\/en\/product\/porsche-macan-s-2\/\" \/>\n<meta property=\"og:site_name\" content=\"Carland Solutions\" \/>\n<meta property=\"article:publisher\" content=\"https:\/\/www.facebook.com\/carlandsolutions\" \/>\n<meta property=\"article:modified_time\" content=\"2025-10-13T12:25:42+00:00\" \/>\n<meta property=\"og:image\" content=\"https:\/\/carland-solutions.pt\/wp-content\/uploads\/2025\/01\/Porsche-Macan-S-2.jpg\" \/>\n\t<meta property=\"og:image:width\" content=\"1080\" \/>\n\t<meta property=\"og:image:height\" content=\"1350\" \/>\n\t<meta property=\"og:image:type\" content=\"image\/jpeg\" \/>\n<meta name=\"twitter:card\" content=\"summary_large_image\" \/>\n<meta name=\"twitter:label1\" content=\"Est. reading time\" \/>\n\t<meta name=\"twitter:data1\" content=\"3 minutes\" \/>\n<script type=\"application\/ld+json\" class=\"yoast-schema-graph\">{\"@context\":\"https:\\\/\\\/schema.org\",\"@graph\":[{\"@type\":\"WebPage\",\"@id\":\"https:\\\/\\\/carland-solutions.pt\\\/en\\\/product\\\/porsche-macan-s-2\\\/\",\"url\":\"https:\\\/\\\/carland-solutions.pt\\\/en\\\/product\\\/porsche-macan-s-2\\\/\",\"name\":\"Porsche Macan S - Carland Solutions\",\"isPartOf\":{\"@id\":\"https:\\\/\\\/carland-solutions.pt\\\/en\\\/#website\"},\"primaryImageOfPage\":{\"@id\":\"https:\\\/\\\/carland-solutions.pt\\\/en\\\/product\\\/porsche-macan-s-2\\\/#primaryimage\"},\"image\":{\"@id\":\"https:\\\/\\\/carland-solutions.pt\\\/en\\\/product\\\/porsche-macan-s-2\\\/#primaryimage\"},\"thumbnailUrl\":\"https:\\\/\\\/carland-solutions.pt\\\/wp-content\\\/uploads\\\/2025\\\/01\\\/Porsche-Macan-S-2.jpg\",\"datePublished\":\"2025-01-30T10:17:31+00:00\",\"dateModified\":\"2025-10-13T12:25:42+00:00\",\"breadcrumb\":{\"@id\":\"https:\\\/\\\/carland-solutions.pt\\\/en\\\/product\\\/porsche-macan-s-2\\\/#breadcrumb\"},\"inLanguage\":\"en-US\",\"potentialAction\":[{\"@type\":\"ReadAction\",\"target\":[\"https:\\\/\\\/carland-solutions.pt\\\/en\\\/product\\\/porsche-macan-s-2\\\/\"]}]},{\"@type\":\"ImageObject\",\"inLanguage\":\"en-US\",\"@id\":\"https:\\\/\\\/carland-solutions.pt\\\/en\\\/product\\\/porsche-macan-s-2\\\/#primaryimage\",\"url\":\"https:\\\/\\\/carland-solutions.pt\\\/wp-content\\\/uploads\\\/2025\\\/01\\\/Porsche-Macan-S-2.jpg\",\"contentUrl\":\"https:\\\/\\\/carland-solutions.pt\\\/wp-content\\\/uploads\\\/2025\\\/01\\\/Porsche-Macan-S-2.jpg\",\"width\":1080,\"height\":1350},{\"@type\":\"BreadcrumbList\",\"@id\":\"https:\\\/\\\/carland-solutions.pt\\\/en\\\/product\\\/porsche-macan-s-2\\\/#breadcrumb\",\"itemListElement\":[{\"@type\":\"ListItem\",\"position\":1,\"name\":\"Home\",\"item\":\"https:\\\/\\\/carland-solutions.pt\\\/en\\\/welcome\\\/\"},{\"@type\":\"ListItem\",\"position\":2,\"name\":\"Refund and Returns Policy\",\"item\":\"https:\\\/\\\/carland-solutions.pt\\\/?page_id=17\"},{\"@type\":\"ListItem\",\"position\":3,\"name\":\"Porsche Macan S\"}]},{\"@type\":\"WebSite\",\"@id\":\"https:\\\/\\\/carland-solutions.pt\\\/en\\\/#website\",\"url\":\"https:\\\/\\\/carland-solutions.pt\\\/en\\\/\",\"name\":\"Carland Solutions\",\"description\":\"\",\"publisher\":{\"@id\":\"https:\\\/\\\/carland-solutions.pt\\\/en\\\/#organization\"},\"potentialAction\":[{\"@type\":\"SearchAction\",\"target\":{\"@type\":\"EntryPoint\",\"urlTemplate\":\"https:\\\/\\\/carland-solutions.pt\\\/en\\\/?s={search_term_string}\"},\"query-input\":{\"@type\":\"PropertyValueSpecification\",\"valueRequired\":true,\"valueName\":\"search_term_string\"}}],\"inLanguage\":\"en-US\"},{\"@type\":\"Organization\",\"@id\":\"https:\\\/\\\/carland-solutions.pt\\\/en\\\/#organization\",\"name\":\"Carland Solutions\",\"url\":\"https:\\\/\\\/carland-solutions.pt\\\/en\\\/\",\"logo\":{\"@type\":\"ImageObject\",\"inLanguage\":\"en-US\",\"@id\":\"https:\\\/\\\/carland-solutions.pt\\\/en\\\/#\\\/schema\\\/logo\\\/image\\\/\",\"url\":\"https:\\\/\\\/carland-solutions.pt\\\/wp-content\\\/uploads\\\/2025\\\/01\\\/Carland-Solutions-WBG-900x400-11.jpg\",\"contentUrl\":\"https:\\\/\\\/carland-solutions.pt\\\/wp-content\\\/uploads\\\/2025\\\/01\\\/Carland-Solutions-WBG-900x400-11.jpg\",\"width\":900,\"height\":400,\"caption\":\"Carland Solutions\"},\"image\":{\"@id\":\"https:\\\/\\\/carland-solutions.pt\\\/en\\\/#\\\/schema\\\/logo\\\/image\\\/\"},\"sameAs\":[\"https:\\\/\\\/www.facebook.com\\\/carlandsolutions\",\"https:\\\/\\\/www.instagram.com\\\/carlandsolutions\\\/\"]}]}<\/script>\n<!-- \/ Yoast SEO plugin. -->","yoast_head_json":{"title":"Porsche Macan S - Carland Solutions","robots":{"index":"index","follow":"follow","max-snippet":"max-snippet:-1","max-image-preview":"max-image-preview:large","max-video-preview":"max-video-preview:-1"},"canonical":"https:\/\/carland-solutions.pt\/en\/product\/porsche-macan-s-2\/","og_locale":"en_US","og_type":"article","og_title":"Porsche Macan S - Carland Solutions","og_description":"Ano: 2015 Vers\u00e3o: Porsche Macan S Diesel PDK Quil\u00f3metros: 141 188 km Cylindrada: 2 967 cc Pot\u00eancia: 258 cv Bin\u00e1rio: 580 nm Consumo Urbano: 6.2\/100 km Transmission: Automatic Combust\u00e3o: Gas\u00f3leo","og_url":"https:\/\/carland-solutions.pt\/en\/product\/porsche-macan-s-2\/","og_site_name":"Carland Solutions","article_publisher":"https:\/\/www.facebook.com\/carlandsolutions","article_modified_time":"2025-10-13T12:25:42+00:00","og_image":[{"width":1080,"height":1350,"url":"https:\/\/carland-solutions.pt\/wp-content\/uploads\/2025\/01\/Porsche-Macan-S-2.jpg","type":"image\/jpeg"}],"twitter_card":"summary_large_image","twitter_misc":{"Est. reading time":"3 minutes"},"schema":{"@context":"https:\/\/schema.org","@graph":[{"@type":"WebPage","@id":"https:\/\/carland-solutions.pt\/en\/product\/porsche-macan-s-2\/","url":"https:\/\/carland-solutions.pt\/en\/product\/porsche-macan-s-2\/","name":"Porsche Macan S - Carland Solutions","isPartOf":{"@id":"https:\/\/carland-solutions.pt\/en\/#website"},"primaryImageOfPage":{"@id":"https:\/\/carland-solutions.pt\/en\/product\/porsche-macan-s-2\/#primaryimage"},"image":{"@id":"https:\/\/carland-solutions.pt\/en\/product\/porsche-macan-s-2\/#primaryimage"},"thumbnailUrl":"https:\/\/carland-solutions.pt\/wp-content\/uploads\/2025\/01\/Porsche-Macan-S-2.jpg","datePublished":"2025-01-30T10:17:31+00:00","dateModified":"2025-10-13T12:25:42+00:00","breadcrumb":{"@id":"https:\/\/carland-solutions.pt\/en\/product\/porsche-macan-s-2\/#breadcrumb"},"inLanguage":"en-US","potentialAction":[{"@type":"ReadAction","target":["https:\/\/carland-solutions.pt\/en\/product\/porsche-macan-s-2\/"]}]},{"@type":"ImageObject","inLanguage":"en-US","@id":"https:\/\/carland-solutions.pt\/en\/product\/porsche-macan-s-2\/#primaryimage","url":"https:\/\/carland-solutions.pt\/wp-content\/uploads\/2025\/01\/Porsche-Macan-S-2.jpg","contentUrl":"https:\/\/carland-solutions.pt\/wp-content\/uploads\/2025\/01\/Porsche-Macan-S-2.jpg","width":1080,"height":1350},{"@type":"BreadcrumbList","@id":"https:\/\/carland-solutions.pt\/en\/product\/porsche-macan-s-2\/#breadcrumb","itemListElement":[{"@type":"ListItem","position":1,"name":"Home","item":"https:\/\/carland-solutions.pt\/en\/welcome\/"},{"@type":"ListItem","position":2,"name":"Refund and Returns Policy","item":"https:\/\/carland-solutions.pt\/?page_id=17"},{"@type":"ListItem","position":3,"name":"Porsche Macan S"}]},{"@type":"WebSite","@id":"https:\/\/carland-solutions.pt\/en\/#website","url":"https:\/\/carland-solutions.pt\/en\/","name":"Carland Solutions","description":"","publisher":{"@id":"https:\/\/carland-solutions.pt\/en\/#organization"},"potentialAction":[{"@type":"SearchAction","target":{"@type":"EntryPoint","urlTemplate":"https:\/\/carland-solutions.pt\/en\/?s={search_term_string}"},"query-input":{"@type":"PropertyValueSpecification","valueRequired":true,"valueName":"search_term_string"}}],"inLanguage":"en-US"},{"@type":"Organization","@id":"https:\/\/carland-solutions.pt\/en\/#organization","name":"Carland Solutions","url":"https:\/\/carland-solutions.pt\/en\/","logo":{"@type":"ImageObject","inLanguage":"en-US","@id":"https:\/\/carland-solutions.pt\/en\/#\/schema\/logo\/image\/","url":"https:\/\/carland-solutions.pt\/wp-content\/uploads\/2025\/01\/Carland-Solutions-WBG-900x400-11.jpg","contentUrl":"https:\/\/carland-solutions.pt\/wp-content\/uploads\/2025\/01\/Carland-Solutions-WBG-900x400-11.jpg","width":900,"height":400,"caption":"Carland Solutions"},"image":{"@id":"https:\/\/carland-solutions.pt\/en\/#\/schema\/logo\/image\/"},"sameAs":["https:\/\/www.facebook.com\/carlandsolutions","https:\/\/www.instagram.com\/carlandsolutions\/"]}]}},"_links":{"self":[{"href":"https:\/\/carland-solutions.pt\/en\/wp-json\/wp\/v2\/product\/3817","targetHints":{"allow":["GET"]}}],"collection":[{"href":"https:\/\/carland-solutions.pt\/en\/wp-json\/wp\/v2\/product"}],"about":[{"href":"https:\/\/carland-solutions.pt\/en\/wp-json\/wp\/v2\/types\/product"}],"wp:featuredmedia":[{"embeddable":true,"href":"https:\/\/carland-solutions.pt\/en\/wp-json\/wp\/v2\/media\/533"}],"wp:attachment":[{"href":"https:\/\/carland-solutions.pt\/en\/wp-json\/wp\/v2\/media?parent=3817"}],"wp:term":[{"taxonomy":"product_brand","embeddable":true,"href":"https:\/\/carland-solutions.pt\/en\/wp-json\/wp\/v2\/product_brand?post=3817"},{"taxonomy":"product_cat","embeddable":true,"href":"https:\/\/carland-solutions.pt\/en\/wp-json\/wp\/v2\/product_cat?post=3817"},{"taxonomy":"product_tag","embeddable":true,"href":"https:\/\/carland-solutions.pt\/en\/wp-json\/wp\/v2\/product_tag?post=3817"}],"curies":[{"name":"wp","href":"https:\/\/api.w.org\/{rel}","templated":true}]}}