{"id":2158,"date":"2025-07-05T11:21:38","date_gmt":"2025-07-05T10:21:38","guid":{"rendered":"https:\/\/carland-solutions.pt\/product\/fiat-scudo-1-5-bluehdi-100hp\/"},"modified":"2026-01-02T16:26:12","modified_gmt":"2026-01-02T16:26:12","slug":"fiat-scudo-1-5-bluehdi-100hp","status":"publish","type":"product","link":"https:\/\/carland-solutions.pt\/en\/product\/fiat-scudo-1-5-bluehdi-100hp\/","title":{"rendered":"Fiat Scudo 1.5 BlueHDi 100hp"},"content":{"rendered":"<div class=\"wpb-content-wrapper\"><p>[vc_row gap=&#8221;35&#8243; equal_height=&#8221;yes&#8221; content_placement=&#8221;top&#8221;][vc_column][vc_column_text css=&#8221;&#8221;]Fiat Scudo 1.5 BlueHDi 100hp[\/vc_column_text][vc_column_text css=&#8221;&#8221;]<strong>Deze Fiat Scudo 1.5 BlueHDi 100pk uit 2022, met slechts 4.888 km op de teller, combineert kracht, zuinigheid en comfort in \u00e9\u00e9n effici\u00ebnte bestelwagen. De 102 pk sterke dieselmotor met 260 Nm koppel biedt zowel kracht als zuinigheid, met een verbruik van 7,1 l\/100 km in de stad. De handgeschakelde versnellingsbak zorgt voor een dynamische rijervaring, terwijl het interieur is uitgerust met comfortverhogende features zoals handmatige airconditioning, stoffen bekleding, een armsteun vooraan en stuurwielbediening voor de radio. Daarnaast geniet je van de moderne multimediafuncties, waaronder een touchscreen en Bluetooth, evenals praktische rijassistentiesystemen zoals cruisecontrol, parkeersensoren achter, snelheidsbegrenzer en Hill Holder. Voor een extra gevoel van veiligheid zijn er diverse actieve veiligheidsfuncties zoals ABS, ESP en meerdere airbags. De Fiat Scudo is de ideale keuze voor zowel werk als priv\u00e9gebruik, met alles wat je nodig hebt voor een comfortabele en veilige rit<\/strong>[\/vc_column_text][\/vc_column][\/vc_row][vc_row gap=&#8221;35&#8243; equal_height=&#8221;yes&#8221; content_placement=&#8221;top&#8221;][vc_column width=&#8221;1\/2&#8243;][vc_column_text css=&#8221;&#8221;]AUDIO AND MULTIMEDIA-Bluetooth-Radio-Touchscreen<\/p>\n<p><strong>COMFORT AND EQUIPMENT<\/strong><br \/>\n-Manual air conditioning<br \/>\n-Fabric upholstery<br \/>\n-Arm support in front<br \/>\n-Radio controls on the steering wheel<br \/>\n-Electrically operated front windows<br \/>\n-Electronics and driving assistance<br \/>\n-Cruise control<br \/>\n-Rear parking sensor<br \/>\n-Speed limiter<br \/>\n-Hill Holder<br \/>\n-Steering assistance<br \/>\n<strong>SAFETY<\/strong><br \/>\n-ABS<br \/>\n-Stability Control (ESP)<br \/>\n-Electronic Power Brakes<br \/>\n-Driver airbag<br \/>\n-Passenger airbag<br \/>\n-Driver and passenger head airbags[\/vc_column_text][\/vc_column][vc_column width=&#8221;1\/2&#8243;][vc_column_text css=&#8221;.vc_custom_1762415880286{padding-top: 25px !important;padding-right: 35px !important;padding-bottom: 25px !important;padding-left: 35px !important;background-color: #1c2e4a !important;border-radius: 10px !important;}&#8221;]<span style=\"color: #ffffff;\"><i class=\"fa-fw dt-icon-the7-misc-017\"><\/i><strong>  Free delivery in Portugal<\/strong><\/span><\/p>\n<p><span style=\"color: #ffffff;\"><i class=\"fa-fw dt-icon-the7-misc-017\"><\/i><strong>  Price includes 18-month warranty with national coverage, replacement car and 24-hour roadside assistance<\/strong><\/span><\/p>\n<p><span style=\"color: #ffffff;\"><i class=\"fa-fw dt-icon-the7-misc-017\"><\/i><strong>  Possibility of financing<\/strong><\/span><\/p>\n<p><span style=\"color: #ffffff;\"><i class=\"fa-fw dt-icon-the7-misc-017\"><\/i><strong>  Trade-in of your current car is possible<\/strong><\/span>[\/vc_column_text][\/vc_column][\/vc_row][vc_row][vc_column][vc_column_text css=&#8221;&#8221;]<\/p>\n<h2>Interested in this car?<\/h2>\n<p>[\/vc_column_text][vc_column_text css=&#8221;&#8221;]If you are interested in this or any of our other used cars, please do not hesitate to contact us at <strong><a href=\"tel:+31641972793\">+31 6 419 727 93<\/a><\/strong> or <strong><a href=\"tel:+351960184708\">+351 960 184 708<\/a><\/strong>.[\/vc_column_text][\/vc_column][\/vc_row]<\/p>\n<\/div>","protected":false},"excerpt":{"rendered":"<p>&nbsp;<\/p>\n<p>&#8211; Year: 2022<br \/>\n&#8211; Version: Fiat Scudo 1.5 Blue hdi 100 hp<br \/>\n&#8211; Mileage: 44 888 km<br \/>\n&#8211; Displacement: 1499 cm3<br \/>\n&#8211; Power: 102 hp<br \/>\n&#8211; Torque: 260 nm<br \/>\n&#8211; Urban consumption: 7.1\/100 km<br \/>\n&#8211; Gearbox: manual<br \/>\n&#8211; Fuel: diesel<\/p>\n","protected":false},"featured_media":2106,"template":"","meta":[],"product_brand":[],"product_cat":[56],"product_tag":[],"class_list":{"0":"post-2158","1":"product","2":"type-product","3":"status-publish","4":"has-post-thumbnail","6":"product_cat-te-koop-en","7":"description-off","9":"first","10":"instock","11":"shipping-taxable","12":"purchasable","13":"product-type-simple"},"yoast_head":"<!-- This site is optimized with the Yoast SEO plugin v27.5 - https:\/\/yoast.com\/product\/yoast-seo-wordpress\/ -->\n<title>Fiat Scudo 1.5 BlueHDi 100hp - Carland Solutions<\/title>\n<meta name=\"robots\" content=\"index, follow, max-snippet:-1, max-image-preview:large, max-video-preview:-1\" \/>\n<link rel=\"canonical\" href=\"https:\/\/carland-solutions.pt\/en\/product\/fiat-scudo-1-5-bluehdi-100hp\/\" \/>\n<meta property=\"og:locale\" content=\"en_US\" \/>\n<meta property=\"og:type\" content=\"article\" \/>\n<meta property=\"og:title\" content=\"Fiat Scudo 1.5 BlueHDi 100hp - Carland Solutions\" \/>\n<meta property=\"og:description\" content=\"&nbsp; - Year: 2022 - Version: Fiat Scudo 1.5 Blue hdi 100 hp - Mileage: 44 888 km - Displacement: 1499 cm3 - Power: 102 hp - Torque: 260 nm - Urban consumption: 7.1\/100 km - Gearbox: manual - Fuel: diesel\" \/>\n<meta property=\"og:url\" content=\"https:\/\/carland-solutions.pt\/en\/product\/fiat-scudo-1-5-bluehdi-100hp\/\" \/>\n<meta property=\"og:site_name\" content=\"Carland Solutions\" \/>\n<meta property=\"article:publisher\" content=\"https:\/\/www.facebook.com\/carlandsolutions\" \/>\n<meta property=\"article:modified_time\" content=\"2026-01-02T16:26:12+00:00\" \/>\n<meta property=\"og:image\" content=\"https:\/\/carland-solutions.pt\/wp-content\/uploads\/2025\/07\/Fiat-Scudo.jpg\" \/>\n\t<meta property=\"og:image:width\" content=\"1080\" \/>\n\t<meta property=\"og:image:height\" content=\"1350\" \/>\n\t<meta property=\"og:image:type\" content=\"image\/jpeg\" \/>\n<meta name=\"twitter:card\" content=\"summary_large_image\" \/>\n<meta name=\"twitter:label1\" content=\"Est. reading time\" \/>\n\t<meta name=\"twitter:data1\" content=\"2 minutes\" \/>\n<script type=\"application\/ld+json\" class=\"yoast-schema-graph\">{\"@context\":\"https:\\\/\\\/schema.org\",\"@graph\":[{\"@type\":\"WebPage\",\"@id\":\"https:\\\/\\\/carland-solutions.pt\\\/en\\\/product\\\/fiat-scudo-1-5-bluehdi-100hp\\\/\",\"url\":\"https:\\\/\\\/carland-solutions.pt\\\/en\\\/product\\\/fiat-scudo-1-5-bluehdi-100hp\\\/\",\"name\":\"Fiat Scudo 1.5 BlueHDi 100hp - Carland Solutions\",\"isPartOf\":{\"@id\":\"https:\\\/\\\/carland-solutions.pt\\\/en\\\/#website\"},\"primaryImageOfPage\":{\"@id\":\"https:\\\/\\\/carland-solutions.pt\\\/en\\\/product\\\/fiat-scudo-1-5-bluehdi-100hp\\\/#primaryimage\"},\"image\":{\"@id\":\"https:\\\/\\\/carland-solutions.pt\\\/en\\\/product\\\/fiat-scudo-1-5-bluehdi-100hp\\\/#primaryimage\"},\"thumbnailUrl\":\"https:\\\/\\\/carland-solutions.pt\\\/wp-content\\\/uploads\\\/2025\\\/07\\\/Fiat-Scudo.jpg\",\"datePublished\":\"2025-07-05T10:21:38+00:00\",\"dateModified\":\"2026-01-02T16:26:12+00:00\",\"breadcrumb\":{\"@id\":\"https:\\\/\\\/carland-solutions.pt\\\/en\\\/product\\\/fiat-scudo-1-5-bluehdi-100hp\\\/#breadcrumb\"},\"inLanguage\":\"en-US\",\"potentialAction\":[{\"@type\":\"ReadAction\",\"target\":[\"https:\\\/\\\/carland-solutions.pt\\\/en\\\/product\\\/fiat-scudo-1-5-bluehdi-100hp\\\/\"]}]},{\"@type\":\"ImageObject\",\"inLanguage\":\"en-US\",\"@id\":\"https:\\\/\\\/carland-solutions.pt\\\/en\\\/product\\\/fiat-scudo-1-5-bluehdi-100hp\\\/#primaryimage\",\"url\":\"https:\\\/\\\/carland-solutions.pt\\\/wp-content\\\/uploads\\\/2025\\\/07\\\/Fiat-Scudo.jpg\",\"contentUrl\":\"https:\\\/\\\/carland-solutions.pt\\\/wp-content\\\/uploads\\\/2025\\\/07\\\/Fiat-Scudo.jpg\",\"width\":1080,\"height\":1350},{\"@type\":\"BreadcrumbList\",\"@id\":\"https:\\\/\\\/carland-solutions.pt\\\/en\\\/product\\\/fiat-scudo-1-5-bluehdi-100hp\\\/#breadcrumb\",\"itemListElement\":[{\"@type\":\"ListItem\",\"position\":1,\"name\":\"Home\",\"item\":\"https:\\\/\\\/carland-solutions.pt\\\/en\\\/welcome\\\/\"},{\"@type\":\"ListItem\",\"position\":2,\"name\":\"Refund and Returns Policy\",\"item\":\"https:\\\/\\\/carland-solutions.pt\\\/?page_id=17\"},{\"@type\":\"ListItem\",\"position\":3,\"name\":\"Fiat Scudo 1.5 BlueHDi 100hp\"}]},{\"@type\":\"WebSite\",\"@id\":\"https:\\\/\\\/carland-solutions.pt\\\/en\\\/#website\",\"url\":\"https:\\\/\\\/carland-solutions.pt\\\/en\\\/\",\"name\":\"Carland Solutions\",\"description\":\"\",\"publisher\":{\"@id\":\"https:\\\/\\\/carland-solutions.pt\\\/en\\\/#organization\"},\"potentialAction\":[{\"@type\":\"SearchAction\",\"target\":{\"@type\":\"EntryPoint\",\"urlTemplate\":\"https:\\\/\\\/carland-solutions.pt\\\/en\\\/?s={search_term_string}\"},\"query-input\":{\"@type\":\"PropertyValueSpecification\",\"valueRequired\":true,\"valueName\":\"search_term_string\"}}],\"inLanguage\":\"en-US\"},{\"@type\":\"Organization\",\"@id\":\"https:\\\/\\\/carland-solutions.pt\\\/en\\\/#organization\",\"name\":\"Carland Solutions\",\"url\":\"https:\\\/\\\/carland-solutions.pt\\\/en\\\/\",\"logo\":{\"@type\":\"ImageObject\",\"inLanguage\":\"en-US\",\"@id\":\"https:\\\/\\\/carland-solutions.pt\\\/en\\\/#\\\/schema\\\/logo\\\/image\\\/\",\"url\":\"https:\\\/\\\/carland-solutions.pt\\\/wp-content\\\/uploads\\\/2025\\\/01\\\/Carland-Solutions-WBG-900x400-11.jpg\",\"contentUrl\":\"https:\\\/\\\/carland-solutions.pt\\\/wp-content\\\/uploads\\\/2025\\\/01\\\/Carland-Solutions-WBG-900x400-11.jpg\",\"width\":900,\"height\":400,\"caption\":\"Carland Solutions\"},\"image\":{\"@id\":\"https:\\\/\\\/carland-solutions.pt\\\/en\\\/#\\\/schema\\\/logo\\\/image\\\/\"},\"sameAs\":[\"https:\\\/\\\/www.facebook.com\\\/carlandsolutions\",\"https:\\\/\\\/www.instagram.com\\\/carlandsolutions\\\/\"]}]}<\/script>\n<!-- \/ Yoast SEO plugin. -->","yoast_head_json":{"title":"Fiat Scudo 1.5 BlueHDi 100hp - Carland Solutions","robots":{"index":"index","follow":"follow","max-snippet":"max-snippet:-1","max-image-preview":"max-image-preview:large","max-video-preview":"max-video-preview:-1"},"canonical":"https:\/\/carland-solutions.pt\/en\/product\/fiat-scudo-1-5-bluehdi-100hp\/","og_locale":"en_US","og_type":"article","og_title":"Fiat Scudo 1.5 BlueHDi 100hp - Carland Solutions","og_description":"&nbsp; - Year: 2022 - Version: Fiat Scudo 1.5 Blue hdi 100 hp - Mileage: 44 888 km - Displacement: 1499 cm3 - Power: 102 hp - Torque: 260 nm - Urban consumption: 7.1\/100 km - Gearbox: manual - Fuel: diesel","og_url":"https:\/\/carland-solutions.pt\/en\/product\/fiat-scudo-1-5-bluehdi-100hp\/","og_site_name":"Carland Solutions","article_publisher":"https:\/\/www.facebook.com\/carlandsolutions","article_modified_time":"2026-01-02T16:26:12+00:00","og_image":[{"width":1080,"height":1350,"url":"https:\/\/carland-solutions.pt\/wp-content\/uploads\/2025\/07\/Fiat-Scudo.jpg","type":"image\/jpeg"}],"twitter_card":"summary_large_image","twitter_misc":{"Est. reading time":"2 minutes"},"schema":{"@context":"https:\/\/schema.org","@graph":[{"@type":"WebPage","@id":"https:\/\/carland-solutions.pt\/en\/product\/fiat-scudo-1-5-bluehdi-100hp\/","url":"https:\/\/carland-solutions.pt\/en\/product\/fiat-scudo-1-5-bluehdi-100hp\/","name":"Fiat Scudo 1.5 BlueHDi 100hp - Carland Solutions","isPartOf":{"@id":"https:\/\/carland-solutions.pt\/en\/#website"},"primaryImageOfPage":{"@id":"https:\/\/carland-solutions.pt\/en\/product\/fiat-scudo-1-5-bluehdi-100hp\/#primaryimage"},"image":{"@id":"https:\/\/carland-solutions.pt\/en\/product\/fiat-scudo-1-5-bluehdi-100hp\/#primaryimage"},"thumbnailUrl":"https:\/\/carland-solutions.pt\/wp-content\/uploads\/2025\/07\/Fiat-Scudo.jpg","datePublished":"2025-07-05T10:21:38+00:00","dateModified":"2026-01-02T16:26:12+00:00","breadcrumb":{"@id":"https:\/\/carland-solutions.pt\/en\/product\/fiat-scudo-1-5-bluehdi-100hp\/#breadcrumb"},"inLanguage":"en-US","potentialAction":[{"@type":"ReadAction","target":["https:\/\/carland-solutions.pt\/en\/product\/fiat-scudo-1-5-bluehdi-100hp\/"]}]},{"@type":"ImageObject","inLanguage":"en-US","@id":"https:\/\/carland-solutions.pt\/en\/product\/fiat-scudo-1-5-bluehdi-100hp\/#primaryimage","url":"https:\/\/carland-solutions.pt\/wp-content\/uploads\/2025\/07\/Fiat-Scudo.jpg","contentUrl":"https:\/\/carland-solutions.pt\/wp-content\/uploads\/2025\/07\/Fiat-Scudo.jpg","width":1080,"height":1350},{"@type":"BreadcrumbList","@id":"https:\/\/carland-solutions.pt\/en\/product\/fiat-scudo-1-5-bluehdi-100hp\/#breadcrumb","itemListElement":[{"@type":"ListItem","position":1,"name":"Home","item":"https:\/\/carland-solutions.pt\/en\/welcome\/"},{"@type":"ListItem","position":2,"name":"Refund and Returns Policy","item":"https:\/\/carland-solutions.pt\/?page_id=17"},{"@type":"ListItem","position":3,"name":"Fiat Scudo 1.5 BlueHDi 100hp"}]},{"@type":"WebSite","@id":"https:\/\/carland-solutions.pt\/en\/#website","url":"https:\/\/carland-solutions.pt\/en\/","name":"Carland Solutions","description":"","publisher":{"@id":"https:\/\/carland-solutions.pt\/en\/#organization"},"potentialAction":[{"@type":"SearchAction","target":{"@type":"EntryPoint","urlTemplate":"https:\/\/carland-solutions.pt\/en\/?s={search_term_string}"},"query-input":{"@type":"PropertyValueSpecification","valueRequired":true,"valueName":"search_term_string"}}],"inLanguage":"en-US"},{"@type":"Organization","@id":"https:\/\/carland-solutions.pt\/en\/#organization","name":"Carland Solutions","url":"https:\/\/carland-solutions.pt\/en\/","logo":{"@type":"ImageObject","inLanguage":"en-US","@id":"https:\/\/carland-solutions.pt\/en\/#\/schema\/logo\/image\/","url":"https:\/\/carland-solutions.pt\/wp-content\/uploads\/2025\/01\/Carland-Solutions-WBG-900x400-11.jpg","contentUrl":"https:\/\/carland-solutions.pt\/wp-content\/uploads\/2025\/01\/Carland-Solutions-WBG-900x400-11.jpg","width":900,"height":400,"caption":"Carland Solutions"},"image":{"@id":"https:\/\/carland-solutions.pt\/en\/#\/schema\/logo\/image\/"},"sameAs":["https:\/\/www.facebook.com\/carlandsolutions","https:\/\/www.instagram.com\/carlandsolutions\/"]}]}},"_links":{"self":[{"href":"https:\/\/carland-solutions.pt\/en\/wp-json\/wp\/v2\/product\/2158","targetHints":{"allow":["GET"]}}],"collection":[{"href":"https:\/\/carland-solutions.pt\/en\/wp-json\/wp\/v2\/product"}],"about":[{"href":"https:\/\/carland-solutions.pt\/en\/wp-json\/wp\/v2\/types\/product"}],"wp:featuredmedia":[{"embeddable":true,"href":"https:\/\/carland-solutions.pt\/en\/wp-json\/wp\/v2\/media\/2106"}],"wp:attachment":[{"href":"https:\/\/carland-solutions.pt\/en\/wp-json\/wp\/v2\/media?parent=2158"}],"wp:term":[{"taxonomy":"product_brand","embeddable":true,"href":"https:\/\/carland-solutions.pt\/en\/wp-json\/wp\/v2\/product_brand?post=2158"},{"taxonomy":"product_cat","embeddable":true,"href":"https:\/\/carland-solutions.pt\/en\/wp-json\/wp\/v2\/product_cat?post=2158"},{"taxonomy":"product_tag","embeddable":true,"href":"https:\/\/carland-solutions.pt\/en\/wp-json\/wp\/v2\/product_tag?post=2158"}],"curies":[{"name":"wp","href":"https:\/\/api.w.org\/{rel}","templated":true}]}}