{"id":5843,"date":"2026-04-09T11:12:21","date_gmt":"2026-04-09T10:12:21","guid":{"rendered":"https:\/\/carland-solutions.pt\/product\/mercedes-benz-cla-250\/"},"modified":"2026-04-09T11:16:20","modified_gmt":"2026-04-09T10:16:20","slug":"mercedes-benz-cla-250","status":"publish","type":"product","link":"https:\/\/carland-solutions.pt\/de\/product\/mercedes-benz-cla-250\/","title":{"rendered":"Mercedes-Benz CLA 250"},"content":{"rendered":"<div class=\"wpb-content-wrapper\"><p>[vc_row gap=&#8220;35&#8243; equal_height=&#8220;yes&#8220; content_placement=&#8220;top&#8220;][vc_column][vc_column_text css=&#8220;&#8220;]<strong>Mercedes-Benz CLA 250<\/strong>[\/vc_column_text][vc_column_text css=&#8220;&#8220;]<strong>Mercedes-Benz CLA 250<\/strong><strong> &#8211; Elegant, sportlich und effizient<\/strong>: Der 08-2022 Mercedes-Benz CLA 250 kombiniert ein raffiniertes Design mit stromlinienf\u00f6rmigen Linien und einem hochwertigen Innenraum, der Komfort und Spitzentechnologie in den Mittelpunkt stellt. Dank seines kraftvollen und laufruhigen Motors liefert dieses Auto sowohl in der Stadt als auch auf der Autobahn hervorragende Leistungen, w\u00e4hrend sein effizienter Kraftstoffverbrauch f\u00fcr ein perfektes Gleichgewicht zwischen Leistung und Wirtschaftlichkeit sorgt &#8211; ideal f\u00fcr alle, die Fahrspa\u00df, Luxus und Zuverl\u00e4ssigkeit in einem stilvollen Auto suchen.[\/vc_column_text][\/vc_column][\/vc_row][vc_row gap=&#8220;35&#8243; equal_height=&#8220;yes&#8220; content_placement=&#8220;top&#8220;][vc_column width=&#8220;1\/2&#8243;][vc_column_text css=&#8220;&#8220;]<\/p>\n<p><strong>AUDIO UND MULTIMEDIA<\/strong><\/p>\n<p>-Bluetooth<\/p>\n<p>-Radio<\/p>\n<p>-Handfreies System<\/p>\n<p>-USB-Anschluss<\/p>\n<p>-Navigationssystem<\/p>\n<p>-Touchscreen<\/p>\n<p>-Sprachsteuerung von Fahrzeugfunktionen<\/p>\n<p><strong>KOMFORT UND AUSSTATTUNG<\/strong><\/p>\n<p>Automatische Zwei-Zonen-Klimaanlage<\/p>\n<p>-Futter aus Halb-Leder<\/p>\n<p>-beheizter Fahrersitz<\/p>\n<p>-beheizter Beifahrersitz<\/p>\n<p>-Armst\u00fctze vorne<\/p>\n<p>-Armst\u00fctze im R\u00fccken<\/p>\n<p>-Multifunktionslenkrad<\/p>\n<p>-Schl\u00fcsselloser Start<\/p>\n<p>-Drahtloser Motorstart<\/p>\n<p>-Automatische Klimaanlage<\/p>\n<p>-R\u00fcckensensor<\/p>\n<p>-Elektrische Fensterheber vorne<\/p>\n<p>-Elektrische Fensterheber hinten<\/p>\n<p>-Getinte Heckscheiben<\/p>\n<p>-Elektronik und Fahrhilfen<\/p>\n<p>-Adaptiver Tempomat<\/p>\n<p>-Vorderer Parksensor<\/p>\n<p>-R\u00fcckseitiger Parksensor<\/p>\n<p>-Light Assist<\/p>\n<p>-Richtungsweisende Scheinwerfer<\/p>\n<p>-LED-Tagfahrlicht<\/p>\n<p>-Start\/Stopp-System<\/p>\n<p>-Reifendruck\u00fcberwachung<\/p>\n<p>-Elektrische Handbremse<\/p>\n<p>-Servolenkung<\/p>\n<p><strong>SICHERHEIT <\/strong><\/p>\n<p>-ABS<\/p>\n<p>-Spurwechsel-Assistent<\/p>\n<p>Fahrer-Airbag<\/p>\n<p>-Beifahrer-Airbag<\/p>\n<p>&#8211; Seitenairbags f\u00fcr Fahrer und Beifahrer<\/p>\n<p>-ISOFIX[\/vc_column_text][\/vc_column][vc_column width=&#8220;1\/2&#8243;][vc_column_text css=&#8220;.vc_custom_1763481845196{padding-top: 25px !important;padding-right: 35px !important;padding-bottom: 25px !important;padding-left: 35px !important;background-color: #1c2e4a !important;border-radius: 10px !important;}&#8220;]<span style=\"color: #ffffff;\"><i class=\"fa-fw dt-icon-the7-misc-017\"><\/i><strong>  Kostenlose Lieferung in Portugal<\/strong><\/span><\/p>\n<p><span style=\"color: #ffffff;\"><i class=\"fa-fw dt-icon-the7-misc-017\"><\/i><strong>  Der Preis beinhaltet eine 18-monatige Garantie mit landesweiter Abdeckung, ein Ersatzfahrzeug und einen 24-Stunden-Pannenservice.<\/strong><\/span><\/p>\n<p><span style=\"color: #ffffff;\"><i class=\"fa-fw dt-icon-the7-misc-017\"><\/i><strong>  M\u00f6glichkeit der Finanzierung<\/strong><\/span><\/p>\n<p><span style=\"color: #ffffff;\"><i class=\"fa-fw dt-icon-the7-misc-017\"><\/i><strong>  Die Inzahlungnahme Ihres aktuellen Fahrzeugs ist auf Anfrage m\u00f6glich<\/strong><\/span>[\/vc_column_text][\/vc_column][\/vc_row][vc_row][vc_column][vc_column_text css=&#8220;&#8220;]<\/p>\n<h2>Sind Sie an diesem Auto interessiert?<\/h2>\n<p>[\/vc_column_text][vc_column_text css=&#8220;&#8220;]Wenn Sie an diesem oder einem unserer anderen Gebrauchtwagen interessiert sind, z\u00f6gern Sie bitte nicht, uns zu kontaktieren unter <strong><a href=\"tel:+31641972793\">+31 6 419 727 93<\/a><\/strong> oder <strong><a href=\"tel:+351960184708\">+351 960 184 708<\/a><\/strong>.[\/vc_column_text][\/vc_column][\/vc_row]<\/p>\n<\/div>","protected":false},"excerpt":{"rendered":"<ul>\n<li>Baujahr: 08-2022<\/li>\n<li>Version: CLA 250<\/li>\n<li>Kilometerstand: 74.000 km<\/li>\n<li>Fassungsverm\u00f6gen des Zylinders: 1.332 cm\u00b3<\/li>\n<li>Leistung: 218 PS<\/li>\n<li>Drehmoment: 450 Nm<\/li>\n<li>Verbrauch in der Stadt: 4,6 l\/100 km<\/li>\n<li>Getriebe: Automatik<\/li>\n<li>Antrieb: Hybrid (Benzin)<\/li>\n<\/ul>\n","protected":false},"featured_media":5830,"template":"","meta":[],"product_brand":[],"product_cat":[49],"product_tag":[],"class_list":{"0":"post-5843","1":"product","2":"type-product","3":"status-publish","4":"has-post-thumbnail","6":"product_cat-te-koop-de","7":"description-off","9":"first","10":"instock","11":"shipping-taxable","12":"purchasable","13":"product-type-simple"},"yoast_head":"<!-- This site is optimized with the Yoast SEO plugin v27.3 - https:\/\/yoast.com\/product\/yoast-seo-wordpress\/ -->\n<title>Mercedes-Benz CLA 250 - Carland Solutions<\/title>\n<meta name=\"robots\" content=\"index, follow, max-snippet:-1, max-image-preview:large, max-video-preview:-1\" \/>\n<link rel=\"canonical\" href=\"https:\/\/carland-solutions.pt\/de\/product\/mercedes-benz-cla-250\/\" \/>\n<meta property=\"og:locale\" content=\"de_DE\" \/>\n<meta property=\"og:type\" content=\"article\" \/>\n<meta property=\"og:title\" content=\"Mercedes-Benz CLA 250 - Carland Solutions\" \/>\n<meta property=\"og:description\" content=\"Baujahr: 08-2022  Version: CLA 250  Kilometerstand: 74.000 km  Fassungsverm\u00f6gen des Zylinders: 1.332 cm\u00b3  Leistung: 218 PS  Drehmoment: 450 Nm  Verbrauch in der Stadt: 4,6 l\/100 km  Getriebe: Automatik  Antrieb: Hybrid (Benzin)\" \/>\n<meta property=\"og:url\" content=\"https:\/\/carland-solutions.pt\/de\/product\/mercedes-benz-cla-250\/\" \/>\n<meta property=\"og:site_name\" content=\"Carland Solutions\" \/>\n<meta property=\"article:publisher\" content=\"https:\/\/www.facebook.com\/carlandsolutions\" \/>\n<meta property=\"article:modified_time\" content=\"2026-04-09T10:16:20+00:00\" \/>\n<meta property=\"og:image\" content=\"https:\/\/carland-solutions.pt\/wp-content\/uploads\/2026\/04\/667984672_122108447817264610_3878854720629060177_n.jpg\" \/>\n\t<meta property=\"og:image:width\" content=\"1080\" \/>\n\t<meta property=\"og:image:height\" content=\"1350\" \/>\n\t<meta property=\"og:image:type\" content=\"image\/jpeg\" \/>\n<meta name=\"twitter:card\" content=\"summary_large_image\" \/>\n<meta name=\"twitter:label1\" content=\"Gesch\u00e4tzte Lesezeit\" \/>\n\t<meta name=\"twitter:data1\" content=\"2\u00a0Minuten\" \/>\n<script type=\"application\/ld+json\" class=\"yoast-schema-graph\">{\"@context\":\"https:\\\/\\\/schema.org\",\"@graph\":[{\"@type\":\"WebPage\",\"@id\":\"https:\\\/\\\/carland-solutions.pt\\\/de\\\/product\\\/mercedes-benz-cla-250\\\/\",\"url\":\"https:\\\/\\\/carland-solutions.pt\\\/de\\\/product\\\/mercedes-benz-cla-250\\\/\",\"name\":\"Mercedes-Benz CLA 250 - Carland Solutions\",\"isPartOf\":{\"@id\":\"https:\\\/\\\/carland-solutions.pt\\\/de\\\/#website\"},\"primaryImageOfPage\":{\"@id\":\"https:\\\/\\\/carland-solutions.pt\\\/de\\\/product\\\/mercedes-benz-cla-250\\\/#primaryimage\"},\"image\":{\"@id\":\"https:\\\/\\\/carland-solutions.pt\\\/de\\\/product\\\/mercedes-benz-cla-250\\\/#primaryimage\"},\"thumbnailUrl\":\"https:\\\/\\\/carland-solutions.pt\\\/wp-content\\\/uploads\\\/2026\\\/04\\\/667984672_122108447817264610_3878854720629060177_n.jpg\",\"datePublished\":\"2026-04-09T10:12:21+00:00\",\"dateModified\":\"2026-04-09T10:16:20+00:00\",\"breadcrumb\":{\"@id\":\"https:\\\/\\\/carland-solutions.pt\\\/de\\\/product\\\/mercedes-benz-cla-250\\\/#breadcrumb\"},\"inLanguage\":\"de\",\"potentialAction\":[{\"@type\":\"ReadAction\",\"target\":[\"https:\\\/\\\/carland-solutions.pt\\\/de\\\/product\\\/mercedes-benz-cla-250\\\/\"]}]},{\"@type\":\"ImageObject\",\"inLanguage\":\"de\",\"@id\":\"https:\\\/\\\/carland-solutions.pt\\\/de\\\/product\\\/mercedes-benz-cla-250\\\/#primaryimage\",\"url\":\"https:\\\/\\\/carland-solutions.pt\\\/wp-content\\\/uploads\\\/2026\\\/04\\\/667984672_122108447817264610_3878854720629060177_n.jpg\",\"contentUrl\":\"https:\\\/\\\/carland-solutions.pt\\\/wp-content\\\/uploads\\\/2026\\\/04\\\/667984672_122108447817264610_3878854720629060177_n.jpg\",\"width\":1080,\"height\":1350},{\"@type\":\"BreadcrumbList\",\"@id\":\"https:\\\/\\\/carland-solutions.pt\\\/de\\\/product\\\/mercedes-benz-cla-250\\\/#breadcrumb\",\"itemListElement\":[{\"@type\":\"ListItem\",\"position\":1,\"name\":\"Home\",\"item\":\"https:\\\/\\\/carland-solutions.pt\\\/de\\\/\"},{\"@type\":\"ListItem\",\"position\":2,\"name\":\"Refund and Returns Policy\",\"item\":\"https:\\\/\\\/carland-solutions.pt\\\/?page_id=17\"},{\"@type\":\"ListItem\",\"position\":3,\"name\":\"Mercedes-Benz CLA 250\"}]},{\"@type\":\"WebSite\",\"@id\":\"https:\\\/\\\/carland-solutions.pt\\\/de\\\/#website\",\"url\":\"https:\\\/\\\/carland-solutions.pt\\\/de\\\/\",\"name\":\"Carland Solutions\",\"description\":\"\",\"publisher\":{\"@id\":\"https:\\\/\\\/carland-solutions.pt\\\/de\\\/#organization\"},\"potentialAction\":[{\"@type\":\"SearchAction\",\"target\":{\"@type\":\"EntryPoint\",\"urlTemplate\":\"https:\\\/\\\/carland-solutions.pt\\\/de\\\/?s={search_term_string}\"},\"query-input\":{\"@type\":\"PropertyValueSpecification\",\"valueRequired\":true,\"valueName\":\"search_term_string\"}}],\"inLanguage\":\"de\"},{\"@type\":\"Organization\",\"@id\":\"https:\\\/\\\/carland-solutions.pt\\\/de\\\/#organization\",\"name\":\"Carland Solutions\",\"url\":\"https:\\\/\\\/carland-solutions.pt\\\/de\\\/\",\"logo\":{\"@type\":\"ImageObject\",\"inLanguage\":\"de\",\"@id\":\"https:\\\/\\\/carland-solutions.pt\\\/de\\\/#\\\/schema\\\/logo\\\/image\\\/\",\"url\":\"https:\\\/\\\/carland-solutions.pt\\\/wp-content\\\/uploads\\\/2025\\\/01\\\/Carland-Solutions-WBG-900x400-11.jpg\",\"contentUrl\":\"https:\\\/\\\/carland-solutions.pt\\\/wp-content\\\/uploads\\\/2025\\\/01\\\/Carland-Solutions-WBG-900x400-11.jpg\",\"width\":900,\"height\":400,\"caption\":\"Carland Solutions\"},\"image\":{\"@id\":\"https:\\\/\\\/carland-solutions.pt\\\/de\\\/#\\\/schema\\\/logo\\\/image\\\/\"},\"sameAs\":[\"https:\\\/\\\/www.facebook.com\\\/carlandsolutions\",\"https:\\\/\\\/www.instagram.com\\\/carlandsolutions\\\/\"]}]}<\/script>\n<!-- \/ Yoast SEO plugin. -->","yoast_head_json":{"title":"Mercedes-Benz CLA 250 - Carland Solutions","robots":{"index":"index","follow":"follow","max-snippet":"max-snippet:-1","max-image-preview":"max-image-preview:large","max-video-preview":"max-video-preview:-1"},"canonical":"https:\/\/carland-solutions.pt\/de\/product\/mercedes-benz-cla-250\/","og_locale":"de_DE","og_type":"article","og_title":"Mercedes-Benz CLA 250 - Carland Solutions","og_description":"Baujahr: 08-2022  Version: CLA 250  Kilometerstand: 74.000 km  Fassungsverm\u00f6gen des Zylinders: 1.332 cm\u00b3  Leistung: 218 PS  Drehmoment: 450 Nm  Verbrauch in der Stadt: 4,6 l\/100 km  Getriebe: Automatik  Antrieb: Hybrid (Benzin)","og_url":"https:\/\/carland-solutions.pt\/de\/product\/mercedes-benz-cla-250\/","og_site_name":"Carland Solutions","article_publisher":"https:\/\/www.facebook.com\/carlandsolutions","article_modified_time":"2026-04-09T10:16:20+00:00","og_image":[{"width":1080,"height":1350,"url":"https:\/\/carland-solutions.pt\/wp-content\/uploads\/2026\/04\/667984672_122108447817264610_3878854720629060177_n.jpg","type":"image\/jpeg"}],"twitter_card":"summary_large_image","twitter_misc":{"Gesch\u00e4tzte Lesezeit":"2\u00a0Minuten"},"schema":{"@context":"https:\/\/schema.org","@graph":[{"@type":"WebPage","@id":"https:\/\/carland-solutions.pt\/de\/product\/mercedes-benz-cla-250\/","url":"https:\/\/carland-solutions.pt\/de\/product\/mercedes-benz-cla-250\/","name":"Mercedes-Benz CLA 250 - Carland Solutions","isPartOf":{"@id":"https:\/\/carland-solutions.pt\/de\/#website"},"primaryImageOfPage":{"@id":"https:\/\/carland-solutions.pt\/de\/product\/mercedes-benz-cla-250\/#primaryimage"},"image":{"@id":"https:\/\/carland-solutions.pt\/de\/product\/mercedes-benz-cla-250\/#primaryimage"},"thumbnailUrl":"https:\/\/carland-solutions.pt\/wp-content\/uploads\/2026\/04\/667984672_122108447817264610_3878854720629060177_n.jpg","datePublished":"2026-04-09T10:12:21+00:00","dateModified":"2026-04-09T10:16:20+00:00","breadcrumb":{"@id":"https:\/\/carland-solutions.pt\/de\/product\/mercedes-benz-cla-250\/#breadcrumb"},"inLanguage":"de","potentialAction":[{"@type":"ReadAction","target":["https:\/\/carland-solutions.pt\/de\/product\/mercedes-benz-cla-250\/"]}]},{"@type":"ImageObject","inLanguage":"de","@id":"https:\/\/carland-solutions.pt\/de\/product\/mercedes-benz-cla-250\/#primaryimage","url":"https:\/\/carland-solutions.pt\/wp-content\/uploads\/2026\/04\/667984672_122108447817264610_3878854720629060177_n.jpg","contentUrl":"https:\/\/carland-solutions.pt\/wp-content\/uploads\/2026\/04\/667984672_122108447817264610_3878854720629060177_n.jpg","width":1080,"height":1350},{"@type":"BreadcrumbList","@id":"https:\/\/carland-solutions.pt\/de\/product\/mercedes-benz-cla-250\/#breadcrumb","itemListElement":[{"@type":"ListItem","position":1,"name":"Home","item":"https:\/\/carland-solutions.pt\/de\/"},{"@type":"ListItem","position":2,"name":"Refund and Returns Policy","item":"https:\/\/carland-solutions.pt\/?page_id=17"},{"@type":"ListItem","position":3,"name":"Mercedes-Benz CLA 250"}]},{"@type":"WebSite","@id":"https:\/\/carland-solutions.pt\/de\/#website","url":"https:\/\/carland-solutions.pt\/de\/","name":"Carland Solutions","description":"","publisher":{"@id":"https:\/\/carland-solutions.pt\/de\/#organization"},"potentialAction":[{"@type":"SearchAction","target":{"@type":"EntryPoint","urlTemplate":"https:\/\/carland-solutions.pt\/de\/?s={search_term_string}"},"query-input":{"@type":"PropertyValueSpecification","valueRequired":true,"valueName":"search_term_string"}}],"inLanguage":"de"},{"@type":"Organization","@id":"https:\/\/carland-solutions.pt\/de\/#organization","name":"Carland Solutions","url":"https:\/\/carland-solutions.pt\/de\/","logo":{"@type":"ImageObject","inLanguage":"de","@id":"https:\/\/carland-solutions.pt\/de\/#\/schema\/logo\/image\/","url":"https:\/\/carland-solutions.pt\/wp-content\/uploads\/2025\/01\/Carland-Solutions-WBG-900x400-11.jpg","contentUrl":"https:\/\/carland-solutions.pt\/wp-content\/uploads\/2025\/01\/Carland-Solutions-WBG-900x400-11.jpg","width":900,"height":400,"caption":"Carland Solutions"},"image":{"@id":"https:\/\/carland-solutions.pt\/de\/#\/schema\/logo\/image\/"},"sameAs":["https:\/\/www.facebook.com\/carlandsolutions","https:\/\/www.instagram.com\/carlandsolutions\/"]}]}},"_links":{"self":[{"href":"https:\/\/carland-solutions.pt\/de\/wp-json\/wp\/v2\/product\/5843","targetHints":{"allow":["GET"]}}],"collection":[{"href":"https:\/\/carland-solutions.pt\/de\/wp-json\/wp\/v2\/product"}],"about":[{"href":"https:\/\/carland-solutions.pt\/de\/wp-json\/wp\/v2\/types\/product"}],"wp:featuredmedia":[{"embeddable":true,"href":"https:\/\/carland-solutions.pt\/de\/wp-json\/wp\/v2\/media\/5830"}],"wp:attachment":[{"href":"https:\/\/carland-solutions.pt\/de\/wp-json\/wp\/v2\/media?parent=5843"}],"wp:term":[{"taxonomy":"product_brand","embeddable":true,"href":"https:\/\/carland-solutions.pt\/de\/wp-json\/wp\/v2\/product_brand?post=5843"},{"taxonomy":"product_cat","embeddable":true,"href":"https:\/\/carland-solutions.pt\/de\/wp-json\/wp\/v2\/product_cat?post=5843"},{"taxonomy":"product_tag","embeddable":true,"href":"https:\/\/carland-solutions.pt\/de\/wp-json\/wp\/v2\/product_tag?post=5843"}],"curies":[{"name":"wp","href":"https:\/\/api.w.org\/{rel}","templated":true}]}}