{"id":5785,"date":"2025-02-28T10:43:38","date_gmt":"2025-02-28T10:43:38","guid":{"rendered":"https:\/\/carland-solutions.pt\/product\/citroen-c3-2\/"},"modified":"2026-03-28T14:26:25","modified_gmt":"2026-03-28T14:26:25","slug":"citroen-c3-2","status":"publish","type":"product","link":"https:\/\/carland-solutions.pt\/de\/product\/citroen-c3-2\/","title":{"rendered":"Citro\u00ebn C3"},"content":{"rendered":"<div class=\"wpb-content-wrapper\"><p>[vc_row gap=&#8220;35&#8243; equal_height=&#8220;yes&#8220; content_placement=&#8220;top&#8220;][vc_column][vc_column_text css=&#8220;&#8220;]Citro\u00ebn C3[\/vc_column_text][vc_column_text css=&#8220;&#8220;]<b>Citro\u00ebn C3 &#8211; Kompakt, komfortabel und sparsam: Dieser Citro\u00ebn C3 aus dem Jahr 02-2017 kombiniert ein modernes und schrulliges Design mit einem hohen Ma\u00df an Komfort dank seiner geschmeidigen Federung und ergonomischen Sitze, die jede Fahrt zu einem entspannten Erlebnis werden lassen. Er ist perfekt f\u00fcr den t\u00e4glichen Gebrauch und zeichnet sich durch seine Wendigkeit in der Stadt und sein stabiles Fahrverhalten auf der Stra\u00dfe aus, w\u00e4hrend seine kraftstoffsparenden Motoren zu niedrigen Verbrauchskosten beitragen. Der ger\u00e4umige Innenraum mit benutzerfreundlicher Technik sorgt f\u00fcr Bequemlichkeit und Fahrvergn\u00fcgen und macht dieses Auto zu einer klugen Wahl f\u00fcr alle, die Stil, Komfort und Effizienz suchen<\/b>.[\/vc_column_text][\/vc_column][\/vc_row][vc_row gap=&#8220;35&#8243; equal_height=&#8220;yes&#8220; content_placement=&#8220;top&#8220;][vc_column width=&#8220;1\/2&#8243;][vc_column_text css=&#8220;&#8220;]<strong>AUDIO UND MULTIMEDIA<\/strong><\/p>\n<p>-Bluetooth<\/p>\n<p>-Radio<\/p>\n<p>-USB-Anschluss<\/p>\n<p>-Soundsystem<\/p>\n<p>-Touchscreen<\/p>\n<p><strong>KOMFORT UND AUSSTATTUNG<\/strong><\/p>\n<p>-manuelle Klimaanlage<\/p>\n<p>-Stoff-Polsterung<\/p>\n<p>-Lederlenkrad<\/p>\n<p>-Multifunktionslenkrad<\/p>\n<p>-Elektrische Fensterheber vorne<\/p>\n<p>Elektronik und Fahrhilfen<\/p>\n<p>-Cruise Control<\/p>\n<p>-LED-Scheinwerfer<\/p>\n<p>-R\u00fcckw\u00e4rtige Parksensoren<\/p>\n<p>-Elektrisch verstellbare Au\u00dfenspiegel<\/p>\n<p>-beheizte Au\u00dfenspiegel<\/p>\n<p>-Elektrisch einklappbare Au\u00dfenspiegel<\/p>\n<p>-Warnsystem f\u00fcr unbeabsichtigtes Verlassen der Fahrspur<\/p>\n<p>-Traktionskontrolle<\/p>\n<p>-Verkehrszeichenerkennung<\/p>\n<p>-LED-Tagfahrlicht<\/p>\n<p>-Nebel-Lampen<\/p>\n<p><strong>SICHERHEIT<\/strong><\/p>\n<p>-ABS<\/p>\n<p>-Stabilit\u00e4tskontrolle (ESP)<\/p>\n<p>Fahrer-Airbag<\/p>\n<p>-Beifahrer-Airbag<\/p>\n<p>-Kopfairbags f\u00fcr Fahrer und Beifahrer<\/p>\n<p>&#8211; Seitenairbags f\u00fcr Fahrer und Beifahrer[\/vc_column_text][\/vc_column][vc_column width=&#8220;1\/2&#8243;][vc_column_text css=&#8220;.vc_custom_1763481845196{padding-top: 25px !important;padding-right: 35px !important;padding-bottom: 25px !important;padding-left: 35px !important;background-color: #1c2e4a !important;border-radius: 10px !important;}&#8220;]<span style=\"color: #ffffff;\"><i class=\"fa-fw dt-icon-the7-misc-017\"><\/i><strong>  Kostenlose Lieferung in Portugal<\/strong><\/span><\/p>\n<p><span style=\"color: #ffffff;\"><i class=\"fa-fw dt-icon-the7-misc-017\"><\/i><strong>  Der Preis beinhaltet eine 18-monatige Garantie mit landesweiter Abdeckung, ein Ersatzfahrzeug und einen 24-Stunden-Pannenservice.<\/strong><\/span><\/p>\n<p><span style=\"color: #ffffff;\"><i class=\"fa-fw dt-icon-the7-misc-017\"><\/i><strong>  M\u00f6glichkeit der Finanzierung<\/strong><\/span><\/p>\n<p><span style=\"color: #ffffff;\"><i class=\"fa-fw dt-icon-the7-misc-017\"><\/i><strong>  Die Inzahlungnahme Ihres aktuellen Fahrzeugs ist auf Anfrage m\u00f6glich<\/strong><\/span>[\/vc_column_text][\/vc_column][\/vc_row][vc_row][vc_column][vc_column_text css=&#8220;&#8220;]<\/p>\n<h2>Sind Sie an diesem Auto interessiert?<\/h2>\n<p>[\/vc_column_text][vc_column_text css=&#8220;&#8220;]Wenn Sie an diesem oder einem unserer anderen Gebrauchtwagen interessiert sind, z\u00f6gern Sie bitte nicht, uns zu kontaktieren unter <strong><a href=\"tel:+31641972793\">+31 6 419 727 93<\/a><\/strong> oder <strong><a href=\"tel:+351960184708\">+351 960 184 708<\/a><\/strong>.[\/vc_column_text][\/vc_column][\/vc_row]<\/p>\n<\/div>","protected":false},"excerpt":{"rendered":"<ul>\n<li>Baujahr: 02-2017<\/li>\n<li>Version: 1.2 PureTech Feel<\/li>\n<li>Kilometerstand: 85.888 km<\/li>\n<li>Verdr\u00e4ngung: 1.199 cm\u00b3<\/li>\n<li>Leistung: 82 PS<\/li>\n<li>Drehmoment: 118 Nm<\/li>\n<li>Verbrauch in der Stadt: 4,6 l\/100 km<\/li>\n<li>Getriebe: manuell<\/li>\n<li>Kraftstoff: Benzin<\/li>\n<\/ul>\n","protected":false},"featured_media":5778,"template":"","meta":[],"product_brand":[],"product_cat":[49,54],"product_tag":[],"class_list":{"0":"post-5785","1":"product","2":"type-product","3":"status-publish","4":"has-post-thumbnail","6":"product_cat-te-koop-de","7":"product_cat-verkauft","8":"description-off","10":"first","11":"outofstock","12":"shipping-taxable","13":"product-type-simple"},"yoast_head":"<!-- This site is optimized with the Yoast SEO plugin v27.6 - https:\/\/yoast.com\/product\/yoast-seo-wordpress\/ -->\n<title>Citro\u00ebn C3 - Carland Solutions<\/title>\n<meta name=\"robots\" content=\"index, follow, max-snippet:-1, max-image-preview:large, max-video-preview:-1\" \/>\n<link rel=\"canonical\" href=\"https:\/\/carland-solutions.pt\/de\/product\/citroen-c3-2\/\" \/>\n<meta property=\"og:locale\" content=\"de_DE\" \/>\n<meta property=\"og:type\" content=\"article\" \/>\n<meta property=\"og:title\" content=\"Citro\u00ebn C3 - Carland Solutions\" \/>\n<meta property=\"og:description\" content=\"Baujahr: 02-2017  Version: 1.2 PureTech Feel  Kilometerstand: 85.888 km  Verdr\u00e4ngung: 1.199 cm\u00b3  Leistung: 82 PS  Drehmoment: 118 Nm  Verbrauch in der Stadt: 4,6 l\/100 km  Getriebe: manuell  Kraftstoff: Benzin\" \/>\n<meta property=\"og:url\" content=\"https:\/\/carland-solutions.pt\/de\/product\/citroen-c3-2\/\" \/>\n<meta property=\"og:site_name\" content=\"Carland Solutions\" \/>\n<meta property=\"article:publisher\" content=\"https:\/\/www.facebook.com\/carlandsolutions\" \/>\n<meta property=\"article:modified_time\" content=\"2026-03-28T14:26:25+00:00\" \/>\n<meta property=\"og:image\" content=\"https:\/\/carland-solutions.pt\/wp-content\/uploads\/2026\/03\/660287771_122106977685264610_4998055801135805866_n.jpg\" \/>\n\t<meta property=\"og:image:width\" content=\"1080\" \/>\n\t<meta property=\"og:image:height\" content=\"1350\" \/>\n\t<meta property=\"og:image:type\" content=\"image\/jpeg\" \/>\n<meta name=\"twitter:card\" content=\"summary_large_image\" \/>\n<meta name=\"twitter:label1\" content=\"Gesch\u00e4tzte Lesezeit\" \/>\n\t<meta name=\"twitter:data1\" content=\"2\u00a0Minuten\" \/>\n<script type=\"application\/ld+json\" class=\"yoast-schema-graph\">{\"@context\":\"https:\\\/\\\/schema.org\",\"@graph\":[{\"@type\":\"WebPage\",\"@id\":\"https:\\\/\\\/carland-solutions.pt\\\/de\\\/product\\\/citroen-c3-2\\\/\",\"url\":\"https:\\\/\\\/carland-solutions.pt\\\/de\\\/product\\\/citroen-c3-2\\\/\",\"name\":\"Citro\u00ebn C3 - Carland Solutions\",\"isPartOf\":{\"@id\":\"https:\\\/\\\/carland-solutions.pt\\\/de\\\/#website\"},\"primaryImageOfPage\":{\"@id\":\"https:\\\/\\\/carland-solutions.pt\\\/de\\\/product\\\/citroen-c3-2\\\/#primaryimage\"},\"image\":{\"@id\":\"https:\\\/\\\/carland-solutions.pt\\\/de\\\/product\\\/citroen-c3-2\\\/#primaryimage\"},\"thumbnailUrl\":\"https:\\\/\\\/carland-solutions.pt\\\/wp-content\\\/uploads\\\/2026\\\/03\\\/660287771_122106977685264610_4998055801135805866_n.jpg\",\"datePublished\":\"2025-02-28T10:43:38+00:00\",\"dateModified\":\"2026-03-28T14:26:25+00:00\",\"breadcrumb\":{\"@id\":\"https:\\\/\\\/carland-solutions.pt\\\/de\\\/product\\\/citroen-c3-2\\\/#breadcrumb\"},\"inLanguage\":\"de\",\"potentialAction\":[{\"@type\":\"ReadAction\",\"target\":[\"https:\\\/\\\/carland-solutions.pt\\\/de\\\/product\\\/citroen-c3-2\\\/\"]}]},{\"@type\":\"ImageObject\",\"inLanguage\":\"de\",\"@id\":\"https:\\\/\\\/carland-solutions.pt\\\/de\\\/product\\\/citroen-c3-2\\\/#primaryimage\",\"url\":\"https:\\\/\\\/carland-solutions.pt\\\/wp-content\\\/uploads\\\/2026\\\/03\\\/660287771_122106977685264610_4998055801135805866_n.jpg\",\"contentUrl\":\"https:\\\/\\\/carland-solutions.pt\\\/wp-content\\\/uploads\\\/2026\\\/03\\\/660287771_122106977685264610_4998055801135805866_n.jpg\",\"width\":1080,\"height\":1350},{\"@type\":\"BreadcrumbList\",\"@id\":\"https:\\\/\\\/carland-solutions.pt\\\/de\\\/product\\\/citroen-c3-2\\\/#breadcrumb\",\"itemListElement\":[{\"@type\":\"ListItem\",\"position\":1,\"name\":\"Home\",\"item\":\"https:\\\/\\\/carland-solutions.pt\\\/de\\\/\"},{\"@type\":\"ListItem\",\"position\":2,\"name\":\"Refund and Returns Policy\",\"item\":\"https:\\\/\\\/carland-solutions.pt\\\/?page_id=17\"},{\"@type\":\"ListItem\",\"position\":3,\"name\":\"Citro\u00ebn C3\"}]},{\"@type\":\"WebSite\",\"@id\":\"https:\\\/\\\/carland-solutions.pt\\\/de\\\/#website\",\"url\":\"https:\\\/\\\/carland-solutions.pt\\\/de\\\/\",\"name\":\"Carland Solutions\",\"description\":\"\",\"publisher\":{\"@id\":\"https:\\\/\\\/carland-solutions.pt\\\/de\\\/#organization\"},\"potentialAction\":[{\"@type\":\"SearchAction\",\"target\":{\"@type\":\"EntryPoint\",\"urlTemplate\":\"https:\\\/\\\/carland-solutions.pt\\\/de\\\/?s={search_term_string}\"},\"query-input\":{\"@type\":\"PropertyValueSpecification\",\"valueRequired\":true,\"valueName\":\"search_term_string\"}}],\"inLanguage\":\"de\"},{\"@type\":\"Organization\",\"@id\":\"https:\\\/\\\/carland-solutions.pt\\\/de\\\/#organization\",\"name\":\"Carland Solutions\",\"url\":\"https:\\\/\\\/carland-solutions.pt\\\/de\\\/\",\"logo\":{\"@type\":\"ImageObject\",\"inLanguage\":\"de\",\"@id\":\"https:\\\/\\\/carland-solutions.pt\\\/de\\\/#\\\/schema\\\/logo\\\/image\\\/\",\"url\":\"https:\\\/\\\/carland-solutions.pt\\\/wp-content\\\/uploads\\\/2025\\\/01\\\/Carland-Solutions-WBG-900x400-11.jpg\",\"contentUrl\":\"https:\\\/\\\/carland-solutions.pt\\\/wp-content\\\/uploads\\\/2025\\\/01\\\/Carland-Solutions-WBG-900x400-11.jpg\",\"width\":900,\"height\":400,\"caption\":\"Carland Solutions\"},\"image\":{\"@id\":\"https:\\\/\\\/carland-solutions.pt\\\/de\\\/#\\\/schema\\\/logo\\\/image\\\/\"},\"sameAs\":[\"https:\\\/\\\/www.facebook.com\\\/carlandsolutions\",\"https:\\\/\\\/www.instagram.com\\\/carlandsolutions\\\/\"]}]}<\/script>\n<!-- \/ Yoast SEO plugin. -->","yoast_head_json":{"title":"Citro\u00ebn C3 - Carland Solutions","robots":{"index":"index","follow":"follow","max-snippet":"max-snippet:-1","max-image-preview":"max-image-preview:large","max-video-preview":"max-video-preview:-1"},"canonical":"https:\/\/carland-solutions.pt\/de\/product\/citroen-c3-2\/","og_locale":"de_DE","og_type":"article","og_title":"Citro\u00ebn C3 - Carland Solutions","og_description":"Baujahr: 02-2017  Version: 1.2 PureTech Feel  Kilometerstand: 85.888 km  Verdr\u00e4ngung: 1.199 cm\u00b3  Leistung: 82 PS  Drehmoment: 118 Nm  Verbrauch in der Stadt: 4,6 l\/100 km  Getriebe: manuell  Kraftstoff: Benzin","og_url":"https:\/\/carland-solutions.pt\/de\/product\/citroen-c3-2\/","og_site_name":"Carland Solutions","article_publisher":"https:\/\/www.facebook.com\/carlandsolutions","article_modified_time":"2026-03-28T14:26:25+00:00","og_image":[{"width":1080,"height":1350,"url":"https:\/\/carland-solutions.pt\/wp-content\/uploads\/2026\/03\/660287771_122106977685264610_4998055801135805866_n.jpg","type":"image\/jpeg"}],"twitter_card":"summary_large_image","twitter_misc":{"Gesch\u00e4tzte Lesezeit":"2\u00a0Minuten"},"schema":{"@context":"https:\/\/schema.org","@graph":[{"@type":"WebPage","@id":"https:\/\/carland-solutions.pt\/de\/product\/citroen-c3-2\/","url":"https:\/\/carland-solutions.pt\/de\/product\/citroen-c3-2\/","name":"Citro\u00ebn C3 - Carland Solutions","isPartOf":{"@id":"https:\/\/carland-solutions.pt\/de\/#website"},"primaryImageOfPage":{"@id":"https:\/\/carland-solutions.pt\/de\/product\/citroen-c3-2\/#primaryimage"},"image":{"@id":"https:\/\/carland-solutions.pt\/de\/product\/citroen-c3-2\/#primaryimage"},"thumbnailUrl":"https:\/\/carland-solutions.pt\/wp-content\/uploads\/2026\/03\/660287771_122106977685264610_4998055801135805866_n.jpg","datePublished":"2025-02-28T10:43:38+00:00","dateModified":"2026-03-28T14:26:25+00:00","breadcrumb":{"@id":"https:\/\/carland-solutions.pt\/de\/product\/citroen-c3-2\/#breadcrumb"},"inLanguage":"de","potentialAction":[{"@type":"ReadAction","target":["https:\/\/carland-solutions.pt\/de\/product\/citroen-c3-2\/"]}]},{"@type":"ImageObject","inLanguage":"de","@id":"https:\/\/carland-solutions.pt\/de\/product\/citroen-c3-2\/#primaryimage","url":"https:\/\/carland-solutions.pt\/wp-content\/uploads\/2026\/03\/660287771_122106977685264610_4998055801135805866_n.jpg","contentUrl":"https:\/\/carland-solutions.pt\/wp-content\/uploads\/2026\/03\/660287771_122106977685264610_4998055801135805866_n.jpg","width":1080,"height":1350},{"@type":"BreadcrumbList","@id":"https:\/\/carland-solutions.pt\/de\/product\/citroen-c3-2\/#breadcrumb","itemListElement":[{"@type":"ListItem","position":1,"name":"Home","item":"https:\/\/carland-solutions.pt\/de\/"},{"@type":"ListItem","position":2,"name":"Refund and Returns Policy","item":"https:\/\/carland-solutions.pt\/?page_id=17"},{"@type":"ListItem","position":3,"name":"Citro\u00ebn C3"}]},{"@type":"WebSite","@id":"https:\/\/carland-solutions.pt\/de\/#website","url":"https:\/\/carland-solutions.pt\/de\/","name":"Carland Solutions","description":"","publisher":{"@id":"https:\/\/carland-solutions.pt\/de\/#organization"},"potentialAction":[{"@type":"SearchAction","target":{"@type":"EntryPoint","urlTemplate":"https:\/\/carland-solutions.pt\/de\/?s={search_term_string}"},"query-input":{"@type":"PropertyValueSpecification","valueRequired":true,"valueName":"search_term_string"}}],"inLanguage":"de"},{"@type":"Organization","@id":"https:\/\/carland-solutions.pt\/de\/#organization","name":"Carland Solutions","url":"https:\/\/carland-solutions.pt\/de\/","logo":{"@type":"ImageObject","inLanguage":"de","@id":"https:\/\/carland-solutions.pt\/de\/#\/schema\/logo\/image\/","url":"https:\/\/carland-solutions.pt\/wp-content\/uploads\/2025\/01\/Carland-Solutions-WBG-900x400-11.jpg","contentUrl":"https:\/\/carland-solutions.pt\/wp-content\/uploads\/2025\/01\/Carland-Solutions-WBG-900x400-11.jpg","width":900,"height":400,"caption":"Carland Solutions"},"image":{"@id":"https:\/\/carland-solutions.pt\/de\/#\/schema\/logo\/image\/"},"sameAs":["https:\/\/www.facebook.com\/carlandsolutions","https:\/\/www.instagram.com\/carlandsolutions\/"]}]}},"_links":{"self":[{"href":"https:\/\/carland-solutions.pt\/de\/wp-json\/wp\/v2\/product\/5785","targetHints":{"allow":["GET"]}}],"collection":[{"href":"https:\/\/carland-solutions.pt\/de\/wp-json\/wp\/v2\/product"}],"about":[{"href":"https:\/\/carland-solutions.pt\/de\/wp-json\/wp\/v2\/types\/product"}],"wp:featuredmedia":[{"embeddable":true,"href":"https:\/\/carland-solutions.pt\/de\/wp-json\/wp\/v2\/media\/5778"}],"wp:attachment":[{"href":"https:\/\/carland-solutions.pt\/de\/wp-json\/wp\/v2\/media?parent=5785"}],"wp:term":[{"taxonomy":"product_brand","embeddable":true,"href":"https:\/\/carland-solutions.pt\/de\/wp-json\/wp\/v2\/product_brand?post=5785"},{"taxonomy":"product_cat","embeddable":true,"href":"https:\/\/carland-solutions.pt\/de\/wp-json\/wp\/v2\/product_cat?post=5785"},{"taxonomy":"product_tag","embeddable":true,"href":"https:\/\/carland-solutions.pt\/de\/wp-json\/wp\/v2\/product_tag?post=5785"}],"curies":[{"name":"wp","href":"https:\/\/api.w.org\/{rel}","templated":true}]}}