{"id":5704,"date":"2025-02-11T10:35:35","date_gmt":"2025-02-11T10:35:35","guid":{"rendered":"https:\/\/carland-solutions.pt\/product\/peugeot-3008-1-5-blue-hdi-active-business\/"},"modified":"2025-12-15T12:09:23","modified_gmt":"2025-12-15T12:09:23","slug":"peugeot-3008-1-5-blue-hdi-active-business","status":"publish","type":"product","link":"https:\/\/carland-solutions.pt\/de\/product\/peugeot-3008-1-5-blue-hdi-active-business\/","title":{"rendered":"Peugeot 3008 1.5 Blue-HDi Active Business"},"content":{"rendered":"<div class=\"wpb-content-wrapper\"><p>[vc_row gap=&#8220;35&#8243; equal_height=&#8220;yes&#8220; content_placement=&#8220;top&#8220;][vc_column][vc_column_text css=&#8220;&#8220;]<strong>Peugeot 3008 1.5 Blue-HDi Active Business<\/strong>[\/vc_column_text][vc_column_text css=&#8220;&#8220;]<strong>Peugeot 3008 1.5 Blue-HDi Active Business &#8211; Modern, komfortabel und effizient<\/strong>: Dieser Peugeot 3008 von 10-2017 verbindet stilvolles und zeitgem\u00e4\u00dfes Design mit hohem Fahrkomfort und praktischer Vielseitigkeit, so dass sich jede Fahrt angenehm anf\u00fchlt. Der 1.5 Blue-HDi-Motor ist bekannt f\u00fcr seine sanfte Leistung und Zuverl\u00e4ssigkeit, mit einem ausgezeichneten Gleichgewicht zwischen Leistung und niedrigem Kraftstoffverbrauch, ideal sowohl f\u00fcr den t\u00e4glichen Gebrauch als auch f\u00fcr l\u00e4ngere Strecken. Der ger\u00e4umige und sch\u00f6n verarbeitete Innenraum bietet eine hohe Sitzposition, angenehme Ergonomie und benutzerfreundliche Technik, die in jeder Situation Komfort und Sicherheit gew\u00e4hrleistet. Die Ausstattungsvariante Active Business vervollst\u00e4ndigt ihn mit einem intelligenten Mix aus Ausstattung, Wirtschaftlichkeit und niedrigen Betriebskosten und macht diesen SUV zu einer vern\u00fcnftigen, wirtschaftlichen und vielseitigen Wahl.[\/vc_column_text][\/vc_column][\/vc_row][vc_row gap=&#8220;35&#8243; equal_height=&#8220;yes&#8220; content_placement=&#8220;top&#8220;][vc_column width=&#8220;1\/2&#8243;][vc_column_text css=&#8220;&#8220;]<\/p>\n<p><strong>AUDIO UND MULTIMEDIA<\/strong><\/p>\n<p>-Bluetooth<\/p>\n<p>-Radio<\/p>\n<p>-Handfreies System<\/p>\n<p>-USB-Anschluss<\/p>\n<p>-Navigationssystem<\/p>\n<p>-Audiosystem<\/p>\n<p>-Touchscreen<\/p>\n<p><strong>KOMFORT UND AUSSTATTUNG<\/strong><\/p>\n<p>-Automatische Klimaanlage<\/p>\n<p>-Stoff-Polsterung<\/p>\n<p>-Armst\u00fctzen vorne und hinten<\/p>\n<p>-Sportliches Lederlenkrad<\/p>\n<p>-Radio-Bedienelemente am Lenkrad<\/p>\n<p>-Multifunktionslenkrad<\/p>\n<p>-Schalthebel aus Leder<\/p>\n<p>-getrennte Klimatisierung<\/p>\n<p>-Automatische Klimaanlage<\/p>\n<p>-R\u00fcckensensor<\/p>\n<p>-Entfernung der Windschutzscheibe<\/p>\n<p>-Elektrische Fensterheber vorne und hinten<\/p>\n<p>-Verdunkelte Heckscheiben<\/p>\n<p>-Elektronik und Fahrhilfen<\/p>\n<p>-Fahrtenregler<\/p>\n<p>-LED-Scheinwerfer<\/p>\n<p>-Vorne und hinten: Parksensoren<\/p>\n<p>-Elektrisch verstellbare Au\u00dfenspiegel<\/p>\n<p>-Traktionskontrolle<\/p>\n<p>-H\u00fcgelabstiegskontrolle<\/p>\n<p>-Verkehrszeichenerkennung<\/p>\n<p>-Light Assist<\/p>\n<p>-Dynamische Indikatoren<\/p>\n<p>-Scheinwerfer mit Abbiegelicht<\/p>\n<p>-Tagfahrlicht<\/p>\n<p>-LED-Tagfahrlicht<\/p>\n<p>-Nebel-Lampen<\/p>\n<p>-LED-Nebelscheinwerfer<\/p>\n<p>-LED-R\u00fccklicht<\/p>\n<p>-LED-Innenbeleuchtung<\/p>\n<p>-Start\/Stopp-System<\/p>\n<p>-Reifendruck\u00fcberwachung<\/p>\n<p>-Elektrische Handbremse<\/p>\n<p>-Servolenkung<\/p>\n<p><strong>SICHERHEIT<\/strong><\/p>\n<p>-ABS<\/p>\n<p>-Stabilit\u00e4tskontrolle (ESP)<\/p>\n<p>-Elektronischer Bremsassistent<\/p>\n<p>-Kollisionswarnsystem<\/p>\n<p>-Vorkollisionswarnsystem<\/p>\n<p>-Airbag f\u00fcr Fahrer und Beifahrer<\/p>\n<p>-Knie-Airbag f\u00fcr Fahrer und Beifahrer<\/p>\n<p>-Kopf-Airbags[\/vc_column_text][\/vc_column][vc_column width=&#8220;1\/2&#8243;][vc_column_text css=&#8220;.vc_custom_1763481845196{padding-top: 25px !important;padding-right: 35px !important;padding-bottom: 25px !important;padding-left: 35px !important;background-color: #1c2e4a !important;border-radius: 10px !important;}&#8220;]<span style=\"color: #ffffff;\"><i class=\"fa-fw dt-icon-the7-misc-017\"><\/i><strong>  Kostenlose Lieferung in Portugal<\/strong><\/span><\/p>\n<p><span style=\"color: #ffffff;\"><i class=\"fa-fw dt-icon-the7-misc-017\"><\/i><strong>  Der Preis beinhaltet eine 18-monatige Garantie mit landesweiter Abdeckung, ein Ersatzfahrzeug und einen 24-Stunden-Pannenservice.<\/strong><\/span><\/p>\n<p><span style=\"color: #ffffff;\"><i class=\"fa-fw dt-icon-the7-misc-017\"><\/i><strong>  M\u00f6glichkeit der Finanzierung<\/strong><\/span><\/p>\n<p><span style=\"color: #ffffff;\"><i class=\"fa-fw dt-icon-the7-misc-017\"><\/i><strong>  Die Inzahlungnahme Ihres aktuellen Fahrzeugs ist auf Anfrage m\u00f6glich<\/strong><\/span>[\/vc_column_text][\/vc_column][\/vc_row][vc_row][vc_column][vc_column_text css=&#8220;&#8220;]<\/p>\n<h2>Sind Sie an diesem Auto interessiert?<\/h2>\n<p>[\/vc_column_text][vc_column_text css=&#8220;&#8220;]Wenn Sie an diesem oder einem unserer anderen Gebrauchtwagen interessiert sind, z\u00f6gern Sie bitte nicht, uns zu kontaktieren unter <strong><a href=\"tel:+31641972793\">+31 6 419 727 93<\/a><\/strong> oder <strong><a href=\"tel:+351960184708\">+351 960 184 708<\/a><\/strong>.[\/vc_column_text][\/vc_column][\/vc_row]<\/p>\n<\/div>","protected":false},"excerpt":{"rendered":"<p>&nbsp;<\/p>\n<ul>\n<li>Baujahr: 10-2017<\/li>\n<li>Modell: 1.5 Blue-HDi Active Business<\/li>\n<li>Kilometerstand: 144.688 km<\/li>\n<li>Hubraum: 1.560 ccm<\/li>\n<li>Leistung: 120 PS<\/li>\n<li>Drehmoment: 300 nm<\/li>\n<li>Kraftstoffverbrauch in der Stadt: 5,2\/100 km<\/li>\n<li>Getriebe: Automatik<\/li>\n<li>Kraftstoff: Diesel<\/li>\n<\/ul>\n","protected":false},"featured_media":5685,"template":"","meta":[],"product_brand":[],"product_cat":[54],"product_tag":[],"class_list":{"0":"post-5704","1":"product","2":"type-product","3":"status-publish","4":"has-post-thumbnail","6":"product_cat-verkauft","7":"description-off","9":"first","10":"outofstock","11":"shipping-taxable","12":"product-type-simple"},"yoast_head":"<!-- This site is optimized with the Yoast SEO plugin v27.5 - https:\/\/yoast.com\/product\/yoast-seo-wordpress\/ -->\n<title>Peugeot 3008 1.5 Blue-HDi Active Business - Carland Solutions<\/title>\n<meta name=\"robots\" content=\"index, follow, max-snippet:-1, max-image-preview:large, max-video-preview:-1\" \/>\n<link rel=\"canonical\" href=\"https:\/\/carland-solutions.pt\/de\/product\/peugeot-3008-1-5-blue-hdi-active-business\/\" \/>\n<meta property=\"og:locale\" content=\"de_DE\" \/>\n<meta property=\"og:type\" content=\"article\" \/>\n<meta property=\"og:title\" content=\"Peugeot 3008 1.5 Blue-HDi Active Business - Carland Solutions\" \/>\n<meta property=\"og:description\" content=\"&nbsp;  Baujahr: 10-2017  Modell: 1.5 Blue-HDi Active Business  Kilometerstand: 144.688 km  Hubraum: 1.560 ccm  Leistung: 120 PS  Drehmoment: 300 nm  Kraftstoffverbrauch in der Stadt: 5,2\/100 km  Getriebe: Automatik  Kraftstoff: Diesel\" \/>\n<meta property=\"og:url\" content=\"https:\/\/carland-solutions.pt\/de\/product\/peugeot-3008-1-5-blue-hdi-active-business\/\" \/>\n<meta property=\"og:site_name\" content=\"Carland Solutions\" \/>\n<meta property=\"article:publisher\" content=\"https:\/\/www.facebook.com\/carlandsolutions\" \/>\n<meta property=\"article:modified_time\" content=\"2025-12-15T12:09:23+00:00\" \/>\n<meta property=\"og:image\" content=\"https:\/\/carland-solutions.pt\/wp-content\/uploads\/2025\/12\/IMG_7724.jpg\" \/>\n\t<meta property=\"og:image:width\" content=\"1080\" \/>\n\t<meta property=\"og:image:height\" content=\"1920\" \/>\n\t<meta property=\"og:image:type\" content=\"image\/jpeg\" \/>\n<meta name=\"twitter:card\" content=\"summary_large_image\" \/>\n<meta name=\"twitter:label1\" content=\"Gesch\u00e4tzte Lesezeit\" \/>\n\t<meta name=\"twitter:data1\" content=\"2\u00a0Minuten\" \/>\n<script type=\"application\/ld+json\" class=\"yoast-schema-graph\">{\"@context\":\"https:\\\/\\\/schema.org\",\"@graph\":[{\"@type\":\"WebPage\",\"@id\":\"https:\\\/\\\/carland-solutions.pt\\\/de\\\/product\\\/peugeot-3008-1-5-blue-hdi-active-business\\\/\",\"url\":\"https:\\\/\\\/carland-solutions.pt\\\/de\\\/product\\\/peugeot-3008-1-5-blue-hdi-active-business\\\/\",\"name\":\"Peugeot 3008 1.5 Blue-HDi Active Business - Carland Solutions\",\"isPartOf\":{\"@id\":\"https:\\\/\\\/carland-solutions.pt\\\/de\\\/#website\"},\"primaryImageOfPage\":{\"@id\":\"https:\\\/\\\/carland-solutions.pt\\\/de\\\/product\\\/peugeot-3008-1-5-blue-hdi-active-business\\\/#primaryimage\"},\"image\":{\"@id\":\"https:\\\/\\\/carland-solutions.pt\\\/de\\\/product\\\/peugeot-3008-1-5-blue-hdi-active-business\\\/#primaryimage\"},\"thumbnailUrl\":\"https:\\\/\\\/carland-solutions.pt\\\/wp-content\\\/uploads\\\/2025\\\/12\\\/IMG_7724.jpg\",\"datePublished\":\"2025-02-11T10:35:35+00:00\",\"dateModified\":\"2025-12-15T12:09:23+00:00\",\"breadcrumb\":{\"@id\":\"https:\\\/\\\/carland-solutions.pt\\\/de\\\/product\\\/peugeot-3008-1-5-blue-hdi-active-business\\\/#breadcrumb\"},\"inLanguage\":\"de\",\"potentialAction\":[{\"@type\":\"ReadAction\",\"target\":[\"https:\\\/\\\/carland-solutions.pt\\\/de\\\/product\\\/peugeot-3008-1-5-blue-hdi-active-business\\\/\"]}]},{\"@type\":\"ImageObject\",\"inLanguage\":\"de\",\"@id\":\"https:\\\/\\\/carland-solutions.pt\\\/de\\\/product\\\/peugeot-3008-1-5-blue-hdi-active-business\\\/#primaryimage\",\"url\":\"https:\\\/\\\/carland-solutions.pt\\\/wp-content\\\/uploads\\\/2025\\\/12\\\/IMG_7724.jpg\",\"contentUrl\":\"https:\\\/\\\/carland-solutions.pt\\\/wp-content\\\/uploads\\\/2025\\\/12\\\/IMG_7724.jpg\",\"width\":1080,\"height\":1920},{\"@type\":\"BreadcrumbList\",\"@id\":\"https:\\\/\\\/carland-solutions.pt\\\/de\\\/product\\\/peugeot-3008-1-5-blue-hdi-active-business\\\/#breadcrumb\",\"itemListElement\":[{\"@type\":\"ListItem\",\"position\":1,\"name\":\"Home\",\"item\":\"https:\\\/\\\/carland-solutions.pt\\\/de\\\/\"},{\"@type\":\"ListItem\",\"position\":2,\"name\":\"Refund and Returns Policy\",\"item\":\"https:\\\/\\\/carland-solutions.pt\\\/?page_id=17\"},{\"@type\":\"ListItem\",\"position\":3,\"name\":\"Peugeot 3008 1.5 Blue-HDi Active Business\"}]},{\"@type\":\"WebSite\",\"@id\":\"https:\\\/\\\/carland-solutions.pt\\\/de\\\/#website\",\"url\":\"https:\\\/\\\/carland-solutions.pt\\\/de\\\/\",\"name\":\"Carland Solutions\",\"description\":\"\",\"publisher\":{\"@id\":\"https:\\\/\\\/carland-solutions.pt\\\/de\\\/#organization\"},\"potentialAction\":[{\"@type\":\"SearchAction\",\"target\":{\"@type\":\"EntryPoint\",\"urlTemplate\":\"https:\\\/\\\/carland-solutions.pt\\\/de\\\/?s={search_term_string}\"},\"query-input\":{\"@type\":\"PropertyValueSpecification\",\"valueRequired\":true,\"valueName\":\"search_term_string\"}}],\"inLanguage\":\"de\"},{\"@type\":\"Organization\",\"@id\":\"https:\\\/\\\/carland-solutions.pt\\\/de\\\/#organization\",\"name\":\"Carland Solutions\",\"url\":\"https:\\\/\\\/carland-solutions.pt\\\/de\\\/\",\"logo\":{\"@type\":\"ImageObject\",\"inLanguage\":\"de\",\"@id\":\"https:\\\/\\\/carland-solutions.pt\\\/de\\\/#\\\/schema\\\/logo\\\/image\\\/\",\"url\":\"https:\\\/\\\/carland-solutions.pt\\\/wp-content\\\/uploads\\\/2025\\\/01\\\/Carland-Solutions-WBG-900x400-11.jpg\",\"contentUrl\":\"https:\\\/\\\/carland-solutions.pt\\\/wp-content\\\/uploads\\\/2025\\\/01\\\/Carland-Solutions-WBG-900x400-11.jpg\",\"width\":900,\"height\":400,\"caption\":\"Carland Solutions\"},\"image\":{\"@id\":\"https:\\\/\\\/carland-solutions.pt\\\/de\\\/#\\\/schema\\\/logo\\\/image\\\/\"},\"sameAs\":[\"https:\\\/\\\/www.facebook.com\\\/carlandsolutions\",\"https:\\\/\\\/www.instagram.com\\\/carlandsolutions\\\/\"]}]}<\/script>\n<!-- \/ Yoast SEO plugin. -->","yoast_head_json":{"title":"Peugeot 3008 1.5 Blue-HDi Active Business - Carland Solutions","robots":{"index":"index","follow":"follow","max-snippet":"max-snippet:-1","max-image-preview":"max-image-preview:large","max-video-preview":"max-video-preview:-1"},"canonical":"https:\/\/carland-solutions.pt\/de\/product\/peugeot-3008-1-5-blue-hdi-active-business\/","og_locale":"de_DE","og_type":"article","og_title":"Peugeot 3008 1.5 Blue-HDi Active Business - Carland Solutions","og_description":"&nbsp;  Baujahr: 10-2017  Modell: 1.5 Blue-HDi Active Business  Kilometerstand: 144.688 km  Hubraum: 1.560 ccm  Leistung: 120 PS  Drehmoment: 300 nm  Kraftstoffverbrauch in der Stadt: 5,2\/100 km  Getriebe: Automatik  Kraftstoff: Diesel","og_url":"https:\/\/carland-solutions.pt\/de\/product\/peugeot-3008-1-5-blue-hdi-active-business\/","og_site_name":"Carland Solutions","article_publisher":"https:\/\/www.facebook.com\/carlandsolutions","article_modified_time":"2025-12-15T12:09:23+00:00","og_image":[{"width":1080,"height":1920,"url":"https:\/\/carland-solutions.pt\/wp-content\/uploads\/2025\/12\/IMG_7724.jpg","type":"image\/jpeg"}],"twitter_card":"summary_large_image","twitter_misc":{"Gesch\u00e4tzte Lesezeit":"2\u00a0Minuten"},"schema":{"@context":"https:\/\/schema.org","@graph":[{"@type":"WebPage","@id":"https:\/\/carland-solutions.pt\/de\/product\/peugeot-3008-1-5-blue-hdi-active-business\/","url":"https:\/\/carland-solutions.pt\/de\/product\/peugeot-3008-1-5-blue-hdi-active-business\/","name":"Peugeot 3008 1.5 Blue-HDi Active Business - Carland Solutions","isPartOf":{"@id":"https:\/\/carland-solutions.pt\/de\/#website"},"primaryImageOfPage":{"@id":"https:\/\/carland-solutions.pt\/de\/product\/peugeot-3008-1-5-blue-hdi-active-business\/#primaryimage"},"image":{"@id":"https:\/\/carland-solutions.pt\/de\/product\/peugeot-3008-1-5-blue-hdi-active-business\/#primaryimage"},"thumbnailUrl":"https:\/\/carland-solutions.pt\/wp-content\/uploads\/2025\/12\/IMG_7724.jpg","datePublished":"2025-02-11T10:35:35+00:00","dateModified":"2025-12-15T12:09:23+00:00","breadcrumb":{"@id":"https:\/\/carland-solutions.pt\/de\/product\/peugeot-3008-1-5-blue-hdi-active-business\/#breadcrumb"},"inLanguage":"de","potentialAction":[{"@type":"ReadAction","target":["https:\/\/carland-solutions.pt\/de\/product\/peugeot-3008-1-5-blue-hdi-active-business\/"]}]},{"@type":"ImageObject","inLanguage":"de","@id":"https:\/\/carland-solutions.pt\/de\/product\/peugeot-3008-1-5-blue-hdi-active-business\/#primaryimage","url":"https:\/\/carland-solutions.pt\/wp-content\/uploads\/2025\/12\/IMG_7724.jpg","contentUrl":"https:\/\/carland-solutions.pt\/wp-content\/uploads\/2025\/12\/IMG_7724.jpg","width":1080,"height":1920},{"@type":"BreadcrumbList","@id":"https:\/\/carland-solutions.pt\/de\/product\/peugeot-3008-1-5-blue-hdi-active-business\/#breadcrumb","itemListElement":[{"@type":"ListItem","position":1,"name":"Home","item":"https:\/\/carland-solutions.pt\/de\/"},{"@type":"ListItem","position":2,"name":"Refund and Returns Policy","item":"https:\/\/carland-solutions.pt\/?page_id=17"},{"@type":"ListItem","position":3,"name":"Peugeot 3008 1.5 Blue-HDi Active Business"}]},{"@type":"WebSite","@id":"https:\/\/carland-solutions.pt\/de\/#website","url":"https:\/\/carland-solutions.pt\/de\/","name":"Carland Solutions","description":"","publisher":{"@id":"https:\/\/carland-solutions.pt\/de\/#organization"},"potentialAction":[{"@type":"SearchAction","target":{"@type":"EntryPoint","urlTemplate":"https:\/\/carland-solutions.pt\/de\/?s={search_term_string}"},"query-input":{"@type":"PropertyValueSpecification","valueRequired":true,"valueName":"search_term_string"}}],"inLanguage":"de"},{"@type":"Organization","@id":"https:\/\/carland-solutions.pt\/de\/#organization","name":"Carland Solutions","url":"https:\/\/carland-solutions.pt\/de\/","logo":{"@type":"ImageObject","inLanguage":"de","@id":"https:\/\/carland-solutions.pt\/de\/#\/schema\/logo\/image\/","url":"https:\/\/carland-solutions.pt\/wp-content\/uploads\/2025\/01\/Carland-Solutions-WBG-900x400-11.jpg","contentUrl":"https:\/\/carland-solutions.pt\/wp-content\/uploads\/2025\/01\/Carland-Solutions-WBG-900x400-11.jpg","width":900,"height":400,"caption":"Carland Solutions"},"image":{"@id":"https:\/\/carland-solutions.pt\/de\/#\/schema\/logo\/image\/"},"sameAs":["https:\/\/www.facebook.com\/carlandsolutions","https:\/\/www.instagram.com\/carlandsolutions\/"]}]}},"_links":{"self":[{"href":"https:\/\/carland-solutions.pt\/de\/wp-json\/wp\/v2\/product\/5704","targetHints":{"allow":["GET"]}}],"collection":[{"href":"https:\/\/carland-solutions.pt\/de\/wp-json\/wp\/v2\/product"}],"about":[{"href":"https:\/\/carland-solutions.pt\/de\/wp-json\/wp\/v2\/types\/product"}],"wp:featuredmedia":[{"embeddable":true,"href":"https:\/\/carland-solutions.pt\/de\/wp-json\/wp\/v2\/media\/5685"}],"wp:attachment":[{"href":"https:\/\/carland-solutions.pt\/de\/wp-json\/wp\/v2\/media?parent=5704"}],"wp:term":[{"taxonomy":"product_brand","embeddable":true,"href":"https:\/\/carland-solutions.pt\/de\/wp-json\/wp\/v2\/product_brand?post=5704"},{"taxonomy":"product_cat","embeddable":true,"href":"https:\/\/carland-solutions.pt\/de\/wp-json\/wp\/v2\/product_cat?post=5704"},{"taxonomy":"product_tag","embeddable":true,"href":"https:\/\/carland-solutions.pt\/de\/wp-json\/wp\/v2\/product_tag?post=5704"}],"curies":[{"name":"wp","href":"https:\/\/api.w.org\/{rel}","templated":true}]}}