{"id":5222,"date":"2025-02-13T10:40:36","date_gmt":"2025-02-13T10:40:36","guid":{"rendered":"https:\/\/carland-solutions.pt\/product\/land-rover-range-rover-evoque-2\/"},"modified":"2025-12-12T12:32:34","modified_gmt":"2025-12-12T12:32:34","slug":"land-rover-range-rover-evoque-2","status":"publish","type":"product","link":"https:\/\/carland-solutions.pt\/de\/product\/land-rover-range-rover-evoque-2\/","title":{"rendered":"Land Rover Range Rover Evoque"},"content":{"rendered":"<div class=\"wpb-content-wrapper\"><p>[vc_row gap=&#8220;35&#8243; equal_height=&#8220;yes&#8220; content_placement=&#8220;top&#8220;][vc_column][vc_column_text css=&#8220;&#8220;]Land Rover Range Rover Evoque[\/vc_column_text][vc_column_text css=&#8220;&#8220;]<strong>Land Rover Range Rover Evoque &#8211; Elegant, kraftvoll und effizient<\/strong> Der <strong>08-2018 Land Rover Range Rover Evoque<\/strong> hebt mit seinem erstklassigen Komfort, seiner dynamischen Leistung und seiner \u00fcberraschenden Kraftstoffeffizienz jede Fahrt auf ein neues Niveau. Mit seinen modernen Linien und seiner imposanten Erscheinung bietet er dank seines ergonomisch gestalteten Innenraums, hochwertiger Materialien und intuitiver Technologie ein besonders angenehmes Fahrerlebnis. Seine ausgewogene Leistung liefert Kraft, wenn sie gebraucht wird, w\u00e4hrend der optimierte Verbrauch f\u00fcr Effizienz im t\u00e4glichen Gebrauch sorgt. Au\u00dferdem machen seine Vielseitigkeit und seine hervorragende Traktion jede Fahrt sicherer und angenehmer. Die perfekte Wahl f\u00fcr alle, die einen kompakten SUV suchen, der m\u00fchelos Luxus, Agilit\u00e4t und Wirtschaftlichkeit vereint[\/vc_column_text][\/vc_column][\/vc_row][vc_row gap=&#8220;35&#8243; equal_height=&#8220;yes&#8220; content_placement=&#8220;top&#8220;][vc_column width=&#8220;1\/2&#8243;][vc_column_text css=&#8220;&#8220;]<\/p>\n<p><strong>AUDIO UND MULTIMEDIA<\/strong><\/p>\n<p>-Android Auto<\/p>\n<p>-Bluetooth<\/p>\n<p>-Radio<\/p>\n<p>-USB-Anschluss<\/p>\n<p>-Navigationssystem<\/p>\n<p>-Touchscreen<\/p>\n<p><strong>KOMFORT UND AUSSTATTUNG<\/strong><\/p>\n<p>-Automatische Klimaanlage<\/p>\n<p>-Stoffpolsterung mit Pelzbezug<\/p>\n<p>-Elektrische Lendenwirbelst\u00fctze f\u00fcr den Fahrersitz<\/p>\n<p>-Elektrische Lendenwirbelst\u00fctze f\u00fcr den Beifahrersitz<\/p>\n<p>-Armst\u00fctze vorne<\/p>\n<p>-Lederlenkrad<\/p>\n<p>-Sportlenkrad<\/p>\n<p>-Radio-Bedienelemente am Lenkrad<\/p>\n<p>-Multifunktionslenkrad<\/p>\n<p>-Schl\u00fcssellose Zentralverriegelung<\/p>\n<p>-Starten des Motors ohne Schl\u00fcssel<\/p>\n<p>-R\u00fcckensensor<\/p>\n<p>-Elektrische Fensterheber vorne<\/p>\n<p>-Elektrische Fensterheber hinten<\/p>\n<p>Elektronik und Fahrhilfen<\/p>\n<p>-Cruise Control<\/p>\n<p>-Vorderer Parksensor<\/p>\n<p>-R\u00fcckseitiger Parksensor<\/p>\n<p>-R\u00fcckfahrkamera<\/p>\n<p>-Elektrisch verstellbare Au\u00dfenspiegel<\/p>\n<p>-Elektrisch einklappbare Au\u00dfenspiegel<\/p>\n<p>-Traktionskontrolle<\/p>\n<p>-Tagfahrlicht<\/p>\n<p>-LED-Tagfahrlicht<\/p>\n<p>-LED-R\u00fcckleuchten<\/p>\n<p>-Start\/Stopp-System<\/p>\n<p>-Reifendruck\u00fcberwachung<\/p>\n<p>-Elektrische Handbremse<\/p>\n<p><strong>SICHERHEIT<\/strong><\/p>\n<p>-ABS<\/p>\n<p>-Kollisionswarnsystem<\/p>\n<p>-Fahrspurassistent<\/p>\n<p>Fahrer-Airbag<\/p>\n<p>-Beifahrer-Airbag<\/p>\n<p>&#8211; Seitenairbags f\u00fcr Fahrer und Beifahrer<\/p>\n<p>-ISOFIX[\/vc_column_text][\/vc_column][vc_column width=&#8220;1\/2&#8243;][vc_column_text css=&#8220;.vc_custom_1763481845196{padding-top: 25px !important;padding-right: 35px !important;padding-bottom: 25px !important;padding-left: 35px !important;background-color: #1c2e4a !important;border-radius: 10px !important;}&#8220;]<span style=\"color: #ffffff;\"><i class=\"fa-fw dt-icon-the7-misc-017\"><\/i><strong>  Kostenlose Lieferung in Portugal<\/strong><\/span><\/p>\n<p><span style=\"color: #ffffff;\"><i class=\"fa-fw dt-icon-the7-misc-017\"><\/i><strong>  Der Preis beinhaltet eine 18-monatige Garantie mit landesweiter Abdeckung, ein Ersatzfahrzeug und einen 24-Stunden-Pannenservice.<\/strong><\/span><\/p>\n<p><span style=\"color: #ffffff;\"><i class=\"fa-fw dt-icon-the7-misc-017\"><\/i><strong>  M\u00f6glichkeit der Finanzierung<\/strong><\/span><\/p>\n<p><span style=\"color: #ffffff;\"><i class=\"fa-fw dt-icon-the7-misc-017\"><\/i><strong>  Die Inzahlungnahme Ihres aktuellen Fahrzeugs ist auf Anfrage m\u00f6glich<\/strong><\/span>[\/vc_column_text][\/vc_column][\/vc_row][vc_row][vc_column][vc_column_text css=&#8220;&#8220;]<\/p>\n<h2>Sind Sie an diesem Auto interessiert?<\/h2>\n<p>[\/vc_column_text][vc_column_text css=&#8220;&#8220;]Wenn Sie an diesem oder einem unserer anderen Gebrauchtwagen interessiert sind, z\u00f6gern Sie bitte nicht, uns zu kontaktieren unter <strong><a href=\"tel:+31641972793\">+31 6 419 727 93<\/a><\/strong> oder <strong><a href=\"tel:+351960184708\">+351 960 184 708<\/a><\/strong>.[\/vc_column_text][\/vc_column][\/vc_row]<\/p>\n<\/div>","protected":false},"excerpt":{"rendered":"<ul>\n<li>Baujahr: 08-2018<\/li>\n<li>Version: 2.0 TD4 SE<\/li>\n<li>Kilometerstand: 109.328 km<\/li>\n<li>Fassungsverm\u00f6gen der Zylinder: 1.999 cm3<\/li>\n<li>Leistung: 150 PS<\/li>\n<li>Drehmoment: 380 nm<\/li>\n<li>Verbrauch in der Stadt: 5,1\/100 km<\/li>\n<li>Getriebe: Automatik<\/li>\n<li>Kraftstoff: Diesel<\/li>\n<\/ul>\n","protected":false},"featured_media":5201,"template":"","meta":[],"product_brand":[],"product_cat":[54],"product_tag":[],"class_list":{"0":"post-5222","1":"product","2":"type-product","3":"status-publish","4":"has-post-thumbnail","6":"product_cat-verkauft","7":"description-off","9":"first","10":"outofstock","11":"shipping-taxable","12":"product-type-simple"},"yoast_head":"<!-- This site is optimized with the Yoast SEO plugin v27.4 - https:\/\/yoast.com\/product\/yoast-seo-wordpress\/ -->\n<title>Land Rover Range Rover Evoque - Carland Solutions<\/title>\n<meta name=\"robots\" content=\"index, follow, max-snippet:-1, max-image-preview:large, max-video-preview:-1\" \/>\n<link rel=\"canonical\" href=\"https:\/\/carland-solutions.pt\/de\/product\/land-rover-range-rover-evoque-2\/\" \/>\n<meta property=\"og:locale\" content=\"de_DE\" \/>\n<meta property=\"og:type\" content=\"article\" \/>\n<meta property=\"og:title\" content=\"Land Rover Range Rover Evoque - Carland Solutions\" \/>\n<meta property=\"og:description\" content=\"Baujahr: 08-2018  Version: 2.0 TD4 SE  Kilometerstand: 109.328 km  Fassungsverm\u00f6gen der Zylinder: 1.999 cm3  Leistung: 150 PS  Drehmoment: 380 nm  Verbrauch in der Stadt: 5,1\/100 km  Getriebe: Automatik  Kraftstoff: Diesel\" \/>\n<meta property=\"og:url\" content=\"https:\/\/carland-solutions.pt\/de\/product\/land-rover-range-rover-evoque-2\/\" \/>\n<meta property=\"og:site_name\" content=\"Carland Solutions\" \/>\n<meta property=\"article:publisher\" content=\"https:\/\/www.facebook.com\/carlandsolutions\" \/>\n<meta property=\"article:modified_time\" content=\"2025-12-12T12:32:34+00:00\" \/>\n<meta property=\"og:image\" content=\"https:\/\/carland-solutions.pt\/wp-content\/uploads\/2025\/12\/IMG_7401.jpg\" \/>\n\t<meta property=\"og:image:width\" content=\"1080\" \/>\n\t<meta property=\"og:image:height\" content=\"1920\" \/>\n\t<meta property=\"og:image:type\" content=\"image\/jpeg\" \/>\n<meta name=\"twitter:card\" content=\"summary_large_image\" \/>\n<meta name=\"twitter:label1\" content=\"Gesch\u00e4tzte Lesezeit\" \/>\n\t<meta name=\"twitter:data1\" content=\"2\u00a0Minuten\" \/>\n<script type=\"application\/ld+json\" class=\"yoast-schema-graph\">{\"@context\":\"https:\\\/\\\/schema.org\",\"@graph\":[{\"@type\":\"WebPage\",\"@id\":\"https:\\\/\\\/carland-solutions.pt\\\/de\\\/product\\\/land-rover-range-rover-evoque-2\\\/\",\"url\":\"https:\\\/\\\/carland-solutions.pt\\\/de\\\/product\\\/land-rover-range-rover-evoque-2\\\/\",\"name\":\"Land Rover Range Rover Evoque - Carland Solutions\",\"isPartOf\":{\"@id\":\"https:\\\/\\\/carland-solutions.pt\\\/de\\\/#website\"},\"primaryImageOfPage\":{\"@id\":\"https:\\\/\\\/carland-solutions.pt\\\/de\\\/product\\\/land-rover-range-rover-evoque-2\\\/#primaryimage\"},\"image\":{\"@id\":\"https:\\\/\\\/carland-solutions.pt\\\/de\\\/product\\\/land-rover-range-rover-evoque-2\\\/#primaryimage\"},\"thumbnailUrl\":\"https:\\\/\\\/carland-solutions.pt\\\/wp-content\\\/uploads\\\/2025\\\/12\\\/IMG_7401.jpg\",\"datePublished\":\"2025-02-13T10:40:36+00:00\",\"dateModified\":\"2025-12-12T12:32:34+00:00\",\"breadcrumb\":{\"@id\":\"https:\\\/\\\/carland-solutions.pt\\\/de\\\/product\\\/land-rover-range-rover-evoque-2\\\/#breadcrumb\"},\"inLanguage\":\"de\",\"potentialAction\":[{\"@type\":\"ReadAction\",\"target\":[\"https:\\\/\\\/carland-solutions.pt\\\/de\\\/product\\\/land-rover-range-rover-evoque-2\\\/\"]}]},{\"@type\":\"ImageObject\",\"inLanguage\":\"de\",\"@id\":\"https:\\\/\\\/carland-solutions.pt\\\/de\\\/product\\\/land-rover-range-rover-evoque-2\\\/#primaryimage\",\"url\":\"https:\\\/\\\/carland-solutions.pt\\\/wp-content\\\/uploads\\\/2025\\\/12\\\/IMG_7401.jpg\",\"contentUrl\":\"https:\\\/\\\/carland-solutions.pt\\\/wp-content\\\/uploads\\\/2025\\\/12\\\/IMG_7401.jpg\",\"width\":1080,\"height\":1920},{\"@type\":\"BreadcrumbList\",\"@id\":\"https:\\\/\\\/carland-solutions.pt\\\/de\\\/product\\\/land-rover-range-rover-evoque-2\\\/#breadcrumb\",\"itemListElement\":[{\"@type\":\"ListItem\",\"position\":1,\"name\":\"Home\",\"item\":\"https:\\\/\\\/carland-solutions.pt\\\/de\\\/\"},{\"@type\":\"ListItem\",\"position\":2,\"name\":\"Refund and Returns Policy\",\"item\":\"https:\\\/\\\/carland-solutions.pt\\\/?page_id=17\"},{\"@type\":\"ListItem\",\"position\":3,\"name\":\"Land Rover Range Rover Evoque\"}]},{\"@type\":\"WebSite\",\"@id\":\"https:\\\/\\\/carland-solutions.pt\\\/de\\\/#website\",\"url\":\"https:\\\/\\\/carland-solutions.pt\\\/de\\\/\",\"name\":\"Carland Solutions\",\"description\":\"\",\"publisher\":{\"@id\":\"https:\\\/\\\/carland-solutions.pt\\\/de\\\/#organization\"},\"potentialAction\":[{\"@type\":\"SearchAction\",\"target\":{\"@type\":\"EntryPoint\",\"urlTemplate\":\"https:\\\/\\\/carland-solutions.pt\\\/de\\\/?s={search_term_string}\"},\"query-input\":{\"@type\":\"PropertyValueSpecification\",\"valueRequired\":true,\"valueName\":\"search_term_string\"}}],\"inLanguage\":\"de\"},{\"@type\":\"Organization\",\"@id\":\"https:\\\/\\\/carland-solutions.pt\\\/de\\\/#organization\",\"name\":\"Carland Solutions\",\"url\":\"https:\\\/\\\/carland-solutions.pt\\\/de\\\/\",\"logo\":{\"@type\":\"ImageObject\",\"inLanguage\":\"de\",\"@id\":\"https:\\\/\\\/carland-solutions.pt\\\/de\\\/#\\\/schema\\\/logo\\\/image\\\/\",\"url\":\"https:\\\/\\\/carland-solutions.pt\\\/wp-content\\\/uploads\\\/2025\\\/01\\\/Carland-Solutions-WBG-900x400-11.jpg\",\"contentUrl\":\"https:\\\/\\\/carland-solutions.pt\\\/wp-content\\\/uploads\\\/2025\\\/01\\\/Carland-Solutions-WBG-900x400-11.jpg\",\"width\":900,\"height\":400,\"caption\":\"Carland Solutions\"},\"image\":{\"@id\":\"https:\\\/\\\/carland-solutions.pt\\\/de\\\/#\\\/schema\\\/logo\\\/image\\\/\"},\"sameAs\":[\"https:\\\/\\\/www.facebook.com\\\/carlandsolutions\",\"https:\\\/\\\/www.instagram.com\\\/carlandsolutions\\\/\"]}]}<\/script>\n<!-- \/ Yoast SEO plugin. -->","yoast_head_json":{"title":"Land Rover Range Rover Evoque - Carland Solutions","robots":{"index":"index","follow":"follow","max-snippet":"max-snippet:-1","max-image-preview":"max-image-preview:large","max-video-preview":"max-video-preview:-1"},"canonical":"https:\/\/carland-solutions.pt\/de\/product\/land-rover-range-rover-evoque-2\/","og_locale":"de_DE","og_type":"article","og_title":"Land Rover Range Rover Evoque - Carland Solutions","og_description":"Baujahr: 08-2018  Version: 2.0 TD4 SE  Kilometerstand: 109.328 km  Fassungsverm\u00f6gen der Zylinder: 1.999 cm3  Leistung: 150 PS  Drehmoment: 380 nm  Verbrauch in der Stadt: 5,1\/100 km  Getriebe: Automatik  Kraftstoff: Diesel","og_url":"https:\/\/carland-solutions.pt\/de\/product\/land-rover-range-rover-evoque-2\/","og_site_name":"Carland Solutions","article_publisher":"https:\/\/www.facebook.com\/carlandsolutions","article_modified_time":"2025-12-12T12:32:34+00:00","og_image":[{"width":1080,"height":1920,"url":"https:\/\/carland-solutions.pt\/wp-content\/uploads\/2025\/12\/IMG_7401.jpg","type":"image\/jpeg"}],"twitter_card":"summary_large_image","twitter_misc":{"Gesch\u00e4tzte Lesezeit":"2\u00a0Minuten"},"schema":{"@context":"https:\/\/schema.org","@graph":[{"@type":"WebPage","@id":"https:\/\/carland-solutions.pt\/de\/product\/land-rover-range-rover-evoque-2\/","url":"https:\/\/carland-solutions.pt\/de\/product\/land-rover-range-rover-evoque-2\/","name":"Land Rover Range Rover Evoque - Carland Solutions","isPartOf":{"@id":"https:\/\/carland-solutions.pt\/de\/#website"},"primaryImageOfPage":{"@id":"https:\/\/carland-solutions.pt\/de\/product\/land-rover-range-rover-evoque-2\/#primaryimage"},"image":{"@id":"https:\/\/carland-solutions.pt\/de\/product\/land-rover-range-rover-evoque-2\/#primaryimage"},"thumbnailUrl":"https:\/\/carland-solutions.pt\/wp-content\/uploads\/2025\/12\/IMG_7401.jpg","datePublished":"2025-02-13T10:40:36+00:00","dateModified":"2025-12-12T12:32:34+00:00","breadcrumb":{"@id":"https:\/\/carland-solutions.pt\/de\/product\/land-rover-range-rover-evoque-2\/#breadcrumb"},"inLanguage":"de","potentialAction":[{"@type":"ReadAction","target":["https:\/\/carland-solutions.pt\/de\/product\/land-rover-range-rover-evoque-2\/"]}]},{"@type":"ImageObject","inLanguage":"de","@id":"https:\/\/carland-solutions.pt\/de\/product\/land-rover-range-rover-evoque-2\/#primaryimage","url":"https:\/\/carland-solutions.pt\/wp-content\/uploads\/2025\/12\/IMG_7401.jpg","contentUrl":"https:\/\/carland-solutions.pt\/wp-content\/uploads\/2025\/12\/IMG_7401.jpg","width":1080,"height":1920},{"@type":"BreadcrumbList","@id":"https:\/\/carland-solutions.pt\/de\/product\/land-rover-range-rover-evoque-2\/#breadcrumb","itemListElement":[{"@type":"ListItem","position":1,"name":"Home","item":"https:\/\/carland-solutions.pt\/de\/"},{"@type":"ListItem","position":2,"name":"Refund and Returns Policy","item":"https:\/\/carland-solutions.pt\/?page_id=17"},{"@type":"ListItem","position":3,"name":"Land Rover Range Rover Evoque"}]},{"@type":"WebSite","@id":"https:\/\/carland-solutions.pt\/de\/#website","url":"https:\/\/carland-solutions.pt\/de\/","name":"Carland Solutions","description":"","publisher":{"@id":"https:\/\/carland-solutions.pt\/de\/#organization"},"potentialAction":[{"@type":"SearchAction","target":{"@type":"EntryPoint","urlTemplate":"https:\/\/carland-solutions.pt\/de\/?s={search_term_string}"},"query-input":{"@type":"PropertyValueSpecification","valueRequired":true,"valueName":"search_term_string"}}],"inLanguage":"de"},{"@type":"Organization","@id":"https:\/\/carland-solutions.pt\/de\/#organization","name":"Carland Solutions","url":"https:\/\/carland-solutions.pt\/de\/","logo":{"@type":"ImageObject","inLanguage":"de","@id":"https:\/\/carland-solutions.pt\/de\/#\/schema\/logo\/image\/","url":"https:\/\/carland-solutions.pt\/wp-content\/uploads\/2025\/01\/Carland-Solutions-WBG-900x400-11.jpg","contentUrl":"https:\/\/carland-solutions.pt\/wp-content\/uploads\/2025\/01\/Carland-Solutions-WBG-900x400-11.jpg","width":900,"height":400,"caption":"Carland Solutions"},"image":{"@id":"https:\/\/carland-solutions.pt\/de\/#\/schema\/logo\/image\/"},"sameAs":["https:\/\/www.facebook.com\/carlandsolutions","https:\/\/www.instagram.com\/carlandsolutions\/"]}]}},"_links":{"self":[{"href":"https:\/\/carland-solutions.pt\/de\/wp-json\/wp\/v2\/product\/5222","targetHints":{"allow":["GET"]}}],"collection":[{"href":"https:\/\/carland-solutions.pt\/de\/wp-json\/wp\/v2\/product"}],"about":[{"href":"https:\/\/carland-solutions.pt\/de\/wp-json\/wp\/v2\/types\/product"}],"wp:featuredmedia":[{"embeddable":true,"href":"https:\/\/carland-solutions.pt\/de\/wp-json\/wp\/v2\/media\/5201"}],"wp:attachment":[{"href":"https:\/\/carland-solutions.pt\/de\/wp-json\/wp\/v2\/media?parent=5222"}],"wp:term":[{"taxonomy":"product_brand","embeddable":true,"href":"https:\/\/carland-solutions.pt\/de\/wp-json\/wp\/v2\/product_brand?post=5222"},{"taxonomy":"product_cat","embeddable":true,"href":"https:\/\/carland-solutions.pt\/de\/wp-json\/wp\/v2\/product_cat?post=5222"},{"taxonomy":"product_tag","embeddable":true,"href":"https:\/\/carland-solutions.pt\/de\/wp-json\/wp\/v2\/product_tag?post=5222"}],"curies":[{"name":"wp","href":"https:\/\/api.w.org\/{rel}","templated":true}]}}