{"id":5109,"date":"2025-02-11T15:46:01","date_gmt":"2025-02-11T15:46:01","guid":{"rendered":"https:\/\/carland-solutions.pt\/product\/fiat-500c\/"},"modified":"2025-12-11T17:01:06","modified_gmt":"2025-12-11T17:01:06","slug":"fiat-500c","status":"publish","type":"product","link":"https:\/\/carland-solutions.pt\/de\/product\/fiat-500c\/","title":{"rendered":"Fiat 500C"},"content":{"rendered":"<div class=\"wpb-content-wrapper\"><p>[vc_row gap=&#8220;35&#8243; equal_height=&#8220;yes&#8220; content_placement=&#8220;top&#8220;][vc_column][vc_column_text css=&#8220;&#8220;]<strong>Fiat 500C<\/strong>[\/vc_column_text][vc_column_text css=&#8220;&#8220;]<strong>Fiat 500C &#8211; Elegant, verspielt und effizient<\/strong> Der Fiat 500C verbindet kultigen Stil mit moderner Technologie und bietet ein leichtes, komfortables und \u00fcberraschend sparsames Fahrerlebnis. Mit seinem geschmeidigen Stoffdach, das sich \u00f6ffnen l\u00e4sst, um jeden Sonnenstrahl zu genie\u00dfen, und einem Innenraum, der ganz auf Komfort ausgerichtet ist, zeichnet sich dieser stilvolle Stadtflitzer durch Agilit\u00e4t, Motoreffizienz und entspannten Fahrspa\u00df aus. Die ideale Wahl f\u00fcr alle, die auf der Suche nach intelligenter Mobilit\u00e4t sind, ohne dabei Kompromisse bei Aussehen und italienischem Charme einzugehen.[\/vc_column_text][\/vc_column][\/vc_row][vc_row gap=&#8220;35&#8243; equal_height=&#8220;yes&#8220; content_placement=&#8220;top&#8220;][vc_column width=&#8220;1\/2&#8243;][vc_column_text css=&#8220;&#8220;]<\/p>\n<p><strong>AUDIO UND MULTIMEDIA<\/strong><\/p>\n<p>-Bluetooth<\/p>\n<p>-Radio<\/p>\n<p>-USB-Anschluss<\/p>\n<p>-Touchscreen<\/p>\n<p><strong>KOMFORT UND AUSSTATTUNG<\/strong><\/p>\n<p>-manuelle Klimaanlage<\/p>\n<p>-Panoramadach<\/p>\n<p>-Stoff-Polsterung<\/p>\n<p>-Lederlenkrad<\/p>\n<p>-Sportlenkrad<\/p>\n<p>-Radio-Bedienelemente am Lenkrad<\/p>\n<p>-Elektronik und Fahrhilfen<\/p>\n<p>-Cruise Control<\/p>\n<p>-Elektrisch verstellbare Au\u00dfenspiegel<\/p>\n<p>-H\u00fcgelabstiegskontrolle<\/p>\n<p>-Start\/Stopp-System<\/p>\n<p>-Reifendruck\u00fcberwachung<\/p>\n<p><strong>SICHERHEIT <\/strong><\/p>\n<p>-ABS<\/p>\n<p>-Stabilit\u00e4tskontrolle (ESP)<\/p>\n<p>Fahrer-Airbag<\/p>\n<p>-Beifahrer-Airbag<\/p>\n<p>Knie-Airbag f\u00fcr Beifahrer<\/p>\n<p>Fahrer- und Beifahrer-Airbag[\/vc_column_text][\/vc_column][vc_column width=&#8220;1\/2&#8243;][vc_column_text css=&#8220;.vc_custom_1763481845196{padding-top: 25px !important;padding-right: 35px !important;padding-bottom: 25px !important;padding-left: 35px !important;background-color: #1c2e4a !important;border-radius: 10px !important;}&#8220;]<span style=\"color: #ffffff;\"><i class=\"fa-fw dt-icon-the7-misc-017\"><\/i><strong>  Kostenlose Lieferung in Portugal<\/strong><\/span><\/p>\n<p><span style=\"color: #ffffff;\"><i class=\"fa-fw dt-icon-the7-misc-017\"><\/i><strong>  Der Preis beinhaltet eine 18-monatige Garantie mit landesweiter Abdeckung, ein Ersatzfahrzeug und einen 24-Stunden-Pannenservice.<\/strong><\/span><\/p>\n<p><span style=\"color: #ffffff;\"><i class=\"fa-fw dt-icon-the7-misc-017\"><\/i><strong>  M\u00f6glichkeit der Finanzierung<\/strong><\/span><\/p>\n<p><span style=\"color: #ffffff;\"><i class=\"fa-fw dt-icon-the7-misc-017\"><\/i><strong>  Die Inzahlungnahme Ihres aktuellen Fahrzeugs ist auf Anfrage m\u00f6glich<\/strong><\/span>[\/vc_column_text][\/vc_column][\/vc_row][vc_row][vc_column][vc_column_text css=&#8220;&#8220;]<\/p>\n<h2>Sind Sie an diesem Auto interessiert?<\/h2>\n<p>[\/vc_column_text][vc_column_text css=&#8220;&#8220;]Wenn Sie an diesem oder einem unserer anderen Gebrauchtwagen interessiert sind, z\u00f6gern Sie bitte nicht, uns zu kontaktieren unter <strong><a href=\"tel:+31641972793\">+31 6 419 727 93<\/a><\/strong> oder <strong><a href=\"tel:+351960184708\">+351 960 184 708<\/a><\/strong>.[\/vc_column_text][\/vc_column][\/vc_row]<\/p>\n<\/div>","protected":false},"excerpt":{"rendered":"<ul>\n<li>Baujahr: 12-2019<\/li>\n<li>Version: 1.2 LOUNGE<\/li>\n<li>Kilometerstand: 69.188 km<\/li>\n<li>Verdr\u00e4ngung: 1.242 cm3<\/li>\n<li>Leistung: 70 PS<\/li>\n<li>Drehmoment: 102 nm<\/li>\n<li>Verbrauch in der Stadt: 4,7\/100 km<\/li>\n<li>Getriebe: manuell<\/li>\n<li>Kraftstoff: Benzin<\/li>\n<\/ul>\n","protected":false},"featured_media":5093,"template":"","meta":[],"product_brand":[],"product_cat":[54],"product_tag":[],"class_list":{"0":"post-5109","1":"product","2":"type-product","3":"status-publish","4":"has-post-thumbnail","6":"product_cat-verkauft","7":"description-off","9":"first","10":"outofstock","11":"shipping-taxable","12":"product-type-simple"},"yoast_head":"<!-- This site is optimized with the Yoast SEO plugin v27.5 - https:\/\/yoast.com\/product\/yoast-seo-wordpress\/ -->\n<title>Fiat 500C - Carland Solutions<\/title>\n<meta name=\"robots\" content=\"index, follow, max-snippet:-1, max-image-preview:large, max-video-preview:-1\" \/>\n<link rel=\"canonical\" href=\"https:\/\/carland-solutions.pt\/de\/product\/fiat-500c\/\" \/>\n<meta property=\"og:locale\" content=\"de_DE\" \/>\n<meta property=\"og:type\" content=\"article\" \/>\n<meta property=\"og:title\" content=\"Fiat 500C - Carland Solutions\" \/>\n<meta property=\"og:description\" content=\"Baujahr: 12-2019  Version: 1.2 LOUNGE  Kilometerstand: 69.188 km  Verdr\u00e4ngung: 1.242 cm3  Leistung: 70 PS  Drehmoment: 102 nm  Verbrauch in der Stadt: 4,7\/100 km  Getriebe: manuell  Kraftstoff: Benzin\" \/>\n<meta property=\"og:url\" content=\"https:\/\/carland-solutions.pt\/de\/product\/fiat-500c\/\" \/>\n<meta property=\"og:site_name\" content=\"Carland Solutions\" \/>\n<meta property=\"article:publisher\" content=\"https:\/\/www.facebook.com\/carlandsolutions\" \/>\n<meta property=\"article:modified_time\" content=\"2025-12-11T17:01:06+00:00\" \/>\n<meta property=\"og:image\" content=\"https:\/\/carland-solutions.pt\/wp-content\/uploads\/2025\/12\/IMG_7366-1.jpg\" \/>\n\t<meta property=\"og:image:width\" content=\"1080\" \/>\n\t<meta property=\"og:image:height\" content=\"1920\" \/>\n\t<meta property=\"og:image:type\" content=\"image\/jpeg\" \/>\n<meta name=\"twitter:card\" content=\"summary_large_image\" \/>\n<meta name=\"twitter:label1\" content=\"Gesch\u00e4tzte Lesezeit\" \/>\n\t<meta name=\"twitter:data1\" content=\"2\u00a0Minuten\" \/>\n<script type=\"application\/ld+json\" class=\"yoast-schema-graph\">{\"@context\":\"https:\\\/\\\/schema.org\",\"@graph\":[{\"@type\":\"WebPage\",\"@id\":\"https:\\\/\\\/carland-solutions.pt\\\/de\\\/product\\\/fiat-500c\\\/\",\"url\":\"https:\\\/\\\/carland-solutions.pt\\\/de\\\/product\\\/fiat-500c\\\/\",\"name\":\"Fiat 500C - Carland Solutions\",\"isPartOf\":{\"@id\":\"https:\\\/\\\/carland-solutions.pt\\\/de\\\/#website\"},\"primaryImageOfPage\":{\"@id\":\"https:\\\/\\\/carland-solutions.pt\\\/de\\\/product\\\/fiat-500c\\\/#primaryimage\"},\"image\":{\"@id\":\"https:\\\/\\\/carland-solutions.pt\\\/de\\\/product\\\/fiat-500c\\\/#primaryimage\"},\"thumbnailUrl\":\"https:\\\/\\\/carland-solutions.pt\\\/wp-content\\\/uploads\\\/2025\\\/12\\\/IMG_7366-1.jpg\",\"datePublished\":\"2025-02-11T15:46:01+00:00\",\"dateModified\":\"2025-12-11T17:01:06+00:00\",\"breadcrumb\":{\"@id\":\"https:\\\/\\\/carland-solutions.pt\\\/de\\\/product\\\/fiat-500c\\\/#breadcrumb\"},\"inLanguage\":\"de\",\"potentialAction\":[{\"@type\":\"ReadAction\",\"target\":[\"https:\\\/\\\/carland-solutions.pt\\\/de\\\/product\\\/fiat-500c\\\/\"]}]},{\"@type\":\"ImageObject\",\"inLanguage\":\"de\",\"@id\":\"https:\\\/\\\/carland-solutions.pt\\\/de\\\/product\\\/fiat-500c\\\/#primaryimage\",\"url\":\"https:\\\/\\\/carland-solutions.pt\\\/wp-content\\\/uploads\\\/2025\\\/12\\\/IMG_7366-1.jpg\",\"contentUrl\":\"https:\\\/\\\/carland-solutions.pt\\\/wp-content\\\/uploads\\\/2025\\\/12\\\/IMG_7366-1.jpg\",\"width\":1080,\"height\":1920},{\"@type\":\"BreadcrumbList\",\"@id\":\"https:\\\/\\\/carland-solutions.pt\\\/de\\\/product\\\/fiat-500c\\\/#breadcrumb\",\"itemListElement\":[{\"@type\":\"ListItem\",\"position\":1,\"name\":\"Home\",\"item\":\"https:\\\/\\\/carland-solutions.pt\\\/de\\\/\"},{\"@type\":\"ListItem\",\"position\":2,\"name\":\"Refund and Returns Policy\",\"item\":\"https:\\\/\\\/carland-solutions.pt\\\/?page_id=17\"},{\"@type\":\"ListItem\",\"position\":3,\"name\":\"Fiat 500C\"}]},{\"@type\":\"WebSite\",\"@id\":\"https:\\\/\\\/carland-solutions.pt\\\/de\\\/#website\",\"url\":\"https:\\\/\\\/carland-solutions.pt\\\/de\\\/\",\"name\":\"Carland Solutions\",\"description\":\"\",\"publisher\":{\"@id\":\"https:\\\/\\\/carland-solutions.pt\\\/de\\\/#organization\"},\"potentialAction\":[{\"@type\":\"SearchAction\",\"target\":{\"@type\":\"EntryPoint\",\"urlTemplate\":\"https:\\\/\\\/carland-solutions.pt\\\/de\\\/?s={search_term_string}\"},\"query-input\":{\"@type\":\"PropertyValueSpecification\",\"valueRequired\":true,\"valueName\":\"search_term_string\"}}],\"inLanguage\":\"de\"},{\"@type\":\"Organization\",\"@id\":\"https:\\\/\\\/carland-solutions.pt\\\/de\\\/#organization\",\"name\":\"Carland Solutions\",\"url\":\"https:\\\/\\\/carland-solutions.pt\\\/de\\\/\",\"logo\":{\"@type\":\"ImageObject\",\"inLanguage\":\"de\",\"@id\":\"https:\\\/\\\/carland-solutions.pt\\\/de\\\/#\\\/schema\\\/logo\\\/image\\\/\",\"url\":\"https:\\\/\\\/carland-solutions.pt\\\/wp-content\\\/uploads\\\/2025\\\/01\\\/Carland-Solutions-WBG-900x400-11.jpg\",\"contentUrl\":\"https:\\\/\\\/carland-solutions.pt\\\/wp-content\\\/uploads\\\/2025\\\/01\\\/Carland-Solutions-WBG-900x400-11.jpg\",\"width\":900,\"height\":400,\"caption\":\"Carland Solutions\"},\"image\":{\"@id\":\"https:\\\/\\\/carland-solutions.pt\\\/de\\\/#\\\/schema\\\/logo\\\/image\\\/\"},\"sameAs\":[\"https:\\\/\\\/www.facebook.com\\\/carlandsolutions\",\"https:\\\/\\\/www.instagram.com\\\/carlandsolutions\\\/\"]}]}<\/script>\n<!-- \/ Yoast SEO plugin. -->","yoast_head_json":{"title":"Fiat 500C - Carland Solutions","robots":{"index":"index","follow":"follow","max-snippet":"max-snippet:-1","max-image-preview":"max-image-preview:large","max-video-preview":"max-video-preview:-1"},"canonical":"https:\/\/carland-solutions.pt\/de\/product\/fiat-500c\/","og_locale":"de_DE","og_type":"article","og_title":"Fiat 500C - Carland Solutions","og_description":"Baujahr: 12-2019  Version: 1.2 LOUNGE  Kilometerstand: 69.188 km  Verdr\u00e4ngung: 1.242 cm3  Leistung: 70 PS  Drehmoment: 102 nm  Verbrauch in der Stadt: 4,7\/100 km  Getriebe: manuell  Kraftstoff: Benzin","og_url":"https:\/\/carland-solutions.pt\/de\/product\/fiat-500c\/","og_site_name":"Carland Solutions","article_publisher":"https:\/\/www.facebook.com\/carlandsolutions","article_modified_time":"2025-12-11T17:01:06+00:00","og_image":[{"width":1080,"height":1920,"url":"https:\/\/carland-solutions.pt\/wp-content\/uploads\/2025\/12\/IMG_7366-1.jpg","type":"image\/jpeg"}],"twitter_card":"summary_large_image","twitter_misc":{"Gesch\u00e4tzte Lesezeit":"2\u00a0Minuten"},"schema":{"@context":"https:\/\/schema.org","@graph":[{"@type":"WebPage","@id":"https:\/\/carland-solutions.pt\/de\/product\/fiat-500c\/","url":"https:\/\/carland-solutions.pt\/de\/product\/fiat-500c\/","name":"Fiat 500C - Carland Solutions","isPartOf":{"@id":"https:\/\/carland-solutions.pt\/de\/#website"},"primaryImageOfPage":{"@id":"https:\/\/carland-solutions.pt\/de\/product\/fiat-500c\/#primaryimage"},"image":{"@id":"https:\/\/carland-solutions.pt\/de\/product\/fiat-500c\/#primaryimage"},"thumbnailUrl":"https:\/\/carland-solutions.pt\/wp-content\/uploads\/2025\/12\/IMG_7366-1.jpg","datePublished":"2025-02-11T15:46:01+00:00","dateModified":"2025-12-11T17:01:06+00:00","breadcrumb":{"@id":"https:\/\/carland-solutions.pt\/de\/product\/fiat-500c\/#breadcrumb"},"inLanguage":"de","potentialAction":[{"@type":"ReadAction","target":["https:\/\/carland-solutions.pt\/de\/product\/fiat-500c\/"]}]},{"@type":"ImageObject","inLanguage":"de","@id":"https:\/\/carland-solutions.pt\/de\/product\/fiat-500c\/#primaryimage","url":"https:\/\/carland-solutions.pt\/wp-content\/uploads\/2025\/12\/IMG_7366-1.jpg","contentUrl":"https:\/\/carland-solutions.pt\/wp-content\/uploads\/2025\/12\/IMG_7366-1.jpg","width":1080,"height":1920},{"@type":"BreadcrumbList","@id":"https:\/\/carland-solutions.pt\/de\/product\/fiat-500c\/#breadcrumb","itemListElement":[{"@type":"ListItem","position":1,"name":"Home","item":"https:\/\/carland-solutions.pt\/de\/"},{"@type":"ListItem","position":2,"name":"Refund and Returns Policy","item":"https:\/\/carland-solutions.pt\/?page_id=17"},{"@type":"ListItem","position":3,"name":"Fiat 500C"}]},{"@type":"WebSite","@id":"https:\/\/carland-solutions.pt\/de\/#website","url":"https:\/\/carland-solutions.pt\/de\/","name":"Carland Solutions","description":"","publisher":{"@id":"https:\/\/carland-solutions.pt\/de\/#organization"},"potentialAction":[{"@type":"SearchAction","target":{"@type":"EntryPoint","urlTemplate":"https:\/\/carland-solutions.pt\/de\/?s={search_term_string}"},"query-input":{"@type":"PropertyValueSpecification","valueRequired":true,"valueName":"search_term_string"}}],"inLanguage":"de"},{"@type":"Organization","@id":"https:\/\/carland-solutions.pt\/de\/#organization","name":"Carland Solutions","url":"https:\/\/carland-solutions.pt\/de\/","logo":{"@type":"ImageObject","inLanguage":"de","@id":"https:\/\/carland-solutions.pt\/de\/#\/schema\/logo\/image\/","url":"https:\/\/carland-solutions.pt\/wp-content\/uploads\/2025\/01\/Carland-Solutions-WBG-900x400-11.jpg","contentUrl":"https:\/\/carland-solutions.pt\/wp-content\/uploads\/2025\/01\/Carland-Solutions-WBG-900x400-11.jpg","width":900,"height":400,"caption":"Carland Solutions"},"image":{"@id":"https:\/\/carland-solutions.pt\/de\/#\/schema\/logo\/image\/"},"sameAs":["https:\/\/www.facebook.com\/carlandsolutions","https:\/\/www.instagram.com\/carlandsolutions\/"]}]}},"_links":{"self":[{"href":"https:\/\/carland-solutions.pt\/de\/wp-json\/wp\/v2\/product\/5109","targetHints":{"allow":["GET"]}}],"collection":[{"href":"https:\/\/carland-solutions.pt\/de\/wp-json\/wp\/v2\/product"}],"about":[{"href":"https:\/\/carland-solutions.pt\/de\/wp-json\/wp\/v2\/types\/product"}],"wp:featuredmedia":[{"embeddable":true,"href":"https:\/\/carland-solutions.pt\/de\/wp-json\/wp\/v2\/media\/5093"}],"wp:attachment":[{"href":"https:\/\/carland-solutions.pt\/de\/wp-json\/wp\/v2\/media?parent=5109"}],"wp:term":[{"taxonomy":"product_brand","embeddable":true,"href":"https:\/\/carland-solutions.pt\/de\/wp-json\/wp\/v2\/product_brand?post=5109"},{"taxonomy":"product_cat","embeddable":true,"href":"https:\/\/carland-solutions.pt\/de\/wp-json\/wp\/v2\/product_cat?post=5109"},{"taxonomy":"product_tag","embeddable":true,"href":"https:\/\/carland-solutions.pt\/de\/wp-json\/wp\/v2\/product_tag?post=5109"}],"curies":[{"name":"wp","href":"https:\/\/api.w.org\/{rel}","templated":true}]}}