{"id":3959,"date":"2025-02-10T10:25:26","date_gmt":"2025-02-10T10:25:26","guid":{"rendered":"https:\/\/carland-solutions.pt\/product\/bmw-216d\/"},"modified":"2025-10-27T11:40:56","modified_gmt":"2025-10-27T11:40:56","slug":"bmw-216d","status":"publish","type":"product","link":"https:\/\/carland-solutions.pt\/de\/product\/bmw-216d\/","title":{"rendered":"BMW 216d"},"content":{"rendered":"<div class=\"wpb-content-wrapper\"><p>[vc_row gap=&#8220;35&#8243; equal_height=&#8220;yes&#8220; content_placement=&#8220;top&#8220;][vc_column][vc_column_text css=&#8220;&#8220;]<strong>BMW 216d<\/strong>[\/vc_column_text][vc_column_text css=&#8220;&#8220;]<strong>BMW 216d &#8211; Elegant, effizient und leistungsstark im Gleichgewicht<\/strong><br \/>\nDer BMW 216d von 2016 verbindet Stil mit intelligenter Technologie. Mit seinem raffinierten Design und seiner aerodynamischen Linienf\u00fchrung bietet er ein sanftes und wirtschaftliches Fahrerlebnis, das sich sowohl f\u00fcr die Stadt als auch f\u00fcr lange Fahrten eignet. Der sparsame Dieselmotor liefert kraftvolle Leistung bei niedrigem Verbrauch, w\u00e4hrend der ger\u00e4umige Innenraum und die hochwertigen Materialien f\u00fcr optimalen Komfort sorgen. Ausgestattet mit fortschrittlicher BMW Technologie und dynamischem Handling definiert der 216d Fahrfreude neu &#8211; mit der Klasse und Effizienz, die Sie von BMW erwarten.[\/vc_column_text][\/vc_column][\/vc_row][vc_row gap=&#8220;35&#8243; equal_height=&#8220;yes&#8220; content_placement=&#8220;top&#8220;][vc_column width=&#8220;1\/2&#8243;][vc_column_text css=&#8220;&#8220;]<strong>AUDIO UND MULTIMEDIA<\/strong><\/p>\n<p>-Bluetooth<\/p>\n<p>-Radio<\/p>\n<p>-USB-Anschluss<\/p>\n<p>-Soundsystem<\/p>\n<p><strong>KOMFORT UND AUSSTATTUNG<\/strong><\/p>\n<p>-Automatische Klimaanlage<\/p>\n<p>-Stoff-Polsterung<\/p>\n<p>-Sportsitze vorne<\/p>\n<p>-Lederlenkrad<\/p>\n<p>-Multifunktionslenkrad<\/p>\n<p>-Schalthebel aus Leder<\/p>\n<p>-Digitaler Schl\u00fcssel<\/p>\n<p>-Automatische Klimaanlage<\/p>\n<p>-R\u00fcckensensor<\/p>\n<p>-Entfernung der Windschutzscheibe<\/p>\n<p>-Elektrische Fensterheber vorne<\/p>\n<p>-Elektrische Fensterheber hinten<\/p>\n<p>-Scheibenwischer: andere<\/p>\n<p>-Elektronik und Fahrhilfen<\/p>\n<p>-Fahrtenregler<\/p>\n<p>-LED-Scheinwerfer<\/p>\n<p>-Vorderer Parksensor<\/p>\n<p>-R\u00fcckseitiger Parksensor<\/p>\n<p>-Elektrisch verstellbare Au\u00dfenspiegel<\/p>\n<p>-Elektrisch einklappbare Au\u00dfenspiegel<\/p>\n<p>-Hill Holder<\/p>\n<p>-LED-Tagfahrlicht<\/p>\n<p>-Start\/Stopp-System<\/p>\n<p>-Reifendruck\u00fcberwachung<\/p>\n<p>-Elektrische Handbremse<\/p>\n<p>-Servolenkung<\/p>\n<p><strong>SICHERHEIT<\/strong><\/p>\n<p>-ABS<\/p>\n<p>-Stabilit\u00e4tskontrolle (ESP)<\/p>\n<p>-Elektronischer Bremsassistent<\/p>\n<p>-Fu\u00dfg\u00e4ngerschutz-Bremsassistent<\/p>\n<p>Fahrer-Airbag<\/p>\n<p>-Beifahrer-Airbag<\/p>\n<p>-ISOFI<\/p>\n<p>[\/vc_column_text][\/vc_column][vc_column width=&#8220;1\/2&#8243;][vc_column_text css=&#8220;.vc_custom_1759832245080{padding-top: 25px !important;padding-right: 35px !important;padding-bottom: 25px !important;padding-left: 35px !important;background-color: #1c2e4a !important;border-radius: 10px !important;}&#8220;]<span style=\"color: #ffffff;\"><i class=\"fa-fw dt-icon-the7-misc-017\"><\/i><strong>  Kaufen Sie Ihr Auto bei uns und erhalten Sie einen Gutschein f\u00fcr einen Urlaub!<\/strong><\/span><\/p>\n<p><span style=\"color: #ffffff;\"><i class=\"fa-fw dt-icon-the7-misc-017\"><\/i><strong>  Kostenlose Lieferung in Portugal<\/strong><\/span><\/p>\n<p><span style=\"color: #ffffff;\"><i class=\"fa-fw dt-icon-the7-misc-017\"><\/i><strong>  Der Preis beinhaltet eine 18-monatige Garantie mit landesweiter Abdeckung, ein Ersatzfahrzeug und einen 24-Stunden-Pannenservice.<\/strong><\/span><\/p>\n<p><span style=\"color: #ffffff;\"><i class=\"fa-fw dt-icon-the7-misc-017\"><\/i><strong>  M\u00f6glichkeit der Finanzierung<\/strong><\/span>[\/vc_column_text][\/vc_column][\/vc_row][vc_row][vc_column][vc_column_text css=&#8220;&#8220;]<\/p>\n<h2>Sind Sie an diesem Auto interessiert?<\/h2>\n<p>[\/vc_column_text][vc_column_text css=&#8220;&#8220;]Wenn Sie an diesem oder einem unserer anderen Gebrauchtwagen interessiert sind, z\u00f6gern Sie bitte nicht, uns zu kontaktieren unter <strong><a href=\"tel:+31641972793\">+31 6 419 727 93<\/a><\/strong> oder <strong><a href=\"tel:+351960184708\">+351 960 184 708<\/a><\/strong>.[\/vc_column_text][\/vc_column][\/vc_row]<\/p>\n<\/div>","protected":false},"excerpt":{"rendered":"<ul>\n<li>Baujahr: 11-2016<\/li>\n<li>Version: 216d Active Tourer Advantage<\/li>\n<li>Kilometerstand: 78.488 km<\/li>\n<li>Verdr\u00e4ngung: 1.496 cm3<\/li>\n<li>Leistung: 116 PS<\/li>\n<li>Drehmoment: 270 nm<\/li>\n<li>Kraftstoffverbrauch in der Stadt: 3,9\/100 km<\/li>\n<li>Getriebe: manuell<\/li>\n<li>Kraftstoff: Diesel<\/li>\n<\/ul>\n","protected":false},"featured_media":3864,"template":"","meta":[],"product_brand":[],"product_cat":[54],"product_tag":[],"class_list":{"0":"post-3959","1":"product","2":"type-product","3":"status-publish","4":"has-post-thumbnail","6":"product_cat-verkauft","7":"description-off","9":"first","10":"outofstock","11":"shipping-taxable","12":"product-type-simple"},"yoast_head":"<!-- This site is optimized with the Yoast SEO plugin v27.5 - https:\/\/yoast.com\/product\/yoast-seo-wordpress\/ -->\n<title>BMW 216d - Carland Solutions<\/title>\n<meta name=\"robots\" content=\"index, follow, max-snippet:-1, max-image-preview:large, max-video-preview:-1\" \/>\n<link rel=\"canonical\" href=\"https:\/\/carland-solutions.pt\/de\/product\/bmw-216d\/\" \/>\n<meta property=\"og:locale\" content=\"de_DE\" \/>\n<meta property=\"og:type\" content=\"article\" \/>\n<meta property=\"og:title\" content=\"BMW 216d - Carland Solutions\" \/>\n<meta property=\"og:description\" content=\"Baujahr: 11-2016  Version: 216d Active Tourer Advantage  Kilometerstand: 78.488 km  Verdr\u00e4ngung: 1.496 cm3  Leistung: 116 PS  Drehmoment: 270 nm  Kraftstoffverbrauch in der Stadt: 3,9\/100 km  Getriebe: manuell  Kraftstoff: Diesel\" \/>\n<meta property=\"og:url\" content=\"https:\/\/carland-solutions.pt\/de\/product\/bmw-216d\/\" \/>\n<meta property=\"og:site_name\" content=\"Carland Solutions\" \/>\n<meta property=\"article:publisher\" content=\"https:\/\/www.facebook.com\/carlandsolutions\" \/>\n<meta property=\"article:modified_time\" content=\"2025-10-27T11:40:56+00:00\" \/>\n<meta property=\"og:image\" content=\"https:\/\/carland-solutions.pt\/wp-content\/uploads\/2025\/10\/bmw0.jpg\" \/>\n\t<meta property=\"og:image:width\" content=\"1080\" \/>\n\t<meta property=\"og:image:height\" content=\"1920\" \/>\n\t<meta property=\"og:image:type\" content=\"image\/jpeg\" \/>\n<meta name=\"twitter:card\" content=\"summary_large_image\" \/>\n<meta name=\"twitter:label1\" content=\"Gesch\u00e4tzte Lesezeit\" \/>\n\t<meta name=\"twitter:data1\" content=\"2\u00a0Minuten\" \/>\n<script type=\"application\/ld+json\" class=\"yoast-schema-graph\">{\"@context\":\"https:\\\/\\\/schema.org\",\"@graph\":[{\"@type\":\"WebPage\",\"@id\":\"https:\\\/\\\/carland-solutions.pt\\\/de\\\/product\\\/bmw-216d\\\/\",\"url\":\"https:\\\/\\\/carland-solutions.pt\\\/de\\\/product\\\/bmw-216d\\\/\",\"name\":\"BMW 216d - Carland Solutions\",\"isPartOf\":{\"@id\":\"https:\\\/\\\/carland-solutions.pt\\\/de\\\/#website\"},\"primaryImageOfPage\":{\"@id\":\"https:\\\/\\\/carland-solutions.pt\\\/de\\\/product\\\/bmw-216d\\\/#primaryimage\"},\"image\":{\"@id\":\"https:\\\/\\\/carland-solutions.pt\\\/de\\\/product\\\/bmw-216d\\\/#primaryimage\"},\"thumbnailUrl\":\"https:\\\/\\\/carland-solutions.pt\\\/wp-content\\\/uploads\\\/2025\\\/10\\\/bmw0.jpg\",\"datePublished\":\"2025-02-10T10:25:26+00:00\",\"dateModified\":\"2025-10-27T11:40:56+00:00\",\"breadcrumb\":{\"@id\":\"https:\\\/\\\/carland-solutions.pt\\\/de\\\/product\\\/bmw-216d\\\/#breadcrumb\"},\"inLanguage\":\"de\",\"potentialAction\":[{\"@type\":\"ReadAction\",\"target\":[\"https:\\\/\\\/carland-solutions.pt\\\/de\\\/product\\\/bmw-216d\\\/\"]}]},{\"@type\":\"ImageObject\",\"inLanguage\":\"de\",\"@id\":\"https:\\\/\\\/carland-solutions.pt\\\/de\\\/product\\\/bmw-216d\\\/#primaryimage\",\"url\":\"https:\\\/\\\/carland-solutions.pt\\\/wp-content\\\/uploads\\\/2025\\\/10\\\/bmw0.jpg\",\"contentUrl\":\"https:\\\/\\\/carland-solutions.pt\\\/wp-content\\\/uploads\\\/2025\\\/10\\\/bmw0.jpg\",\"width\":1080,\"height\":1920},{\"@type\":\"BreadcrumbList\",\"@id\":\"https:\\\/\\\/carland-solutions.pt\\\/de\\\/product\\\/bmw-216d\\\/#breadcrumb\",\"itemListElement\":[{\"@type\":\"ListItem\",\"position\":1,\"name\":\"Home\",\"item\":\"https:\\\/\\\/carland-solutions.pt\\\/de\\\/\"},{\"@type\":\"ListItem\",\"position\":2,\"name\":\"Refund and Returns Policy\",\"item\":\"https:\\\/\\\/carland-solutions.pt\\\/?page_id=17\"},{\"@type\":\"ListItem\",\"position\":3,\"name\":\"BMW 216d\"}]},{\"@type\":\"WebSite\",\"@id\":\"https:\\\/\\\/carland-solutions.pt\\\/de\\\/#website\",\"url\":\"https:\\\/\\\/carland-solutions.pt\\\/de\\\/\",\"name\":\"Carland Solutions\",\"description\":\"\",\"publisher\":{\"@id\":\"https:\\\/\\\/carland-solutions.pt\\\/de\\\/#organization\"},\"potentialAction\":[{\"@type\":\"SearchAction\",\"target\":{\"@type\":\"EntryPoint\",\"urlTemplate\":\"https:\\\/\\\/carland-solutions.pt\\\/de\\\/?s={search_term_string}\"},\"query-input\":{\"@type\":\"PropertyValueSpecification\",\"valueRequired\":true,\"valueName\":\"search_term_string\"}}],\"inLanguage\":\"de\"},{\"@type\":\"Organization\",\"@id\":\"https:\\\/\\\/carland-solutions.pt\\\/de\\\/#organization\",\"name\":\"Carland Solutions\",\"url\":\"https:\\\/\\\/carland-solutions.pt\\\/de\\\/\",\"logo\":{\"@type\":\"ImageObject\",\"inLanguage\":\"de\",\"@id\":\"https:\\\/\\\/carland-solutions.pt\\\/de\\\/#\\\/schema\\\/logo\\\/image\\\/\",\"url\":\"https:\\\/\\\/carland-solutions.pt\\\/wp-content\\\/uploads\\\/2025\\\/01\\\/Carland-Solutions-WBG-900x400-11.jpg\",\"contentUrl\":\"https:\\\/\\\/carland-solutions.pt\\\/wp-content\\\/uploads\\\/2025\\\/01\\\/Carland-Solutions-WBG-900x400-11.jpg\",\"width\":900,\"height\":400,\"caption\":\"Carland Solutions\"},\"image\":{\"@id\":\"https:\\\/\\\/carland-solutions.pt\\\/de\\\/#\\\/schema\\\/logo\\\/image\\\/\"},\"sameAs\":[\"https:\\\/\\\/www.facebook.com\\\/carlandsolutions\",\"https:\\\/\\\/www.instagram.com\\\/carlandsolutions\\\/\"]}]}<\/script>\n<!-- \/ Yoast SEO plugin. -->","yoast_head_json":{"title":"BMW 216d - Carland Solutions","robots":{"index":"index","follow":"follow","max-snippet":"max-snippet:-1","max-image-preview":"max-image-preview:large","max-video-preview":"max-video-preview:-1"},"canonical":"https:\/\/carland-solutions.pt\/de\/product\/bmw-216d\/","og_locale":"de_DE","og_type":"article","og_title":"BMW 216d - Carland Solutions","og_description":"Baujahr: 11-2016  Version: 216d Active Tourer Advantage  Kilometerstand: 78.488 km  Verdr\u00e4ngung: 1.496 cm3  Leistung: 116 PS  Drehmoment: 270 nm  Kraftstoffverbrauch in der Stadt: 3,9\/100 km  Getriebe: manuell  Kraftstoff: Diesel","og_url":"https:\/\/carland-solutions.pt\/de\/product\/bmw-216d\/","og_site_name":"Carland Solutions","article_publisher":"https:\/\/www.facebook.com\/carlandsolutions","article_modified_time":"2025-10-27T11:40:56+00:00","og_image":[{"width":1080,"height":1920,"url":"https:\/\/carland-solutions.pt\/wp-content\/uploads\/2025\/10\/bmw0.jpg","type":"image\/jpeg"}],"twitter_card":"summary_large_image","twitter_misc":{"Gesch\u00e4tzte Lesezeit":"2\u00a0Minuten"},"schema":{"@context":"https:\/\/schema.org","@graph":[{"@type":"WebPage","@id":"https:\/\/carland-solutions.pt\/de\/product\/bmw-216d\/","url":"https:\/\/carland-solutions.pt\/de\/product\/bmw-216d\/","name":"BMW 216d - Carland Solutions","isPartOf":{"@id":"https:\/\/carland-solutions.pt\/de\/#website"},"primaryImageOfPage":{"@id":"https:\/\/carland-solutions.pt\/de\/product\/bmw-216d\/#primaryimage"},"image":{"@id":"https:\/\/carland-solutions.pt\/de\/product\/bmw-216d\/#primaryimage"},"thumbnailUrl":"https:\/\/carland-solutions.pt\/wp-content\/uploads\/2025\/10\/bmw0.jpg","datePublished":"2025-02-10T10:25:26+00:00","dateModified":"2025-10-27T11:40:56+00:00","breadcrumb":{"@id":"https:\/\/carland-solutions.pt\/de\/product\/bmw-216d\/#breadcrumb"},"inLanguage":"de","potentialAction":[{"@type":"ReadAction","target":["https:\/\/carland-solutions.pt\/de\/product\/bmw-216d\/"]}]},{"@type":"ImageObject","inLanguage":"de","@id":"https:\/\/carland-solutions.pt\/de\/product\/bmw-216d\/#primaryimage","url":"https:\/\/carland-solutions.pt\/wp-content\/uploads\/2025\/10\/bmw0.jpg","contentUrl":"https:\/\/carland-solutions.pt\/wp-content\/uploads\/2025\/10\/bmw0.jpg","width":1080,"height":1920},{"@type":"BreadcrumbList","@id":"https:\/\/carland-solutions.pt\/de\/product\/bmw-216d\/#breadcrumb","itemListElement":[{"@type":"ListItem","position":1,"name":"Home","item":"https:\/\/carland-solutions.pt\/de\/"},{"@type":"ListItem","position":2,"name":"Refund and Returns Policy","item":"https:\/\/carland-solutions.pt\/?page_id=17"},{"@type":"ListItem","position":3,"name":"BMW 216d"}]},{"@type":"WebSite","@id":"https:\/\/carland-solutions.pt\/de\/#website","url":"https:\/\/carland-solutions.pt\/de\/","name":"Carland Solutions","description":"","publisher":{"@id":"https:\/\/carland-solutions.pt\/de\/#organization"},"potentialAction":[{"@type":"SearchAction","target":{"@type":"EntryPoint","urlTemplate":"https:\/\/carland-solutions.pt\/de\/?s={search_term_string}"},"query-input":{"@type":"PropertyValueSpecification","valueRequired":true,"valueName":"search_term_string"}}],"inLanguage":"de"},{"@type":"Organization","@id":"https:\/\/carland-solutions.pt\/de\/#organization","name":"Carland Solutions","url":"https:\/\/carland-solutions.pt\/de\/","logo":{"@type":"ImageObject","inLanguage":"de","@id":"https:\/\/carland-solutions.pt\/de\/#\/schema\/logo\/image\/","url":"https:\/\/carland-solutions.pt\/wp-content\/uploads\/2025\/01\/Carland-Solutions-WBG-900x400-11.jpg","contentUrl":"https:\/\/carland-solutions.pt\/wp-content\/uploads\/2025\/01\/Carland-Solutions-WBG-900x400-11.jpg","width":900,"height":400,"caption":"Carland Solutions"},"image":{"@id":"https:\/\/carland-solutions.pt\/de\/#\/schema\/logo\/image\/"},"sameAs":["https:\/\/www.facebook.com\/carlandsolutions","https:\/\/www.instagram.com\/carlandsolutions\/"]}]}},"_links":{"self":[{"href":"https:\/\/carland-solutions.pt\/de\/wp-json\/wp\/v2\/product\/3959","targetHints":{"allow":["GET"]}}],"collection":[{"href":"https:\/\/carland-solutions.pt\/de\/wp-json\/wp\/v2\/product"}],"about":[{"href":"https:\/\/carland-solutions.pt\/de\/wp-json\/wp\/v2\/types\/product"}],"wp:featuredmedia":[{"embeddable":true,"href":"https:\/\/carland-solutions.pt\/de\/wp-json\/wp\/v2\/media\/3864"}],"wp:attachment":[{"href":"https:\/\/carland-solutions.pt\/de\/wp-json\/wp\/v2\/media?parent=3959"}],"wp:term":[{"taxonomy":"product_brand","embeddable":true,"href":"https:\/\/carland-solutions.pt\/de\/wp-json\/wp\/v2\/product_brand?post=3959"},{"taxonomy":"product_cat","embeddable":true,"href":"https:\/\/carland-solutions.pt\/de\/wp-json\/wp\/v2\/product_cat?post=3959"},{"taxonomy":"product_tag","embeddable":true,"href":"https:\/\/carland-solutions.pt\/de\/wp-json\/wp\/v2\/product_tag?post=3959"}],"curies":[{"name":"wp","href":"https:\/\/api.w.org\/{rel}","templated":true}]}}