{"id":3818,"date":"2025-01-30T10:17:31","date_gmt":"2025-01-30T10:17:31","guid":{"rendered":"https:\/\/carland-solutions.pt\/product\/porsche-macan-s-2\/"},"modified":"2025-10-13T13:26:33","modified_gmt":"2025-10-13T12:26:33","slug":"porsche-macan-s-2","status":"publish","type":"product","link":"https:\/\/carland-solutions.pt\/de\/product\/porsche-macan-s-2\/","title":{"rendered":"Porsche Macan S"},"content":{"rendered":"<div class=\"wpb-content-wrapper\"><p>[vc_row gap=&#8220;35&#8243; equal_height=&#8220;yes&#8220; content_placement=&#8220;top&#8220;][vc_column][vc_column_text css=&#8220;&#8220;]<\/p>\n<h2 dir=\"auto\">Porsche Macan S<\/h2>\n<p>[\/vc_column_text][vc_column_text css=&#8220;&#8220;]Porsche Macan S<\/p>\n<p>Entdecken Sie das perfekte Gleichgewicht zwischen Leistung und Komfort mit diesem BMW 116D Corporate Edition 2020. Mit einem potenten Dieselmotor von 1,5 Litern, der 116 cv verbraucht, und einem beeindruckend niedrigen Verbrauch von nur 3,8 l\/100 km, bietet dieser Wagen ein H\u00f6chstma\u00df an Komfort und Wirtschaftlichkeit. Die umfangreichen Ausstattungsmerkmale wie Apple CarPlay, Android Auto und ein modernes Navigationssystem garantieren, dass Sie immer auf dem richtigen Weg sind. Der sportliche Innenraum mit automatischer Klimaanlage, sportlichem Volant und Z\u00fcndschloss bietet Ihnen ein luxuri\u00f6ses Fahrerlebnis. Mit Sicherheitsmerkmalen wie ABS, ESP und ISOFIX ist dieser BMW eine hervorragende Wahl f\u00fcr alle, die ein sicheres und elegantes Fahrzeug suchen.[\/vc_column_text][\/vc_column][\/vc_row][vc_row gap=&#8220;35&#8243; equal_height=&#8220;yes&#8220; content_placement=&#8220;top&#8220;][vc_column width=&#8220;1\/2&#8243;][vc_column_text css=&#8220;&#8220;]<\/p>\n<div class=\"x11i5rnm xat24cr x1mh8g0r x1vvkbs xtlvy1s x126k92a\">\n<div dir=\"auto\">\n<div dir=\"auto\">\n<div class=\"x11i5rnm xat24cr x1mh8g0r x1vvkbs xtlvy1s x126k92a\">\n<div dir=\"auto\">\n<div dir=\"auto\">\n<div dir=\"auto\"><strong>Ano<\/strong>: 2015<br \/>\n<strong>Vers\u00e3o:<\/strong> Porsche Macan S Diesel PDK<br \/>\n<strong>Quil\u00f3metros<\/strong>: 141 188 km<br \/>\n<strong>Hubraum<\/strong>: 2 967 ccm<br \/>\n<strong>Potenzial<\/strong>: 258 cv<br \/>\n<strong>Bin\u00e1rio<\/strong>: 580 nm<br \/>\n<strong>Verbrauch Urbano<\/strong>: 6.2\/100 km<br \/>\nGetriebe: Automatik<br \/>\n<strong>Verbrennung:<\/strong> Gas\u00f3leo<\/div>\n<\/div>\n<\/div>\n<\/div>\n<\/div>\n<\/div>\n<\/div>\n<p>[\/vc_column_text][vc_column_text css=&#8220;&#8220;]<\/p>\n<div class=\"x11i5rnm xat24cr x1mh8g0r x1vvkbs xtlvy1s x126k92a\">\n<div dir=\"auto\"><strong>\u00c1UDIO E MULTIM\u00c9DIA<\/strong><br \/>\n&#8211; Bluetooth<br \/>\n&#8211; R\u00e1dio<br \/>\n&#8211; Sistema m\u00e3os livres<br \/>\n&#8211; Porta USB<br \/>\n&#8211; Sistema de navega\u00e7\u00e3o<br \/>\n&#8211; Sistema de som<br \/>\n&#8211; Ecr\u00e3 t\u00e1til<\/div>\n<div dir=\"auto\"><strong>CONFORTO E EQUIPAMENTOS<\/strong><br \/>\n&#8211; Gancho de Reboque<br \/>\n&#8211; Automatischer Wechselstrom f\u00fcr drei Zonen<br \/>\n&#8211; Elektrischer Abrissteppich<br \/>\n&#8211; Estofos em pele<br \/>\n&#8211; Banco do condutor com regula\u00e7\u00e3o el\u00e9ctrica<br \/>\n&#8211; Regula\u00e7\u00e3o lombar do banco do condutor el\u00e9ctrica<br \/>\n&#8211; Regula\u00e7\u00e3o lombar do banco do passageiro el\u00e9ctrica<br \/>\n&#8211; Bancos com mem\u00f3ria<br \/>\n&#8211; Banken, die Geld verdienen<br \/>\n&#8211; Volante em pele<br \/>\n&#8211; Volante desportivo<br \/>\n&#8211; Elektrisch verstellbare Volante<br \/>\n&#8211; Volante multifun\u00e7\u00f5es<br \/>\n&#8211; Lenkrad mit Schaltwippen<br \/>\n&#8211; Manete de velocidades em pele<br \/>\n&#8211; Chave digital<br \/>\n&#8211; Sensor de chuva<br \/>\n&#8211; Entleerungsvorrichtung f\u00fcr P\u00e1ra-Brisas<\/div>\n<div dir=\"auto\"><strong>TECNOLOGIA E ASSIST\u00caNCIA \u00c0 CONDU\u00c7\u00c3O<\/strong><br \/>\n&#8211; Geschwindigkeitsregler<br \/>\n&#8211; Far\u00f3is Bi-Xenon<br \/>\n&#8211; Sensor de estacionamento dianteiro e traseiro<br \/>\n&#8211; C\u00e2mara de marcha-atr\u00e1s<br \/>\n&#8211; Retrovisores exteriores com regula\u00e7\u00e3o el\u00e9ctrica<br \/>\n&#8211; Retrovisores exteriores aquecidos<br \/>\n&#8211; Retrovisores exteriores eletricamente retrateis<br \/>\n&#8211; Assistentin de \u00e2ngulo morto<br \/>\n&#8211; Sistema de aviso de transposi\u00e7\u00e3o da via<br \/>\n&#8211; Kontrolle der N\u00e4he<br \/>\n&#8211; Geschwindigkeitsbegrenzer<br \/>\n&#8211; Kontrolle der Verfolgung<br \/>\n&#8211; Bergabfahrkontrolle<br \/>\n&#8211; H\u00fcgel-Halter<br \/>\n&#8211; Reconhecimento sinais tr\u00e2nsito<br \/>\n&#8211; Automatisches Aktivieren von Minimalbetr\u00e4gen<br \/>\n&#8211; Tageslichtlampen LED<br \/>\n&#8211; Far\u00f3is de nevoeiro LED<br \/>\n&#8211; Farolim traseiro LED<br \/>\n&#8211; Folgen Sie mir nach Hause<br \/>\n&#8211; Ilumina\u00e7\u00e3o innen LED<br \/>\n&#8211; Sistema Start\/Stopp<br \/>\n&#8211; Elektrischer Zug<br \/>\n&#8211; Assistente de tr\u00e2nsito<\/div>\n<div dir=\"auto\"><strong>SEGURAN\u00c7A<\/strong><br \/>\n&#8211; ABS<br \/>\n&#8211; Controlo de estabilidade (ESP)<br \/>\n&#8211; Distribui\u00e7\u00e3o electr\u00f3nica de travagem<br \/>\n&#8211; Airbag do condutor e passageiro<br \/>\n&#8211; Airbags de cabe\u00e7a condutor e passageiro<br \/>\n&#8211; Airbag lateral do condutor e passageiro<br \/>\n&#8211; Airbags cabe\u00e7a traseiros<br \/>\n&#8211; ISOFIX<\/div>\n<\/div>\n<p>[\/vc_column_text][\/vc_column][vc_column width=&#8220;1\/2&#8243;][vc_column_text css=&#8220;.vc_custom_1732889426701{padding-top: 25px !important;padding-right: 35px !important;padding-bottom: 25px !important;padding-left: 35px !important;background-color: #1c2e4a !important;border-radius: 10px !important;}&#8220;]<span style=\"color: #ffffff;\"><i class=\"fa-fw dt-icon-the7-misc-017\"><\/i><strong> Kostenlose Lieferung in Portugal<\/strong><\/span><\/p>\n<p><span style=\"color: #ffffff;\"><i class=\"fa-fw dt-icon-the7-misc-017\"><\/i><strong> Der Preis beinhaltet 18 Monate Garantie<\/strong><\/span><\/p>\n<p><span style=\"color: #ffffff;\"><i class=\"fa-fw dt-icon-the7-misc-017\"><\/i><strong> Wir nehmen Fahrzeuge in Zahlung<\/strong><\/span><\/p>\n<p><span style=\"color: #ffffff;\"><i class=\"fa-fw dt-icon-the7-misc-017\"><\/i><strong> Finanzierungsm\u00f6glichkeit<\/strong><\/span>[\/vc_column_text][\/vc_column][\/vc_row][vc_row][vc_column][vc_column_text css=&#8220;&#8220;]<\/p>\n<h2>Interessiert an diesem Auto?<\/h2>\n<p>[\/vc_column_text][vc_column_text css=&#8220;&#8220;]Wenn Sie an diesem oder einem anderen unserer Gebrauchtwagen interessiert sind, z\u00f6gern Sie nicht, uns unter <a href=\"tel:+31641972793\"><br \/>\n  <strong>+31 6 419 727 93<\/strong><br \/>\n<\/a> oder <strong><br \/>\n  <a href=\"tel:+351960184708\">+351 960 184 708<\/a><br \/>\n<\/strong>.[\/vc_column_text][\/vc_column][\/vc_row]<\/p>\n<\/div>","protected":false},"excerpt":{"rendered":"<div class=\"x11i5rnm xat24cr x1mh8g0r x1vvkbs xtlvy1s x126k92a\">\n<div dir=\"auto\">\n<div dir=\"auto\">\n<div class=\"x11i5rnm xat24cr x1mh8g0r x1vvkbs xtlvy1s x126k92a\">\n<div dir=\"auto\">\n<div dir=\"auto\">\n<div dir=\"auto\"><strong>Ano<\/strong>: 2015<br \/>\n<strong>Vers\u00e3o:<\/strong> Porsche Macan S Diesel PDK<br \/>\n<strong>Quil\u00f3metros<\/strong>: 141 188 km<br \/>\n<strong>Hubraum<\/strong>: 2 967 ccm<br \/>\n<strong>Potenzial<\/strong>: 258 cv<br \/>\n<strong>Bin\u00e1rio<\/strong>: 580 nm<br \/>\n<strong>Verbrauch Urbano<\/strong>: 6.2\/100 km<br \/>\nGetriebe: Automatik<br \/>\n<strong>Verbrennung:<\/strong> Gas\u00f3leo<\/div>\n<\/div>\n<\/div>\n<\/div>\n<\/div>\n<\/div>\n<\/div>\n","protected":false},"featured_media":534,"template":"","meta":[],"product_brand":[],"product_cat":[54],"product_tag":[],"class_list":{"0":"post-3818","1":"product","2":"type-product","3":"status-publish","4":"has-post-thumbnail","6":"product_cat-verkauft","7":"description-off","9":"first","10":"outofstock","11":"shipping-taxable","12":"product-type-simple"},"yoast_head":"<!-- This site is optimized with the Yoast SEO plugin v27.5 - https:\/\/yoast.com\/product\/yoast-seo-wordpress\/ -->\n<title>Porsche Macan S - Carland Solutions<\/title>\n<meta name=\"robots\" content=\"index, follow, max-snippet:-1, max-image-preview:large, max-video-preview:-1\" \/>\n<link rel=\"canonical\" href=\"https:\/\/carland-solutions.pt\/de\/product\/porsche-macan-s-2\/\" \/>\n<meta property=\"og:locale\" content=\"de_DE\" \/>\n<meta property=\"og:type\" content=\"article\" \/>\n<meta property=\"og:title\" content=\"Porsche Macan S - Carland Solutions\" \/>\n<meta property=\"og:description\" content=\"Ano: 2015 Vers\u00e3o: Porsche Macan S Diesel PDK Quil\u00f3metros: 141 188 km Hubraum: 2 967 ccm Potenzial: 258 cv Bin\u00e1rio: 580 nm Verbrauch Urbano: 6.2\/100 km Getriebe: Automatik Verbrennung: Gas\u00f3leo\" \/>\n<meta property=\"og:url\" content=\"https:\/\/carland-solutions.pt\/de\/product\/porsche-macan-s-2\/\" \/>\n<meta property=\"og:site_name\" content=\"Carland Solutions\" \/>\n<meta property=\"article:publisher\" content=\"https:\/\/www.facebook.com\/carlandsolutions\" \/>\n<meta property=\"article:modified_time\" content=\"2025-10-13T12:26:33+00:00\" \/>\n<meta property=\"og:image\" content=\"https:\/\/carland-solutions.pt\/wp-content\/uploads\/2025\/01\/Porsche-Macan-S-2.jpg\" \/>\n\t<meta property=\"og:image:width\" content=\"1080\" \/>\n\t<meta property=\"og:image:height\" content=\"1350\" \/>\n\t<meta property=\"og:image:type\" content=\"image\/jpeg\" \/>\n<meta name=\"twitter:card\" content=\"summary_large_image\" \/>\n<meta name=\"twitter:label1\" content=\"Gesch\u00e4tzte Lesezeit\" \/>\n\t<meta name=\"twitter:data1\" content=\"3\u00a0Minuten\" \/>\n<script type=\"application\/ld+json\" class=\"yoast-schema-graph\">{\"@context\":\"https:\\\/\\\/schema.org\",\"@graph\":[{\"@type\":\"WebPage\",\"@id\":\"https:\\\/\\\/carland-solutions.pt\\\/de\\\/product\\\/porsche-macan-s-2\\\/\",\"url\":\"https:\\\/\\\/carland-solutions.pt\\\/de\\\/product\\\/porsche-macan-s-2\\\/\",\"name\":\"Porsche Macan S - Carland Solutions\",\"isPartOf\":{\"@id\":\"https:\\\/\\\/carland-solutions.pt\\\/de\\\/#website\"},\"primaryImageOfPage\":{\"@id\":\"https:\\\/\\\/carland-solutions.pt\\\/de\\\/product\\\/porsche-macan-s-2\\\/#primaryimage\"},\"image\":{\"@id\":\"https:\\\/\\\/carland-solutions.pt\\\/de\\\/product\\\/porsche-macan-s-2\\\/#primaryimage\"},\"thumbnailUrl\":\"https:\\\/\\\/carland-solutions.pt\\\/wp-content\\\/uploads\\\/2025\\\/01\\\/Porsche-Macan-S-2.jpg\",\"datePublished\":\"2025-01-30T10:17:31+00:00\",\"dateModified\":\"2025-10-13T12:26:33+00:00\",\"breadcrumb\":{\"@id\":\"https:\\\/\\\/carland-solutions.pt\\\/de\\\/product\\\/porsche-macan-s-2\\\/#breadcrumb\"},\"inLanguage\":\"de\",\"potentialAction\":[{\"@type\":\"ReadAction\",\"target\":[\"https:\\\/\\\/carland-solutions.pt\\\/de\\\/product\\\/porsche-macan-s-2\\\/\"]}]},{\"@type\":\"ImageObject\",\"inLanguage\":\"de\",\"@id\":\"https:\\\/\\\/carland-solutions.pt\\\/de\\\/product\\\/porsche-macan-s-2\\\/#primaryimage\",\"url\":\"https:\\\/\\\/carland-solutions.pt\\\/wp-content\\\/uploads\\\/2025\\\/01\\\/Porsche-Macan-S-2.jpg\",\"contentUrl\":\"https:\\\/\\\/carland-solutions.pt\\\/wp-content\\\/uploads\\\/2025\\\/01\\\/Porsche-Macan-S-2.jpg\",\"width\":1080,\"height\":1350},{\"@type\":\"BreadcrumbList\",\"@id\":\"https:\\\/\\\/carland-solutions.pt\\\/de\\\/product\\\/porsche-macan-s-2\\\/#breadcrumb\",\"itemListElement\":[{\"@type\":\"ListItem\",\"position\":1,\"name\":\"Home\",\"item\":\"https:\\\/\\\/carland-solutions.pt\\\/de\\\/\"},{\"@type\":\"ListItem\",\"position\":2,\"name\":\"Refund and Returns Policy\",\"item\":\"https:\\\/\\\/carland-solutions.pt\\\/?page_id=17\"},{\"@type\":\"ListItem\",\"position\":3,\"name\":\"Porsche Macan S\"}]},{\"@type\":\"WebSite\",\"@id\":\"https:\\\/\\\/carland-solutions.pt\\\/de\\\/#website\",\"url\":\"https:\\\/\\\/carland-solutions.pt\\\/de\\\/\",\"name\":\"Carland Solutions\",\"description\":\"\",\"publisher\":{\"@id\":\"https:\\\/\\\/carland-solutions.pt\\\/de\\\/#organization\"},\"potentialAction\":[{\"@type\":\"SearchAction\",\"target\":{\"@type\":\"EntryPoint\",\"urlTemplate\":\"https:\\\/\\\/carland-solutions.pt\\\/de\\\/?s={search_term_string}\"},\"query-input\":{\"@type\":\"PropertyValueSpecification\",\"valueRequired\":true,\"valueName\":\"search_term_string\"}}],\"inLanguage\":\"de\"},{\"@type\":\"Organization\",\"@id\":\"https:\\\/\\\/carland-solutions.pt\\\/de\\\/#organization\",\"name\":\"Carland Solutions\",\"url\":\"https:\\\/\\\/carland-solutions.pt\\\/de\\\/\",\"logo\":{\"@type\":\"ImageObject\",\"inLanguage\":\"de\",\"@id\":\"https:\\\/\\\/carland-solutions.pt\\\/de\\\/#\\\/schema\\\/logo\\\/image\\\/\",\"url\":\"https:\\\/\\\/carland-solutions.pt\\\/wp-content\\\/uploads\\\/2025\\\/01\\\/Carland-Solutions-WBG-900x400-11.jpg\",\"contentUrl\":\"https:\\\/\\\/carland-solutions.pt\\\/wp-content\\\/uploads\\\/2025\\\/01\\\/Carland-Solutions-WBG-900x400-11.jpg\",\"width\":900,\"height\":400,\"caption\":\"Carland Solutions\"},\"image\":{\"@id\":\"https:\\\/\\\/carland-solutions.pt\\\/de\\\/#\\\/schema\\\/logo\\\/image\\\/\"},\"sameAs\":[\"https:\\\/\\\/www.facebook.com\\\/carlandsolutions\",\"https:\\\/\\\/www.instagram.com\\\/carlandsolutions\\\/\"]}]}<\/script>\n<!-- \/ Yoast SEO plugin. -->","yoast_head_json":{"title":"Porsche Macan S - Carland Solutions","robots":{"index":"index","follow":"follow","max-snippet":"max-snippet:-1","max-image-preview":"max-image-preview:large","max-video-preview":"max-video-preview:-1"},"canonical":"https:\/\/carland-solutions.pt\/de\/product\/porsche-macan-s-2\/","og_locale":"de_DE","og_type":"article","og_title":"Porsche Macan S - Carland Solutions","og_description":"Ano: 2015 Vers\u00e3o: Porsche Macan S Diesel PDK Quil\u00f3metros: 141 188 km Hubraum: 2 967 ccm Potenzial: 258 cv Bin\u00e1rio: 580 nm Verbrauch Urbano: 6.2\/100 km Getriebe: Automatik Verbrennung: Gas\u00f3leo","og_url":"https:\/\/carland-solutions.pt\/de\/product\/porsche-macan-s-2\/","og_site_name":"Carland Solutions","article_publisher":"https:\/\/www.facebook.com\/carlandsolutions","article_modified_time":"2025-10-13T12:26:33+00:00","og_image":[{"width":1080,"height":1350,"url":"https:\/\/carland-solutions.pt\/wp-content\/uploads\/2025\/01\/Porsche-Macan-S-2.jpg","type":"image\/jpeg"}],"twitter_card":"summary_large_image","twitter_misc":{"Gesch\u00e4tzte Lesezeit":"3\u00a0Minuten"},"schema":{"@context":"https:\/\/schema.org","@graph":[{"@type":"WebPage","@id":"https:\/\/carland-solutions.pt\/de\/product\/porsche-macan-s-2\/","url":"https:\/\/carland-solutions.pt\/de\/product\/porsche-macan-s-2\/","name":"Porsche Macan S - Carland Solutions","isPartOf":{"@id":"https:\/\/carland-solutions.pt\/de\/#website"},"primaryImageOfPage":{"@id":"https:\/\/carland-solutions.pt\/de\/product\/porsche-macan-s-2\/#primaryimage"},"image":{"@id":"https:\/\/carland-solutions.pt\/de\/product\/porsche-macan-s-2\/#primaryimage"},"thumbnailUrl":"https:\/\/carland-solutions.pt\/wp-content\/uploads\/2025\/01\/Porsche-Macan-S-2.jpg","datePublished":"2025-01-30T10:17:31+00:00","dateModified":"2025-10-13T12:26:33+00:00","breadcrumb":{"@id":"https:\/\/carland-solutions.pt\/de\/product\/porsche-macan-s-2\/#breadcrumb"},"inLanguage":"de","potentialAction":[{"@type":"ReadAction","target":["https:\/\/carland-solutions.pt\/de\/product\/porsche-macan-s-2\/"]}]},{"@type":"ImageObject","inLanguage":"de","@id":"https:\/\/carland-solutions.pt\/de\/product\/porsche-macan-s-2\/#primaryimage","url":"https:\/\/carland-solutions.pt\/wp-content\/uploads\/2025\/01\/Porsche-Macan-S-2.jpg","contentUrl":"https:\/\/carland-solutions.pt\/wp-content\/uploads\/2025\/01\/Porsche-Macan-S-2.jpg","width":1080,"height":1350},{"@type":"BreadcrumbList","@id":"https:\/\/carland-solutions.pt\/de\/product\/porsche-macan-s-2\/#breadcrumb","itemListElement":[{"@type":"ListItem","position":1,"name":"Home","item":"https:\/\/carland-solutions.pt\/de\/"},{"@type":"ListItem","position":2,"name":"Refund and Returns Policy","item":"https:\/\/carland-solutions.pt\/?page_id=17"},{"@type":"ListItem","position":3,"name":"Porsche Macan S"}]},{"@type":"WebSite","@id":"https:\/\/carland-solutions.pt\/de\/#website","url":"https:\/\/carland-solutions.pt\/de\/","name":"Carland Solutions","description":"","publisher":{"@id":"https:\/\/carland-solutions.pt\/de\/#organization"},"potentialAction":[{"@type":"SearchAction","target":{"@type":"EntryPoint","urlTemplate":"https:\/\/carland-solutions.pt\/de\/?s={search_term_string}"},"query-input":{"@type":"PropertyValueSpecification","valueRequired":true,"valueName":"search_term_string"}}],"inLanguage":"de"},{"@type":"Organization","@id":"https:\/\/carland-solutions.pt\/de\/#organization","name":"Carland Solutions","url":"https:\/\/carland-solutions.pt\/de\/","logo":{"@type":"ImageObject","inLanguage":"de","@id":"https:\/\/carland-solutions.pt\/de\/#\/schema\/logo\/image\/","url":"https:\/\/carland-solutions.pt\/wp-content\/uploads\/2025\/01\/Carland-Solutions-WBG-900x400-11.jpg","contentUrl":"https:\/\/carland-solutions.pt\/wp-content\/uploads\/2025\/01\/Carland-Solutions-WBG-900x400-11.jpg","width":900,"height":400,"caption":"Carland Solutions"},"image":{"@id":"https:\/\/carland-solutions.pt\/de\/#\/schema\/logo\/image\/"},"sameAs":["https:\/\/www.facebook.com\/carlandsolutions","https:\/\/www.instagram.com\/carlandsolutions\/"]}]}},"_links":{"self":[{"href":"https:\/\/carland-solutions.pt\/de\/wp-json\/wp\/v2\/product\/3818","targetHints":{"allow":["GET"]}}],"collection":[{"href":"https:\/\/carland-solutions.pt\/de\/wp-json\/wp\/v2\/product"}],"about":[{"href":"https:\/\/carland-solutions.pt\/de\/wp-json\/wp\/v2\/types\/product"}],"wp:featuredmedia":[{"embeddable":true,"href":"https:\/\/carland-solutions.pt\/de\/wp-json\/wp\/v2\/media\/534"}],"wp:attachment":[{"href":"https:\/\/carland-solutions.pt\/de\/wp-json\/wp\/v2\/media?parent=3818"}],"wp:term":[{"taxonomy":"product_brand","embeddable":true,"href":"https:\/\/carland-solutions.pt\/de\/wp-json\/wp\/v2\/product_brand?post=3818"},{"taxonomy":"product_cat","embeddable":true,"href":"https:\/\/carland-solutions.pt\/de\/wp-json\/wp\/v2\/product_cat?post=3818"},{"taxonomy":"product_tag","embeddable":true,"href":"https:\/\/carland-solutions.pt\/de\/wp-json\/wp\/v2\/product_tag?post=3818"}],"curies":[{"name":"wp","href":"https:\/\/api.w.org\/{rel}","templated":true}]}}