{"id":3814,"date":"2025-02-01T09:35:37","date_gmt":"2025-02-01T09:35:37","guid":{"rendered":"https:\/\/carland-solutions.pt\/product\/citroen-c4-cactus-puretech-glaenzend\/"},"modified":"2025-10-13T13:18:23","modified_gmt":"2025-10-13T12:18:23","slug":"citroen-c4-cactus-puretech-glaenzend","status":"publish","type":"product","link":"https:\/\/carland-solutions.pt\/de\/product\/citroen-c4-cactus-puretech-glaenzend\/","title":{"rendered":"Citroen C4 Cactus PureTech Gl\u00e4nzend"},"content":{"rendered":"<div class=\"wpb-content-wrapper\"><p>[vc_row gap=&#8220;35&#8243; equal_height=&#8220;yes&#8220; content_placement=&#8220;top&#8220;][vc_column][vc_column_text css=&#8220;&#8220;]<\/p>\n<h2 dir=\"auto\">Citroen C4 Cactus PureTech Gl\u00e4nzend<\/h2>\n<p>[\/vc_column_text][vc_column_text css=&#8220;&#8220;]Citro\u00ebn C4 Cactus PureTech Shine &#8211; Komfort, Technik und Effizienz<\/p>\n<p>F\u00fcr nur 13.800 \u20ac ist dieser Citro\u00ebn C4 Cactus 2019 die ideale Wahl f\u00fcr alle, die ein modernes und effizientes Schr\u00e4gheckfahrzeug suchen. Ausgestattet mit einem 1,2-Liter-Benzinmotor mit 110 PS und einem Stadtverbrauch von nur 5,7 l\/100 km garantiert er eine hervorragende Balance zwischen Leistung und Wirtschaftlichkeit. Genie\u00dfen Sie Premium-Komfort mit Klimaautomatik, Stoffbez\u00fcgen, Multifunktions-Lederlenkrad und schl\u00fcssellosem Zugang. Zu den fortschrittlichen Technologien geh\u00f6ren Apple CarPlay, Navigationssystem und R\u00fcckfahrkamera, w\u00e4hrend Parksensoren und ESP f\u00fcr sicheres Fahren sorgen. Ein vielseitiges, elegantes Auto mit vielen Funktionen f\u00fcr Ihren Alltag!    <\/p>\n<p>&nbsp;<\/p>\n<p><i>\u00dcbersetzt mit <a href=\"https:\/\/www.deepl.com\/?utm_campaign=product&amp;utm_source=web_translator&amp;utm_medium=web&amp;utm_content=copy_free_translation\">DeepL.com<\/a> (kostenlose Version)<\/i>[\/vc_column_text][\/vc_column][\/vc_row][vc_row gap=&#8220;35&#8243; equal_height=&#8220;yes&#8220; content_placement=&#8220;top&#8220;][vc_column width=&#8220;1\/2&#8243;][vc_column_text css=&#8220;&#8220;]Jahr: 02-2019<br \/>\nVersion: Citro\u00ebn C4 Cactus PureTech Shine<br \/>\nKilometerstand: 88.188 km<br \/>\nHubraum: 1199 ccm<br \/>\nLeistung: 110 PS<br \/>\nDrehmoment: 205 nm<br \/>\nVerbrauch im Stadtverkehr: 5,7\/100 km<br \/>\nGetriebe: manuell[\/vc_column_text][vc_column_text css=&#8220;&#8220;]<strong>AUDIO UND MULTIMEDIA<\/strong><\/p>\n<p>-Apple CarPlay<\/p>\n<p>-Bluetooth<\/p>\n<p>-USB-Anschluss<\/p>\n<p>-Navigationssystem<\/p>\n<p>-Audiosystem<\/p>\n<p>-Internetzugang<\/p>\n<p><strong>KOMFORT UND AUSSTATTUNG<\/strong><\/p>\n<p>-Automatische Klimaanlage<\/p>\n<p>-Stoff-Polsterung<\/p>\n<p>-Armst\u00fctze vorne<\/p>\n<p>-Lederlenkrad<\/p>\n<p>-Multifunktionslenkrad<\/p>\n<p>-Digitaler Schl\u00fcssel<\/p>\n<p>-Schl\u00fcssellose Zentralverriegelung<\/p>\n<p>-getrennte Klimatisierung<\/p>\n<p>-R\u00fcckensensor<\/p>\n<p>-Elektrische Fensterheber vorne<\/p>\n<p>-Getinte Heckscheiben<\/p>\n<p><strong>SICHERHEIT<\/strong><\/p>\n<p>-ABS<\/p>\n<p>-Stabilit\u00e4tskontrolle (ESP)<\/p>\n<p>-Elektronische Bremskraftverteilung<\/p>\n<p>-Automatischer SOS-Ruf<\/p>\n<p>Fahrer-Airbag<\/p>\n<p>-Beifahrer-Airbag<\/p>\n<p>-Kopfairbags f\u00fcr Fahrer und Beifahrer<\/p>\n<p>-ISOFIX<\/p>\n<p>Elektronik und Fahrhilfen<\/p>\n<p>-Cruise Control<\/p>\n<p>-Vorderer Parksensor<\/p>\n<p>-R\u00fcckseitiger Parksensor<\/p>\n<p>-R\u00fcckfahrkamera<\/p>\n<p>-Elektrisch verstellbare Au\u00dfenspiegel<\/p>\n<p>-beheizte Au\u00dfenspiegel<\/p>\n<p>-Elektrisch einklappbare Au\u00dfenspiegel<\/p>\n<p>-LED-Tagfahrlicht<\/p>\n<p>-Nebel-Lampen<\/p>\n<p>-Servolenkung<\/p>\n<p>&nbsp;<\/p>\n<p><i>\u00dcbersetzt mit <a href=\"https:\/\/www.deepl.com\/?utm_campaign=product&amp;utm_source=web_translator&amp;utm_medium=web&amp;utm_content=copy_free_translation\">DeepL.com<\/a> (kostenlose Version)<\/i>[\/vc_column_text][\/vc_column][vc_column width=&#8220;1\/2&#8243;][vc_column_text css=&#8220;.vc_custom_1725293082793{padding-top: 25px !important;padding-right: 35px !important;padding-bottom: 25px !important;padding-left: 35px !important;background-color: #1c2e4a !important;border-radius: 10px !important;}&#8220;]<span style=\"color: #ffffff;\"><i class=\"fa-fw dt-icon-the7-misc-017\"><\/i><strong>  Kaufen Sie Ihr Auto bei uns und erhalten Sie einen Gutschein f\u00fcr einen Urlaub!<\/strong><\/span><\/p>\n<p><span style=\"color: #ffffff;\"><i class=\"fa-fw dt-icon-the7-misc-017\"><\/i><strong>  Kostenlose Lieferung in Portugal<\/strong><\/span><\/p>\n<p><span style=\"color: #ffffff;\"><i class=\"fa-fw dt-icon-the7-misc-017\"><\/i><strong>  Der Preis beinhaltet eine 18-monatige Garantie mit landesweiter Abdeckung, ein Ersatzfahrzeug und einen 24-Stunden-Pannenservice.<\/strong><\/span><\/p>\n<p><span style=\"color: #ffffff;\"><i class=\"fa-fw dt-icon-the7-misc-017\"><\/i><strong>  Wir akzeptieren R\u00fccksendungen<\/strong><\/span><\/p>\n<p><span style=\"color: #ffffff;\"><i class=\"fa-fw dt-icon-the7-misc-017\"><\/i><strong>  M\u00f6glichkeit der Finanzierung<\/strong><\/span>[\/vc_column_text][\/vc_column][\/vc_row][vc_row][vc_column][vc_column_text css=&#8220;&#8220;]<\/p>\n<h2>Interessiert an diesem Auto?<\/h2>\n<p>[\/vc_column_text][vc_column_text css=&#8220;&#8220;]Wenn Sie an diesem oder einem anderen unserer Gebrauchtwagen interessiert sind, z\u00f6gern Sie nicht, uns unter <a href=\"tel:+31641972793\"><br \/>\n  <strong>+31 6 419 727 93<\/strong><br \/>\n<\/a> oder <strong><br \/>\n  <a href=\"tel:+351960184708\">+351 960 184 708<\/a><br \/>\n<\/strong>.[\/vc_column_text][\/vc_column][\/vc_row]<\/p>\n<\/div>","protected":false},"excerpt":{"rendered":"<p>Jahr: 02-2019<br \/>\nVersion: Citro\u00ebn C4 Cactus PureTech Shine<br \/>\nKilometerstand: 88.188 km<br \/>\nHubraum: 1199 ccm<br \/>\nLeistung: 110 PS<br \/>\nDrehmoment: 205 nm<br \/>\nVerbrauch im Stadtverkehr: 5,7\/100 km<br \/>\nGetriebe: manuell<br \/>\nKraftstoff: Benzin<\/p>\n","protected":false},"featured_media":1482,"template":"","meta":[],"product_brand":[],"product_cat":[54],"product_tag":[],"class_list":{"0":"post-3814","1":"product","2":"type-product","3":"status-publish","4":"has-post-thumbnail","6":"product_cat-verkauft","7":"description-off","9":"first","10":"outofstock","11":"shipping-taxable","12":"product-type-simple"},"yoast_head":"<!-- This site is optimized with the Yoast SEO plugin v27.5 - https:\/\/yoast.com\/product\/yoast-seo-wordpress\/ -->\n<title>Citroen C4 Cactus PureTech Gl\u00e4nzend - Carland Solutions<\/title>\n<meta name=\"robots\" content=\"index, follow, max-snippet:-1, max-image-preview:large, max-video-preview:-1\" \/>\n<link rel=\"canonical\" href=\"https:\/\/carland-solutions.pt\/de\/product\/citroen-c4-cactus-puretech-glaenzend\/\" \/>\n<meta property=\"og:locale\" content=\"de_DE\" \/>\n<meta property=\"og:type\" content=\"article\" \/>\n<meta property=\"og:title\" content=\"Citroen C4 Cactus PureTech Gl\u00e4nzend - Carland Solutions\" \/>\n<meta property=\"og:description\" content=\"Jahr: 02-2019 Version: Citro\u00ebn C4 Cactus PureTech Shine Kilometerstand: 88.188 km Hubraum: 1199 ccm Leistung: 110 PS Drehmoment: 205 nm Verbrauch im Stadtverkehr: 5,7\/100 km Getriebe: manuell Kraftstoff: Benzin\" \/>\n<meta property=\"og:url\" content=\"https:\/\/carland-solutions.pt\/de\/product\/citroen-c4-cactus-puretech-glaenzend\/\" \/>\n<meta property=\"og:site_name\" content=\"Carland Solutions\" \/>\n<meta property=\"article:publisher\" content=\"https:\/\/www.facebook.com\/carlandsolutions\" \/>\n<meta property=\"article:modified_time\" content=\"2025-10-13T12:18:23+00:00\" \/>\n<meta property=\"og:image\" content=\"https:\/\/carland-solutions.pt\/wp-content\/uploads\/2025\/02\/486155660_122183499788098046_23886357523771647_n.jpg\" \/>\n\t<meta property=\"og:image:width\" content=\"1080\" \/>\n\t<meta property=\"og:image:height\" content=\"1350\" \/>\n\t<meta property=\"og:image:type\" content=\"image\/jpeg\" \/>\n<meta name=\"twitter:card\" content=\"summary_large_image\" \/>\n<meta name=\"twitter:label1\" content=\"Gesch\u00e4tzte Lesezeit\" \/>\n\t<meta name=\"twitter:data1\" content=\"2\u00a0Minuten\" \/>\n<script type=\"application\/ld+json\" class=\"yoast-schema-graph\">{\"@context\":\"https:\\\/\\\/schema.org\",\"@graph\":[{\"@type\":\"WebPage\",\"@id\":\"https:\\\/\\\/carland-solutions.pt\\\/de\\\/product\\\/citroen-c4-cactus-puretech-glaenzend\\\/\",\"url\":\"https:\\\/\\\/carland-solutions.pt\\\/de\\\/product\\\/citroen-c4-cactus-puretech-glaenzend\\\/\",\"name\":\"Citroen C4 Cactus PureTech Gl\u00e4nzend - Carland Solutions\",\"isPartOf\":{\"@id\":\"https:\\\/\\\/carland-solutions.pt\\\/de\\\/#website\"},\"primaryImageOfPage\":{\"@id\":\"https:\\\/\\\/carland-solutions.pt\\\/de\\\/product\\\/citroen-c4-cactus-puretech-glaenzend\\\/#primaryimage\"},\"image\":{\"@id\":\"https:\\\/\\\/carland-solutions.pt\\\/de\\\/product\\\/citroen-c4-cactus-puretech-glaenzend\\\/#primaryimage\"},\"thumbnailUrl\":\"https:\\\/\\\/carland-solutions.pt\\\/wp-content\\\/uploads\\\/2025\\\/02\\\/486155660_122183499788098046_23886357523771647_n.jpg\",\"datePublished\":\"2025-02-01T09:35:37+00:00\",\"dateModified\":\"2025-10-13T12:18:23+00:00\",\"breadcrumb\":{\"@id\":\"https:\\\/\\\/carland-solutions.pt\\\/de\\\/product\\\/citroen-c4-cactus-puretech-glaenzend\\\/#breadcrumb\"},\"inLanguage\":\"de\",\"potentialAction\":[{\"@type\":\"ReadAction\",\"target\":[\"https:\\\/\\\/carland-solutions.pt\\\/de\\\/product\\\/citroen-c4-cactus-puretech-glaenzend\\\/\"]}]},{\"@type\":\"ImageObject\",\"inLanguage\":\"de\",\"@id\":\"https:\\\/\\\/carland-solutions.pt\\\/de\\\/product\\\/citroen-c4-cactus-puretech-glaenzend\\\/#primaryimage\",\"url\":\"https:\\\/\\\/carland-solutions.pt\\\/wp-content\\\/uploads\\\/2025\\\/02\\\/486155660_122183499788098046_23886357523771647_n.jpg\",\"contentUrl\":\"https:\\\/\\\/carland-solutions.pt\\\/wp-content\\\/uploads\\\/2025\\\/02\\\/486155660_122183499788098046_23886357523771647_n.jpg\",\"width\":1080,\"height\":1350},{\"@type\":\"BreadcrumbList\",\"@id\":\"https:\\\/\\\/carland-solutions.pt\\\/de\\\/product\\\/citroen-c4-cactus-puretech-glaenzend\\\/#breadcrumb\",\"itemListElement\":[{\"@type\":\"ListItem\",\"position\":1,\"name\":\"Home\",\"item\":\"https:\\\/\\\/carland-solutions.pt\\\/de\\\/\"},{\"@type\":\"ListItem\",\"position\":2,\"name\":\"Refund and Returns Policy\",\"item\":\"https:\\\/\\\/carland-solutions.pt\\\/?page_id=17\"},{\"@type\":\"ListItem\",\"position\":3,\"name\":\"Citroen C4 Cactus PureTech Gl\u00e4nzend\"}]},{\"@type\":\"WebSite\",\"@id\":\"https:\\\/\\\/carland-solutions.pt\\\/de\\\/#website\",\"url\":\"https:\\\/\\\/carland-solutions.pt\\\/de\\\/\",\"name\":\"Carland Solutions\",\"description\":\"\",\"publisher\":{\"@id\":\"https:\\\/\\\/carland-solutions.pt\\\/de\\\/#organization\"},\"potentialAction\":[{\"@type\":\"SearchAction\",\"target\":{\"@type\":\"EntryPoint\",\"urlTemplate\":\"https:\\\/\\\/carland-solutions.pt\\\/de\\\/?s={search_term_string}\"},\"query-input\":{\"@type\":\"PropertyValueSpecification\",\"valueRequired\":true,\"valueName\":\"search_term_string\"}}],\"inLanguage\":\"de\"},{\"@type\":\"Organization\",\"@id\":\"https:\\\/\\\/carland-solutions.pt\\\/de\\\/#organization\",\"name\":\"Carland Solutions\",\"url\":\"https:\\\/\\\/carland-solutions.pt\\\/de\\\/\",\"logo\":{\"@type\":\"ImageObject\",\"inLanguage\":\"de\",\"@id\":\"https:\\\/\\\/carland-solutions.pt\\\/de\\\/#\\\/schema\\\/logo\\\/image\\\/\",\"url\":\"https:\\\/\\\/carland-solutions.pt\\\/wp-content\\\/uploads\\\/2025\\\/01\\\/Carland-Solutions-WBG-900x400-11.jpg\",\"contentUrl\":\"https:\\\/\\\/carland-solutions.pt\\\/wp-content\\\/uploads\\\/2025\\\/01\\\/Carland-Solutions-WBG-900x400-11.jpg\",\"width\":900,\"height\":400,\"caption\":\"Carland Solutions\"},\"image\":{\"@id\":\"https:\\\/\\\/carland-solutions.pt\\\/de\\\/#\\\/schema\\\/logo\\\/image\\\/\"},\"sameAs\":[\"https:\\\/\\\/www.facebook.com\\\/carlandsolutions\",\"https:\\\/\\\/www.instagram.com\\\/carlandsolutions\\\/\"]}]}<\/script>\n<!-- \/ Yoast SEO plugin. -->","yoast_head_json":{"title":"Citroen C4 Cactus PureTech Gl\u00e4nzend - Carland Solutions","robots":{"index":"index","follow":"follow","max-snippet":"max-snippet:-1","max-image-preview":"max-image-preview:large","max-video-preview":"max-video-preview:-1"},"canonical":"https:\/\/carland-solutions.pt\/de\/product\/citroen-c4-cactus-puretech-glaenzend\/","og_locale":"de_DE","og_type":"article","og_title":"Citroen C4 Cactus PureTech Gl\u00e4nzend - Carland Solutions","og_description":"Jahr: 02-2019 Version: Citro\u00ebn C4 Cactus PureTech Shine Kilometerstand: 88.188 km Hubraum: 1199 ccm Leistung: 110 PS Drehmoment: 205 nm Verbrauch im Stadtverkehr: 5,7\/100 km Getriebe: manuell Kraftstoff: Benzin","og_url":"https:\/\/carland-solutions.pt\/de\/product\/citroen-c4-cactus-puretech-glaenzend\/","og_site_name":"Carland Solutions","article_publisher":"https:\/\/www.facebook.com\/carlandsolutions","article_modified_time":"2025-10-13T12:18:23+00:00","og_image":[{"width":1080,"height":1350,"url":"https:\/\/carland-solutions.pt\/wp-content\/uploads\/2025\/02\/486155660_122183499788098046_23886357523771647_n.jpg","type":"image\/jpeg"}],"twitter_card":"summary_large_image","twitter_misc":{"Gesch\u00e4tzte Lesezeit":"2\u00a0Minuten"},"schema":{"@context":"https:\/\/schema.org","@graph":[{"@type":"WebPage","@id":"https:\/\/carland-solutions.pt\/de\/product\/citroen-c4-cactus-puretech-glaenzend\/","url":"https:\/\/carland-solutions.pt\/de\/product\/citroen-c4-cactus-puretech-glaenzend\/","name":"Citroen C4 Cactus PureTech Gl\u00e4nzend - Carland Solutions","isPartOf":{"@id":"https:\/\/carland-solutions.pt\/de\/#website"},"primaryImageOfPage":{"@id":"https:\/\/carland-solutions.pt\/de\/product\/citroen-c4-cactus-puretech-glaenzend\/#primaryimage"},"image":{"@id":"https:\/\/carland-solutions.pt\/de\/product\/citroen-c4-cactus-puretech-glaenzend\/#primaryimage"},"thumbnailUrl":"https:\/\/carland-solutions.pt\/wp-content\/uploads\/2025\/02\/486155660_122183499788098046_23886357523771647_n.jpg","datePublished":"2025-02-01T09:35:37+00:00","dateModified":"2025-10-13T12:18:23+00:00","breadcrumb":{"@id":"https:\/\/carland-solutions.pt\/de\/product\/citroen-c4-cactus-puretech-glaenzend\/#breadcrumb"},"inLanguage":"de","potentialAction":[{"@type":"ReadAction","target":["https:\/\/carland-solutions.pt\/de\/product\/citroen-c4-cactus-puretech-glaenzend\/"]}]},{"@type":"ImageObject","inLanguage":"de","@id":"https:\/\/carland-solutions.pt\/de\/product\/citroen-c4-cactus-puretech-glaenzend\/#primaryimage","url":"https:\/\/carland-solutions.pt\/wp-content\/uploads\/2025\/02\/486155660_122183499788098046_23886357523771647_n.jpg","contentUrl":"https:\/\/carland-solutions.pt\/wp-content\/uploads\/2025\/02\/486155660_122183499788098046_23886357523771647_n.jpg","width":1080,"height":1350},{"@type":"BreadcrumbList","@id":"https:\/\/carland-solutions.pt\/de\/product\/citroen-c4-cactus-puretech-glaenzend\/#breadcrumb","itemListElement":[{"@type":"ListItem","position":1,"name":"Home","item":"https:\/\/carland-solutions.pt\/de\/"},{"@type":"ListItem","position":2,"name":"Refund and Returns Policy","item":"https:\/\/carland-solutions.pt\/?page_id=17"},{"@type":"ListItem","position":3,"name":"Citroen C4 Cactus PureTech Gl\u00e4nzend"}]},{"@type":"WebSite","@id":"https:\/\/carland-solutions.pt\/de\/#website","url":"https:\/\/carland-solutions.pt\/de\/","name":"Carland Solutions","description":"","publisher":{"@id":"https:\/\/carland-solutions.pt\/de\/#organization"},"potentialAction":[{"@type":"SearchAction","target":{"@type":"EntryPoint","urlTemplate":"https:\/\/carland-solutions.pt\/de\/?s={search_term_string}"},"query-input":{"@type":"PropertyValueSpecification","valueRequired":true,"valueName":"search_term_string"}}],"inLanguage":"de"},{"@type":"Organization","@id":"https:\/\/carland-solutions.pt\/de\/#organization","name":"Carland Solutions","url":"https:\/\/carland-solutions.pt\/de\/","logo":{"@type":"ImageObject","inLanguage":"de","@id":"https:\/\/carland-solutions.pt\/de\/#\/schema\/logo\/image\/","url":"https:\/\/carland-solutions.pt\/wp-content\/uploads\/2025\/01\/Carland-Solutions-WBG-900x400-11.jpg","contentUrl":"https:\/\/carland-solutions.pt\/wp-content\/uploads\/2025\/01\/Carland-Solutions-WBG-900x400-11.jpg","width":900,"height":400,"caption":"Carland Solutions"},"image":{"@id":"https:\/\/carland-solutions.pt\/de\/#\/schema\/logo\/image\/"},"sameAs":["https:\/\/www.facebook.com\/carlandsolutions","https:\/\/www.instagram.com\/carlandsolutions\/"]}]}},"_links":{"self":[{"href":"https:\/\/carland-solutions.pt\/de\/wp-json\/wp\/v2\/product\/3814","targetHints":{"allow":["GET"]}}],"collection":[{"href":"https:\/\/carland-solutions.pt\/de\/wp-json\/wp\/v2\/product"}],"about":[{"href":"https:\/\/carland-solutions.pt\/de\/wp-json\/wp\/v2\/types\/product"}],"wp:featuredmedia":[{"embeddable":true,"href":"https:\/\/carland-solutions.pt\/de\/wp-json\/wp\/v2\/media\/1482"}],"wp:attachment":[{"href":"https:\/\/carland-solutions.pt\/de\/wp-json\/wp\/v2\/media?parent=3814"}],"wp:term":[{"taxonomy":"product_brand","embeddable":true,"href":"https:\/\/carland-solutions.pt\/de\/wp-json\/wp\/v2\/product_brand?post=3814"},{"taxonomy":"product_cat","embeddable":true,"href":"https:\/\/carland-solutions.pt\/de\/wp-json\/wp\/v2\/product_cat?post=3814"},{"taxonomy":"product_tag","embeddable":true,"href":"https:\/\/carland-solutions.pt\/de\/wp-json\/wp\/v2\/product_tag?post=3814"}],"curies":[{"name":"wp","href":"https:\/\/api.w.org\/{rel}","templated":true}]}}