{"id":3747,"date":"2025-02-10T10:26:58","date_gmt":"2025-02-10T10:26:58","guid":{"rendered":"https:\/\/carland-solutions.pt\/product\/jeep-cherokee\/"},"modified":"2025-10-08T18:24:44","modified_gmt":"2025-10-08T17:24:44","slug":"jeep-cherokee","status":"publish","type":"product","link":"https:\/\/carland-solutions.pt\/de\/product\/jeep-cherokee\/","title":{"rendered":"Jeep Cherokee"},"content":{"rendered":"<div class=\"wpb-content-wrapper\"><p>[vc_row gap=&#8220;35&#8243; equal_height=&#8220;yes&#8220; content_placement=&#8220;top&#8220;][vc_column][vc_column_text css=&#8220;&#8220;]Jeep Cherokee[\/vc_column_text][vc_column_text css=&#8220;&#8220;]<strong>Jeep Cherokee Leistungsstark, stilvoll und bereit f\u00fcr jedes Abenteuer<\/strong><br \/>\nDer Jeep Cherokee 2016 verbindet den abenteuerlichen Charakter der Marke mit einem au\u00dfergew\u00f6hnlichen Ma\u00df an Komfort und Technologie. Mit seinem kraftvollen und effizienten Motor liefert er sowohl auf der Stra\u00dfe als auch im Gel\u00e4nde eine beeindruckende Leistung, ohne dabei Kompromisse bei der Wirtschaftlichkeit einzugehen. Der ger\u00e4umige und raffinierte Innenraum mit hochwertigen Materialien und fortschrittlichen Fahrassistenzsystemen sorgt f\u00fcr ein entspanntes und sicheres Fahrerlebnis. Ganz gleich, ob Sie in der Stadt oder im Gel\u00e4nde unterwegs sind, der Cherokee 2016 bietet die perfekte Balance aus Eleganz, Leistung und Vielseitigkeit[\/vc_column_text][\/vc_column][\/vc_row][vc_row gap=&#8220;35&#8243; equal_height=&#8220;yes&#8220; content_placement=&#8220;top&#8220;][vc_column width=&#8220;1\/2&#8243;][vc_column_text css=&#8220;&#8220;]AUDIO UND MULTIMEDIA<br \/>\n-Bluetooth<br \/>\n-Handfreies System<br \/>\n-USB-Anschluss<br \/>\n-Navigationssystem<br \/>\n-Audiosystem<br \/>\n-Touchscreen<br \/>\nKOMFORT UND AUSSTATTUNG<br \/>\nAutomatische Zwei-Zonen-Klimaanlage<br \/>\n-Lederpolsterung<br \/>\n-Elektrisch verstellbarer Fahrersitz<br \/>\n-Elektrische Lendenwirbelst\u00fctze f\u00fcr den Fahrersitz<br \/>\n-Armst\u00fctze vorne<br \/>\n-Armst\u00fctze im R\u00fccken<br \/>\n-Lederlenkrad<br \/>\n-Radio-Bedienelemente am Lenkrad<br \/>\n-Multifunktionslenkrad<br \/>\n-Schalthebel aus Leder<br \/>\n-R\u00fcckensensor<br \/>\n-Elektrische Fensterheber vorne<br \/>\n-Elektrische Fensterheber hinten<br \/>\n-Getinte Heckscheiben<br \/>\nElektronik und Fahrhilfen<br \/>\n-Cruise Control<br \/>\nBi-Xenon-Scheinwerfer<br \/>\n-R\u00fcckseitiger Parksensor<br \/>\n-Traktionskontrolle<br \/>\n-Hill Holder<br \/>\n-Automatische Aktivierung der Motorpumpe<br \/>\n-Scheinwerferreiniger<br \/>\n-Scheinwerfer mit Richtungsanzeige<br \/>\n-LED-Tagfahrlicht<br \/>\n-Nebel-Lampen<br \/>\n-Start\/Stopp-System<br \/>\n-Elektrische Handbremse<br \/>\nSICHERHEIT<br \/>\n-ABS<br \/>\n-Stabilit\u00e4tskontrolle (ESP)<br \/>\n-Elektronische Bremskraftverteilung<br \/>\n-Elektronischer Bremsassistent<br \/>\n-Aktiver Bremsassistent<br \/>\nFahrer-Airbag<br \/>\n-Beifahrer-Airbag<br \/>\nKnie-Airbag f\u00fcr Beifahrer<br \/>\n-Kopfairbags f\u00fcr Fahrer und Beifahrer<br \/>\nFahrer- und Beifahrerairbags<br \/>\n-R\u00fcckseitige Kopfairbags<br \/>\n-ISOFIX<br \/>\n-Umsturzschutzsystem[\/vc_column_text][\/vc_column][vc_column width=&#8220;1\/2&#8243;][vc_column_text css=&#8220;.vc_custom_1759939600442{padding-top: 25px !important;padding-right: 35px !important;padding-bottom: 25px !important;padding-left: 35px !important;background-color: #1c2e4a !important;border-radius: 10px !important;}&#8220;]<span style=\"color: #ffffff;\"><i class=\"fa-fw dt-icon-the7-misc-017\"><\/i><strong>  Kaufen Sie Ihr Auto bei uns und erhalten Sie einen Gutschein f\u00fcr einen Urlaub!<\/strong><\/span><\/p>\n<p><span style=\"color: #ffffff;\"><i class=\"fa-fw dt-icon-the7-misc-017\"><\/i><strong>  Kostenlose Lieferung in Portugal<\/strong><\/span><\/p>\n<p><span style=\"color: #ffffff;\"><i class=\"fa-fw dt-icon-the7-misc-017\"><\/i><strong>  Der Preis beinhaltet eine 18-monatige Garantie mit landesweiter Abdeckung, ein Ersatzfahrzeug und einen 24-Stunden-Pannenservice.<\/strong><\/span><\/p>\n<p><span style=\"color: #ffffff;\"><i class=\"fa-fw dt-icon-the7-misc-017\"><\/i><strong>  M\u00f6glichkeit der Finanzierung<\/strong><\/span><\/p>\n<p><span style=\"color: #ffffff;\"><i class=\"fa-fw dt-icon-the7-misc-017\"><\/i><strong>  Die Inzahlungnahme Ihres aktuellen Fahrzeugs ist auf Anfrage m\u00f6glich<\/strong><\/span>[\/vc_column_text][\/vc_column][\/vc_row][vc_row][vc_column][vc_column_text css=&#8220;&#8220;]<\/p>\n<h2>Sind Sie an diesem Auto interessiert?<\/h2>\n<p>[\/vc_column_text][vc_column_text css=&#8220;&#8220;]Wenn Sie an diesem oder einem unserer anderen Gebrauchtwagen interessiert sind, z\u00f6gern Sie bitte nicht, uns zu kontaktieren unter <strong><br \/>\n  <a href=\"tel:+31641972793\">+31 6 419 727 93<\/a><br \/>\n<\/strong> oder <strong><br \/>\n  <a href=\"tel:+351960184708\">+351 960 184 708<\/a><br \/>\n<\/strong>.[\/vc_column_text][\/vc_column][\/vc_row]<\/p>\n<\/div>","protected":false},"excerpt":{"rendered":"<p>&#8211; Baujahr: 2016<br \/>\n&#8211; Version: 2.2 Multijet Active Drive I Auto Night Eagle<br \/>\n&#8211; Kilometerstand: 291.000 km<br \/>\n&#8211; Hubraum: 2.184 cm3<br \/>\n&#8211; Leistung: 200 PS<br \/>\n&#8211; Drehmoment: 440 nm<br \/>\n&#8211; Verbrauch im Stadtverkehr: 5,7\/100 km<br \/>\n&#8211; Getriebe: Automatik<br \/>\n&#8211; Kraftstoff: Diesel<\/p>\n","protected":false},"featured_media":3642,"template":"","meta":[],"product_brand":[],"product_cat":[54],"product_tag":[],"class_list":{"0":"post-3747","1":"product","2":"type-product","3":"status-publish","4":"has-post-thumbnail","6":"product_cat-verkauft","7":"description-off","9":"first","10":"outofstock","11":"shipping-taxable","12":"product-type-simple"},"yoast_head":"<!-- This site is optimized with the Yoast SEO plugin v27.5 - https:\/\/yoast.com\/product\/yoast-seo-wordpress\/ -->\n<title>Jeep Cherokee - Carland Solutions<\/title>\n<meta name=\"robots\" content=\"index, follow, max-snippet:-1, max-image-preview:large, max-video-preview:-1\" \/>\n<link rel=\"canonical\" href=\"https:\/\/carland-solutions.pt\/de\/product\/jeep-cherokee\/\" \/>\n<meta property=\"og:locale\" content=\"de_DE\" \/>\n<meta property=\"og:type\" content=\"article\" \/>\n<meta property=\"og:title\" content=\"Jeep Cherokee - Carland Solutions\" \/>\n<meta property=\"og:description\" content=\"- Baujahr: 2016 - Version: 2.2 Multijet Active Drive I Auto Night Eagle - Kilometerstand: 291.000 km - Hubraum: 2.184 cm3 - Leistung: 200 PS - Drehmoment: 440 nm - Verbrauch im Stadtverkehr: 5,7\/100 km - Getriebe: Automatik - Kraftstoff: Diesel\" \/>\n<meta property=\"og:url\" content=\"https:\/\/carland-solutions.pt\/de\/product\/jeep-cherokee\/\" \/>\n<meta property=\"og:site_name\" content=\"Carland Solutions\" \/>\n<meta property=\"article:publisher\" content=\"https:\/\/www.facebook.com\/carlandsolutions\" \/>\n<meta property=\"article:modified_time\" content=\"2025-10-08T17:24:44+00:00\" \/>\n<meta property=\"og:image\" content=\"https:\/\/carland-solutions.pt\/wp-content\/uploads\/2025\/10\/IMG_5559.jpg\" \/>\n\t<meta property=\"og:image:width\" content=\"1080\" \/>\n\t<meta property=\"og:image:height\" content=\"1920\" \/>\n\t<meta property=\"og:image:type\" content=\"image\/jpeg\" \/>\n<meta name=\"twitter:card\" content=\"summary_large_image\" \/>\n<meta name=\"twitter:label1\" content=\"Gesch\u00e4tzte Lesezeit\" \/>\n\t<meta name=\"twitter:data1\" content=\"2\u00a0Minuten\" \/>\n<script type=\"application\/ld+json\" class=\"yoast-schema-graph\">{\"@context\":\"https:\\\/\\\/schema.org\",\"@graph\":[{\"@type\":\"WebPage\",\"@id\":\"https:\\\/\\\/carland-solutions.pt\\\/de\\\/product\\\/jeep-cherokee\\\/\",\"url\":\"https:\\\/\\\/carland-solutions.pt\\\/de\\\/product\\\/jeep-cherokee\\\/\",\"name\":\"Jeep Cherokee - Carland Solutions\",\"isPartOf\":{\"@id\":\"https:\\\/\\\/carland-solutions.pt\\\/de\\\/#website\"},\"primaryImageOfPage\":{\"@id\":\"https:\\\/\\\/carland-solutions.pt\\\/de\\\/product\\\/jeep-cherokee\\\/#primaryimage\"},\"image\":{\"@id\":\"https:\\\/\\\/carland-solutions.pt\\\/de\\\/product\\\/jeep-cherokee\\\/#primaryimage\"},\"thumbnailUrl\":\"https:\\\/\\\/carland-solutions.pt\\\/wp-content\\\/uploads\\\/2025\\\/10\\\/IMG_5559.jpg\",\"datePublished\":\"2025-02-10T10:26:58+00:00\",\"dateModified\":\"2025-10-08T17:24:44+00:00\",\"breadcrumb\":{\"@id\":\"https:\\\/\\\/carland-solutions.pt\\\/de\\\/product\\\/jeep-cherokee\\\/#breadcrumb\"},\"inLanguage\":\"de\",\"potentialAction\":[{\"@type\":\"ReadAction\",\"target\":[\"https:\\\/\\\/carland-solutions.pt\\\/de\\\/product\\\/jeep-cherokee\\\/\"]}]},{\"@type\":\"ImageObject\",\"inLanguage\":\"de\",\"@id\":\"https:\\\/\\\/carland-solutions.pt\\\/de\\\/product\\\/jeep-cherokee\\\/#primaryimage\",\"url\":\"https:\\\/\\\/carland-solutions.pt\\\/wp-content\\\/uploads\\\/2025\\\/10\\\/IMG_5559.jpg\",\"contentUrl\":\"https:\\\/\\\/carland-solutions.pt\\\/wp-content\\\/uploads\\\/2025\\\/10\\\/IMG_5559.jpg\",\"width\":1080,\"height\":1920},{\"@type\":\"BreadcrumbList\",\"@id\":\"https:\\\/\\\/carland-solutions.pt\\\/de\\\/product\\\/jeep-cherokee\\\/#breadcrumb\",\"itemListElement\":[{\"@type\":\"ListItem\",\"position\":1,\"name\":\"Home\",\"item\":\"https:\\\/\\\/carland-solutions.pt\\\/de\\\/\"},{\"@type\":\"ListItem\",\"position\":2,\"name\":\"Refund and Returns Policy\",\"item\":\"https:\\\/\\\/carland-solutions.pt\\\/?page_id=17\"},{\"@type\":\"ListItem\",\"position\":3,\"name\":\"Jeep Cherokee\"}]},{\"@type\":\"WebSite\",\"@id\":\"https:\\\/\\\/carland-solutions.pt\\\/de\\\/#website\",\"url\":\"https:\\\/\\\/carland-solutions.pt\\\/de\\\/\",\"name\":\"Carland Solutions\",\"description\":\"\",\"publisher\":{\"@id\":\"https:\\\/\\\/carland-solutions.pt\\\/de\\\/#organization\"},\"potentialAction\":[{\"@type\":\"SearchAction\",\"target\":{\"@type\":\"EntryPoint\",\"urlTemplate\":\"https:\\\/\\\/carland-solutions.pt\\\/de\\\/?s={search_term_string}\"},\"query-input\":{\"@type\":\"PropertyValueSpecification\",\"valueRequired\":true,\"valueName\":\"search_term_string\"}}],\"inLanguage\":\"de\"},{\"@type\":\"Organization\",\"@id\":\"https:\\\/\\\/carland-solutions.pt\\\/de\\\/#organization\",\"name\":\"Carland Solutions\",\"url\":\"https:\\\/\\\/carland-solutions.pt\\\/de\\\/\",\"logo\":{\"@type\":\"ImageObject\",\"inLanguage\":\"de\",\"@id\":\"https:\\\/\\\/carland-solutions.pt\\\/de\\\/#\\\/schema\\\/logo\\\/image\\\/\",\"url\":\"https:\\\/\\\/carland-solutions.pt\\\/wp-content\\\/uploads\\\/2025\\\/01\\\/Carland-Solutions-WBG-900x400-11.jpg\",\"contentUrl\":\"https:\\\/\\\/carland-solutions.pt\\\/wp-content\\\/uploads\\\/2025\\\/01\\\/Carland-Solutions-WBG-900x400-11.jpg\",\"width\":900,\"height\":400,\"caption\":\"Carland Solutions\"},\"image\":{\"@id\":\"https:\\\/\\\/carland-solutions.pt\\\/de\\\/#\\\/schema\\\/logo\\\/image\\\/\"},\"sameAs\":[\"https:\\\/\\\/www.facebook.com\\\/carlandsolutions\",\"https:\\\/\\\/www.instagram.com\\\/carlandsolutions\\\/\"]}]}<\/script>\n<!-- \/ Yoast SEO plugin. -->","yoast_head_json":{"title":"Jeep Cherokee - Carland Solutions","robots":{"index":"index","follow":"follow","max-snippet":"max-snippet:-1","max-image-preview":"max-image-preview:large","max-video-preview":"max-video-preview:-1"},"canonical":"https:\/\/carland-solutions.pt\/de\/product\/jeep-cherokee\/","og_locale":"de_DE","og_type":"article","og_title":"Jeep Cherokee - Carland Solutions","og_description":"- Baujahr: 2016 - Version: 2.2 Multijet Active Drive I Auto Night Eagle - Kilometerstand: 291.000 km - Hubraum: 2.184 cm3 - Leistung: 200 PS - Drehmoment: 440 nm - Verbrauch im Stadtverkehr: 5,7\/100 km - Getriebe: Automatik - Kraftstoff: Diesel","og_url":"https:\/\/carland-solutions.pt\/de\/product\/jeep-cherokee\/","og_site_name":"Carland Solutions","article_publisher":"https:\/\/www.facebook.com\/carlandsolutions","article_modified_time":"2025-10-08T17:24:44+00:00","og_image":[{"width":1080,"height":1920,"url":"https:\/\/carland-solutions.pt\/wp-content\/uploads\/2025\/10\/IMG_5559.jpg","type":"image\/jpeg"}],"twitter_card":"summary_large_image","twitter_misc":{"Gesch\u00e4tzte Lesezeit":"2\u00a0Minuten"},"schema":{"@context":"https:\/\/schema.org","@graph":[{"@type":"WebPage","@id":"https:\/\/carland-solutions.pt\/de\/product\/jeep-cherokee\/","url":"https:\/\/carland-solutions.pt\/de\/product\/jeep-cherokee\/","name":"Jeep Cherokee - Carland Solutions","isPartOf":{"@id":"https:\/\/carland-solutions.pt\/de\/#website"},"primaryImageOfPage":{"@id":"https:\/\/carland-solutions.pt\/de\/product\/jeep-cherokee\/#primaryimage"},"image":{"@id":"https:\/\/carland-solutions.pt\/de\/product\/jeep-cherokee\/#primaryimage"},"thumbnailUrl":"https:\/\/carland-solutions.pt\/wp-content\/uploads\/2025\/10\/IMG_5559.jpg","datePublished":"2025-02-10T10:26:58+00:00","dateModified":"2025-10-08T17:24:44+00:00","breadcrumb":{"@id":"https:\/\/carland-solutions.pt\/de\/product\/jeep-cherokee\/#breadcrumb"},"inLanguage":"de","potentialAction":[{"@type":"ReadAction","target":["https:\/\/carland-solutions.pt\/de\/product\/jeep-cherokee\/"]}]},{"@type":"ImageObject","inLanguage":"de","@id":"https:\/\/carland-solutions.pt\/de\/product\/jeep-cherokee\/#primaryimage","url":"https:\/\/carland-solutions.pt\/wp-content\/uploads\/2025\/10\/IMG_5559.jpg","contentUrl":"https:\/\/carland-solutions.pt\/wp-content\/uploads\/2025\/10\/IMG_5559.jpg","width":1080,"height":1920},{"@type":"BreadcrumbList","@id":"https:\/\/carland-solutions.pt\/de\/product\/jeep-cherokee\/#breadcrumb","itemListElement":[{"@type":"ListItem","position":1,"name":"Home","item":"https:\/\/carland-solutions.pt\/de\/"},{"@type":"ListItem","position":2,"name":"Refund and Returns Policy","item":"https:\/\/carland-solutions.pt\/?page_id=17"},{"@type":"ListItem","position":3,"name":"Jeep Cherokee"}]},{"@type":"WebSite","@id":"https:\/\/carland-solutions.pt\/de\/#website","url":"https:\/\/carland-solutions.pt\/de\/","name":"Carland Solutions","description":"","publisher":{"@id":"https:\/\/carland-solutions.pt\/de\/#organization"},"potentialAction":[{"@type":"SearchAction","target":{"@type":"EntryPoint","urlTemplate":"https:\/\/carland-solutions.pt\/de\/?s={search_term_string}"},"query-input":{"@type":"PropertyValueSpecification","valueRequired":true,"valueName":"search_term_string"}}],"inLanguage":"de"},{"@type":"Organization","@id":"https:\/\/carland-solutions.pt\/de\/#organization","name":"Carland Solutions","url":"https:\/\/carland-solutions.pt\/de\/","logo":{"@type":"ImageObject","inLanguage":"de","@id":"https:\/\/carland-solutions.pt\/de\/#\/schema\/logo\/image\/","url":"https:\/\/carland-solutions.pt\/wp-content\/uploads\/2025\/01\/Carland-Solutions-WBG-900x400-11.jpg","contentUrl":"https:\/\/carland-solutions.pt\/wp-content\/uploads\/2025\/01\/Carland-Solutions-WBG-900x400-11.jpg","width":900,"height":400,"caption":"Carland Solutions"},"image":{"@id":"https:\/\/carland-solutions.pt\/de\/#\/schema\/logo\/image\/"},"sameAs":["https:\/\/www.facebook.com\/carlandsolutions","https:\/\/www.instagram.com\/carlandsolutions\/"]}]}},"_links":{"self":[{"href":"https:\/\/carland-solutions.pt\/de\/wp-json\/wp\/v2\/product\/3747","targetHints":{"allow":["GET"]}}],"collection":[{"href":"https:\/\/carland-solutions.pt\/de\/wp-json\/wp\/v2\/product"}],"about":[{"href":"https:\/\/carland-solutions.pt\/de\/wp-json\/wp\/v2\/types\/product"}],"wp:featuredmedia":[{"embeddable":true,"href":"https:\/\/carland-solutions.pt\/de\/wp-json\/wp\/v2\/media\/3642"}],"wp:attachment":[{"href":"https:\/\/carland-solutions.pt\/de\/wp-json\/wp\/v2\/media?parent=3747"}],"wp:term":[{"taxonomy":"product_brand","embeddable":true,"href":"https:\/\/carland-solutions.pt\/de\/wp-json\/wp\/v2\/product_brand?post=3747"},{"taxonomy":"product_cat","embeddable":true,"href":"https:\/\/carland-solutions.pt\/de\/wp-json\/wp\/v2\/product_cat?post=3747"},{"taxonomy":"product_tag","embeddable":true,"href":"https:\/\/carland-solutions.pt\/de\/wp-json\/wp\/v2\/product_tag?post=3747"}],"curies":[{"name":"wp","href":"https:\/\/api.w.org\/{rel}","templated":true}]}}