{"id":3509,"date":"2025-01-29T10:18:03","date_gmt":"2025-01-29T10:18:03","guid":{"rendered":"https:\/\/carland-solutions.pt\/product\/peugeot-3008-gt-paket\/"},"modified":"2025-10-15T15:15:43","modified_gmt":"2025-10-15T14:15:43","slug":"peugeot-3008-gt-paket","status":"publish","type":"product","link":"https:\/\/carland-solutions.pt\/de\/product\/peugeot-3008-gt-paket\/","title":{"rendered":"Peugeot 3008 GT-Paket"},"content":{"rendered":"<div class=\"wpb-content-wrapper\"><p>[vc_row gap=&#8220;35&#8243; equal_height=&#8220;yes&#8220; content_placement=&#8220;top&#8220;][vc_column][vc_column_text css=&#8220;&#8220;]<\/p>\n<h2 dir=\"auto\">Marke und Modell des Autos<\/h2>\n<p>[\/vc_column_text][vc_column_text css=&#8220;&#8220;]<strong>Der Peugeot 3008 GT Pack verbindet Raffinesse mit Spitzenleistung und bietet ein unvergleichliches Fahrerlebnis. Mit seinem k\u00fchnen Design und seinen modernen Linien besticht dieser SUV durch erstklassigen Komfort, fortschrittliche Technologie und einen effizienten Motor, der Leistung und Wirtschaftlichkeit m\u00fchelos miteinander verbindet. Die hochwertige Verarbeitung, die ergonomischen Sitze und die umfassenden Fahrassistenzsysteme sorgen f\u00fcr sichere und angenehme Fahrten, sowohl in der Stadt als auch auf der Autobahn. Der 3008 GT Pack ist die ideale Wahl f\u00fcr alle, die Stil, Innovation und Vielseitigkeit in einem Auto suchen   <\/strong>[\/vc_column_text][\/vc_column][\/vc_row][vc_row gap=&#8220;35&#8243; equal_height=&#8220;yes&#8220; content_placement=&#8220;top&#8220;][vc_column width=&#8220;1\/2&#8243;][vc_column_text css=&#8220;&#8220;]<\/p>\n<p><strong>AUDIO UND MULTIMEDIA<\/strong><\/p>\n<p>&#8211; Android Auto<\/p>\n<p>&#8211; Navigationssystem<\/p>\n<p>&#8211; Audioanlage<\/p>\n<p>&#8211; Touchscreen<\/p>\n<p><strong>KOMFORT UND AUSSTATTUNG<\/strong><\/p>\n<p>&#8211; R\u00fcckfahrkamera<\/p>\n<p>&#8211; Beheizte und elektrisch einklappbare Au\u00dfenspiegel<\/p>\n<p>&#8211; Assistent f\u00fcr den toten Winkel<\/p>\n<p>&#8211; Spur\u00fcberquerungswarnsystem<\/p>\n<p>&#8211; Abstandsregelung<\/p>\n<p>&#8211; Geschwindigkeitsbegrenzer<\/p>\n<p>&#8211; Traktionskontrolle<\/p>\n<p>&#8211; H\u00fcgel-Halter<\/p>\n<p>&#8211; Erkennung von Stra\u00dfenschildern<\/p>\n<p>&#8211; Fernlicht-Assistent<\/p>\n<p>&#8211; Automatische Dimmfunktion<\/p>\n<p>&#8211; Richtungsweisende Scheinwerfer<\/p>\n<p>&#8211; LED-Tagfahrlicht<\/p>\n<p>&#8211; Nebelscheinwerfer<\/p>\n<p>&#8211; LED-R\u00fcckleuchten<\/p>\n<p>&#8211; Folgen Sie mir nach Hause<\/p>\n<p>&#8211; LED-Innenbeleuchtung<\/p>\n<p>&#8211; Start\/Stopp-System<\/p>\n<p>&#8211; Elektrische Handbremse<\/p>\n<p>&#8211; Automatische Klimatisierung<\/p>\n<p>&#8211; Beheizter Fahrersitz<\/p>\n<p>&#8211; Beheizter Beifahrersitz<\/p>\n<p>&#8211; Armlehne vorne<\/p>\n<p>&#8211; Armlehne hinten<\/p>\n<p>&#8211; Dunkle Heckscheiben<\/p>\n<p>&#8211; Radiobedienelemente am Lenkrad<\/p>\n<p>&#8211; Multifunktionales Lenkrad<\/p>\n<p>&#8211; Lenkrad mit Schaltpaddles<\/p>\n<p>&#8211; Schl\u00fcsselloser Start<\/p>\n<p>&#8211; Regensensor<\/p>\n<p><strong>SICHERHEIT<\/strong><\/p>\n<p>&#8211; ABS<\/p>\n<p>&#8211; Stabilit\u00e4tskontrollsystem (ESP)<\/p>\n<p>&#8211; Elektronische Bremskraftverteilung<\/p>\n<p>&#8211; Bremsenassistent in der Stadt<\/p>\n<p>&#8211; Bremsassistent f\u00fcr Fu\u00dfg\u00e4ngerschutz<\/p>\n<p>&#8211; Aktiver Bremsassistent<\/p>\n<p>&#8211; Kollisionswarnsystem<\/p>\n<p>&#8211; System zur Erkennung von M\u00fcdigkeit<\/p>\n<p>&#8211; Fahrspurwechsel-Assistent<\/p>\n<p>&#8211; Automatischer SOS-Ruf<\/p>\n<p>&#8211; Airbag f\u00fcr Fahrer und Beifahrer<\/p>\n<p>&#8211; Airb[\/vc_column_text][\/vc_column][vc_column width=&#8220;1\/2&#8243;][vc_column_text css=&#8220;.vc_custom_1759832173745{padding-top: 25px !important;padding-right: 35px !important;padding-bottom: 25px !important;padding-left: 35px !important;background-color: #1c2e4a !important;border-radius: 10px !important;}&#8220;]<span style=\"color: #ffffff;\"><i class=\"fa-fw dt-icon-the7-misc-017\"><\/i><strong>  Kaufen Sie Ihr Auto bei uns und erhalten Sie einen Gutschein f\u00fcr einen Urlaub!<\/strong><\/span><\/p>\n<p><span style=\"color: #ffffff;\"><i class=\"fa-fw dt-icon-the7-misc-017\"><\/i><strong>  Kostenlose Lieferung in Portugal<\/strong><\/span><\/p>\n<p><span style=\"color: #ffffff;\"><i class=\"fa-fw dt-icon-the7-misc-017\"><\/i><strong>  Der Preis beinhaltet eine 18-monatige Garantie mit landesweiter Abdeckung, ein Ersatzfahrzeug und einen 24-Stunden-Pannenservice.<\/strong><\/span><\/p>\n<p><span style=\"color: #ffffff;\"><i class=\"fa-fw dt-icon-the7-misc-017\"><\/i><strong>  M\u00f6glichkeit der Finanzierung<\/strong><\/span>[\/vc_column_text][\/vc_column][\/vc_row][vc_row][vc_column][vc_column_text css=&#8220;&#8220;]<\/p>\n<h2>Sind Sie an diesem Auto interessiert?<\/h2>\n<p>[\/vc_column_text][vc_column_text css=&#8220;&#8220;]Wenn Sie an diesem oder einem unserer anderen Gebrauchtwagen interessiert sind, z\u00f6gern Sie bitte nicht, uns zu kontaktieren unter <strong><br \/>\n  <a href=\"tel:+31641972793\">+31 6 419 727 93<\/a><br \/>\n<\/strong> oder <strong><br \/>\n  <a href=\"tel:+351960184708\">+351 960 184 708<\/a><br \/>\n<\/strong>.[\/vc_column_text][\/vc_column][\/vc_row]<\/p>\n<\/div>","protected":false},"excerpt":{"rendered":"<ul>\n<li>Version: Blau HDi 130 Stop &amp; Start EAT8 GT Pack<\/li>\n<li>Kilometerstand: 94 128 km<\/li>\n<li>Hubraum: 1 499 ccm<\/li>\n<li>Leistung: 131 PS<\/li>\n<li>Drehmoment: 300 nm<\/li>\n<li>Kraftstoffverbrauch in der Stadt: 4,9\/100 km<\/li>\n<li>Getriebe: Automatik<\/li>\n<li>Kraftstoff: Diesel<\/li>\n<\/ul>\n","protected":false},"featured_media":3499,"template":"","meta":[],"product_brand":[],"product_cat":[54],"product_tag":[],"class_list":{"0":"post-3509","1":"product","2":"type-product","3":"status-publish","4":"has-post-thumbnail","6":"product_cat-verkauft","7":"description-off","9":"first","10":"outofstock","11":"shipping-taxable","12":"product-type-simple"},"yoast_head":"<!-- This site is optimized with the Yoast SEO plugin v27.5 - https:\/\/yoast.com\/product\/yoast-seo-wordpress\/ -->\n<title>Peugeot 3008 GT-Paket - Carland Solutions<\/title>\n<meta name=\"robots\" content=\"index, follow, max-snippet:-1, max-image-preview:large, max-video-preview:-1\" \/>\n<link rel=\"canonical\" href=\"https:\/\/carland-solutions.pt\/de\/product\/peugeot-3008-gt-paket\/\" \/>\n<meta property=\"og:locale\" content=\"de_DE\" \/>\n<meta property=\"og:type\" content=\"article\" \/>\n<meta property=\"og:title\" content=\"Peugeot 3008 GT-Paket - Carland Solutions\" \/>\n<meta property=\"og:description\" content=\"Version: Blau HDi 130 Stop &amp; Start EAT8 GT Pack  Kilometerstand: 94 128 km  Hubraum: 1 499 ccm  Leistung: 131 PS  Drehmoment: 300 nm  Kraftstoffverbrauch in der Stadt: 4,9\/100 km  Getriebe: Automatik  Kraftstoff: Diesel\" \/>\n<meta property=\"og:url\" content=\"https:\/\/carland-solutions.pt\/de\/product\/peugeot-3008-gt-paket\/\" \/>\n<meta property=\"og:site_name\" content=\"Carland Solutions\" \/>\n<meta property=\"article:publisher\" content=\"https:\/\/www.facebook.com\/carlandsolutions\" \/>\n<meta property=\"article:modified_time\" content=\"2025-10-15T14:15:43+00:00\" \/>\n<meta property=\"og:image\" content=\"https:\/\/carland-solutions.pt\/wp-content\/uploads\/2025\/10\/474653740_122176186730098046_5836173807335993013_n.jpg\" \/>\n\t<meta property=\"og:image:width\" content=\"1638\" \/>\n\t<meta property=\"og:image:height\" content=\"2048\" \/>\n\t<meta property=\"og:image:type\" content=\"image\/jpeg\" \/>\n<meta name=\"twitter:card\" content=\"summary_large_image\" \/>\n<meta name=\"twitter:label1\" content=\"Gesch\u00e4tzte Lesezeit\" \/>\n\t<meta name=\"twitter:data1\" content=\"2\u00a0Minuten\" \/>\n<script type=\"application\/ld+json\" class=\"yoast-schema-graph\">{\"@context\":\"https:\\\/\\\/schema.org\",\"@graph\":[{\"@type\":\"WebPage\",\"@id\":\"https:\\\/\\\/carland-solutions.pt\\\/de\\\/product\\\/peugeot-3008-gt-paket\\\/\",\"url\":\"https:\\\/\\\/carland-solutions.pt\\\/de\\\/product\\\/peugeot-3008-gt-paket\\\/\",\"name\":\"Peugeot 3008 GT-Paket - Carland Solutions\",\"isPartOf\":{\"@id\":\"https:\\\/\\\/carland-solutions.pt\\\/de\\\/#website\"},\"primaryImageOfPage\":{\"@id\":\"https:\\\/\\\/carland-solutions.pt\\\/de\\\/product\\\/peugeot-3008-gt-paket\\\/#primaryimage\"},\"image\":{\"@id\":\"https:\\\/\\\/carland-solutions.pt\\\/de\\\/product\\\/peugeot-3008-gt-paket\\\/#primaryimage\"},\"thumbnailUrl\":\"https:\\\/\\\/carland-solutions.pt\\\/wp-content\\\/uploads\\\/2025\\\/10\\\/474653740_122176186730098046_5836173807335993013_n.jpg\",\"datePublished\":\"2025-01-29T10:18:03+00:00\",\"dateModified\":\"2025-10-15T14:15:43+00:00\",\"breadcrumb\":{\"@id\":\"https:\\\/\\\/carland-solutions.pt\\\/de\\\/product\\\/peugeot-3008-gt-paket\\\/#breadcrumb\"},\"inLanguage\":\"de\",\"potentialAction\":[{\"@type\":\"ReadAction\",\"target\":[\"https:\\\/\\\/carland-solutions.pt\\\/de\\\/product\\\/peugeot-3008-gt-paket\\\/\"]}]},{\"@type\":\"ImageObject\",\"inLanguage\":\"de\",\"@id\":\"https:\\\/\\\/carland-solutions.pt\\\/de\\\/product\\\/peugeot-3008-gt-paket\\\/#primaryimage\",\"url\":\"https:\\\/\\\/carland-solutions.pt\\\/wp-content\\\/uploads\\\/2025\\\/10\\\/474653740_122176186730098046_5836173807335993013_n.jpg\",\"contentUrl\":\"https:\\\/\\\/carland-solutions.pt\\\/wp-content\\\/uploads\\\/2025\\\/10\\\/474653740_122176186730098046_5836173807335993013_n.jpg\",\"width\":1638,\"height\":2048},{\"@type\":\"BreadcrumbList\",\"@id\":\"https:\\\/\\\/carland-solutions.pt\\\/de\\\/product\\\/peugeot-3008-gt-paket\\\/#breadcrumb\",\"itemListElement\":[{\"@type\":\"ListItem\",\"position\":1,\"name\":\"Home\",\"item\":\"https:\\\/\\\/carland-solutions.pt\\\/de\\\/\"},{\"@type\":\"ListItem\",\"position\":2,\"name\":\"Refund and Returns Policy\",\"item\":\"https:\\\/\\\/carland-solutions.pt\\\/?page_id=17\"},{\"@type\":\"ListItem\",\"position\":3,\"name\":\"Peugeot 3008 GT-Paket\"}]},{\"@type\":\"WebSite\",\"@id\":\"https:\\\/\\\/carland-solutions.pt\\\/de\\\/#website\",\"url\":\"https:\\\/\\\/carland-solutions.pt\\\/de\\\/\",\"name\":\"Carland Solutions\",\"description\":\"\",\"publisher\":{\"@id\":\"https:\\\/\\\/carland-solutions.pt\\\/de\\\/#organization\"},\"potentialAction\":[{\"@type\":\"SearchAction\",\"target\":{\"@type\":\"EntryPoint\",\"urlTemplate\":\"https:\\\/\\\/carland-solutions.pt\\\/de\\\/?s={search_term_string}\"},\"query-input\":{\"@type\":\"PropertyValueSpecification\",\"valueRequired\":true,\"valueName\":\"search_term_string\"}}],\"inLanguage\":\"de\"},{\"@type\":\"Organization\",\"@id\":\"https:\\\/\\\/carland-solutions.pt\\\/de\\\/#organization\",\"name\":\"Carland Solutions\",\"url\":\"https:\\\/\\\/carland-solutions.pt\\\/de\\\/\",\"logo\":{\"@type\":\"ImageObject\",\"inLanguage\":\"de\",\"@id\":\"https:\\\/\\\/carland-solutions.pt\\\/de\\\/#\\\/schema\\\/logo\\\/image\\\/\",\"url\":\"https:\\\/\\\/carland-solutions.pt\\\/wp-content\\\/uploads\\\/2025\\\/01\\\/Carland-Solutions-WBG-900x400-11.jpg\",\"contentUrl\":\"https:\\\/\\\/carland-solutions.pt\\\/wp-content\\\/uploads\\\/2025\\\/01\\\/Carland-Solutions-WBG-900x400-11.jpg\",\"width\":900,\"height\":400,\"caption\":\"Carland Solutions\"},\"image\":{\"@id\":\"https:\\\/\\\/carland-solutions.pt\\\/de\\\/#\\\/schema\\\/logo\\\/image\\\/\"},\"sameAs\":[\"https:\\\/\\\/www.facebook.com\\\/carlandsolutions\",\"https:\\\/\\\/www.instagram.com\\\/carlandsolutions\\\/\"]}]}<\/script>\n<!-- \/ Yoast SEO plugin. -->","yoast_head_json":{"title":"Peugeot 3008 GT-Paket - Carland Solutions","robots":{"index":"index","follow":"follow","max-snippet":"max-snippet:-1","max-image-preview":"max-image-preview:large","max-video-preview":"max-video-preview:-1"},"canonical":"https:\/\/carland-solutions.pt\/de\/product\/peugeot-3008-gt-paket\/","og_locale":"de_DE","og_type":"article","og_title":"Peugeot 3008 GT-Paket - Carland Solutions","og_description":"Version: Blau HDi 130 Stop &amp; Start EAT8 GT Pack  Kilometerstand: 94 128 km  Hubraum: 1 499 ccm  Leistung: 131 PS  Drehmoment: 300 nm  Kraftstoffverbrauch in der Stadt: 4,9\/100 km  Getriebe: Automatik  Kraftstoff: Diesel","og_url":"https:\/\/carland-solutions.pt\/de\/product\/peugeot-3008-gt-paket\/","og_site_name":"Carland Solutions","article_publisher":"https:\/\/www.facebook.com\/carlandsolutions","article_modified_time":"2025-10-15T14:15:43+00:00","og_image":[{"width":1638,"height":2048,"url":"https:\/\/carland-solutions.pt\/wp-content\/uploads\/2025\/10\/474653740_122176186730098046_5836173807335993013_n.jpg","type":"image\/jpeg"}],"twitter_card":"summary_large_image","twitter_misc":{"Gesch\u00e4tzte Lesezeit":"2\u00a0Minuten"},"schema":{"@context":"https:\/\/schema.org","@graph":[{"@type":"WebPage","@id":"https:\/\/carland-solutions.pt\/de\/product\/peugeot-3008-gt-paket\/","url":"https:\/\/carland-solutions.pt\/de\/product\/peugeot-3008-gt-paket\/","name":"Peugeot 3008 GT-Paket - Carland Solutions","isPartOf":{"@id":"https:\/\/carland-solutions.pt\/de\/#website"},"primaryImageOfPage":{"@id":"https:\/\/carland-solutions.pt\/de\/product\/peugeot-3008-gt-paket\/#primaryimage"},"image":{"@id":"https:\/\/carland-solutions.pt\/de\/product\/peugeot-3008-gt-paket\/#primaryimage"},"thumbnailUrl":"https:\/\/carland-solutions.pt\/wp-content\/uploads\/2025\/10\/474653740_122176186730098046_5836173807335993013_n.jpg","datePublished":"2025-01-29T10:18:03+00:00","dateModified":"2025-10-15T14:15:43+00:00","breadcrumb":{"@id":"https:\/\/carland-solutions.pt\/de\/product\/peugeot-3008-gt-paket\/#breadcrumb"},"inLanguage":"de","potentialAction":[{"@type":"ReadAction","target":["https:\/\/carland-solutions.pt\/de\/product\/peugeot-3008-gt-paket\/"]}]},{"@type":"ImageObject","inLanguage":"de","@id":"https:\/\/carland-solutions.pt\/de\/product\/peugeot-3008-gt-paket\/#primaryimage","url":"https:\/\/carland-solutions.pt\/wp-content\/uploads\/2025\/10\/474653740_122176186730098046_5836173807335993013_n.jpg","contentUrl":"https:\/\/carland-solutions.pt\/wp-content\/uploads\/2025\/10\/474653740_122176186730098046_5836173807335993013_n.jpg","width":1638,"height":2048},{"@type":"BreadcrumbList","@id":"https:\/\/carland-solutions.pt\/de\/product\/peugeot-3008-gt-paket\/#breadcrumb","itemListElement":[{"@type":"ListItem","position":1,"name":"Home","item":"https:\/\/carland-solutions.pt\/de\/"},{"@type":"ListItem","position":2,"name":"Refund and Returns Policy","item":"https:\/\/carland-solutions.pt\/?page_id=17"},{"@type":"ListItem","position":3,"name":"Peugeot 3008 GT-Paket"}]},{"@type":"WebSite","@id":"https:\/\/carland-solutions.pt\/de\/#website","url":"https:\/\/carland-solutions.pt\/de\/","name":"Carland Solutions","description":"","publisher":{"@id":"https:\/\/carland-solutions.pt\/de\/#organization"},"potentialAction":[{"@type":"SearchAction","target":{"@type":"EntryPoint","urlTemplate":"https:\/\/carland-solutions.pt\/de\/?s={search_term_string}"},"query-input":{"@type":"PropertyValueSpecification","valueRequired":true,"valueName":"search_term_string"}}],"inLanguage":"de"},{"@type":"Organization","@id":"https:\/\/carland-solutions.pt\/de\/#organization","name":"Carland Solutions","url":"https:\/\/carland-solutions.pt\/de\/","logo":{"@type":"ImageObject","inLanguage":"de","@id":"https:\/\/carland-solutions.pt\/de\/#\/schema\/logo\/image\/","url":"https:\/\/carland-solutions.pt\/wp-content\/uploads\/2025\/01\/Carland-Solutions-WBG-900x400-11.jpg","contentUrl":"https:\/\/carland-solutions.pt\/wp-content\/uploads\/2025\/01\/Carland-Solutions-WBG-900x400-11.jpg","width":900,"height":400,"caption":"Carland Solutions"},"image":{"@id":"https:\/\/carland-solutions.pt\/de\/#\/schema\/logo\/image\/"},"sameAs":["https:\/\/www.facebook.com\/carlandsolutions","https:\/\/www.instagram.com\/carlandsolutions\/"]}]}},"_links":{"self":[{"href":"https:\/\/carland-solutions.pt\/de\/wp-json\/wp\/v2\/product\/3509","targetHints":{"allow":["GET"]}}],"collection":[{"href":"https:\/\/carland-solutions.pt\/de\/wp-json\/wp\/v2\/product"}],"about":[{"href":"https:\/\/carland-solutions.pt\/de\/wp-json\/wp\/v2\/types\/product"}],"wp:featuredmedia":[{"embeddable":true,"href":"https:\/\/carland-solutions.pt\/de\/wp-json\/wp\/v2\/media\/3499"}],"wp:attachment":[{"href":"https:\/\/carland-solutions.pt\/de\/wp-json\/wp\/v2\/media?parent=3509"}],"wp:term":[{"taxonomy":"product_brand","embeddable":true,"href":"https:\/\/carland-solutions.pt\/de\/wp-json\/wp\/v2\/product_brand?post=3509"},{"taxonomy":"product_cat","embeddable":true,"href":"https:\/\/carland-solutions.pt\/de\/wp-json\/wp\/v2\/product_cat?post=3509"},{"taxonomy":"product_tag","embeddable":true,"href":"https:\/\/carland-solutions.pt\/de\/wp-json\/wp\/v2\/product_tag?post=3509"}],"curies":[{"name":"wp","href":"https:\/\/api.w.org\/{rel}","templated":true}]}}