{"id":3200,"date":"2025-02-10T10:22:39","date_gmt":"2025-02-10T10:22:39","guid":{"rendered":"https:\/\/carland-solutions.pt\/product\/mercedes-benz-c-300-e\/"},"modified":"2025-10-09T09:49:32","modified_gmt":"2025-10-09T08:49:32","slug":"mercedes-benz-c-300-e","status":"publish","type":"product","link":"https:\/\/carland-solutions.pt\/de\/product\/mercedes-benz-c-300-e\/","title":{"rendered":"Mercedes-Benz C 300 e"},"content":{"rendered":"<div class=\"wpb-content-wrapper\"><p>[vc_row gap=&#8220;35&#8243; equal_height=&#8220;yes&#8220; content_placement=&#8220;top&#8220;][vc_column][vc_column_text css=&#8220;&#8220;]<strong>Mercedes-Benz C 300 e  <\/strong>[\/vc_column_text][vc_column_text css=&#8220;&#8220;]Der Mercedes-Benz C 300 e kombiniert zeitlosen Luxus mit moderner Plug-in-Hybridtechnologie und bietet ein dynamisches und nachhaltiges Fahrerlebnis. Dank der Kombination aus einem leistungsstarken Benzinmotor und einem effizienten Elektromotor genie\u00dfen Sie eine beeindruckende Leistung sowie einen niedrigen Verbrauch, ideal sowohl f\u00fcr den Stadtverkehr als auch f\u00fcr lange Fahrten. Der Innenraum strahlt Komfort und Klasse aus, mit hochwertigen Materialien und fortschrittlichem Infotainment. Ganz gleich, ob Sie sich f\u00fcr entspanntes Cruisen oder sportliches Fahren entscheiden, der C 300 e bietet in jeder Situation Spitzenleistung mit einer kultivierten Verarbeitung, die Sie von Mercedes erwarten.[\/vc_column_text][\/vc_column][\/vc_row][vc_row gap=&#8220;35&#8243; equal_height=&#8220;yes&#8220; content_placement=&#8220;top&#8220;][vc_column width=&#8220;1\/2&#8243;][vc_column_text css=&#8220;&#8220;]<strong>AUDIO UND MULTIMEDIA<\/strong><\/p>\n<ul>\n<li>Android Auto<\/li>\n<li>Bluetooth<\/li>\n<li>Radio BURMESTER<\/li>\n<li>Freisprechanlage<\/li>\n<li>USB-Anschluss<\/li>\n<li>Navigationssystem<\/li>\n<li>Touchscreen<\/li>\n<li>Sprachsteuerung von Fahrzeugfunktionen<\/li>\n<\/ul>\n<p>&nbsp;<\/p>\n<p>&nbsp;<\/p>\n<p>&nbsp;<\/p>\n<p><strong>KOMFORT UND AUSSTATTUNG<\/strong><\/p>\n<ul>\n<li>Automatische Klimatisierung<\/li>\n<li>Elektrisch verstellbarer und beheizbarer Fahrersitz<\/li>\n<li>Elektrisch verstellbarer und beheizbarer Beifahrersitz<\/li>\n<li>Sportsitze vorne<\/li>\n<li>Armlehnen vorne und hinten<\/li>\n<li>Sportliches Lederlenkrad<\/li>\n<li>Radiobedienelemente am Lenkrad<\/li>\n<li>Lenkrad mit Schaltpaddles<\/li>\n<li>Automatische Klimatisierung<\/li>\n<li>Regensensor<\/li>\n<li>Windschutzscheibenentfeuchter<\/li>\n<li>Elektrische Fensterheber vorne und hinten<\/li>\n<li>Get\u00f6nte Heckscheiben<\/li>\n<li>Elektronik und Fahrhilfen<\/li>\n<li>Parksensoren vorne und hinten<\/li>\n<li>Einparkhilfe<\/li>\n<li>360\u00ba Kamera und R\u00fcckfahrkamera<\/li>\n<li>Elektrisch verstellbare Au\u00dfenspiegel<\/li>\n<li>Aktiver Fahrspurassistent<\/li>\n<li>Warnsystem f\u00fcr Fahrspur\u00fcberquerungen<\/li>\n<li>Verzicht<\/li>\n<li>Traktionskontrolle<\/li>\n<li>Bergabfahrkontrolle<\/li>\n<li>Dynamische Indikatoren<\/li>\n<li>Scheinwerfer mit Abbiegelicht<\/li>\n<li>Nebelscheinwerfer<\/li>\n<li>LED-R\u00fcckleuchten<\/li>\n<li>LED-Innenbeleuchtung<\/li>\n<li>Start\/Stopp-System<\/li>\n<li>\u00dcberwachung des Reifendrucks<\/li>\n<li>Elektrische Handbremse<\/li>\n<li>Servolenkung SICHERHEIT<\/li>\n<li>ABS<\/li>\n<li>Stabilit\u00e4tskontrollsystem (ESP)<\/li>\n<li>Elektronische Bremskraftverteilung<\/li>\n<li>Elektronisches Bremsassistenzsystem<\/li>\n<li>Aktiver Bremsassistent<\/li>\n<li>Kollisions-, Vorkollisions- und M\u00fcdigkeitswarnsystem<\/li>\n<li>Airbag f\u00fcr Fahrer und Beifahrer<\/li>\n<li>Knie-Airbag f\u00fcr Fahrer und Beifahrer<\/li>\n<li>Kopfairbags f\u00fcr Fahrer und Beifahrer<\/li>\n<li>Zentraler Airbag f\u00fcr Fahrer und Beifahrer<\/li>\n<li>Seitenairbags f\u00fcr Fahrer und Beifahrer<\/li>\n<li>Hintere Vorhang-Airbags<\/li>\n<li>ISOFIX<\/li>\n<li>\n<\/li>\n<\/ul>\n<p>[\/vc_column_text][\/vc_column][vc_column width=&#8220;1\/2&#8243;][vc_column_text css=&#8220;.vc_custom_1740045839023{padding-top: 25px !important;padding-right: 35px !important;padding-bottom: 25px !important;padding-left: 35px !important;background-color: #1c2e4a !important;border-radius: 10px !important;}&#8220;]<span style=\"color: #ffffff;\"><i class=\"fa-fw dt-icon-the7-misc-017\"><\/i><strong>  Kaufen Sie Ihr Auto bei uns und erhalten Sie einen Gutschein f\u00fcr einen Urlaub!<\/strong><\/span><\/p>\n<p><span style=\"color: #ffffff;\"><i class=\"fa-fw dt-icon-the7-misc-017\"><\/i><strong>  Kostenlose Lieferung in Portugal<\/strong><\/span><\/p>\n<p><span style=\"color: #ffffff;\"><i class=\"fa-fw dt-icon-the7-misc-017\"><\/i><strong>  Der Preis beinhaltet eine 18-monatige Garantie mit landesweiter Abdeckung, ein Ersatzfahrzeug und einen 24-Stunden-Pannenservice.<\/strong><\/span><\/p>\n<p><span style=\"color: #ffffff;\"><i class=\"fa-fw dt-icon-the7-misc-017\"><\/i><strong>  Wir akzeptieren R\u00fccksendungen<\/strong><\/span><\/p>\n<p><span style=\"color: #ffffff;\"><i class=\"fa-fw dt-icon-the7-misc-017\"><\/i><strong>  M\u00f6glichkeit der Finanzierung<\/strong><\/span>[\/vc_column_text][\/vc_column][\/vc_row][vc_row][vc_column][vc_column_text css=&#8220;&#8220;]<\/p>\n<h2>Sind Sie an diesem Auto interessiert?<\/h2>\n<p>[\/vc_column_text][vc_column_text css=&#8220;&#8220;]Wenn Sie an diesem oder einem unserer anderen Gebrauchtwagen interessiert sind, z\u00f6gern Sie bitte nicht, uns zu kontaktieren unter <strong><br \/>\n  <a href=\"tel:+31641972793\">+31 6 419 727 93<\/a><br \/>\n<\/strong> oder <strong><br \/>\n  <a href=\"tel:+351960184708\">+351 960 184 708<\/a><br \/>\n<\/strong>.[\/vc_column_text][\/vc_column][\/vc_row]<\/p>\n<\/div>","protected":false},"excerpt":{"rendered":"<ul>\n<li>Jahr: 11-2020<\/li>\n<li>Version: C 300 und T 9G-Tronic AMG Line<\/li>\n<li>Kilometerstand: 132.188 km<\/li>\n<li>Hubraum: 1.991 cm3<\/li>\n<li>Leistung: 320 PS<\/li>\n<li>Drehmoment: 700 nm<\/li>\n<li>Kraftstoffverbrauch in der Stadt: 3,6\/100 km<\/li>\n<li>Getriebe: Automatik<\/li>\n<li>Verbrennung: Hybrid<\/li>\n<\/ul>\n<p>&nbsp;<\/p>\n<p>&nbsp;<\/p>\n","protected":false},"featured_media":3204,"template":"","meta":[],"product_brand":[],"product_cat":[54],"product_tag":[],"class_list":{"0":"post-3200","1":"product","2":"type-product","3":"status-publish","4":"has-post-thumbnail","6":"product_cat-verkauft","7":"description-off","9":"first","10":"outofstock","11":"shipping-taxable","12":"product-type-simple"},"yoast_head":"<!-- This site is optimized with the Yoast SEO plugin v27.5 - https:\/\/yoast.com\/product\/yoast-seo-wordpress\/ -->\n<title>Mercedes-Benz C 300 e - Carland Solutions<\/title>\n<meta name=\"robots\" content=\"index, follow, max-snippet:-1, max-image-preview:large, max-video-preview:-1\" \/>\n<link rel=\"canonical\" href=\"https:\/\/carland-solutions.pt\/de\/product\/mercedes-benz-c-300-e\/\" \/>\n<meta property=\"og:locale\" content=\"de_DE\" \/>\n<meta property=\"og:type\" content=\"article\" \/>\n<meta property=\"og:title\" content=\"Mercedes-Benz C 300 e - Carland Solutions\" \/>\n<meta property=\"og:description\" content=\"Jahr: 11-2020  Version: C 300 und T 9G-Tronic AMG Line  Kilometerstand: 132.188 km  Hubraum: 1.991 cm3  Leistung: 320 PS  Drehmoment: 700 nm  Kraftstoffverbrauch in der Stadt: 3,6\/100 km  Getriebe: Automatik  Verbrennung: Hybrid &nbsp; &nbsp;\" \/>\n<meta property=\"og:url\" content=\"https:\/\/carland-solutions.pt\/de\/product\/mercedes-benz-c-300-e\/\" \/>\n<meta property=\"og:site_name\" content=\"Carland Solutions\" \/>\n<meta property=\"article:publisher\" content=\"https:\/\/www.facebook.com\/carlandsolutions\" \/>\n<meta property=\"article:modified_time\" content=\"2025-10-09T08:49:32+00:00\" \/>\n<meta property=\"og:image\" content=\"https:\/\/carland-solutions.pt\/wp-content\/uploads\/2025\/09\/IMG_4499.jpg\" \/>\n\t<meta property=\"og:image:width\" content=\"1080\" \/>\n\t<meta property=\"og:image:height\" content=\"1920\" \/>\n\t<meta property=\"og:image:type\" content=\"image\/jpeg\" \/>\n<meta name=\"twitter:card\" content=\"summary_large_image\" \/>\n<meta name=\"twitter:label1\" content=\"Gesch\u00e4tzte Lesezeit\" \/>\n\t<meta name=\"twitter:data1\" content=\"2\u00a0Minuten\" \/>\n<script type=\"application\/ld+json\" class=\"yoast-schema-graph\">{\"@context\":\"https:\\\/\\\/schema.org\",\"@graph\":[{\"@type\":\"WebPage\",\"@id\":\"https:\\\/\\\/carland-solutions.pt\\\/de\\\/product\\\/mercedes-benz-c-300-e\\\/\",\"url\":\"https:\\\/\\\/carland-solutions.pt\\\/de\\\/product\\\/mercedes-benz-c-300-e\\\/\",\"name\":\"Mercedes-Benz C 300 e - Carland Solutions\",\"isPartOf\":{\"@id\":\"https:\\\/\\\/carland-solutions.pt\\\/de\\\/#website\"},\"primaryImageOfPage\":{\"@id\":\"https:\\\/\\\/carland-solutions.pt\\\/de\\\/product\\\/mercedes-benz-c-300-e\\\/#primaryimage\"},\"image\":{\"@id\":\"https:\\\/\\\/carland-solutions.pt\\\/de\\\/product\\\/mercedes-benz-c-300-e\\\/#primaryimage\"},\"thumbnailUrl\":\"https:\\\/\\\/carland-solutions.pt\\\/wp-content\\\/uploads\\\/2025\\\/09\\\/IMG_4499.jpg\",\"datePublished\":\"2025-02-10T10:22:39+00:00\",\"dateModified\":\"2025-10-09T08:49:32+00:00\",\"breadcrumb\":{\"@id\":\"https:\\\/\\\/carland-solutions.pt\\\/de\\\/product\\\/mercedes-benz-c-300-e\\\/#breadcrumb\"},\"inLanguage\":\"de\",\"potentialAction\":[{\"@type\":\"ReadAction\",\"target\":[\"https:\\\/\\\/carland-solutions.pt\\\/de\\\/product\\\/mercedes-benz-c-300-e\\\/\"]}]},{\"@type\":\"ImageObject\",\"inLanguage\":\"de\",\"@id\":\"https:\\\/\\\/carland-solutions.pt\\\/de\\\/product\\\/mercedes-benz-c-300-e\\\/#primaryimage\",\"url\":\"https:\\\/\\\/carland-solutions.pt\\\/wp-content\\\/uploads\\\/2025\\\/09\\\/IMG_4499.jpg\",\"contentUrl\":\"https:\\\/\\\/carland-solutions.pt\\\/wp-content\\\/uploads\\\/2025\\\/09\\\/IMG_4499.jpg\",\"width\":1080,\"height\":1920},{\"@type\":\"BreadcrumbList\",\"@id\":\"https:\\\/\\\/carland-solutions.pt\\\/de\\\/product\\\/mercedes-benz-c-300-e\\\/#breadcrumb\",\"itemListElement\":[{\"@type\":\"ListItem\",\"position\":1,\"name\":\"Home\",\"item\":\"https:\\\/\\\/carland-solutions.pt\\\/de\\\/\"},{\"@type\":\"ListItem\",\"position\":2,\"name\":\"Refund and Returns Policy\",\"item\":\"https:\\\/\\\/carland-solutions.pt\\\/?page_id=17\"},{\"@type\":\"ListItem\",\"position\":3,\"name\":\"Mercedes-Benz C 300 e\"}]},{\"@type\":\"WebSite\",\"@id\":\"https:\\\/\\\/carland-solutions.pt\\\/de\\\/#website\",\"url\":\"https:\\\/\\\/carland-solutions.pt\\\/de\\\/\",\"name\":\"Carland Solutions\",\"description\":\"\",\"publisher\":{\"@id\":\"https:\\\/\\\/carland-solutions.pt\\\/de\\\/#organization\"},\"potentialAction\":[{\"@type\":\"SearchAction\",\"target\":{\"@type\":\"EntryPoint\",\"urlTemplate\":\"https:\\\/\\\/carland-solutions.pt\\\/de\\\/?s={search_term_string}\"},\"query-input\":{\"@type\":\"PropertyValueSpecification\",\"valueRequired\":true,\"valueName\":\"search_term_string\"}}],\"inLanguage\":\"de\"},{\"@type\":\"Organization\",\"@id\":\"https:\\\/\\\/carland-solutions.pt\\\/de\\\/#organization\",\"name\":\"Carland Solutions\",\"url\":\"https:\\\/\\\/carland-solutions.pt\\\/de\\\/\",\"logo\":{\"@type\":\"ImageObject\",\"inLanguage\":\"de\",\"@id\":\"https:\\\/\\\/carland-solutions.pt\\\/de\\\/#\\\/schema\\\/logo\\\/image\\\/\",\"url\":\"https:\\\/\\\/carland-solutions.pt\\\/wp-content\\\/uploads\\\/2025\\\/01\\\/Carland-Solutions-WBG-900x400-11.jpg\",\"contentUrl\":\"https:\\\/\\\/carland-solutions.pt\\\/wp-content\\\/uploads\\\/2025\\\/01\\\/Carland-Solutions-WBG-900x400-11.jpg\",\"width\":900,\"height\":400,\"caption\":\"Carland Solutions\"},\"image\":{\"@id\":\"https:\\\/\\\/carland-solutions.pt\\\/de\\\/#\\\/schema\\\/logo\\\/image\\\/\"},\"sameAs\":[\"https:\\\/\\\/www.facebook.com\\\/carlandsolutions\",\"https:\\\/\\\/www.instagram.com\\\/carlandsolutions\\\/\"]}]}<\/script>\n<!-- \/ Yoast SEO plugin. -->","yoast_head_json":{"title":"Mercedes-Benz C 300 e - Carland Solutions","robots":{"index":"index","follow":"follow","max-snippet":"max-snippet:-1","max-image-preview":"max-image-preview:large","max-video-preview":"max-video-preview:-1"},"canonical":"https:\/\/carland-solutions.pt\/de\/product\/mercedes-benz-c-300-e\/","og_locale":"de_DE","og_type":"article","og_title":"Mercedes-Benz C 300 e - Carland Solutions","og_description":"Jahr: 11-2020  Version: C 300 und T 9G-Tronic AMG Line  Kilometerstand: 132.188 km  Hubraum: 1.991 cm3  Leistung: 320 PS  Drehmoment: 700 nm  Kraftstoffverbrauch in der Stadt: 3,6\/100 km  Getriebe: Automatik  Verbrennung: Hybrid &nbsp; &nbsp;","og_url":"https:\/\/carland-solutions.pt\/de\/product\/mercedes-benz-c-300-e\/","og_site_name":"Carland Solutions","article_publisher":"https:\/\/www.facebook.com\/carlandsolutions","article_modified_time":"2025-10-09T08:49:32+00:00","og_image":[{"width":1080,"height":1920,"url":"https:\/\/carland-solutions.pt\/wp-content\/uploads\/2025\/09\/IMG_4499.jpg","type":"image\/jpeg"}],"twitter_card":"summary_large_image","twitter_misc":{"Gesch\u00e4tzte Lesezeit":"2\u00a0Minuten"},"schema":{"@context":"https:\/\/schema.org","@graph":[{"@type":"WebPage","@id":"https:\/\/carland-solutions.pt\/de\/product\/mercedes-benz-c-300-e\/","url":"https:\/\/carland-solutions.pt\/de\/product\/mercedes-benz-c-300-e\/","name":"Mercedes-Benz C 300 e - Carland Solutions","isPartOf":{"@id":"https:\/\/carland-solutions.pt\/de\/#website"},"primaryImageOfPage":{"@id":"https:\/\/carland-solutions.pt\/de\/product\/mercedes-benz-c-300-e\/#primaryimage"},"image":{"@id":"https:\/\/carland-solutions.pt\/de\/product\/mercedes-benz-c-300-e\/#primaryimage"},"thumbnailUrl":"https:\/\/carland-solutions.pt\/wp-content\/uploads\/2025\/09\/IMG_4499.jpg","datePublished":"2025-02-10T10:22:39+00:00","dateModified":"2025-10-09T08:49:32+00:00","breadcrumb":{"@id":"https:\/\/carland-solutions.pt\/de\/product\/mercedes-benz-c-300-e\/#breadcrumb"},"inLanguage":"de","potentialAction":[{"@type":"ReadAction","target":["https:\/\/carland-solutions.pt\/de\/product\/mercedes-benz-c-300-e\/"]}]},{"@type":"ImageObject","inLanguage":"de","@id":"https:\/\/carland-solutions.pt\/de\/product\/mercedes-benz-c-300-e\/#primaryimage","url":"https:\/\/carland-solutions.pt\/wp-content\/uploads\/2025\/09\/IMG_4499.jpg","contentUrl":"https:\/\/carland-solutions.pt\/wp-content\/uploads\/2025\/09\/IMG_4499.jpg","width":1080,"height":1920},{"@type":"BreadcrumbList","@id":"https:\/\/carland-solutions.pt\/de\/product\/mercedes-benz-c-300-e\/#breadcrumb","itemListElement":[{"@type":"ListItem","position":1,"name":"Home","item":"https:\/\/carland-solutions.pt\/de\/"},{"@type":"ListItem","position":2,"name":"Refund and Returns Policy","item":"https:\/\/carland-solutions.pt\/?page_id=17"},{"@type":"ListItem","position":3,"name":"Mercedes-Benz C 300 e"}]},{"@type":"WebSite","@id":"https:\/\/carland-solutions.pt\/de\/#website","url":"https:\/\/carland-solutions.pt\/de\/","name":"Carland Solutions","description":"","publisher":{"@id":"https:\/\/carland-solutions.pt\/de\/#organization"},"potentialAction":[{"@type":"SearchAction","target":{"@type":"EntryPoint","urlTemplate":"https:\/\/carland-solutions.pt\/de\/?s={search_term_string}"},"query-input":{"@type":"PropertyValueSpecification","valueRequired":true,"valueName":"search_term_string"}}],"inLanguage":"de"},{"@type":"Organization","@id":"https:\/\/carland-solutions.pt\/de\/#organization","name":"Carland Solutions","url":"https:\/\/carland-solutions.pt\/de\/","logo":{"@type":"ImageObject","inLanguage":"de","@id":"https:\/\/carland-solutions.pt\/de\/#\/schema\/logo\/image\/","url":"https:\/\/carland-solutions.pt\/wp-content\/uploads\/2025\/01\/Carland-Solutions-WBG-900x400-11.jpg","contentUrl":"https:\/\/carland-solutions.pt\/wp-content\/uploads\/2025\/01\/Carland-Solutions-WBG-900x400-11.jpg","width":900,"height":400,"caption":"Carland Solutions"},"image":{"@id":"https:\/\/carland-solutions.pt\/de\/#\/schema\/logo\/image\/"},"sameAs":["https:\/\/www.facebook.com\/carlandsolutions","https:\/\/www.instagram.com\/carlandsolutions\/"]}]}},"_links":{"self":[{"href":"https:\/\/carland-solutions.pt\/de\/wp-json\/wp\/v2\/product\/3200","targetHints":{"allow":["GET"]}}],"collection":[{"href":"https:\/\/carland-solutions.pt\/de\/wp-json\/wp\/v2\/product"}],"about":[{"href":"https:\/\/carland-solutions.pt\/de\/wp-json\/wp\/v2\/types\/product"}],"wp:featuredmedia":[{"embeddable":true,"href":"https:\/\/carland-solutions.pt\/de\/wp-json\/wp\/v2\/media\/3204"}],"wp:attachment":[{"href":"https:\/\/carland-solutions.pt\/de\/wp-json\/wp\/v2\/media?parent=3200"}],"wp:term":[{"taxonomy":"product_brand","embeddable":true,"href":"https:\/\/carland-solutions.pt\/de\/wp-json\/wp\/v2\/product_brand?post=3200"},{"taxonomy":"product_cat","embeddable":true,"href":"https:\/\/carland-solutions.pt\/de\/wp-json\/wp\/v2\/product_cat?post=3200"},{"taxonomy":"product_tag","embeddable":true,"href":"https:\/\/carland-solutions.pt\/de\/wp-json\/wp\/v2\/product_tag?post=3200"}],"curies":[{"name":"wp","href":"https:\/\/api.w.org\/{rel}","templated":true}]}}