{"id":3122,"date":"2025-02-01T10:20:00","date_gmt":"2025-02-01T10:20:00","guid":{"rendered":"https:\/\/carland-solutions.pt\/product\/bmw-2er\/"},"modified":"2025-09-16T12:59:20","modified_gmt":"2025-09-16T11:59:20","slug":"bmw-2er","status":"publish","type":"product","link":"https:\/\/carland-solutions.pt\/de\/product\/bmw-2er\/","title":{"rendered":"BMW 2er"},"content":{"rendered":"<div class=\"wpb-content-wrapper\"><p>[vc_row gap=&#8220;35&#8243; equal_height=&#8220;yes&#8220; content_placement=&#8220;top&#8220;][vc_column][vc_column_text css=&#8220;&#8220;]BMW 2er[\/vc_column_text][vc_column_text css=&#8220;&#8220;]<strong>BMW 2er 214d Active Tourer Premiere 2017 &#8211; Elegant, leistungsstark und wirtschaftlich<\/strong><\/p>\n<p>Der 2017 BMW 2er 214d Active Tourer Premiere bietet die perfekte Kombination aus Komfort, Effizienz und Fahrvergn\u00fcgen. Dank des kraftvollen und dennoch sparsamen Dieselmotors genie\u00dfen Sie ein dynamisches Fahrerlebnis, sowohl in der Stadt als auch auf der Autobahn. Der Innenraum ist ger\u00e4umig, leise und stilvoll mit hochwertigen Materialien und intelligenter Technik ausgestattet, was jede Fahrt angenehm und entspannend macht. Egal, ob Sie mit der Familie unterwegs sind oder t\u00e4glich pendeln, dieser BMW zeichnet sich durch Vielseitigkeit, Sicherheit und erstklassigen Komfort aus &#8211; und das alles verpackt in einem schlanken und modernen Design.[\/vc_column_text][\/vc_column][\/vc_row][vc_row gap=&#8220;35&#8243; equal_height=&#8220;yes&#8220; content_placement=&#8220;top&#8220;][vc_column width=&#8220;1\/2&#8243;][vc_column_text css=&#8220;&#8220;]<\/p>\n<p><strong>AUDIO UND MULTIMEDIA<\/strong><\/p>\n<ul>\n<li>Bluetooth<\/li>\n<li>Radio<\/li>\n<li>Freisprechanlage<\/li>\n<li>USB-Anschluss<\/li>\n<li>Navigationssystem<\/li>\n<li>Audioanlage<\/li>\n<li>Touchscreen<\/li>\n<li>Sprachsteuerung von Fahrzeugfunktionen<\/li>\n<\/ul>\n<p><strong>KOMFORT UND AUSSTATTUNG<\/strong><\/p>\n<ul>\n<li>Armlehne vorne<\/li>\n<li>Armlehne hinten<\/li>\n<li>Lederlenkrad<\/li>\n<li>Radiobedienelemente am Lenkrad<\/li>\n<li>Multifunktionslenkrad<\/li>\n<li>Digitaler Schl\u00fcssel<\/li>\n<li>Zentralverriegelung ohne Schl\u00fcssel<\/li>\n<li>Starten ohne Schl\u00fcssel<\/li>\n<li>Starten des Motors ohne Schl\u00fcssel<\/li>\n<li>Klimatisierung<\/li>\n<li>Regensensor<\/li>\n<li>Windschutzscheibenentfeuchter<\/li>\n<li>Elektrische Fensterheber vorne<\/li>\n<li>Elektronik und Fahrhilfen<\/li>\n<li>Tempomat<\/li>\n<li>LED-Scheinwerfer<\/li>\n<li>Einparkhilfe<\/li>\n<li>Elektrisch verstellbare Au\u00dfenspiegel<\/li>\n<li>Geschwindigkeitsbegrenzer<\/li>\n<li>Traktionskontrolle<\/li>\n<li>Automatische Aktivierung der Motorpumpe<\/li>\n<li>Nebelscheinwerfer<\/li>\n<li>Start\/Stopp-System<\/li>\n<li>\u00dcberwachung des Reifendrucks<\/li>\n<li>Elektrische Handbremse<\/li>\n<li>Servolenkung<\/li>\n<\/ul>\n<p><strong>SICHERHEIT<\/strong><\/p>\n<ul>\n<li>ABS<\/li>\n<li>Stabilit\u00e4tskontrollsystem (ESP)<\/li>\n<li>Elektronisches Bremsassistenzsystem<\/li>\n<li>Zentraler Airbag f\u00fcr Fahrer und Beifahrer<\/li>\n<li>Seitenairbags f\u00fcr Fahrer und Beifahrer<\/li>\n<li>Seitenairbags hinten<\/li>\n<li>ISOFIX<\/li>\n<\/ul>\n<p>[\/vc_column_text][\/vc_column][vc_column width=&#8220;1\/2&#8243;][vc_column_text css=&#8220;.vc_custom_1740045839023{padding-top: 25px !important;padding-right: 35px !important;padding-bottom: 25px !important;padding-left: 35px !important;background-color: #1c2e4a !important;border-radius: 10px !important;}&#8220;]<span style=\"color: #ffffff;\"><i class=\"fa-fw dt-icon-the7-misc-017\"><\/i><strong>  Kaufen Sie Ihr Auto bei uns und erhalten Sie einen Gutschein f\u00fcr einen Urlaub!<\/strong><\/span><\/p>\n<p><span style=\"color: #ffffff;\"><i class=\"fa-fw dt-icon-the7-misc-017\"><\/i><strong>  Kostenlose Lieferung in Portugal<\/strong><\/span><\/p>\n<p><span style=\"color: #ffffff;\"><i class=\"fa-fw dt-icon-the7-misc-017\"><\/i><strong>  Der Preis beinhaltet eine 18-monatige Garantie mit landesweiter Abdeckung, ein Ersatzfahrzeug und einen 24-Stunden-Pannenservice.<\/strong><\/span><\/p>\n<p><span style=\"color: #ffffff;\"><i class=\"fa-fw dt-icon-the7-misc-017\"><\/i><strong>  Wir akzeptieren R\u00fccksendungen<\/strong><\/span><\/p>\n<p><span style=\"color: #ffffff;\"><i class=\"fa-fw dt-icon-the7-misc-017\"><\/i><strong>  M\u00f6glichkeit der Finanzierung<\/strong><\/span>[\/vc_column_text][\/vc_column][\/vc_row][vc_row][vc_column][vc_column_text css=&#8220;&#8220;]<\/p>\n<h2>Sind Sie an diesem Auto interessiert?<\/h2>\n<p>[\/vc_column_text][vc_column_text css=&#8220;&#8220;]Wenn Sie an diesem oder einem unserer anderen Gebrauchtwagen interessiert sind, z\u00f6gern Sie bitte nicht, uns zu kontaktieren unter <strong><a href=\"tel:+31641972793\">+31 6 419 727 93<\/a><\/strong> oder <strong><a href=\"tel:+351960184708\">+351 960 184 708<\/a><\/strong>.[\/vc_column_text][\/vc_column][\/vc_row]<\/p>\n<\/div>","protected":false},"excerpt":{"rendered":"<ul>\n<li>Jahr: 06-2017<\/li>\n<li>Version: 214d Active Tourer Premiere<\/li>\n<li>Kilometerstand: 166.988 km<\/li>\n<li>Verdr\u00e4ngung: 1.496 cm3<\/li>\n<li>Leistung: 95 PS<\/li>\n<li>Drehmoment: 230 nm<\/li>\n<li>Kraftstoffverbrauch in der Stadt: 3,8\/100 km<\/li>\n<li>Getriebe: manuell<\/li>\n<li>Kraftstoff: Diesel<\/li>\n<\/ul>\n","protected":false},"featured_media":2991,"template":"","meta":[],"product_brand":[],"product_cat":[54],"product_tag":[],"class_list":{"0":"post-3122","1":"product","2":"type-product","3":"status-publish","4":"has-post-thumbnail","6":"product_cat-verkauft","7":"description-off","9":"first","10":"outofstock","11":"shipping-taxable","12":"product-type-simple"},"yoast_head":"<!-- This site is optimized with the Yoast SEO plugin v27.5 - https:\/\/yoast.com\/product\/yoast-seo-wordpress\/ -->\n<title>BMW 2er - Carland Solutions<\/title>\n<meta name=\"robots\" content=\"index, follow, max-snippet:-1, max-image-preview:large, max-video-preview:-1\" \/>\n<link rel=\"canonical\" href=\"https:\/\/carland-solutions.pt\/de\/product\/bmw-2er\/\" \/>\n<meta property=\"og:locale\" content=\"de_DE\" \/>\n<meta property=\"og:type\" content=\"article\" \/>\n<meta property=\"og:title\" content=\"BMW 2er - Carland Solutions\" \/>\n<meta property=\"og:description\" content=\"Jahr: 06-2017  Version: 214d Active Tourer Premiere  Kilometerstand: 166.988 km  Verdr\u00e4ngung: 1.496 cm3  Leistung: 95 PS  Drehmoment: 230 nm  Kraftstoffverbrauch in der Stadt: 3,8\/100 km  Getriebe: manuell  Kraftstoff: Diesel\" \/>\n<meta property=\"og:url\" content=\"https:\/\/carland-solutions.pt\/de\/product\/bmw-2er\/\" \/>\n<meta property=\"og:site_name\" content=\"Carland Solutions\" \/>\n<meta property=\"article:publisher\" content=\"https:\/\/www.facebook.com\/carlandsolutions\" \/>\n<meta property=\"article:modified_time\" content=\"2025-09-16T11:59:20+00:00\" \/>\n<meta property=\"og:image\" content=\"https:\/\/carland-solutions.pt\/wp-content\/uploads\/2025\/09\/voor-foto-2.jpg\" \/>\n\t<meta property=\"og:image:width\" content=\"1080\" \/>\n\t<meta property=\"og:image:height\" content=\"1920\" \/>\n\t<meta property=\"og:image:type\" content=\"image\/jpeg\" \/>\n<meta name=\"twitter:card\" content=\"summary_large_image\" \/>\n<meta name=\"twitter:label1\" content=\"Gesch\u00e4tzte Lesezeit\" \/>\n\t<meta name=\"twitter:data1\" content=\"2\u00a0Minuten\" \/>\n<script type=\"application\/ld+json\" class=\"yoast-schema-graph\">{\"@context\":\"https:\\\/\\\/schema.org\",\"@graph\":[{\"@type\":\"WebPage\",\"@id\":\"https:\\\/\\\/carland-solutions.pt\\\/de\\\/product\\\/bmw-2er\\\/\",\"url\":\"https:\\\/\\\/carland-solutions.pt\\\/de\\\/product\\\/bmw-2er\\\/\",\"name\":\"BMW 2er - Carland Solutions\",\"isPartOf\":{\"@id\":\"https:\\\/\\\/carland-solutions.pt\\\/de\\\/#website\"},\"primaryImageOfPage\":{\"@id\":\"https:\\\/\\\/carland-solutions.pt\\\/de\\\/product\\\/bmw-2er\\\/#primaryimage\"},\"image\":{\"@id\":\"https:\\\/\\\/carland-solutions.pt\\\/de\\\/product\\\/bmw-2er\\\/#primaryimage\"},\"thumbnailUrl\":\"https:\\\/\\\/carland-solutions.pt\\\/wp-content\\\/uploads\\\/2025\\\/09\\\/voor-foto-2.jpg\",\"datePublished\":\"2025-02-01T10:20:00+00:00\",\"dateModified\":\"2025-09-16T11:59:20+00:00\",\"breadcrumb\":{\"@id\":\"https:\\\/\\\/carland-solutions.pt\\\/de\\\/product\\\/bmw-2er\\\/#breadcrumb\"},\"inLanguage\":\"de\",\"potentialAction\":[{\"@type\":\"ReadAction\",\"target\":[\"https:\\\/\\\/carland-solutions.pt\\\/de\\\/product\\\/bmw-2er\\\/\"]}]},{\"@type\":\"ImageObject\",\"inLanguage\":\"de\",\"@id\":\"https:\\\/\\\/carland-solutions.pt\\\/de\\\/product\\\/bmw-2er\\\/#primaryimage\",\"url\":\"https:\\\/\\\/carland-solutions.pt\\\/wp-content\\\/uploads\\\/2025\\\/09\\\/voor-foto-2.jpg\",\"contentUrl\":\"https:\\\/\\\/carland-solutions.pt\\\/wp-content\\\/uploads\\\/2025\\\/09\\\/voor-foto-2.jpg\",\"width\":1080,\"height\":1920},{\"@type\":\"BreadcrumbList\",\"@id\":\"https:\\\/\\\/carland-solutions.pt\\\/de\\\/product\\\/bmw-2er\\\/#breadcrumb\",\"itemListElement\":[{\"@type\":\"ListItem\",\"position\":1,\"name\":\"Home\",\"item\":\"https:\\\/\\\/carland-solutions.pt\\\/de\\\/\"},{\"@type\":\"ListItem\",\"position\":2,\"name\":\"Refund and Returns Policy\",\"item\":\"https:\\\/\\\/carland-solutions.pt\\\/?page_id=17\"},{\"@type\":\"ListItem\",\"position\":3,\"name\":\"BMW 2er\"}]},{\"@type\":\"WebSite\",\"@id\":\"https:\\\/\\\/carland-solutions.pt\\\/de\\\/#website\",\"url\":\"https:\\\/\\\/carland-solutions.pt\\\/de\\\/\",\"name\":\"Carland Solutions\",\"description\":\"\",\"publisher\":{\"@id\":\"https:\\\/\\\/carland-solutions.pt\\\/de\\\/#organization\"},\"potentialAction\":[{\"@type\":\"SearchAction\",\"target\":{\"@type\":\"EntryPoint\",\"urlTemplate\":\"https:\\\/\\\/carland-solutions.pt\\\/de\\\/?s={search_term_string}\"},\"query-input\":{\"@type\":\"PropertyValueSpecification\",\"valueRequired\":true,\"valueName\":\"search_term_string\"}}],\"inLanguage\":\"de\"},{\"@type\":\"Organization\",\"@id\":\"https:\\\/\\\/carland-solutions.pt\\\/de\\\/#organization\",\"name\":\"Carland Solutions\",\"url\":\"https:\\\/\\\/carland-solutions.pt\\\/de\\\/\",\"logo\":{\"@type\":\"ImageObject\",\"inLanguage\":\"de\",\"@id\":\"https:\\\/\\\/carland-solutions.pt\\\/de\\\/#\\\/schema\\\/logo\\\/image\\\/\",\"url\":\"https:\\\/\\\/carland-solutions.pt\\\/wp-content\\\/uploads\\\/2025\\\/01\\\/Carland-Solutions-WBG-900x400-11.jpg\",\"contentUrl\":\"https:\\\/\\\/carland-solutions.pt\\\/wp-content\\\/uploads\\\/2025\\\/01\\\/Carland-Solutions-WBG-900x400-11.jpg\",\"width\":900,\"height\":400,\"caption\":\"Carland Solutions\"},\"image\":{\"@id\":\"https:\\\/\\\/carland-solutions.pt\\\/de\\\/#\\\/schema\\\/logo\\\/image\\\/\"},\"sameAs\":[\"https:\\\/\\\/www.facebook.com\\\/carlandsolutions\",\"https:\\\/\\\/www.instagram.com\\\/carlandsolutions\\\/\"]}]}<\/script>\n<!-- \/ Yoast SEO plugin. -->","yoast_head_json":{"title":"BMW 2er - Carland Solutions","robots":{"index":"index","follow":"follow","max-snippet":"max-snippet:-1","max-image-preview":"max-image-preview:large","max-video-preview":"max-video-preview:-1"},"canonical":"https:\/\/carland-solutions.pt\/de\/product\/bmw-2er\/","og_locale":"de_DE","og_type":"article","og_title":"BMW 2er - Carland Solutions","og_description":"Jahr: 06-2017  Version: 214d Active Tourer Premiere  Kilometerstand: 166.988 km  Verdr\u00e4ngung: 1.496 cm3  Leistung: 95 PS  Drehmoment: 230 nm  Kraftstoffverbrauch in der Stadt: 3,8\/100 km  Getriebe: manuell  Kraftstoff: Diesel","og_url":"https:\/\/carland-solutions.pt\/de\/product\/bmw-2er\/","og_site_name":"Carland Solutions","article_publisher":"https:\/\/www.facebook.com\/carlandsolutions","article_modified_time":"2025-09-16T11:59:20+00:00","og_image":[{"width":1080,"height":1920,"url":"https:\/\/carland-solutions.pt\/wp-content\/uploads\/2025\/09\/voor-foto-2.jpg","type":"image\/jpeg"}],"twitter_card":"summary_large_image","twitter_misc":{"Gesch\u00e4tzte Lesezeit":"2\u00a0Minuten"},"schema":{"@context":"https:\/\/schema.org","@graph":[{"@type":"WebPage","@id":"https:\/\/carland-solutions.pt\/de\/product\/bmw-2er\/","url":"https:\/\/carland-solutions.pt\/de\/product\/bmw-2er\/","name":"BMW 2er - Carland Solutions","isPartOf":{"@id":"https:\/\/carland-solutions.pt\/de\/#website"},"primaryImageOfPage":{"@id":"https:\/\/carland-solutions.pt\/de\/product\/bmw-2er\/#primaryimage"},"image":{"@id":"https:\/\/carland-solutions.pt\/de\/product\/bmw-2er\/#primaryimage"},"thumbnailUrl":"https:\/\/carland-solutions.pt\/wp-content\/uploads\/2025\/09\/voor-foto-2.jpg","datePublished":"2025-02-01T10:20:00+00:00","dateModified":"2025-09-16T11:59:20+00:00","breadcrumb":{"@id":"https:\/\/carland-solutions.pt\/de\/product\/bmw-2er\/#breadcrumb"},"inLanguage":"de","potentialAction":[{"@type":"ReadAction","target":["https:\/\/carland-solutions.pt\/de\/product\/bmw-2er\/"]}]},{"@type":"ImageObject","inLanguage":"de","@id":"https:\/\/carland-solutions.pt\/de\/product\/bmw-2er\/#primaryimage","url":"https:\/\/carland-solutions.pt\/wp-content\/uploads\/2025\/09\/voor-foto-2.jpg","contentUrl":"https:\/\/carland-solutions.pt\/wp-content\/uploads\/2025\/09\/voor-foto-2.jpg","width":1080,"height":1920},{"@type":"BreadcrumbList","@id":"https:\/\/carland-solutions.pt\/de\/product\/bmw-2er\/#breadcrumb","itemListElement":[{"@type":"ListItem","position":1,"name":"Home","item":"https:\/\/carland-solutions.pt\/de\/"},{"@type":"ListItem","position":2,"name":"Refund and Returns Policy","item":"https:\/\/carland-solutions.pt\/?page_id=17"},{"@type":"ListItem","position":3,"name":"BMW 2er"}]},{"@type":"WebSite","@id":"https:\/\/carland-solutions.pt\/de\/#website","url":"https:\/\/carland-solutions.pt\/de\/","name":"Carland Solutions","description":"","publisher":{"@id":"https:\/\/carland-solutions.pt\/de\/#organization"},"potentialAction":[{"@type":"SearchAction","target":{"@type":"EntryPoint","urlTemplate":"https:\/\/carland-solutions.pt\/de\/?s={search_term_string}"},"query-input":{"@type":"PropertyValueSpecification","valueRequired":true,"valueName":"search_term_string"}}],"inLanguage":"de"},{"@type":"Organization","@id":"https:\/\/carland-solutions.pt\/de\/#organization","name":"Carland Solutions","url":"https:\/\/carland-solutions.pt\/de\/","logo":{"@type":"ImageObject","inLanguage":"de","@id":"https:\/\/carland-solutions.pt\/de\/#\/schema\/logo\/image\/","url":"https:\/\/carland-solutions.pt\/wp-content\/uploads\/2025\/01\/Carland-Solutions-WBG-900x400-11.jpg","contentUrl":"https:\/\/carland-solutions.pt\/wp-content\/uploads\/2025\/01\/Carland-Solutions-WBG-900x400-11.jpg","width":900,"height":400,"caption":"Carland Solutions"},"image":{"@id":"https:\/\/carland-solutions.pt\/de\/#\/schema\/logo\/image\/"},"sameAs":["https:\/\/www.facebook.com\/carlandsolutions","https:\/\/www.instagram.com\/carlandsolutions\/"]}]}},"_links":{"self":[{"href":"https:\/\/carland-solutions.pt\/de\/wp-json\/wp\/v2\/product\/3122","targetHints":{"allow":["GET"]}}],"collection":[{"href":"https:\/\/carland-solutions.pt\/de\/wp-json\/wp\/v2\/product"}],"about":[{"href":"https:\/\/carland-solutions.pt\/de\/wp-json\/wp\/v2\/types\/product"}],"wp:featuredmedia":[{"embeddable":true,"href":"https:\/\/carland-solutions.pt\/de\/wp-json\/wp\/v2\/media\/2991"}],"wp:attachment":[{"href":"https:\/\/carland-solutions.pt\/de\/wp-json\/wp\/v2\/media?parent=3122"}],"wp:term":[{"taxonomy":"product_brand","embeddable":true,"href":"https:\/\/carland-solutions.pt\/de\/wp-json\/wp\/v2\/product_brand?post=3122"},{"taxonomy":"product_cat","embeddable":true,"href":"https:\/\/carland-solutions.pt\/de\/wp-json\/wp\/v2\/product_cat?post=3122"},{"taxonomy":"product_tag","embeddable":true,"href":"https:\/\/carland-solutions.pt\/de\/wp-json\/wp\/v2\/product_tag?post=3122"}],"curies":[{"name":"wp","href":"https:\/\/api.w.org\/{rel}","templated":true}]}}