{"id":2574,"date":"2025-02-13T10:42:12","date_gmt":"2025-02-13T10:42:12","guid":{"rendered":"https:\/\/carland-solutions.pt\/product\/fiat-500c-1-2-lounge\/"},"modified":"2025-10-09T09:18:48","modified_gmt":"2025-10-09T08:18:48","slug":"fiat-500c-1-2-lounge","status":"publish","type":"product","link":"https:\/\/carland-solutions.pt\/de\/product\/fiat-500c-1-2-lounge\/","title":{"rendered":"Fiat 500C 1.2 Lounge"},"content":{"rendered":"<div class=\"wpb-content-wrapper\"><p>[vc_row gap=&#8220;35&#8243; equal_height=&#8220;yes&#8220; content_placement=&#8220;top&#8220;][vc_column][vc_column_text css=&#8220;&#8220;][\/vc_column_text][vc_column_text css=&#8220;&#8220;]<strong>Einleitender Satz<\/strong><\/p>\n<p>Beschreibung[\/vc_column_text][\/vc_column][\/vc_row][vc_row gap=&#8220;35&#8243; equal_height=&#8220;yes&#8220; content_placement=&#8220;top&#8220;][vc_column width=&#8220;1\/2&#8243;][vc_column_text css=&#8220;&#8220;]<\/p>\n<div class=\"x11i5rnm xat24cr x1mh8g0r x1vvkbs xtlvy1s x126k92a\">\n<div dir=\"auto\">\n<div dir=\"auto\">\n<p>&nbsp;<\/p>\n<p>&nbsp;<\/p>\n<p><strong>Fiat 500C 1.2 Lounge &#8211; Stilvoll, effizient und komfortabel<\/strong><br \/>\nLernen Sie den <strong>08-2012 Fiat 500C 1.2 Lounge<\/strong> kennen, ein zeitloses Cabriolet, das italienisches Flair mit praktischem Luxus verbindet. Dank des sparsamen 1,2-Liter-Motors genie\u00dfen Sie ein sanftes und reaktionsschnelles Fahrerlebnis, das sich sowohl f\u00fcr Fahrten in der Stadt als auch f\u00fcr entspannte Ausfl\u00fcge au\u00dferhalb der Stadt eignet. Das elektrische Faltdach macht jede Fahrt zu einem Open-Air-Erlebnis, w\u00e4hrend der Innenraum \u00fcberraschend ger\u00e4umig und raffiniert ist, mit hochwertiger Verarbeitung und bequemen Sitzen. Kompakt in der Gr\u00f6\u00dfe, leicht zu parken und mit einem einzigartigen Look: der Fiat 500C ist die Wahl f\u00fcr alle, die Wert auf Stil, Komfort und Effizienz legen.   <\/p>\n<\/div>\n<p>&nbsp;<\/p>\n<p>AUDIO UND MULTIMEDIA<\/p>\n<p>-Bluetooth<\/p>\n<p>-Radio<\/p>\n<p>-USB-Anschluss<\/p>\n<p>KOMFORT UND AUSSTATTUNG<\/p>\n<p>-manuelle Klimaanlage<\/p>\n<p>-Stoffkapuze<\/p>\n<p>-Stoff-Polsterung<\/p>\n<p>-Lederlenkrad<\/p>\n<p>-Radio-Bedienelemente am Lenkrad<\/p>\n<p>-Elektrische Fensterheber vorne<\/p>\n<p>Elektronik und Fahrhilfen<\/p>\n<p>-Cruise Control<\/p>\n<p>-Elektrisch verstellbare Au\u00dfenspiegel<\/p>\n<p>-H\u00fcgelabstiegskontrolle<\/p>\n<p>-Start\/Stopp-System<\/p>\n<p>-Reifendruck\u00fcberwachung<\/p>\n<p>SICHERHEIT<\/p>\n<p>-Stabilit\u00e4tskontrolle (ESP)<\/p>\n<p>Fahrer-Airbag<\/p>\n<p>-Beifahrer-Airbag<\/p>\n<p>Knie-Airbag f\u00fcr Beifahrer<\/p>\n<p>Fahrer- und Beifahrerairbags<\/p>\n<\/div>\n<\/div>\n<p>[\/vc_column_text][\/vc_column][vc_column width=&#8220;1\/2&#8243;][vc_column_text css=&#8220;.vc_custom_1759939619199{padding-top: 25px !important;padding-right: 35px !important;padding-bottom: 25px !important;padding-left: 35px !important;background-color: #1c2e4a !important;border-radius: 10px !important;}&#8220;]<span style=\"color: #ffffff;\"><i class=\"fa-fw dt-icon-the7-misc-017\"><\/i><strong>  Kaufen Sie Ihr Auto bei uns und erhalten Sie einen Gutschein f\u00fcr einen Urlaub!<\/strong><\/span><\/p>\n<p><span style=\"color: #ffffff;\"><i class=\"fa-fw dt-icon-the7-misc-017\"><\/i><strong>  Kostenlose Lieferung in Portugal<\/strong><\/span><\/p>\n<p><span style=\"color: #ffffff;\"><i class=\"fa-fw dt-icon-the7-misc-017\"><\/i><strong>  Der Preis beinhaltet eine 18-monatige Garantie mit landesweiter Abdeckung, ein Ersatzfahrzeug und einen 24-Stunden-Pannenservice.<\/strong><\/span><\/p>\n<p><span style=\"color: #ffffff;\"><i class=\"fa-fw dt-icon-the7-misc-017\"><\/i><strong>  M\u00f6glichkeit der Finanzierung<\/strong><\/span><\/p>\n<p><span style=\"color: #ffffff;\"><i class=\"fa-fw dt-icon-the7-misc-017\"><\/i><strong>  Die Inzahlungnahme Ihres aktuellen Fahrzeugs ist auf Anfrage m\u00f6glich<\/strong><\/span>[\/vc_column_text][\/vc_column][\/vc_row][vc_row][vc_column][vc_column_text css=&#8220;&#8220;]<\/p>\n<h2>Sind Sie an diesem Auto interessiert?<\/h2>\n<p>[\/vc_column_text][vc_column_text css=&#8220;&#8220;]Wenn Sie an diesem oder einem unserer anderen Gebrauchtwagen interessiert sind, z\u00f6gern Sie bitte nicht, uns zu kontaktieren unter <strong><br \/>\n  <a href=\"tel:+31641972793\">+31 6 419 727 93<\/a><br \/>\n<\/strong> oder <strong><br \/>\n  <a href=\"tel:+351960184708\">+351 960 184 708<\/a><br \/>\n<\/strong>.[\/vc_column_text][\/vc_column][\/vc_row]<\/p>\n<\/div>","protected":false},"excerpt":{"rendered":"<ul>\n<li>Jahr: 08-2012<\/li>\n<li>Version: 1.2 LOUNGE<\/li>\n<li>Kilometerstand: 98100 km<\/li>\n<li>Fassungsverm\u00f6gen des Zylinders: 1 242 cm3<\/li>\n<li>Leistung: 70 PS<\/li>\n<li>Drehmoment: 102 nm<\/li>\n<li>Verbrauch in der Stadt: 4,7\/100 km<\/li>\n<li>Getriebe: manuell<\/li>\n<li>Kraftstoff: Benzin<\/li>\n<\/ul>\n<p>&nbsp;<\/p>\n","protected":false},"featured_media":2578,"template":"","meta":[],"product_brand":[],"product_cat":[49,54],"product_tag":[],"class_list":{"0":"post-2574","1":"product","2":"type-product","3":"status-publish","4":"has-post-thumbnail","6":"product_cat-te-koop-de","7":"product_cat-verkauft","8":"description-off","10":"first","11":"outofstock","12":"shipping-taxable","13":"product-type-simple"},"yoast_head":"<!-- This site is optimized with the Yoast SEO plugin v27.5 - https:\/\/yoast.com\/product\/yoast-seo-wordpress\/ -->\n<title>Fiat 500C 1.2 Lounge - Carland Solutions<\/title>\n<meta name=\"robots\" content=\"index, follow, max-snippet:-1, max-image-preview:large, max-video-preview:-1\" \/>\n<link rel=\"canonical\" href=\"https:\/\/carland-solutions.pt\/de\/product\/fiat-500c-1-2-lounge\/\" \/>\n<meta property=\"og:locale\" content=\"de_DE\" \/>\n<meta property=\"og:type\" content=\"article\" \/>\n<meta property=\"og:title\" content=\"Fiat 500C 1.2 Lounge - Carland Solutions\" \/>\n<meta property=\"og:description\" content=\"Jahr: 08-2012  Version: 1.2 LOUNGE  Kilometerstand: 98100 km  Fassungsverm\u00f6gen des Zylinders: 1 242 cm3  Leistung: 70 PS  Drehmoment: 102 nm  Verbrauch in der Stadt: 4,7\/100 km  Getriebe: manuell  Kraftstoff: Benzin &nbsp;\" \/>\n<meta property=\"og:url\" content=\"https:\/\/carland-solutions.pt\/de\/product\/fiat-500c-1-2-lounge\/\" \/>\n<meta property=\"og:site_name\" content=\"Carland Solutions\" \/>\n<meta property=\"article:publisher\" content=\"https:\/\/www.facebook.com\/carlandsolutions\" \/>\n<meta property=\"article:modified_time\" content=\"2025-10-09T08:18:48+00:00\" \/>\n<meta property=\"og:image\" content=\"https:\/\/carland-solutions.pt\/wp-content\/uploads\/2025\/08\/fiat-500c-.jpg\" \/>\n\t<meta property=\"og:image:width\" content=\"1080\" \/>\n\t<meta property=\"og:image:height\" content=\"1920\" \/>\n\t<meta property=\"og:image:type\" content=\"image\/jpeg\" \/>\n<meta name=\"twitter:card\" content=\"summary_large_image\" \/>\n<meta name=\"twitter:label1\" content=\"Gesch\u00e4tzte Lesezeit\" \/>\n\t<meta name=\"twitter:data1\" content=\"2\u00a0Minuten\" \/>\n<script type=\"application\/ld+json\" class=\"yoast-schema-graph\">{\"@context\":\"https:\\\/\\\/schema.org\",\"@graph\":[{\"@type\":\"WebPage\",\"@id\":\"https:\\\/\\\/carland-solutions.pt\\\/de\\\/product\\\/fiat-500c-1-2-lounge\\\/\",\"url\":\"https:\\\/\\\/carland-solutions.pt\\\/de\\\/product\\\/fiat-500c-1-2-lounge\\\/\",\"name\":\"Fiat 500C 1.2 Lounge - Carland Solutions\",\"isPartOf\":{\"@id\":\"https:\\\/\\\/carland-solutions.pt\\\/de\\\/#website\"},\"primaryImageOfPage\":{\"@id\":\"https:\\\/\\\/carland-solutions.pt\\\/de\\\/product\\\/fiat-500c-1-2-lounge\\\/#primaryimage\"},\"image\":{\"@id\":\"https:\\\/\\\/carland-solutions.pt\\\/de\\\/product\\\/fiat-500c-1-2-lounge\\\/#primaryimage\"},\"thumbnailUrl\":\"https:\\\/\\\/carland-solutions.pt\\\/wp-content\\\/uploads\\\/2025\\\/08\\\/fiat-500c-.jpg\",\"datePublished\":\"2025-02-13T10:42:12+00:00\",\"dateModified\":\"2025-10-09T08:18:48+00:00\",\"breadcrumb\":{\"@id\":\"https:\\\/\\\/carland-solutions.pt\\\/de\\\/product\\\/fiat-500c-1-2-lounge\\\/#breadcrumb\"},\"inLanguage\":\"de\",\"potentialAction\":[{\"@type\":\"ReadAction\",\"target\":[\"https:\\\/\\\/carland-solutions.pt\\\/de\\\/product\\\/fiat-500c-1-2-lounge\\\/\"]}]},{\"@type\":\"ImageObject\",\"inLanguage\":\"de\",\"@id\":\"https:\\\/\\\/carland-solutions.pt\\\/de\\\/product\\\/fiat-500c-1-2-lounge\\\/#primaryimage\",\"url\":\"https:\\\/\\\/carland-solutions.pt\\\/wp-content\\\/uploads\\\/2025\\\/08\\\/fiat-500c-.jpg\",\"contentUrl\":\"https:\\\/\\\/carland-solutions.pt\\\/wp-content\\\/uploads\\\/2025\\\/08\\\/fiat-500c-.jpg\",\"width\":1080,\"height\":1920},{\"@type\":\"BreadcrumbList\",\"@id\":\"https:\\\/\\\/carland-solutions.pt\\\/de\\\/product\\\/fiat-500c-1-2-lounge\\\/#breadcrumb\",\"itemListElement\":[{\"@type\":\"ListItem\",\"position\":1,\"name\":\"Home\",\"item\":\"https:\\\/\\\/carland-solutions.pt\\\/de\\\/\"},{\"@type\":\"ListItem\",\"position\":2,\"name\":\"Refund and Returns Policy\",\"item\":\"https:\\\/\\\/carland-solutions.pt\\\/?page_id=17\"},{\"@type\":\"ListItem\",\"position\":3,\"name\":\"Fiat 500C 1.2 Lounge\"}]},{\"@type\":\"WebSite\",\"@id\":\"https:\\\/\\\/carland-solutions.pt\\\/de\\\/#website\",\"url\":\"https:\\\/\\\/carland-solutions.pt\\\/de\\\/\",\"name\":\"Carland Solutions\",\"description\":\"\",\"publisher\":{\"@id\":\"https:\\\/\\\/carland-solutions.pt\\\/de\\\/#organization\"},\"potentialAction\":[{\"@type\":\"SearchAction\",\"target\":{\"@type\":\"EntryPoint\",\"urlTemplate\":\"https:\\\/\\\/carland-solutions.pt\\\/de\\\/?s={search_term_string}\"},\"query-input\":{\"@type\":\"PropertyValueSpecification\",\"valueRequired\":true,\"valueName\":\"search_term_string\"}}],\"inLanguage\":\"de\"},{\"@type\":\"Organization\",\"@id\":\"https:\\\/\\\/carland-solutions.pt\\\/de\\\/#organization\",\"name\":\"Carland Solutions\",\"url\":\"https:\\\/\\\/carland-solutions.pt\\\/de\\\/\",\"logo\":{\"@type\":\"ImageObject\",\"inLanguage\":\"de\",\"@id\":\"https:\\\/\\\/carland-solutions.pt\\\/de\\\/#\\\/schema\\\/logo\\\/image\\\/\",\"url\":\"https:\\\/\\\/carland-solutions.pt\\\/wp-content\\\/uploads\\\/2025\\\/01\\\/Carland-Solutions-WBG-900x400-11.jpg\",\"contentUrl\":\"https:\\\/\\\/carland-solutions.pt\\\/wp-content\\\/uploads\\\/2025\\\/01\\\/Carland-Solutions-WBG-900x400-11.jpg\",\"width\":900,\"height\":400,\"caption\":\"Carland Solutions\"},\"image\":{\"@id\":\"https:\\\/\\\/carland-solutions.pt\\\/de\\\/#\\\/schema\\\/logo\\\/image\\\/\"},\"sameAs\":[\"https:\\\/\\\/www.facebook.com\\\/carlandsolutions\",\"https:\\\/\\\/www.instagram.com\\\/carlandsolutions\\\/\"]}]}<\/script>\n<!-- \/ Yoast SEO plugin. -->","yoast_head_json":{"title":"Fiat 500C 1.2 Lounge - Carland Solutions","robots":{"index":"index","follow":"follow","max-snippet":"max-snippet:-1","max-image-preview":"max-image-preview:large","max-video-preview":"max-video-preview:-1"},"canonical":"https:\/\/carland-solutions.pt\/de\/product\/fiat-500c-1-2-lounge\/","og_locale":"de_DE","og_type":"article","og_title":"Fiat 500C 1.2 Lounge - Carland Solutions","og_description":"Jahr: 08-2012  Version: 1.2 LOUNGE  Kilometerstand: 98100 km  Fassungsverm\u00f6gen des Zylinders: 1 242 cm3  Leistung: 70 PS  Drehmoment: 102 nm  Verbrauch in der Stadt: 4,7\/100 km  Getriebe: manuell  Kraftstoff: Benzin &nbsp;","og_url":"https:\/\/carland-solutions.pt\/de\/product\/fiat-500c-1-2-lounge\/","og_site_name":"Carland Solutions","article_publisher":"https:\/\/www.facebook.com\/carlandsolutions","article_modified_time":"2025-10-09T08:18:48+00:00","og_image":[{"width":1080,"height":1920,"url":"https:\/\/carland-solutions.pt\/wp-content\/uploads\/2025\/08\/fiat-500c-.jpg","type":"image\/jpeg"}],"twitter_card":"summary_large_image","twitter_misc":{"Gesch\u00e4tzte Lesezeit":"2\u00a0Minuten"},"schema":{"@context":"https:\/\/schema.org","@graph":[{"@type":"WebPage","@id":"https:\/\/carland-solutions.pt\/de\/product\/fiat-500c-1-2-lounge\/","url":"https:\/\/carland-solutions.pt\/de\/product\/fiat-500c-1-2-lounge\/","name":"Fiat 500C 1.2 Lounge - Carland Solutions","isPartOf":{"@id":"https:\/\/carland-solutions.pt\/de\/#website"},"primaryImageOfPage":{"@id":"https:\/\/carland-solutions.pt\/de\/product\/fiat-500c-1-2-lounge\/#primaryimage"},"image":{"@id":"https:\/\/carland-solutions.pt\/de\/product\/fiat-500c-1-2-lounge\/#primaryimage"},"thumbnailUrl":"https:\/\/carland-solutions.pt\/wp-content\/uploads\/2025\/08\/fiat-500c-.jpg","datePublished":"2025-02-13T10:42:12+00:00","dateModified":"2025-10-09T08:18:48+00:00","breadcrumb":{"@id":"https:\/\/carland-solutions.pt\/de\/product\/fiat-500c-1-2-lounge\/#breadcrumb"},"inLanguage":"de","potentialAction":[{"@type":"ReadAction","target":["https:\/\/carland-solutions.pt\/de\/product\/fiat-500c-1-2-lounge\/"]}]},{"@type":"ImageObject","inLanguage":"de","@id":"https:\/\/carland-solutions.pt\/de\/product\/fiat-500c-1-2-lounge\/#primaryimage","url":"https:\/\/carland-solutions.pt\/wp-content\/uploads\/2025\/08\/fiat-500c-.jpg","contentUrl":"https:\/\/carland-solutions.pt\/wp-content\/uploads\/2025\/08\/fiat-500c-.jpg","width":1080,"height":1920},{"@type":"BreadcrumbList","@id":"https:\/\/carland-solutions.pt\/de\/product\/fiat-500c-1-2-lounge\/#breadcrumb","itemListElement":[{"@type":"ListItem","position":1,"name":"Home","item":"https:\/\/carland-solutions.pt\/de\/"},{"@type":"ListItem","position":2,"name":"Refund and Returns Policy","item":"https:\/\/carland-solutions.pt\/?page_id=17"},{"@type":"ListItem","position":3,"name":"Fiat 500C 1.2 Lounge"}]},{"@type":"WebSite","@id":"https:\/\/carland-solutions.pt\/de\/#website","url":"https:\/\/carland-solutions.pt\/de\/","name":"Carland Solutions","description":"","publisher":{"@id":"https:\/\/carland-solutions.pt\/de\/#organization"},"potentialAction":[{"@type":"SearchAction","target":{"@type":"EntryPoint","urlTemplate":"https:\/\/carland-solutions.pt\/de\/?s={search_term_string}"},"query-input":{"@type":"PropertyValueSpecification","valueRequired":true,"valueName":"search_term_string"}}],"inLanguage":"de"},{"@type":"Organization","@id":"https:\/\/carland-solutions.pt\/de\/#organization","name":"Carland Solutions","url":"https:\/\/carland-solutions.pt\/de\/","logo":{"@type":"ImageObject","inLanguage":"de","@id":"https:\/\/carland-solutions.pt\/de\/#\/schema\/logo\/image\/","url":"https:\/\/carland-solutions.pt\/wp-content\/uploads\/2025\/01\/Carland-Solutions-WBG-900x400-11.jpg","contentUrl":"https:\/\/carland-solutions.pt\/wp-content\/uploads\/2025\/01\/Carland-Solutions-WBG-900x400-11.jpg","width":900,"height":400,"caption":"Carland Solutions"},"image":{"@id":"https:\/\/carland-solutions.pt\/de\/#\/schema\/logo\/image\/"},"sameAs":["https:\/\/www.facebook.com\/carlandsolutions","https:\/\/www.instagram.com\/carlandsolutions\/"]}]}},"_links":{"self":[{"href":"https:\/\/carland-solutions.pt\/de\/wp-json\/wp\/v2\/product\/2574","targetHints":{"allow":["GET"]}}],"collection":[{"href":"https:\/\/carland-solutions.pt\/de\/wp-json\/wp\/v2\/product"}],"about":[{"href":"https:\/\/carland-solutions.pt\/de\/wp-json\/wp\/v2\/types\/product"}],"wp:featuredmedia":[{"embeddable":true,"href":"https:\/\/carland-solutions.pt\/de\/wp-json\/wp\/v2\/media\/2578"}],"wp:attachment":[{"href":"https:\/\/carland-solutions.pt\/de\/wp-json\/wp\/v2\/media?parent=2574"}],"wp:term":[{"taxonomy":"product_brand","embeddable":true,"href":"https:\/\/carland-solutions.pt\/de\/wp-json\/wp\/v2\/product_brand?post=2574"},{"taxonomy":"product_cat","embeddable":true,"href":"https:\/\/carland-solutions.pt\/de\/wp-json\/wp\/v2\/product_cat?post=2574"},{"taxonomy":"product_tag","embeddable":true,"href":"https:\/\/carland-solutions.pt\/de\/wp-json\/wp\/v2\/product_tag?post=2574"}],"curies":[{"name":"wp","href":"https:\/\/api.w.org\/{rel}","templated":true}]}}