{"id":2212,"date":"2025-02-13T10:41:09","date_gmt":"2025-02-13T10:41:09","guid":{"rendered":"https:\/\/carland-solutions.pt\/product\/renault-kangoo-formel-edition\/"},"modified":"2025-10-31T16:17:57","modified_gmt":"2025-10-31T16:17:57","slug":"renault-kangoo-formel-edition","status":"publish","type":"product","link":"https:\/\/carland-solutions.pt\/de\/product\/renault-kangoo-formel-edition\/","title":{"rendered":"Renault Kangoo Formel Edition"},"content":{"rendered":"<div class=\"wpb-content-wrapper\"><p>[vc_row gap=&#8220;35&#8243; equal_height=&#8220;yes&#8220; content_placement=&#8220;top&#8220;][vc_column][vc_column_text css=&#8220;&#8220;]Renault Kangoo Formel Edition[\/vc_column_text][vc_column_text css=&#8220;&#8220;]<\/p>\n<h3 data-start=\"115\" data-end=\"202\"><strong data-start=\"119\" data-end=\"202\">Renault Kangoo Formula Edition 2017 &#8211; Sportlich, vielseitig und erstaunlich sparsam<\/strong><\/h3>\n<p data-start=\"204\" data-end=\"486\">Ervaar de perfecte mix van sportiviteit en functionaliteit met de <strong data-start=\"270\" data-end=\"309\">Renault Kangoo Formula Edition 2017<\/strong>. Ge\u00efnspireerd op de Formule 1, valt deze speciale editie op door zijn stoere design, exclusieve details en dynamisch rijgedrag \u2013 zonder in te leveren op comfort of effici\u00ebntie.<\/p>\n<p data-start=\"488\" data-end=\"904\">Im Innenraum bietet der Kangoo ein ger\u00e4umiges und flexibles Interieur, ideal f\u00fcr Berufst\u00e4tige und aktive Familien gleicherma\u00dfen. Der sparsame Dieselmotor liefert kraftvolle Leistung bei niedrigem Kraftstoffverbrauch, so dass jede Fahrt sowohl angenehm als auch wirtschaftlich ist. Die einzigartige Formula Edition-Lackierung &#8211; mit gl\u00e4nzend schwarzen Akzenten, speziellen Felgen und sportlichen gelben Details &#8211; verleiht dem Fahrzeug einen unverwechselbaren und modernen Look.  <\/p>\n<p data-start=\"906\" data-end=\"1067\">Ob Sie einen zuverl\u00e4ssigen Arbeitspartner oder einen vielseitigen Begleiter f\u00fcr Ihren Alltag suchen, der 2017er Kangoo Formula Edition ist bereit, Sie zu begleiten<\/p>\n<p>[\/vc_column_text][\/vc_column][\/vc_row][vc_row gap=&#8220;35&#8243; equal_height=&#8220;yes&#8220; content_placement=&#8220;top&#8220;][vc_column width=&#8220;1\/2&#8243;][vc_column_text css=&#8220;&#8220;]AUDIO UND MULTIMEDIA-Bluetooth-Radio-Touchscreen<\/p>\n<p>KOMFORT UND AUSSTATTUNG-Manuelle Klimaanlage-Alcantara-Stoff-Armst\u00fctze vorne-Radio-Bedienelemente am Lenkrad-Elektrische Fensterheber vorne<\/p>\n<p>-Elektronik und Fahrassistenz<br \/>\n-Abstandsregeltempomat<br \/>\n-Einparksensor hinten<br \/>\n-Geschwindigkeitsbegrenzer<br \/>\n-Traktionskontrolle<br \/>\n-H\u00f6henverstellung<br \/>\n-Lenkung<\/p>\n<p>SICHERHEIT-ABS-Stabilit\u00e4tskontrolle (ESP)-Elektronische Bremskraftverteilung-Elektronischer Bremsassistent-Fahrerairbag-Beifahrerairbag-Kopfairbags f\u00fcr Fahrer und Beifahrer-ISOFIX[\/vc_column_text][\/vc_column][vc_column width=&#8220;1\/2&#8243;][vc_column_text css=&#8220;.vc_custom_1759939632701{padding-top: 25px !important;padding-right: 35px !important;padding-bottom: 25px !important;padding-left: 35px !important;background-color: #1c2e4a !important;border-radius: 10px !important;}&#8220;]<span style=\"color: #ffffff;\"><i class=\"fa-fw dt-icon-the7-misc-017\"><\/i><strong>  Kaufen Sie Ihr Auto bei uns und erhalten Sie einen Gutschein f\u00fcr einen Urlaub!<\/strong><\/span><\/p>\n<p><span style=\"color: #ffffff;\"><i class=\"fa-fw dt-icon-the7-misc-017\"><\/i><strong>  Kostenlose Lieferung in Portugal<\/strong><\/span><\/p>\n<p><span style=\"color: #ffffff;\"><i class=\"fa-fw dt-icon-the7-misc-017\"><\/i><strong>  Der Preis beinhaltet eine 18-monatige Garantie mit landesweiter Abdeckung, ein Ersatzfahrzeug und einen 24-Stunden-Pannenservice.<\/strong><\/span><\/p>\n<p><span style=\"color: #ffffff;\"><i class=\"fa-fw dt-icon-the7-misc-017\"><\/i><strong>  M\u00f6glichkeit der Finanzierung<\/strong><\/span><\/p>\n<p><span style=\"color: #ffffff;\"><i class=\"fa-fw dt-icon-the7-misc-017\"><\/i><strong>  Die Inzahlungnahme Ihres aktuellen Fahrzeugs ist auf Anfrage m\u00f6glich<\/strong><\/span>[\/vc_column_text][\/vc_column][\/vc_row][vc_row][vc_column][vc_column_text css=&#8220;&#8220;]<\/p>\n<h2>Sind Sie an diesem Auto interessiert?<\/h2>\n<p>[\/vc_column_text][vc_column_text css=&#8220;&#8220;]Wenn Sie an diesem oder einem unserer anderen Gebrauchtwagen interessiert sind, z\u00f6gern Sie bitte nicht, uns zu kontaktieren unter <strong><a href=\"tel:+31641972793\">+31 6 419 727 93<\/a><\/strong> oder <strong><a href=\"tel:+351960184708\">+351 960 184 708<\/a><\/strong>.[\/vc_column_text][\/vc_column][\/vc_row]<\/p>\n<\/div>","protected":false},"excerpt":{"rendered":"<p>&#8211; Jahr: 10-2017<br \/>\n&#8211; Version: 1.5 dCi Formula Edition<br \/>\n&#8211; Kilometerstand: 116 088 km<br \/>\n&#8211; Hubraum: 1 461 cm3<br \/>\n&#8211; Leistung: 90 PS<br \/>\n&#8211; Drehmoment: 240 nm<br \/>\n&#8211; Verbrauch im Stadtverkehr: 4.3\/100 km<br \/>\n&#8211; Getriebe: Automatik<br \/>\n&#8211; Kraftstoff: Diesel<\/p>\n","protected":false},"featured_media":2204,"template":"","meta":[],"product_brand":[],"product_cat":[49,54],"product_tag":[],"class_list":{"0":"post-2212","1":"product","2":"type-product","3":"status-publish","4":"has-post-thumbnail","6":"product_cat-te-koop-de","7":"product_cat-verkauft","8":"description-off","10":"first","11":"outofstock","12":"shipping-taxable","13":"product-type-simple"},"yoast_head":"<!-- This site is optimized with the Yoast SEO plugin v27.5 - https:\/\/yoast.com\/product\/yoast-seo-wordpress\/ -->\n<title>Renault Kangoo Formel Edition - Carland Solutions<\/title>\n<meta name=\"robots\" content=\"index, follow, max-snippet:-1, max-image-preview:large, max-video-preview:-1\" \/>\n<link rel=\"canonical\" href=\"https:\/\/carland-solutions.pt\/de\/product\/renault-kangoo-formel-edition\/\" \/>\n<meta property=\"og:locale\" content=\"de_DE\" \/>\n<meta property=\"og:type\" content=\"article\" \/>\n<meta property=\"og:title\" content=\"Renault Kangoo Formel Edition - Carland Solutions\" \/>\n<meta property=\"og:description\" content=\"- Jahr: 10-2017 - Version: 1.5 dCi Formula Edition - Kilometerstand: 116 088 km - Hubraum: 1 461 cm3 - Leistung: 90 PS - Drehmoment: 240 nm - Verbrauch im Stadtverkehr: 4.3\/100 km - Getriebe: Automatik - Kraftstoff: Diesel\" \/>\n<meta property=\"og:url\" content=\"https:\/\/carland-solutions.pt\/de\/product\/renault-kangoo-formel-edition\/\" \/>\n<meta property=\"og:site_name\" content=\"Carland Solutions\" \/>\n<meta property=\"article:publisher\" content=\"https:\/\/www.facebook.com\/carlandsolutions\" \/>\n<meta property=\"article:modified_time\" content=\"2025-10-31T16:17:57+00:00\" \/>\n<meta property=\"og:image\" content=\"https:\/\/carland-solutions.pt\/wp-content\/uploads\/2025\/07\/Renault-Kango-8-2.jpg\" \/>\n\t<meta property=\"og:image:width\" content=\"759\" \/>\n\t<meta property=\"og:image:height\" content=\"1350\" \/>\n\t<meta property=\"og:image:type\" content=\"image\/jpeg\" \/>\n<meta name=\"twitter:card\" content=\"summary_large_image\" \/>\n<meta name=\"twitter:label1\" content=\"Gesch\u00e4tzte Lesezeit\" \/>\n\t<meta name=\"twitter:data1\" content=\"2\u00a0Minuten\" \/>\n<script type=\"application\/ld+json\" class=\"yoast-schema-graph\">{\"@context\":\"https:\\\/\\\/schema.org\",\"@graph\":[{\"@type\":\"WebPage\",\"@id\":\"https:\\\/\\\/carland-solutions.pt\\\/de\\\/product\\\/renault-kangoo-formel-edition\\\/\",\"url\":\"https:\\\/\\\/carland-solutions.pt\\\/de\\\/product\\\/renault-kangoo-formel-edition\\\/\",\"name\":\"Renault Kangoo Formel Edition - Carland Solutions\",\"isPartOf\":{\"@id\":\"https:\\\/\\\/carland-solutions.pt\\\/de\\\/#website\"},\"primaryImageOfPage\":{\"@id\":\"https:\\\/\\\/carland-solutions.pt\\\/de\\\/product\\\/renault-kangoo-formel-edition\\\/#primaryimage\"},\"image\":{\"@id\":\"https:\\\/\\\/carland-solutions.pt\\\/de\\\/product\\\/renault-kangoo-formel-edition\\\/#primaryimage\"},\"thumbnailUrl\":\"https:\\\/\\\/carland-solutions.pt\\\/wp-content\\\/uploads\\\/2025\\\/07\\\/Renault-Kango-8-2.jpg\",\"datePublished\":\"2025-02-13T10:41:09+00:00\",\"dateModified\":\"2025-10-31T16:17:57+00:00\",\"breadcrumb\":{\"@id\":\"https:\\\/\\\/carland-solutions.pt\\\/de\\\/product\\\/renault-kangoo-formel-edition\\\/#breadcrumb\"},\"inLanguage\":\"de\",\"potentialAction\":[{\"@type\":\"ReadAction\",\"target\":[\"https:\\\/\\\/carland-solutions.pt\\\/de\\\/product\\\/renault-kangoo-formel-edition\\\/\"]}]},{\"@type\":\"ImageObject\",\"inLanguage\":\"de\",\"@id\":\"https:\\\/\\\/carland-solutions.pt\\\/de\\\/product\\\/renault-kangoo-formel-edition\\\/#primaryimage\",\"url\":\"https:\\\/\\\/carland-solutions.pt\\\/wp-content\\\/uploads\\\/2025\\\/07\\\/Renault-Kango-8-2.jpg\",\"contentUrl\":\"https:\\\/\\\/carland-solutions.pt\\\/wp-content\\\/uploads\\\/2025\\\/07\\\/Renault-Kango-8-2.jpg\",\"width\":759,\"height\":1350},{\"@type\":\"BreadcrumbList\",\"@id\":\"https:\\\/\\\/carland-solutions.pt\\\/de\\\/product\\\/renault-kangoo-formel-edition\\\/#breadcrumb\",\"itemListElement\":[{\"@type\":\"ListItem\",\"position\":1,\"name\":\"Home\",\"item\":\"https:\\\/\\\/carland-solutions.pt\\\/de\\\/\"},{\"@type\":\"ListItem\",\"position\":2,\"name\":\"Refund and Returns Policy\",\"item\":\"https:\\\/\\\/carland-solutions.pt\\\/?page_id=17\"},{\"@type\":\"ListItem\",\"position\":3,\"name\":\"Renault Kangoo Formel Edition\"}]},{\"@type\":\"WebSite\",\"@id\":\"https:\\\/\\\/carland-solutions.pt\\\/de\\\/#website\",\"url\":\"https:\\\/\\\/carland-solutions.pt\\\/de\\\/\",\"name\":\"Carland Solutions\",\"description\":\"\",\"publisher\":{\"@id\":\"https:\\\/\\\/carland-solutions.pt\\\/de\\\/#organization\"},\"potentialAction\":[{\"@type\":\"SearchAction\",\"target\":{\"@type\":\"EntryPoint\",\"urlTemplate\":\"https:\\\/\\\/carland-solutions.pt\\\/de\\\/?s={search_term_string}\"},\"query-input\":{\"@type\":\"PropertyValueSpecification\",\"valueRequired\":true,\"valueName\":\"search_term_string\"}}],\"inLanguage\":\"de\"},{\"@type\":\"Organization\",\"@id\":\"https:\\\/\\\/carland-solutions.pt\\\/de\\\/#organization\",\"name\":\"Carland Solutions\",\"url\":\"https:\\\/\\\/carland-solutions.pt\\\/de\\\/\",\"logo\":{\"@type\":\"ImageObject\",\"inLanguage\":\"de\",\"@id\":\"https:\\\/\\\/carland-solutions.pt\\\/de\\\/#\\\/schema\\\/logo\\\/image\\\/\",\"url\":\"https:\\\/\\\/carland-solutions.pt\\\/wp-content\\\/uploads\\\/2025\\\/01\\\/Carland-Solutions-WBG-900x400-11.jpg\",\"contentUrl\":\"https:\\\/\\\/carland-solutions.pt\\\/wp-content\\\/uploads\\\/2025\\\/01\\\/Carland-Solutions-WBG-900x400-11.jpg\",\"width\":900,\"height\":400,\"caption\":\"Carland Solutions\"},\"image\":{\"@id\":\"https:\\\/\\\/carland-solutions.pt\\\/de\\\/#\\\/schema\\\/logo\\\/image\\\/\"},\"sameAs\":[\"https:\\\/\\\/www.facebook.com\\\/carlandsolutions\",\"https:\\\/\\\/www.instagram.com\\\/carlandsolutions\\\/\"]}]}<\/script>\n<!-- \/ Yoast SEO plugin. -->","yoast_head_json":{"title":"Renault Kangoo Formel Edition - Carland Solutions","robots":{"index":"index","follow":"follow","max-snippet":"max-snippet:-1","max-image-preview":"max-image-preview:large","max-video-preview":"max-video-preview:-1"},"canonical":"https:\/\/carland-solutions.pt\/de\/product\/renault-kangoo-formel-edition\/","og_locale":"de_DE","og_type":"article","og_title":"Renault Kangoo Formel Edition - Carland Solutions","og_description":"- Jahr: 10-2017 - Version: 1.5 dCi Formula Edition - Kilometerstand: 116 088 km - Hubraum: 1 461 cm3 - Leistung: 90 PS - Drehmoment: 240 nm - Verbrauch im Stadtverkehr: 4.3\/100 km - Getriebe: Automatik - Kraftstoff: Diesel","og_url":"https:\/\/carland-solutions.pt\/de\/product\/renault-kangoo-formel-edition\/","og_site_name":"Carland Solutions","article_publisher":"https:\/\/www.facebook.com\/carlandsolutions","article_modified_time":"2025-10-31T16:17:57+00:00","og_image":[{"width":759,"height":1350,"url":"https:\/\/carland-solutions.pt\/wp-content\/uploads\/2025\/07\/Renault-Kango-8-2.jpg","type":"image\/jpeg"}],"twitter_card":"summary_large_image","twitter_misc":{"Gesch\u00e4tzte Lesezeit":"2\u00a0Minuten"},"schema":{"@context":"https:\/\/schema.org","@graph":[{"@type":"WebPage","@id":"https:\/\/carland-solutions.pt\/de\/product\/renault-kangoo-formel-edition\/","url":"https:\/\/carland-solutions.pt\/de\/product\/renault-kangoo-formel-edition\/","name":"Renault Kangoo Formel Edition - Carland Solutions","isPartOf":{"@id":"https:\/\/carland-solutions.pt\/de\/#website"},"primaryImageOfPage":{"@id":"https:\/\/carland-solutions.pt\/de\/product\/renault-kangoo-formel-edition\/#primaryimage"},"image":{"@id":"https:\/\/carland-solutions.pt\/de\/product\/renault-kangoo-formel-edition\/#primaryimage"},"thumbnailUrl":"https:\/\/carland-solutions.pt\/wp-content\/uploads\/2025\/07\/Renault-Kango-8-2.jpg","datePublished":"2025-02-13T10:41:09+00:00","dateModified":"2025-10-31T16:17:57+00:00","breadcrumb":{"@id":"https:\/\/carland-solutions.pt\/de\/product\/renault-kangoo-formel-edition\/#breadcrumb"},"inLanguage":"de","potentialAction":[{"@type":"ReadAction","target":["https:\/\/carland-solutions.pt\/de\/product\/renault-kangoo-formel-edition\/"]}]},{"@type":"ImageObject","inLanguage":"de","@id":"https:\/\/carland-solutions.pt\/de\/product\/renault-kangoo-formel-edition\/#primaryimage","url":"https:\/\/carland-solutions.pt\/wp-content\/uploads\/2025\/07\/Renault-Kango-8-2.jpg","contentUrl":"https:\/\/carland-solutions.pt\/wp-content\/uploads\/2025\/07\/Renault-Kango-8-2.jpg","width":759,"height":1350},{"@type":"BreadcrumbList","@id":"https:\/\/carland-solutions.pt\/de\/product\/renault-kangoo-formel-edition\/#breadcrumb","itemListElement":[{"@type":"ListItem","position":1,"name":"Home","item":"https:\/\/carland-solutions.pt\/de\/"},{"@type":"ListItem","position":2,"name":"Refund and Returns Policy","item":"https:\/\/carland-solutions.pt\/?page_id=17"},{"@type":"ListItem","position":3,"name":"Renault Kangoo Formel Edition"}]},{"@type":"WebSite","@id":"https:\/\/carland-solutions.pt\/de\/#website","url":"https:\/\/carland-solutions.pt\/de\/","name":"Carland Solutions","description":"","publisher":{"@id":"https:\/\/carland-solutions.pt\/de\/#organization"},"potentialAction":[{"@type":"SearchAction","target":{"@type":"EntryPoint","urlTemplate":"https:\/\/carland-solutions.pt\/de\/?s={search_term_string}"},"query-input":{"@type":"PropertyValueSpecification","valueRequired":true,"valueName":"search_term_string"}}],"inLanguage":"de"},{"@type":"Organization","@id":"https:\/\/carland-solutions.pt\/de\/#organization","name":"Carland Solutions","url":"https:\/\/carland-solutions.pt\/de\/","logo":{"@type":"ImageObject","inLanguage":"de","@id":"https:\/\/carland-solutions.pt\/de\/#\/schema\/logo\/image\/","url":"https:\/\/carland-solutions.pt\/wp-content\/uploads\/2025\/01\/Carland-Solutions-WBG-900x400-11.jpg","contentUrl":"https:\/\/carland-solutions.pt\/wp-content\/uploads\/2025\/01\/Carland-Solutions-WBG-900x400-11.jpg","width":900,"height":400,"caption":"Carland Solutions"},"image":{"@id":"https:\/\/carland-solutions.pt\/de\/#\/schema\/logo\/image\/"},"sameAs":["https:\/\/www.facebook.com\/carlandsolutions","https:\/\/www.instagram.com\/carlandsolutions\/"]}]}},"_links":{"self":[{"href":"https:\/\/carland-solutions.pt\/de\/wp-json\/wp\/v2\/product\/2212","targetHints":{"allow":["GET"]}}],"collection":[{"href":"https:\/\/carland-solutions.pt\/de\/wp-json\/wp\/v2\/product"}],"about":[{"href":"https:\/\/carland-solutions.pt\/de\/wp-json\/wp\/v2\/types\/product"}],"wp:featuredmedia":[{"embeddable":true,"href":"https:\/\/carland-solutions.pt\/de\/wp-json\/wp\/v2\/media\/2204"}],"wp:attachment":[{"href":"https:\/\/carland-solutions.pt\/de\/wp-json\/wp\/v2\/media?parent=2212"}],"wp:term":[{"taxonomy":"product_brand","embeddable":true,"href":"https:\/\/carland-solutions.pt\/de\/wp-json\/wp\/v2\/product_brand?post=2212"},{"taxonomy":"product_cat","embeddable":true,"href":"https:\/\/carland-solutions.pt\/de\/wp-json\/wp\/v2\/product_cat?post=2212"},{"taxonomy":"product_tag","embeddable":true,"href":"https:\/\/carland-solutions.pt\/de\/wp-json\/wp\/v2\/product_tag?post=2212"}],"curies":[{"name":"wp","href":"https:\/\/api.w.org\/{rel}","templated":true}]}}