{"id":2159,"date":"2025-07-05T11:21:38","date_gmt":"2025-07-05T10:21:38","guid":{"rendered":"https:\/\/carland-solutions.pt\/product\/fiat-scudo-1-5-bluehdi-100hp\/"},"modified":"2025-10-28T11:55:05","modified_gmt":"2025-10-28T11:55:05","slug":"fiat-scudo-1-5-bluehdi-100hp","status":"publish","type":"product","link":"https:\/\/carland-solutions.pt\/de\/product\/fiat-scudo-1-5-bluehdi-100hp\/","title":{"rendered":"Fiat Scudo 1.5 BlueHDi 100hp"},"content":{"rendered":"<div class=\"wpb-content-wrapper\"><p>[vc_row gap=&#8220;35&#8243; equal_height=&#8220;yes&#8220; content_placement=&#8220;top&#8220;][vc_column][vc_column_text css=&#8220;&#8220;]Fiat Scudo 1.5 BlueHDi 100hp[\/vc_column_text][vc_column_text css=&#8220;&#8220;]<strong>Mit nur 4.888 km auf der Uhr vereint dieser Fiat Scudo 1.5 BlueHDi 100hp aus dem Jahr 2022 Leistung, Wirtschaftlichkeit und Komfort in einem effizienten Transporter. Der 102 PS starke Dieselmotor mit 260 Nm Drehmoment bietet sowohl Leistung als auch Sparsamkeit, mit einem Verbrauch von 7,1 l\/100 km in der Stadt. Das manuelle Schaltgetriebe sorgt f\u00fcr ein dynamisches Fahrerlebnis, w\u00e4hrend der Innenraum mit komfortsteigernden Merkmalen wie einer manuellen Klimaanlage, Stoffbez\u00fcgen, einer Armlehne vorne und Lenkradbedienung f\u00fcr das Radio ausgestattet ist. Au\u00dferdem genie\u00dfen Sie moderne Multimedia-Funktionen wie einen Touchscreen und Bluetooth sowie praktische Fahrassistenzsysteme wie Tempomat, Parksensoren hinten, Geschwindigkeitsbegrenzer und Hill Holder. F\u00fcr ein zus\u00e4tzliches Gef\u00fchl der Sicherheit gibt es mehrere aktive Sicherheitsmerkmale wie ABS, ESP und mehrere Airbags. Der Fiat Scudo ist die ideale Wahl sowohl f\u00fcr die Arbeit als auch f\u00fcr den privaten Gebrauch und bietet alles, was Sie f\u00fcr eine komfortable und sichere Fahrt ben\u00f6tigen     <\/strong>[\/vc_column_text][\/vc_column][\/vc_row][vc_row gap=&#8220;35&#8243; equal_height=&#8220;yes&#8220; content_placement=&#8220;top&#8220;][vc_column width=&#8220;1\/2&#8243;][vc_column_text css=&#8220;&#8220;]AUDIO UND MULTIMEDIA-Bluetooth-Radio-Touchscreen<\/p>\n<p><strong>KOMFORT UND AUSSTATTUNG<\/strong><br \/>\n-Manuelle Klimaanlage<br \/>\n-Stoffpolsterung<br \/>\n-Armst\u00fctze vorne<br \/>\n-Radio-Bedienelemente am Lenkrad<br \/>\n-Elektrisch bet\u00e4tigte Fensterheber vorne<br \/>\n-Elektronik und Fahrhilfen<br \/>\n-Gangschaltung<br \/>\n-Einparkhilfe hinten<br \/>\n-Geschwindigkeitsbegrenzer<br \/>\n-H\u00fcgelhalterung<br \/>\n-Lenkhilfe<br \/>\n<strong>SICHERHEIT<\/strong><br \/>\n-ABS<br \/>\n-Stabilit\u00e4tskontrolle (ESP)<br \/>\n-Elektronische Bremskraftunterst\u00fctzung<br \/>\n-Fahrerairbag<br \/>\n-Beifahrerairbag<br \/>\n-Kopfairbags f\u00fcr Fahrer und Beifahrer[\/vc_column_text][\/vc_column][vc_column width=&#8220;1\/2&#8243;][vc_column_text css=&#8220;.vc_custom_1759939644771{padding-top: 25px !important;padding-right: 35px !important;padding-bottom: 25px !important;padding-left: 35px !important;background-color: #1c2e4a !important;border-radius: 10px !important;}&#8220;]<span style=\"color: #ffffff;\"><i class=\"fa-fw dt-icon-the7-misc-017\"><\/i><strong>  Kaufen Sie Ihr Auto bei uns und erhalten Sie einen Gutschein f\u00fcr einen Urlaub!<\/strong><\/span><\/p>\n<p><span style=\"color: #ffffff;\"><i class=\"fa-fw dt-icon-the7-misc-017\"><\/i><strong>  Kostenlose Lieferung in Portugal<\/strong><\/span><\/p>\n<p><span style=\"color: #ffffff;\"><i class=\"fa-fw dt-icon-the7-misc-017\"><\/i><strong>  Der Preis beinhaltet eine 18-monatige Garantie mit landesweiter Abdeckung, ein Ersatzfahrzeug und einen 24-Stunden-Pannenservice.<\/strong><\/span><\/p>\n<p><span style=\"color: #ffffff;\"><i class=\"fa-fw dt-icon-the7-misc-017\"><\/i><strong>  M\u00f6glichkeit der Finanzierung<\/strong><\/span><\/p>\n<p><span style=\"color: #ffffff;\"><i class=\"fa-fw dt-icon-the7-misc-017\"><\/i><strong>  Die Inzahlungnahme Ihres aktuellen Fahrzeugs ist auf Anfrage m\u00f6glich<\/strong><\/span>[\/vc_column_text][\/vc_column][\/vc_row][vc_row][vc_column][vc_column_text css=&#8220;&#8220;]<\/p>\n<h2>Sind Sie an diesem Auto interessiert?<\/h2>\n<p>[\/vc_column_text][vc_column_text css=&#8220;&#8220;]Wenn Sie an diesem oder einem unserer anderen Gebrauchtwagen interessiert sind, z\u00f6gern Sie bitte nicht, uns zu kontaktieren unter <strong><a href=\"tel:+31641972793\">+31 6 419 727 93<\/a><\/strong> oder <strong><a href=\"tel:+351960184708\">+351 960 184 708<\/a><\/strong>.[\/vc_column_text][\/vc_column][\/vc_row]<\/p>\n<\/div>","protected":false},"excerpt":{"rendered":"<p>&nbsp;<\/p>\n<p>&#8211; Jahr: 2022<br \/>\n&#8211; Version: Fiat Scudo 1.5 Blue hdi 100 hp<br \/>\n&#8211; Kilometerstand: 44 888 km<br \/>\n&#8211; Hubraum: 1499 cm3<br \/>\n&#8211; Leistung: 102 PS<br \/>\n&#8211; Drehmoment: 260 nm<br \/>\n&#8211; Verbrauch im Stadtverkehr: 7.1\/100 km<br \/>\n&#8211; Getriebe: Schaltgetriebe<br \/>\n&#8211; Kraftstoff: Diesel<\/p>\n","protected":false},"featured_media":2107,"template":"","meta":[],"product_brand":[],"product_cat":[49],"product_tag":[],"class_list":{"0":"post-2159","1":"product","2":"type-product","3":"status-publish","4":"has-post-thumbnail","6":"product_cat-te-koop-de","7":"description-off","9":"first","10":"instock","11":"shipping-taxable","12":"purchasable","13":"product-type-simple"},"yoast_head":"<!-- This site is optimized with the Yoast SEO plugin v27.5 - https:\/\/yoast.com\/product\/yoast-seo-wordpress\/ -->\n<title>Fiat Scudo 1.5 BlueHDi 100hp - Carland Solutions<\/title>\n<meta name=\"robots\" content=\"index, follow, max-snippet:-1, max-image-preview:large, max-video-preview:-1\" \/>\n<link rel=\"canonical\" href=\"https:\/\/carland-solutions.pt\/de\/product\/fiat-scudo-1-5-bluehdi-100hp\/\" \/>\n<meta property=\"og:locale\" content=\"de_DE\" \/>\n<meta property=\"og:type\" content=\"article\" \/>\n<meta property=\"og:title\" content=\"Fiat Scudo 1.5 BlueHDi 100hp - Carland Solutions\" \/>\n<meta property=\"og:description\" content=\"&nbsp; - Jahr: 2022 - Version: Fiat Scudo 1.5 Blue hdi 100 hp - Kilometerstand: 44 888 km - Hubraum: 1499 cm3 - Leistung: 102 PS - Drehmoment: 260 nm - Verbrauch im Stadtverkehr: 7.1\/100 km - Getriebe: Schaltgetriebe - Kraftstoff: Diesel\" \/>\n<meta property=\"og:url\" content=\"https:\/\/carland-solutions.pt\/de\/product\/fiat-scudo-1-5-bluehdi-100hp\/\" \/>\n<meta property=\"og:site_name\" content=\"Carland Solutions\" \/>\n<meta property=\"article:publisher\" content=\"https:\/\/www.facebook.com\/carlandsolutions\" \/>\n<meta property=\"article:modified_time\" content=\"2025-10-28T11:55:05+00:00\" \/>\n<meta property=\"og:image\" content=\"https:\/\/carland-solutions.pt\/wp-content\/uploads\/2025\/07\/Fiat-Scudo.jpg\" \/>\n\t<meta property=\"og:image:width\" content=\"1080\" \/>\n\t<meta property=\"og:image:height\" content=\"1350\" \/>\n\t<meta property=\"og:image:type\" content=\"image\/jpeg\" \/>\n<meta name=\"twitter:card\" content=\"summary_large_image\" \/>\n<meta name=\"twitter:label1\" content=\"Gesch\u00e4tzte Lesezeit\" \/>\n\t<meta name=\"twitter:data1\" content=\"2\u00a0Minuten\" \/>\n<script type=\"application\/ld+json\" class=\"yoast-schema-graph\">{\"@context\":\"https:\\\/\\\/schema.org\",\"@graph\":[{\"@type\":\"WebPage\",\"@id\":\"https:\\\/\\\/carland-solutions.pt\\\/de\\\/product\\\/fiat-scudo-1-5-bluehdi-100hp\\\/\",\"url\":\"https:\\\/\\\/carland-solutions.pt\\\/de\\\/product\\\/fiat-scudo-1-5-bluehdi-100hp\\\/\",\"name\":\"Fiat Scudo 1.5 BlueHDi 100hp - Carland Solutions\",\"isPartOf\":{\"@id\":\"https:\\\/\\\/carland-solutions.pt\\\/de\\\/#website\"},\"primaryImageOfPage\":{\"@id\":\"https:\\\/\\\/carland-solutions.pt\\\/de\\\/product\\\/fiat-scudo-1-5-bluehdi-100hp\\\/#primaryimage\"},\"image\":{\"@id\":\"https:\\\/\\\/carland-solutions.pt\\\/de\\\/product\\\/fiat-scudo-1-5-bluehdi-100hp\\\/#primaryimage\"},\"thumbnailUrl\":\"https:\\\/\\\/carland-solutions.pt\\\/wp-content\\\/uploads\\\/2025\\\/07\\\/Fiat-Scudo.jpg\",\"datePublished\":\"2025-07-05T10:21:38+00:00\",\"dateModified\":\"2025-10-28T11:55:05+00:00\",\"breadcrumb\":{\"@id\":\"https:\\\/\\\/carland-solutions.pt\\\/de\\\/product\\\/fiat-scudo-1-5-bluehdi-100hp\\\/#breadcrumb\"},\"inLanguage\":\"de\",\"potentialAction\":[{\"@type\":\"ReadAction\",\"target\":[\"https:\\\/\\\/carland-solutions.pt\\\/de\\\/product\\\/fiat-scudo-1-5-bluehdi-100hp\\\/\"]}]},{\"@type\":\"ImageObject\",\"inLanguage\":\"de\",\"@id\":\"https:\\\/\\\/carland-solutions.pt\\\/de\\\/product\\\/fiat-scudo-1-5-bluehdi-100hp\\\/#primaryimage\",\"url\":\"https:\\\/\\\/carland-solutions.pt\\\/wp-content\\\/uploads\\\/2025\\\/07\\\/Fiat-Scudo.jpg\",\"contentUrl\":\"https:\\\/\\\/carland-solutions.pt\\\/wp-content\\\/uploads\\\/2025\\\/07\\\/Fiat-Scudo.jpg\",\"width\":1080,\"height\":1350},{\"@type\":\"BreadcrumbList\",\"@id\":\"https:\\\/\\\/carland-solutions.pt\\\/de\\\/product\\\/fiat-scudo-1-5-bluehdi-100hp\\\/#breadcrumb\",\"itemListElement\":[{\"@type\":\"ListItem\",\"position\":1,\"name\":\"Home\",\"item\":\"https:\\\/\\\/carland-solutions.pt\\\/de\\\/\"},{\"@type\":\"ListItem\",\"position\":2,\"name\":\"Refund and Returns Policy\",\"item\":\"https:\\\/\\\/carland-solutions.pt\\\/?page_id=17\"},{\"@type\":\"ListItem\",\"position\":3,\"name\":\"Fiat Scudo 1.5 BlueHDi 100hp\"}]},{\"@type\":\"WebSite\",\"@id\":\"https:\\\/\\\/carland-solutions.pt\\\/de\\\/#website\",\"url\":\"https:\\\/\\\/carland-solutions.pt\\\/de\\\/\",\"name\":\"Carland Solutions\",\"description\":\"\",\"publisher\":{\"@id\":\"https:\\\/\\\/carland-solutions.pt\\\/de\\\/#organization\"},\"potentialAction\":[{\"@type\":\"SearchAction\",\"target\":{\"@type\":\"EntryPoint\",\"urlTemplate\":\"https:\\\/\\\/carland-solutions.pt\\\/de\\\/?s={search_term_string}\"},\"query-input\":{\"@type\":\"PropertyValueSpecification\",\"valueRequired\":true,\"valueName\":\"search_term_string\"}}],\"inLanguage\":\"de\"},{\"@type\":\"Organization\",\"@id\":\"https:\\\/\\\/carland-solutions.pt\\\/de\\\/#organization\",\"name\":\"Carland Solutions\",\"url\":\"https:\\\/\\\/carland-solutions.pt\\\/de\\\/\",\"logo\":{\"@type\":\"ImageObject\",\"inLanguage\":\"de\",\"@id\":\"https:\\\/\\\/carland-solutions.pt\\\/de\\\/#\\\/schema\\\/logo\\\/image\\\/\",\"url\":\"https:\\\/\\\/carland-solutions.pt\\\/wp-content\\\/uploads\\\/2025\\\/01\\\/Carland-Solutions-WBG-900x400-11.jpg\",\"contentUrl\":\"https:\\\/\\\/carland-solutions.pt\\\/wp-content\\\/uploads\\\/2025\\\/01\\\/Carland-Solutions-WBG-900x400-11.jpg\",\"width\":900,\"height\":400,\"caption\":\"Carland Solutions\"},\"image\":{\"@id\":\"https:\\\/\\\/carland-solutions.pt\\\/de\\\/#\\\/schema\\\/logo\\\/image\\\/\"},\"sameAs\":[\"https:\\\/\\\/www.facebook.com\\\/carlandsolutions\",\"https:\\\/\\\/www.instagram.com\\\/carlandsolutions\\\/\"]}]}<\/script>\n<!-- \/ Yoast SEO plugin. -->","yoast_head_json":{"title":"Fiat Scudo 1.5 BlueHDi 100hp - Carland Solutions","robots":{"index":"index","follow":"follow","max-snippet":"max-snippet:-1","max-image-preview":"max-image-preview:large","max-video-preview":"max-video-preview:-1"},"canonical":"https:\/\/carland-solutions.pt\/de\/product\/fiat-scudo-1-5-bluehdi-100hp\/","og_locale":"de_DE","og_type":"article","og_title":"Fiat Scudo 1.5 BlueHDi 100hp - Carland Solutions","og_description":"&nbsp; - Jahr: 2022 - Version: Fiat Scudo 1.5 Blue hdi 100 hp - Kilometerstand: 44 888 km - Hubraum: 1499 cm3 - Leistung: 102 PS - Drehmoment: 260 nm - Verbrauch im Stadtverkehr: 7.1\/100 km - Getriebe: Schaltgetriebe - Kraftstoff: Diesel","og_url":"https:\/\/carland-solutions.pt\/de\/product\/fiat-scudo-1-5-bluehdi-100hp\/","og_site_name":"Carland Solutions","article_publisher":"https:\/\/www.facebook.com\/carlandsolutions","article_modified_time":"2025-10-28T11:55:05+00:00","og_image":[{"width":1080,"height":1350,"url":"https:\/\/carland-solutions.pt\/wp-content\/uploads\/2025\/07\/Fiat-Scudo.jpg","type":"image\/jpeg"}],"twitter_card":"summary_large_image","twitter_misc":{"Gesch\u00e4tzte Lesezeit":"2\u00a0Minuten"},"schema":{"@context":"https:\/\/schema.org","@graph":[{"@type":"WebPage","@id":"https:\/\/carland-solutions.pt\/de\/product\/fiat-scudo-1-5-bluehdi-100hp\/","url":"https:\/\/carland-solutions.pt\/de\/product\/fiat-scudo-1-5-bluehdi-100hp\/","name":"Fiat Scudo 1.5 BlueHDi 100hp - Carland Solutions","isPartOf":{"@id":"https:\/\/carland-solutions.pt\/de\/#website"},"primaryImageOfPage":{"@id":"https:\/\/carland-solutions.pt\/de\/product\/fiat-scudo-1-5-bluehdi-100hp\/#primaryimage"},"image":{"@id":"https:\/\/carland-solutions.pt\/de\/product\/fiat-scudo-1-5-bluehdi-100hp\/#primaryimage"},"thumbnailUrl":"https:\/\/carland-solutions.pt\/wp-content\/uploads\/2025\/07\/Fiat-Scudo.jpg","datePublished":"2025-07-05T10:21:38+00:00","dateModified":"2025-10-28T11:55:05+00:00","breadcrumb":{"@id":"https:\/\/carland-solutions.pt\/de\/product\/fiat-scudo-1-5-bluehdi-100hp\/#breadcrumb"},"inLanguage":"de","potentialAction":[{"@type":"ReadAction","target":["https:\/\/carland-solutions.pt\/de\/product\/fiat-scudo-1-5-bluehdi-100hp\/"]}]},{"@type":"ImageObject","inLanguage":"de","@id":"https:\/\/carland-solutions.pt\/de\/product\/fiat-scudo-1-5-bluehdi-100hp\/#primaryimage","url":"https:\/\/carland-solutions.pt\/wp-content\/uploads\/2025\/07\/Fiat-Scudo.jpg","contentUrl":"https:\/\/carland-solutions.pt\/wp-content\/uploads\/2025\/07\/Fiat-Scudo.jpg","width":1080,"height":1350},{"@type":"BreadcrumbList","@id":"https:\/\/carland-solutions.pt\/de\/product\/fiat-scudo-1-5-bluehdi-100hp\/#breadcrumb","itemListElement":[{"@type":"ListItem","position":1,"name":"Home","item":"https:\/\/carland-solutions.pt\/de\/"},{"@type":"ListItem","position":2,"name":"Refund and Returns Policy","item":"https:\/\/carland-solutions.pt\/?page_id=17"},{"@type":"ListItem","position":3,"name":"Fiat Scudo 1.5 BlueHDi 100hp"}]},{"@type":"WebSite","@id":"https:\/\/carland-solutions.pt\/de\/#website","url":"https:\/\/carland-solutions.pt\/de\/","name":"Carland Solutions","description":"","publisher":{"@id":"https:\/\/carland-solutions.pt\/de\/#organization"},"potentialAction":[{"@type":"SearchAction","target":{"@type":"EntryPoint","urlTemplate":"https:\/\/carland-solutions.pt\/de\/?s={search_term_string}"},"query-input":{"@type":"PropertyValueSpecification","valueRequired":true,"valueName":"search_term_string"}}],"inLanguage":"de"},{"@type":"Organization","@id":"https:\/\/carland-solutions.pt\/de\/#organization","name":"Carland Solutions","url":"https:\/\/carland-solutions.pt\/de\/","logo":{"@type":"ImageObject","inLanguage":"de","@id":"https:\/\/carland-solutions.pt\/de\/#\/schema\/logo\/image\/","url":"https:\/\/carland-solutions.pt\/wp-content\/uploads\/2025\/01\/Carland-Solutions-WBG-900x400-11.jpg","contentUrl":"https:\/\/carland-solutions.pt\/wp-content\/uploads\/2025\/01\/Carland-Solutions-WBG-900x400-11.jpg","width":900,"height":400,"caption":"Carland Solutions"},"image":{"@id":"https:\/\/carland-solutions.pt\/de\/#\/schema\/logo\/image\/"},"sameAs":["https:\/\/www.facebook.com\/carlandsolutions","https:\/\/www.instagram.com\/carlandsolutions\/"]}]}},"_links":{"self":[{"href":"https:\/\/carland-solutions.pt\/de\/wp-json\/wp\/v2\/product\/2159","targetHints":{"allow":["GET"]}}],"collection":[{"href":"https:\/\/carland-solutions.pt\/de\/wp-json\/wp\/v2\/product"}],"about":[{"href":"https:\/\/carland-solutions.pt\/de\/wp-json\/wp\/v2\/types\/product"}],"wp:featuredmedia":[{"embeddable":true,"href":"https:\/\/carland-solutions.pt\/de\/wp-json\/wp\/v2\/media\/2107"}],"wp:attachment":[{"href":"https:\/\/carland-solutions.pt\/de\/wp-json\/wp\/v2\/media?parent=2159"}],"wp:term":[{"taxonomy":"product_brand","embeddable":true,"href":"https:\/\/carland-solutions.pt\/de\/wp-json\/wp\/v2\/product_brand?post=2159"},{"taxonomy":"product_cat","embeddable":true,"href":"https:\/\/carland-solutions.pt\/de\/wp-json\/wp\/v2\/product_cat?post=2159"},{"taxonomy":"product_tag","embeddable":true,"href":"https:\/\/carland-solutions.pt\/de\/wp-json\/wp\/v2\/product_tag?post=2159"}],"curies":[{"name":"wp","href":"https:\/\/api.w.org\/{rel}","templated":true}]}}