{"id":1827,"date":"2025-02-10T10:23:49","date_gmt":"2025-02-10T10:23:49","guid":{"rendered":"https:\/\/carland-solutions.pt\/product\/citroen-jumpy-2024-2-0-diesel-automatik\/"},"modified":"2025-10-09T09:42:37","modified_gmt":"2025-10-09T08:42:37","slug":"citroen-jumpy-2024-2-0-diesel-automatik","status":"publish","type":"product","link":"https:\/\/carland-solutions.pt\/de\/product\/citroen-jumpy-2024-2-0-diesel-automatik\/","title":{"rendered":"Citro\u00ebn Jumpy 2024 | 2.0 Diesel | Automatik"},"content":{"rendered":"<div class=\"wpb-content-wrapper\"><p>[vc_row gap=&#8220;35&#8243; equal_height=&#8220;yes&#8220; content_placement=&#8220;top&#8220;][vc_column][vc_column_text css=&#8220;&#8220;]<\/p>\n<p data-start=\"0\" data-end=\"58\"><strong data-start=\"0\" data-end=\"58\">Citro\u00ebn Jumpy 2024 &#8211; Ger\u00e4umig, leistungsstark und effizient<\/strong><\/p>\n<p data-start=\"60\" data-end=\"714\"><strong data-start=\"60\" data-end=\"124\">Die ultimative Kombination aus Komfort, Technologie und Leistung<\/strong><br data-start=\"124\" data-end=\"127\">Der Citro\u00ebn Jumpy 2024 wurde f\u00fcr diejenigen entwickelt, die beruflich unterwegs sind und keine Kompromisse eingehen wollen. Mit seinem leistungsstarken 2.0-Dieselmotor, dem Automatikgetriebe und dem beeindruckenden Drehmoment von 400 Nm bietet dieses Nutzfahrzeug nicht nur ein sanftes und kraftvolles Fahrerlebnis, sondern auch eine hervorragende Effizienz. Der Jumpy ist mit modernen Technologien und Komfortmerkmalen ausgestattet, die jede Fahrt noch angenehmer machen &#8211; von fortschrittlichen Fahrassistenzsystemen bis hin zu einem Premium-Soundsystem. Ideal f\u00fcr alle, die Wert auf Funktionalit\u00e4t, Sicherheit und Komfort in einem zuverl\u00e4ssigen Nutzfahrzeug legen   <\/p>\n<p>[\/vc_column_text][vc_column_text css=&#8220;&#8220;][\/vc_column_text][\/vc_column][\/vc_row][vc_row gap=&#8220;35&#8243; equal_height=&#8220;yes&#8220; content_placement=&#8220;top&#8220;][vc_column width=&#8220;1\/2&#8243;][vc_column_text css=&#8220;&#8220;]<\/p>\n<h3 data-start=\"1029\" data-end=\"1058\"><strong data-start=\"1033\" data-end=\"1058\">Andere Eigenschaften<\/strong><\/h3>\n<p data-start=\"1060\" data-end=\"1086\"><strong data-start=\"1060\" data-end=\"1084\">KOMFORT &amp; AUSSTATTUNG<\/strong><\/p>\n<ul data-start=\"1087\" data-end=\"1274\">\n<li data-start=\"1087\" data-end=\"1119\">\n<p data-start=\"1089\" data-end=\"1119\">Automatische Klimatisierung<\/p>\n<\/li>\n<li data-start=\"1120\" data-end=\"1138\">\n<p data-start=\"1122\" data-end=\"1138\">Polsterm\u00f6bel aus Stoff<\/p>\n<\/li>\n<li data-start=\"1139\" data-end=\"1169\">\n<p data-start=\"1141\" data-end=\"1169\">Multifunktionslenkrad<\/p>\n<\/li>\n<li data-start=\"1170\" data-end=\"1197\">\n<p data-start=\"1172\" data-end=\"1197\">Bedienelemente am Lenkrad<\/p>\n<\/li>\n<li data-start=\"1198\" data-end=\"1227\">\n<p data-start=\"1200\" data-end=\"1227\">Schl\u00fcssellose Zentralverriegelung<\/p>\n<\/li>\n<li data-start=\"1228\" data-end=\"1249\">\n<p data-start=\"1230\" data-end=\"1249\">Elektrische Fensterheber<\/p>\n<\/li>\n<li data-start=\"1250\" data-end=\"1274\">\n<p data-start=\"1252\" data-end=\"1274\">Parksensor hinten<\/p>\n<\/li>\n<\/ul>\n<p data-start=\"1276\" data-end=\"1303\"><strong data-start=\"1276\" data-end=\"1301\">TECHNOLOGIE &amp; FAHRASSISTENZ<\/strong><\/p>\n<ul data-start=\"1304\" data-end=\"1491\">\n<li data-start=\"1304\" data-end=\"1324\">\n<p data-start=\"1306\" data-end=\"1324\">Navigationssystem<\/p>\n<\/li>\n<li data-start=\"1325\" data-end=\"1349\">\n<p data-start=\"1327\" data-end=\"1349\">R\u00fcckw\u00e4rtige Parkkamera<\/p>\n<\/li>\n<li data-start=\"1350\" data-end=\"1372\">\n<p data-start=\"1352\" data-end=\"1372\">LED-Tageslicht<\/p>\n<\/li>\n<li data-start=\"1373\" data-end=\"1387\">\n<p data-start=\"1375\" data-end=\"1387\">Nebelscheinwerfer<\/p>\n<\/li>\n<li data-start=\"1388\" data-end=\"1403\">\n<p data-start=\"1390\" data-end=\"1403\">Regensensor<\/p>\n<\/li>\n<li data-start=\"1404\" data-end=\"1426\">\n<p data-start=\"1406\" data-end=\"1426\">Start\/Stop-System<\/p>\n<\/li>\n<li data-start=\"1427\" data-end=\"1456\">\n<p data-start=\"1429\" data-end=\"1456\">Reifendruck-Kontrollsystem<\/p>\n<\/li>\n<li data-start=\"1457\" data-end=\"1491\">\n<p data-start=\"1459\" data-end=\"1491\">Elektrische Servolenkung<\/p>\n<\/li>\n<\/ul>\n<p data-start=\"1493\" data-end=\"1517\"><strong data-start=\"1493\" data-end=\"1515\">AUDIO &amp; MULTIMEDIA<\/strong><\/p>\n<ul data-start=\"1518\" data-end=\"1633\">\n<li data-start=\"1518\" data-end=\"1550\">\n<p data-start=\"1520\" data-end=\"1550\">Apple CarPlay &amp; Android Auto<\/p>\n<\/li>\n<li data-start=\"1551\" data-end=\"1564\">\n<p data-start=\"1553\" data-end=\"1564\">Bluetooth<\/p>\n<\/li>\n<li data-start=\"1565\" data-end=\"1574\">\n<p data-start=\"1567\" data-end=\"1574\">Radio<\/p>\n<\/li>\n<li data-start=\"1575\" data-end=\"1588\">\n<p data-start=\"1577\" data-end=\"1588\">USB-Anschluss<\/p>\n<\/li>\n<li data-start=\"1589\" data-end=\"1615\">\n<p data-start=\"1591\" data-end=\"1615\">Premium-Soundsystem<\/p>\n<\/li>\n<li data-start=\"1616\" data-end=\"1633\">\n<p data-start=\"1618\" data-end=\"1633\">Touchscreen<\/p>\n<\/li>\n<\/ul>\n<p data-start=\"1635\" data-end=\"1651\"><strong data-start=\"1635\" data-end=\"1649\">SICHERHEIT<\/strong><\/p>\n<ul data-start=\"1652\" data-end=\"1814\">\n<li data-start=\"1652\" data-end=\"1682\">\n<p data-start=\"1654\" data-end=\"1682\">ABS (Anti-Blockier-Bremssystem)<\/p>\n<\/li>\n<li data-start=\"1683\" data-end=\"1713\">\n<p data-start=\"1685\" data-end=\"1713\">Stabilit\u00e4tskontrolle (ESC)<\/p>\n<\/li>\n<li data-start=\"1714\" data-end=\"1729\">\n<p data-start=\"1716\" data-end=\"1729\">Hill Assist<\/p>\n<\/li>\n<li data-start=\"1730\" data-end=\"1764\">\n<p data-start=\"1732\" data-end=\"1764\">Assistentin der Spurensicherung<\/p>\n<\/li>\n<li data-start=\"1765\" data-end=\"1790\">\n<p data-start=\"1767\" data-end=\"1790\">Erm\u00fcdungserkennung<\/p>\n<\/li>\n<li data-start=\"1791\" data-end=\"1814\">\n<p data-start=\"1793\" data-end=\"1814\">Front- und Seitenairbags<\/p>\n<\/li>\n<\/ul>\n<p>[\/vc_column_text][\/vc_column][vc_column width=&#8220;1\/2&#8243;][vc_column_text css=&#8220;.vc_custom_1759938954694{padding-top: 25px !important;padding-right: 35px !important;padding-bottom: 25px !important;padding-left: 35px !important;background-color: #1c2e4a !important;border-radius: 10px !important;}&#8220;]<span style=\"color: #ffffff;\"><i class=\"fa-fw dt-icon-the7-misc-017\"><\/i><strong>  Kaufen Sie Ihr Auto bei uns und erhalten Sie einen Gutschein f\u00fcr einen Urlaub!<\/strong><\/span><\/p>\n<p><span style=\"color: #ffffff;\"><i class=\"fa-fw dt-icon-the7-misc-017\"><\/i><strong>  Kostenlose Lieferung in Portugal<\/strong><\/span><\/p>\n<p><span style=\"color: #ffffff;\"><i class=\"fa-fw dt-icon-the7-misc-017\"><\/i><strong>  Der Preis beinhaltet eine 18-monatige Garantie mit landesweiter Abdeckung, ein Ersatzfahrzeug und einen 24-Stunden-Pannenservice.<\/strong><\/span><\/p>\n<p><span style=\"color: #ffffff;\"><i class=\"fa-fw dt-icon-the7-misc-017\"><\/i><strong>  M\u00f6glichkeit der Finanzierung<\/strong><\/span>[\/vc_column_text][\/vc_column][\/vc_row][vc_row][vc_column][vc_column_text css=&#8220;&#8220;]<\/p>\n<h2>Sind Sie an diesem Auto interessiert?<\/h2>\n<p>[\/vc_column_text][vc_column_text css=&#8220;&#8220;]Wenn Sie an diesem oder einem unserer anderen Gebrauchtwagen interessiert sind, z\u00f6gern Sie bitte nicht, uns zu kontaktieren unter <strong><br \/>\n  <a href=\"tel:+31641972793\">+31 6 419 727 93<\/a><br \/>\n<\/strong> oder <strong><br \/>\n  <a href=\"tel:+351960184708\">+351 960 184 708<\/a><br \/>\n<\/strong>.[\/vc_column_text][\/vc_column][\/vc_row]<\/p>\n<\/div>","protected":false},"excerpt":{"rendered":"<ul>\n<li data-start=\"749\" data-end=\"771\">\n<p data-start=\"751\" data-end=\"771\"><strong data-start=\"751\" data-end=\"764\">Jahr der Errichtung:<\/strong> 2024<\/p>\n<\/li>\n<li data-start=\"772\" data-end=\"819\">\n<p data-start=\"774\" data-end=\"819\"><strong data-start=\"774\" data-end=\"791\">Modell\/Version:<\/strong> Jumpy 2.0 Diesel Automatik<\/p>\n<\/li>\n<li data-start=\"820\" data-end=\"853\">\n<p data-start=\"822\" data-end=\"853\"><strong data-start=\"822\" data-end=\"841\">Kilometerstand:<\/strong> 31.000 km<\/p>\n<\/li>\n<li data-start=\"854\" data-end=\"883\">\n<p data-start=\"856\" data-end=\"883\"><strong data-start=\"856\" data-end=\"872\">Hubraum:<\/strong> 1.997 ccm<\/p>\n<\/li>\n<li data-start=\"884\" data-end=\"908\">\n<p data-start=\"886\" data-end=\"908\"><strong data-start=\"886\" data-end=\"899\">Leistung:<\/strong> 145 PS<\/p>\n<\/li>\n<li data-start=\"909\" data-end=\"931\">\n<p data-start=\"911\" data-end=\"931\"><strong data-start=\"911\" data-end=\"922\">Drehmoment:<\/strong> 400 Nm<\/p>\n<\/li>\n<li data-start=\"932\" data-end=\"966\">\n<p data-start=\"934\" data-end=\"966\"><strong data-start=\"934\" data-end=\"947\">Verbrauch:<\/strong> 6,0-7,0 L\/100 km<\/p>\n<\/li>\n<li data-start=\"967\" data-end=\"996\">\n<p data-start=\"969\" data-end=\"996\"><strong data-start=\"969\" data-end=\"985\">Getriebe:<\/strong> Automatik<\/p>\n<\/li>\n<li data-start=\"997\" data-end=\"1022\">\n<p data-start=\"999\" data-end=\"1022\"><strong data-start=\"999\" data-end=\"1013\">Kraftstoff:<\/strong> Diese<\/p>\n<\/li>\n<\/ul>\n","protected":false},"featured_media":1791,"template":"","meta":[],"product_brand":[],"product_cat":[54],"product_tag":[],"class_list":{"0":"post-1827","1":"product","2":"type-product","3":"status-publish","4":"has-post-thumbnail","6":"product_cat-verkauft","7":"description-off","9":"first","10":"outofstock","11":"shipping-taxable","12":"product-type-simple"},"yoast_head":"<!-- This site is optimized with the Yoast SEO plugin v27.5 - https:\/\/yoast.com\/product\/yoast-seo-wordpress\/ -->\n<title>Citro\u00ebn Jumpy 2024 | 2.0 Diesel | Automatik - Carland Solutions<\/title>\n<meta name=\"robots\" content=\"index, follow, max-snippet:-1, max-image-preview:large, max-video-preview:-1\" \/>\n<link rel=\"canonical\" href=\"https:\/\/carland-solutions.pt\/de\/product\/citroen-jumpy-2024-2-0-diesel-automatik\/\" \/>\n<meta property=\"og:locale\" content=\"de_DE\" \/>\n<meta property=\"og:type\" content=\"article\" \/>\n<meta property=\"og:title\" content=\"Citro\u00ebn Jumpy 2024 | 2.0 Diesel | Automatik - Carland Solutions\" \/>\n<meta property=\"og:description\" content=\"Jahr der Errichtung: 2024   Modell\/Version: Jumpy 2.0 Diesel Automatik   Kilometerstand: 31.000 km   Hubraum: 1.997 ccm   Leistung: 145 PS   Drehmoment: 400 Nm   Verbrauch: 6,0-7,0 L\/100 km   Getriebe: Automatik   Kraftstoff: Diese\" \/>\n<meta property=\"og:url\" content=\"https:\/\/carland-solutions.pt\/de\/product\/citroen-jumpy-2024-2-0-diesel-automatik\/\" \/>\n<meta property=\"og:site_name\" content=\"Carland Solutions\" \/>\n<meta property=\"article:publisher\" content=\"https:\/\/www.facebook.com\/carlandsolutions\" \/>\n<meta property=\"article:modified_time\" content=\"2025-10-09T08:42:37+00:00\" \/>\n<meta property=\"og:image\" content=\"https:\/\/carland-solutions.pt\/wp-content\/uploads\/2025\/05\/499552197_122191018550098046_8951227683959919241_n.jpg\" \/>\n\t<meta property=\"og:image:width\" content=\"1080\" \/>\n\t<meta property=\"og:image:height\" content=\"1350\" \/>\n\t<meta property=\"og:image:type\" content=\"image\/jpeg\" \/>\n<meta name=\"twitter:card\" content=\"summary_large_image\" \/>\n<meta name=\"twitter:label1\" content=\"Gesch\u00e4tzte Lesezeit\" \/>\n\t<meta name=\"twitter:data1\" content=\"2\u00a0Minuten\" \/>\n<script type=\"application\/ld+json\" class=\"yoast-schema-graph\">{\"@context\":\"https:\\\/\\\/schema.org\",\"@graph\":[{\"@type\":\"WebPage\",\"@id\":\"https:\\\/\\\/carland-solutions.pt\\\/de\\\/product\\\/citroen-jumpy-2024-2-0-diesel-automatik\\\/\",\"url\":\"https:\\\/\\\/carland-solutions.pt\\\/de\\\/product\\\/citroen-jumpy-2024-2-0-diesel-automatik\\\/\",\"name\":\"Citro\u00ebn Jumpy 2024 | 2.0 Diesel | Automatik - Carland Solutions\",\"isPartOf\":{\"@id\":\"https:\\\/\\\/carland-solutions.pt\\\/de\\\/#website\"},\"primaryImageOfPage\":{\"@id\":\"https:\\\/\\\/carland-solutions.pt\\\/de\\\/product\\\/citroen-jumpy-2024-2-0-diesel-automatik\\\/#primaryimage\"},\"image\":{\"@id\":\"https:\\\/\\\/carland-solutions.pt\\\/de\\\/product\\\/citroen-jumpy-2024-2-0-diesel-automatik\\\/#primaryimage\"},\"thumbnailUrl\":\"https:\\\/\\\/carland-solutions.pt\\\/wp-content\\\/uploads\\\/2025\\\/05\\\/499552197_122191018550098046_8951227683959919241_n.jpg\",\"datePublished\":\"2025-02-10T10:23:49+00:00\",\"dateModified\":\"2025-10-09T08:42:37+00:00\",\"breadcrumb\":{\"@id\":\"https:\\\/\\\/carland-solutions.pt\\\/de\\\/product\\\/citroen-jumpy-2024-2-0-diesel-automatik\\\/#breadcrumb\"},\"inLanguage\":\"de\",\"potentialAction\":[{\"@type\":\"ReadAction\",\"target\":[\"https:\\\/\\\/carland-solutions.pt\\\/de\\\/product\\\/citroen-jumpy-2024-2-0-diesel-automatik\\\/\"]}]},{\"@type\":\"ImageObject\",\"inLanguage\":\"de\",\"@id\":\"https:\\\/\\\/carland-solutions.pt\\\/de\\\/product\\\/citroen-jumpy-2024-2-0-diesel-automatik\\\/#primaryimage\",\"url\":\"https:\\\/\\\/carland-solutions.pt\\\/wp-content\\\/uploads\\\/2025\\\/05\\\/499552197_122191018550098046_8951227683959919241_n.jpg\",\"contentUrl\":\"https:\\\/\\\/carland-solutions.pt\\\/wp-content\\\/uploads\\\/2025\\\/05\\\/499552197_122191018550098046_8951227683959919241_n.jpg\",\"width\":1080,\"height\":1350},{\"@type\":\"BreadcrumbList\",\"@id\":\"https:\\\/\\\/carland-solutions.pt\\\/de\\\/product\\\/citroen-jumpy-2024-2-0-diesel-automatik\\\/#breadcrumb\",\"itemListElement\":[{\"@type\":\"ListItem\",\"position\":1,\"name\":\"Home\",\"item\":\"https:\\\/\\\/carland-solutions.pt\\\/de\\\/\"},{\"@type\":\"ListItem\",\"position\":2,\"name\":\"Refund and Returns Policy\",\"item\":\"https:\\\/\\\/carland-solutions.pt\\\/?page_id=17\"},{\"@type\":\"ListItem\",\"position\":3,\"name\":\"Citro\u00ebn Jumpy 2024 | 2.0 Diesel | Automatik\"}]},{\"@type\":\"WebSite\",\"@id\":\"https:\\\/\\\/carland-solutions.pt\\\/de\\\/#website\",\"url\":\"https:\\\/\\\/carland-solutions.pt\\\/de\\\/\",\"name\":\"Carland Solutions\",\"description\":\"\",\"publisher\":{\"@id\":\"https:\\\/\\\/carland-solutions.pt\\\/de\\\/#organization\"},\"potentialAction\":[{\"@type\":\"SearchAction\",\"target\":{\"@type\":\"EntryPoint\",\"urlTemplate\":\"https:\\\/\\\/carland-solutions.pt\\\/de\\\/?s={search_term_string}\"},\"query-input\":{\"@type\":\"PropertyValueSpecification\",\"valueRequired\":true,\"valueName\":\"search_term_string\"}}],\"inLanguage\":\"de\"},{\"@type\":\"Organization\",\"@id\":\"https:\\\/\\\/carland-solutions.pt\\\/de\\\/#organization\",\"name\":\"Carland Solutions\",\"url\":\"https:\\\/\\\/carland-solutions.pt\\\/de\\\/\",\"logo\":{\"@type\":\"ImageObject\",\"inLanguage\":\"de\",\"@id\":\"https:\\\/\\\/carland-solutions.pt\\\/de\\\/#\\\/schema\\\/logo\\\/image\\\/\",\"url\":\"https:\\\/\\\/carland-solutions.pt\\\/wp-content\\\/uploads\\\/2025\\\/01\\\/Carland-Solutions-WBG-900x400-11.jpg\",\"contentUrl\":\"https:\\\/\\\/carland-solutions.pt\\\/wp-content\\\/uploads\\\/2025\\\/01\\\/Carland-Solutions-WBG-900x400-11.jpg\",\"width\":900,\"height\":400,\"caption\":\"Carland Solutions\"},\"image\":{\"@id\":\"https:\\\/\\\/carland-solutions.pt\\\/de\\\/#\\\/schema\\\/logo\\\/image\\\/\"},\"sameAs\":[\"https:\\\/\\\/www.facebook.com\\\/carlandsolutions\",\"https:\\\/\\\/www.instagram.com\\\/carlandsolutions\\\/\"]}]}<\/script>\n<!-- \/ Yoast SEO plugin. -->","yoast_head_json":{"title":"Citro\u00ebn Jumpy 2024 | 2.0 Diesel | Automatik - Carland Solutions","robots":{"index":"index","follow":"follow","max-snippet":"max-snippet:-1","max-image-preview":"max-image-preview:large","max-video-preview":"max-video-preview:-1"},"canonical":"https:\/\/carland-solutions.pt\/de\/product\/citroen-jumpy-2024-2-0-diesel-automatik\/","og_locale":"de_DE","og_type":"article","og_title":"Citro\u00ebn Jumpy 2024 | 2.0 Diesel | Automatik - Carland Solutions","og_description":"Jahr der Errichtung: 2024   Modell\/Version: Jumpy 2.0 Diesel Automatik   Kilometerstand: 31.000 km   Hubraum: 1.997 ccm   Leistung: 145 PS   Drehmoment: 400 Nm   Verbrauch: 6,0-7,0 L\/100 km   Getriebe: Automatik   Kraftstoff: Diese","og_url":"https:\/\/carland-solutions.pt\/de\/product\/citroen-jumpy-2024-2-0-diesel-automatik\/","og_site_name":"Carland Solutions","article_publisher":"https:\/\/www.facebook.com\/carlandsolutions","article_modified_time":"2025-10-09T08:42:37+00:00","og_image":[{"width":1080,"height":1350,"url":"https:\/\/carland-solutions.pt\/wp-content\/uploads\/2025\/05\/499552197_122191018550098046_8951227683959919241_n.jpg","type":"image\/jpeg"}],"twitter_card":"summary_large_image","twitter_misc":{"Gesch\u00e4tzte Lesezeit":"2\u00a0Minuten"},"schema":{"@context":"https:\/\/schema.org","@graph":[{"@type":"WebPage","@id":"https:\/\/carland-solutions.pt\/de\/product\/citroen-jumpy-2024-2-0-diesel-automatik\/","url":"https:\/\/carland-solutions.pt\/de\/product\/citroen-jumpy-2024-2-0-diesel-automatik\/","name":"Citro\u00ebn Jumpy 2024 | 2.0 Diesel | Automatik - Carland Solutions","isPartOf":{"@id":"https:\/\/carland-solutions.pt\/de\/#website"},"primaryImageOfPage":{"@id":"https:\/\/carland-solutions.pt\/de\/product\/citroen-jumpy-2024-2-0-diesel-automatik\/#primaryimage"},"image":{"@id":"https:\/\/carland-solutions.pt\/de\/product\/citroen-jumpy-2024-2-0-diesel-automatik\/#primaryimage"},"thumbnailUrl":"https:\/\/carland-solutions.pt\/wp-content\/uploads\/2025\/05\/499552197_122191018550098046_8951227683959919241_n.jpg","datePublished":"2025-02-10T10:23:49+00:00","dateModified":"2025-10-09T08:42:37+00:00","breadcrumb":{"@id":"https:\/\/carland-solutions.pt\/de\/product\/citroen-jumpy-2024-2-0-diesel-automatik\/#breadcrumb"},"inLanguage":"de","potentialAction":[{"@type":"ReadAction","target":["https:\/\/carland-solutions.pt\/de\/product\/citroen-jumpy-2024-2-0-diesel-automatik\/"]}]},{"@type":"ImageObject","inLanguage":"de","@id":"https:\/\/carland-solutions.pt\/de\/product\/citroen-jumpy-2024-2-0-diesel-automatik\/#primaryimage","url":"https:\/\/carland-solutions.pt\/wp-content\/uploads\/2025\/05\/499552197_122191018550098046_8951227683959919241_n.jpg","contentUrl":"https:\/\/carland-solutions.pt\/wp-content\/uploads\/2025\/05\/499552197_122191018550098046_8951227683959919241_n.jpg","width":1080,"height":1350},{"@type":"BreadcrumbList","@id":"https:\/\/carland-solutions.pt\/de\/product\/citroen-jumpy-2024-2-0-diesel-automatik\/#breadcrumb","itemListElement":[{"@type":"ListItem","position":1,"name":"Home","item":"https:\/\/carland-solutions.pt\/de\/"},{"@type":"ListItem","position":2,"name":"Refund and Returns Policy","item":"https:\/\/carland-solutions.pt\/?page_id=17"},{"@type":"ListItem","position":3,"name":"Citro\u00ebn Jumpy 2024 | 2.0 Diesel | Automatik"}]},{"@type":"WebSite","@id":"https:\/\/carland-solutions.pt\/de\/#website","url":"https:\/\/carland-solutions.pt\/de\/","name":"Carland Solutions","description":"","publisher":{"@id":"https:\/\/carland-solutions.pt\/de\/#organization"},"potentialAction":[{"@type":"SearchAction","target":{"@type":"EntryPoint","urlTemplate":"https:\/\/carland-solutions.pt\/de\/?s={search_term_string}"},"query-input":{"@type":"PropertyValueSpecification","valueRequired":true,"valueName":"search_term_string"}}],"inLanguage":"de"},{"@type":"Organization","@id":"https:\/\/carland-solutions.pt\/de\/#organization","name":"Carland Solutions","url":"https:\/\/carland-solutions.pt\/de\/","logo":{"@type":"ImageObject","inLanguage":"de","@id":"https:\/\/carland-solutions.pt\/de\/#\/schema\/logo\/image\/","url":"https:\/\/carland-solutions.pt\/wp-content\/uploads\/2025\/01\/Carland-Solutions-WBG-900x400-11.jpg","contentUrl":"https:\/\/carland-solutions.pt\/wp-content\/uploads\/2025\/01\/Carland-Solutions-WBG-900x400-11.jpg","width":900,"height":400,"caption":"Carland Solutions"},"image":{"@id":"https:\/\/carland-solutions.pt\/de\/#\/schema\/logo\/image\/"},"sameAs":["https:\/\/www.facebook.com\/carlandsolutions","https:\/\/www.instagram.com\/carlandsolutions\/"]}]}},"_links":{"self":[{"href":"https:\/\/carland-solutions.pt\/de\/wp-json\/wp\/v2\/product\/1827","targetHints":{"allow":["GET"]}}],"collection":[{"href":"https:\/\/carland-solutions.pt\/de\/wp-json\/wp\/v2\/product"}],"about":[{"href":"https:\/\/carland-solutions.pt\/de\/wp-json\/wp\/v2\/types\/product"}],"wp:featuredmedia":[{"embeddable":true,"href":"https:\/\/carland-solutions.pt\/de\/wp-json\/wp\/v2\/media\/1791"}],"wp:attachment":[{"href":"https:\/\/carland-solutions.pt\/de\/wp-json\/wp\/v2\/media?parent=1827"}],"wp:term":[{"taxonomy":"product_brand","embeddable":true,"href":"https:\/\/carland-solutions.pt\/de\/wp-json\/wp\/v2\/product_brand?post=1827"},{"taxonomy":"product_cat","embeddable":true,"href":"https:\/\/carland-solutions.pt\/de\/wp-json\/wp\/v2\/product_cat?post=1827"},{"taxonomy":"product_tag","embeddable":true,"href":"https:\/\/carland-solutions.pt\/de\/wp-json\/wp\/v2\/product_tag?post=1827"}],"curies":[{"name":"wp","href":"https:\/\/api.w.org\/{rel}","templated":true}]}}