{"id":228,"date":"2025-01-05T19:57:09","date_gmt":"2025-01-05T19:57:09","guid":{"rendered":"https:\/\/carland-solutions.pt\/importvermittlung\/"},"modified":"2025-03-19T19:39:12","modified_gmt":"2025-03-19T19:39:12","slug":"importvermittlung","status":"publish","type":"page","link":"https:\/\/carland-solutions.pt\/de\/importvermittlung\/","title":{"rendered":"Importvermittlung"},"content":{"rendered":"<div class=\"wpb-content-wrapper\"><p>[vc_row][vc_column width=&#8220;2\/3&#8243;][vc_column_text css=&#8220;&#8220;]<\/p>\n<h1>Importvermittlung<\/h1>\n<p>[\/vc_column_text][vc_column_text css=&#8220;&#8220;]<strong>Importieren Sie Ihr Auto nach Portugal? Wir machen es Ihnen einfach.. <\/strong><\/p>\n<p>Der Import eines Autos nach Portugal kann ein komplizierter Prozess sein, insbesondere wenn Sie neu im Land sind. Wenn Sie jedoch auswandern, haben Sie unter bestimmten Voraussetzungen die M\u00f6glichkeit, pro erwachsener Person ein Fahrzeug als Teil Ihres Hausrats einzuf\u00fchren, wodurch Sie m\u00f6glicherweise von bestimmten Steuern befreit werden.<\/p>\n<p>Es ist wichtig zu wissen, dass die Dokumentation und Verfahren von Ihrer spezifischen Situation abh\u00e4ngen. Obwohl die erforderlichen Dokumente unterschiedlich sind, k\u00f6nnen wir Sie durch den gesamten Prozess begleiten, um sicherzustellen, dass alles korrekt und effizient abgewickelt wird. Wir wissen genau, was ben\u00f6tigt wird und sorgen daf\u00fcr, dass Sie sich nicht um die Details k\u00fcmmern m\u00fcssen.<\/p>\n<p>Wenn Sie diese Aufgabe lieber einem Experten \u00fcberlassen m\u00f6chten, helfen wir Ihnen gerne weiter. F\u00fcllen Sie das Formular unten auf dieser Seite aus und wir werden Sie unverbindlich kontaktieren!<\/p>\n<p>[\/vc_column_text][\/vc_column][vc_column width=&#8220;1\/3&#8243;][vc_row_inner][vc_column_inner][vc_empty_space height=&#8220;80px&#8220;][vc_column_text css=&#8220;.vc_custom_1742413148409{padding-top: 25px !important;padding-right: 35px !important;padding-bottom: 25px !important;padding-left: 35px !important;background-color: #1c2e4a !important;border-radius: 10px !important;}&#8220;]<span style=\"color: #ffffff;\"><i class=\"fa-fw dt-icon-the7-misc-017\"><\/i><strong> Benutzerdefinierter Import<\/strong><\/span><\/p>\n<p><span style=\"color: #ffffff;\"><i class=\"fa-fw dt-icon-the7-misc-017\"><\/i><strong> Zuverl\u00e4ssiger Partner<\/strong><\/span><\/p>\n<p><span style=\"color: #ffffff;\"><i class=\"fa-fw dt-icon-the7-misc-017\"><\/i><strong> Schneller Service<\/strong><\/span><\/p>\n<p><span style=\"color: #ffffff;\"><i class=\"fa-fw dt-icon-the7-misc-017\"><\/i><strong> \u00dcber 380 Kunden sind Ihnen vorausgegangen<\/strong><\/span>[\/vc_column_text][\/vc_column_inner][\/vc_row_inner][\/vc_column][\/vc_row][vc_row css=&#8220;.vc_custom_1732894768891{margin-top: 50px !important;margin-bottom: 35px !important;}&#8220;][vc_column][vc_column_text css=&#8220;&#8220;]<\/p>\n<h2 style=\"text-align: center;\">Carland Solutions vermittelt zu einem wettbewerbsf\u00e4higen Preis<\/h2>\n<p>[\/vc_column_text][\/vc_column][\/vc_row][vc_row gap=&#8220;30&#8243; equal_height=&#8220;yes&#8220; css=&#8220;.vc_custom_1732894802101{margin-bottom: 50px !important;}&#8220;][vc_column width=&#8220;1\/3&#8243; css=&#8220;.vc_custom_1732894634115{background-color: #1C2E4A !important;border-radius: 10px !important;}&#8220;][vc_column_text css=&#8220;&#8220;]<\/p>\n<h3 style=\"text-align: center;\"><span style=\"color: #ffffff;\">Schritt 1<\/span><\/h3>\n<p>[\/vc_column_text][vc_column_text css=&#8220;&#8220;]<span style=\"color: #ffffff;\">Wir werden uns mit Ihnen in Verbindung setzen und die M\u00f6glichkeiten f\u00fcr den Import Ihres Autos und die Zulassung mit einem portugiesischen Kennzeichen besprechen.<\/span>[\/vc_column_text][\/vc_column][vc_column width=&#8220;1\/3&#8243; css=&#8220;.vc_custom_1732894643868{background-color: #1C2E4A !important;border-radius: 10px !important;}&#8220;][vc_column_text css=&#8220;&#8220;]<\/p>\n<h3 style=\"text-align: center;\"><span style=\"color: #ffffff;\">Schritt 2<\/span><\/h3>\n<p>[\/vc_column_text][vc_column_text css=&#8220;&#8220;]<span style=\"color: #ffffff;\">Gemeinsam stellen wir die notwendigen Informationen und Dokumente f\u00fcr den erfolgreichen Import Ihres Autos bereit. Wir begleiten Sie dann durch jeden Schritt des Prozesses. <\/span>[\/vc_column_text][\/vc_column][vc_column width=&#8220;1\/3&#8243; css=&#8220;.vc_custom_1732894654386{background-color: #1C2E4A !important;border-radius: 10px !important;}&#8220;][vc_column_text css=&#8220;&#8220;]<\/p>\n<h3 style=\"text-align: center;\"><span style=\"color: #ffffff;\">Schritt 3<\/span><\/h3>\n<p>[\/vc_column_text][vc_column_text css=&#8220;&#8220;]<span style=\"color: #ffffff;\">Ihr Auto ist bereit, ein portugiesisches Nummernschild zu erhalten. Ab sofort k\u00f6nnen Sie in Portugal sorgenfrei Auto fahren! <\/span>[\/vc_column_text][\/vc_column][\/vc_row][vc_row css=&#8220;.vc_custom_1728045748118{margin-bottom: 50px !important;}&#8220;][vc_column][vc_column_text css=&#8220;&#8220;]Wir helfen Ihnen gerne beim Import Ihres Autos. Um Ihnen bestm\u00f6glich und schnell helfen zu k\u00f6nnen, haben wir ein paar kurze Fragen an Sie. F\u00fcllen Sie das gesamte Formular aus und wir werden uns so schnell wie m\u00f6glich mit Ihnen in Verbindung setzen! [\/vc_column_text][vc_row_inner][vc_column_inner width=&#8220;1\/4&#8243;][\/vc_column_inner][vc_column_inner width=&#8220;1\/2&#8243; css=&#8220;.vc_custom_1728045826728{background-color: #ededed !important;border-radius: 10px !important;}&#8220;][vc_column_text css=&#8220;&#8220;]\n<div class=\"wpcf7 no-js\" id=\"wpcf7-f1204-o1\" lang=\"de-DE\" dir=\"ltr\" data-wpcf7-id=\"1204\">\n<div class=\"screen-reader-response\"><p role=\"status\" aria-live=\"polite\" aria-atomic=\"true\"><\/p> <ul><\/ul><\/div>\n<form action=\"\/de\/wp-json\/wp\/v2\/pages\/228#wpcf7-f1204-o1\" method=\"post\" class=\"wpcf7-form init\" aria-label=\"Kontaktformular\" novalidate=\"novalidate\" data-status=\"init\">\n<fieldset class=\"hidden-fields-container\"><input type=\"hidden\" name=\"_wpcf7\" value=\"1204\" \/><input type=\"hidden\" name=\"_wpcf7_version\" value=\"6.1.5\" \/><input type=\"hidden\" name=\"_wpcf7_locale\" value=\"de_DE\" \/><input type=\"hidden\" name=\"_wpcf7_unit_tag\" value=\"wpcf7-f1204-o1\" \/><input type=\"hidden\" name=\"_wpcf7_container_post\" value=\"0\" \/><input type=\"hidden\" name=\"_wpcf7_posted_data_hash\" value=\"\" \/>\n<\/fieldset>\n<p><span class=\"wpcf7-form-control-wrap\" data-name=\"voornaam\"><input size=\"40\" maxlength=\"400\" class=\"wpcf7-form-control wpcf7-text wpcf7-validates-as-required\" aria-required=\"true\" aria-invalid=\"false\" placeholder=\"Ihr Vorname (erforderlich)\" value=\"\" type=\"text\" name=\"voornaam\" \/><\/span>\n<\/p>\n<p><span class=\"wpcf7-form-control-wrap\" data-name=\"achternaam\"><input size=\"40\" maxlength=\"400\" class=\"wpcf7-form-control wpcf7-text wpcf7-validates-as-required\" aria-required=\"true\" aria-invalid=\"false\" placeholder=\"Ihr Nachname (erforderlich)\" value=\"\" type=\"text\" name=\"achternaam\" \/><\/span>\n<\/p>\n<p><span class=\"wpcf7-form-control-wrap\" data-name=\"email\"><input size=\"40\" maxlength=\"400\" class=\"wpcf7-form-control wpcf7-email wpcf7-validates-as-required wpcf7-text wpcf7-validates-as-email\" aria-required=\"true\" aria-invalid=\"false\" placeholder=\"Ihre E-Mail-Adresse (erforderlich)\" value=\"\" type=\"email\" name=\"email\" \/><\/span>\n<\/p>\n<p><span class=\"wpcf7-form-control-wrap\" data-name=\"tel\"><input size=\"40\" maxlength=\"400\" class=\"wpcf7-form-control wpcf7-tel wpcf7-validates-as-required wpcf7-text wpcf7-validates-as-tel\" aria-required=\"true\" aria-invalid=\"false\" placeholder=\"Ihre Telefonnummer (erforderlich)\" value=\"\" type=\"tel\" name=\"tel\" \/><\/span>\n<\/p>\n<p><span class=\"wpcf7-form-control-wrap\" data-name=\"kenteken\"><input size=\"40\" maxlength=\"400\" class=\"wpcf7-form-control wpcf7-text wpcf7-validates-as-required\" aria-required=\"true\" aria-invalid=\"false\" placeholder=\"Wie lautet das Kennzeichen Ihres Autos?\" value=\"\" type=\"text\" name=\"kenteken\" \/><\/span>\n<\/p>\n<p><label>In welchem Land ist dieses Kennzeichen derzeit zugelassen?<\/label><br \/>\n<span class=\"wpcf7-form-control-wrap\" data-name=\"landregistratie\"><select class=\"wpcf7-form-control wpcf7-select wpcf7-validates-as-required\" aria-required=\"true\" aria-invalid=\"false\" name=\"landregistratie\"><option value=\"Niederlande\">Niederlande<\/option><option value=\"Belgien\">Belgien<\/option><option value=\"Deutschland\">Deutschland<\/option><option value=\"Luxemburg\">Luxemburg<\/option><option value=\"Frankreich\">Frankreich<\/option><option value=\"Spanien\">Spanien<\/option><option value=\"Italien\">Italien<\/option><option value=\"\u00d6sterreich\">\u00d6sterreich<\/option><\/select><\/span>\n<\/p>\n<p><label>An welchem Datum m\u00f6chten Sie das Auto importieren?<\/label><br \/>\n<span class=\"wpcf7-form-control-wrap\" data-name=\"verhuisdatum\"><input class=\"wpcf7-form-control wpcf7-date wpcf7-validates-as-required wpcf7-validates-as-date\" min=\"2021-01-01\" max=\"2035-01-01\" aria-required=\"true\" aria-invalid=\"false\" placeholder=\"An welchem Datum m\u00f6chten Sie das Auto importieren?\" value=\"\" type=\"date\" name=\"verhuisdatum\" \/><\/span>\n<\/p>\n<p><label>Ist das Auto seit mehr als 6 Monaten in Ihrem Besitz? (Wenn 'Ja', sind Sie m\u00f6glicherweise berechtigt, Ihr Auto steuerfrei einzuf\u00fchren.) <\/label><br \/>\n<span class=\"wpcf7-form-control-wrap\" data-name=\"belastingvrij\"><span class=\"wpcf7-form-control wpcf7-radio\"><span class=\"wpcf7-list-item first\"><label><span class=\"wpcf7-list-item-label\">Ja<\/span><input type=\"radio\" name=\"belastingvrij\" value=\"Ja\" checked=\"checked\" \/><\/label><\/span><span class=\"wpcf7-list-item last\"><label><span class=\"wpcf7-list-item-label\">Nein<\/span><input type=\"radio\" name=\"belastingvrij\" value=\"Nein\" \/><\/label><\/span><\/span><\/span>\n<\/p>\n<p><span class=\"wpcf7-form-control-wrap\" data-name=\"bericht\"><textarea cols=\"40\" rows=\"10\" maxlength=\"2000\" class=\"wpcf7-form-control wpcf7-textarea\" aria-invalid=\"false\" placeholder=\"Haben Sie weitere Fragen oder Anmerkungen? Wir w\u00fcrden es gerne h\u00f6ren!\" name=\"bericht\"><\/textarea><\/span>\n<\/p>\n<p><input class=\"wpcf7-form-control wpcf7-submit has-spinner\" type=\"submit\" value=\"Schicken\" \/>\n<\/p><div class=\"wpcf7-response-output\" aria-hidden=\"true\"><\/div>\n<\/form>\n<\/div>\n[\/vc_column_text][\/vc_column_inner][vc_column_inner width=&#8220;1\/4&#8243;][\/vc_column_inner][\/vc_row_inner][\/vc_column][\/vc_row][vc_row el_id=&#8220;rijbewijs-omwisselen&#8220;][vc_column width=&#8220;2\/3&#8243;][vc_column_text css=&#8220;&#8220;]<\/p>\n<h1>Ihren F\u00fchrerschein umtauschen<\/h1>\n<p>[\/vc_column_text][vc_column_text css=&#8220;&#8220;]<strong>Umtausch und Registrierung Ihres F\u00fchrerscheins in Portugal \u2013 Vermeiden Sie Probleme im Stra\u00dfenverkehr<\/strong><\/p>\n<p>Wenn Sie nach Portugal auswandern, ist es nicht nur wichtig, Ihr Fahrzeug korrekt zu importieren, sondern auch darauf zu achten, dass Sie weiterhin mit einem g\u00fcltigen F\u00fchrerschein fahren. Obwohl Ihr niederl\u00e4ndischer F\u00fchrerschein weiterhin g\u00fcltig ist, sind Sie verpflichtet, Ihren F\u00fchrerschein innerhalb von 60 Tagen nach Ihrer Registrierung in Portugal beim <em>Instituto da Mobilidade e dos Transportes (IMT)<\/em><br \/>\nzu registrieren. Dies verhindert Probleme und stellt sicher, dass Sie die portugiesischen Gesetze einhalten.<\/p>\n<p>Nach der Registrierung beim IMT erhalten Sie einen Zulassungsnachweis, den Sie beim Fahren in Portugal immer bei sich tragen m\u00fcssen. Denken Sie daran: Obwohl Ihr F\u00fchrerschein bis zum Ablaufdatum g\u00fcltig bleibt, kann die Nichteinhaltung der Registrierungspflichten zu erheblichen Bu\u00dfgeldern f\u00fchren.<\/p>\n<p>Au\u00dferdem gilt: Wenn Sie unter 18 Jahre alt sind, m\u00fcssen Sie wissen, dass das portugiesische Gesetz vorschreibt, dass Fahrer mindestens 18 Jahre alt sein m\u00fcssen, um ein Fahrzeug zu f\u00fchren \u2013 unabh\u00e4ngig davon, ob Sie in den Niederlanden bereits einen F\u00fchrerschein erworben haben.<\/p>\n<p>M\u00f6chten Sie sicherstellen, dass alles korrekt und rechtzeitig erledigt wird? Lassen Sie uns Ihnen bei der Registrierung Ihres F\u00fchrerscheins und anderen administrativen Angelegenheiten helfen, damit Sie die Stra\u00dfen Portugals sorgenfrei genie\u00dfen k\u00f6nnen.<\/p>\n<p>[\/vc_column_text][\/vc_column][vc_column width=&#8220;1\/3&#8243;][vc_row_inner][vc_column_inner][vc_empty_space height=&#8220;80px&#8220;][vc_column_text css=&#8220;.vc_custom_1734378042007{padding-top: 25px !important;padding-right: 35px !important;padding-bottom: 25px !important;padding-left: 35px !important;background-color: #1c2e4a !important;border-radius: 10px !important;}&#8220;] <span style=\"color: #ffffff;\"><i class=\"fa-fw dt-icon-the7-misc-017\"><\/i><strong> Hilfe bei der IMT-Registrierung<\/strong><\/span><\/p>\n<p><span style=\"color: #ffffff;\"><i class=\"fa-fw dt-icon-the7-misc-017\"><\/i><strong> Beantragung eines portugiesischen F\u00fchrerscheins<\/strong><\/span><\/p>\n<p><span style=\"color: #ffffff;\"><i class=\"fa-fw dt-icon-the7-misc-017\"><\/i><strong> \u00dcber 50 Kunden sind Ihnen vorausgegangen<\/strong><\/span>[\/vc_column_text][\/vc_column_inner][\/vc_row_inner][\/vc_column][\/vc_row][vc_row css=&#8220;.vc_custom_1728045748118{margin-bottom: 50px !important;}&#8220;][vc_column][vc_column_text css=&#8220;&#8220;]Wir helfen Ihnen gerne dabei, Ihren europ\u00e4ischen F\u00fchrerschein beim IMT zu registrieren oder Ihren europ\u00e4ischen F\u00fchrerschein in einen portugiesischen F\u00fchrerschein umzuwandeln. Um Ihnen bestm\u00f6glich und schnellstm\u00f6glich weiterhelfen zu k\u00f6nnen, m\u00f6chten wir Sie bitten, das Formular auszuf\u00fcllen und werden uns schnellstm\u00f6glich mit Ihnen in Verbindung setzen! [\/vc_column_text][vc_row_inner][vc_column_inner width=&#8220;1\/4&#8243;][\/vc_column_inner][vc_column_inner width=&#8220;1\/2&#8243; css=&#8220;.vc_custom_1728045826728{background-color: #ededed !important;border-radius: 10px !important;}&#8220;][vc_column_text css=&#8220;&#8220;]\n<div class=\"wpcf7 no-js\" id=\"wpcf7-f1205-o2\" lang=\"de-DE\" dir=\"ltr\" data-wpcf7-id=\"1205\">\n<div class=\"screen-reader-response\"><p role=\"status\" aria-live=\"polite\" aria-atomic=\"true\"><\/p> <ul><\/ul><\/div>\n<form action=\"\/de\/wp-json\/wp\/v2\/pages\/228#wpcf7-f1205-o2\" method=\"post\" class=\"wpcf7-form init\" aria-label=\"Kontaktformular\" novalidate=\"novalidate\" data-status=\"init\">\n<fieldset class=\"hidden-fields-container\"><input type=\"hidden\" name=\"_wpcf7\" value=\"1205\" \/><input type=\"hidden\" name=\"_wpcf7_version\" value=\"6.1.5\" \/><input type=\"hidden\" name=\"_wpcf7_locale\" value=\"de_DE\" \/><input type=\"hidden\" name=\"_wpcf7_unit_tag\" value=\"wpcf7-f1205-o2\" \/><input type=\"hidden\" name=\"_wpcf7_container_post\" value=\"0\" \/><input type=\"hidden\" name=\"_wpcf7_posted_data_hash\" value=\"\" \/>\n<\/fieldset>\n<p><span class=\"wpcf7-form-control-wrap\" data-name=\"naam\"><input size=\"40\" maxlength=\"400\" class=\"wpcf7-form-control wpcf7-text wpcf7-validates-as-required\" aria-required=\"true\" aria-invalid=\"false\" placeholder=\"Ihr Name (erforderlich)\" value=\"\" type=\"text\" name=\"naam\" \/><\/span>\n<\/p>\n<p><span class=\"wpcf7-form-control-wrap\" data-name=\"email\"><input size=\"40\" maxlength=\"400\" class=\"wpcf7-form-control wpcf7-email wpcf7-validates-as-required wpcf7-text wpcf7-validates-as-email\" aria-required=\"true\" aria-invalid=\"false\" placeholder=\"Ihre E-Mail-Adresse (erforderlich)\" value=\"\" type=\"email\" name=\"email\" \/><\/span>\n<\/p>\n<p><span class=\"wpcf7-form-control-wrap\" data-name=\"tel\"><input size=\"40\" maxlength=\"400\" class=\"wpcf7-form-control wpcf7-tel wpcf7-validates-as-required wpcf7-text wpcf7-validates-as-tel\" aria-required=\"true\" aria-invalid=\"false\" placeholder=\"Ihre Telefonnummer (+351.., +31.., +49..) (erforderlich)\" value=\"\" type=\"tel\" name=\"tel\" \/><\/span>\n<\/p>\n<p><span class=\"wpcf7-form-control-wrap\" data-name=\"bericht\"><textarea cols=\"40\" rows=\"10\" maxlength=\"2000\" class=\"wpcf7-form-control wpcf7-textarea\" aria-invalid=\"false\" placeholder=\"Haben Sie eine Frage oder einen Kommentar? Wir w\u00fcrden es gerne h\u00f6ren!\" name=\"bericht\"><\/textarea><\/span>\n<\/p>\n<p><input class=\"wpcf7-form-control wpcf7-submit has-spinner\" type=\"submit\" value=\"Schicken\" \/>\n<\/p><div class=\"wpcf7-response-output\" aria-hidden=\"true\"><\/div>\n<\/form>\n<\/div>\n[\/vc_column_text][\/vc_column_inner][vc_column_inner width=&#8220;1\/4&#8243;][\/vc_column_inner][\/vc_row_inner][\/vc_column][\/vc_row]<\/p>\n<\/div>","protected":false},"excerpt":{"rendered":"<p>[vc_row][vc_column width=&#8220;2\/3&#8243;][vc_column_text css=&#8220;&#8220;] Importvermittlung [\/vc_column_text][vc_column_text css=&#8220;&#8220;]Importieren Sie Ihr Auto nach Portugal? Wir machen es Ihnen einfach.. Der Import eines Autos nach Portugal kann ein komplizierter Prozess sein, insbesondere wenn Sie neu im Land sind. Wenn Sie jedoch auswandern, haben Sie unter bestimmten Voraussetzungen die M\u00f6glichkeit, pro erwachsener Person ein Fahrzeug als Teil Ihres Hausrats einzuf\u00fchren,&hellip;<\/p>\n","protected":false},"author":1,"featured_media":0,"parent":0,"menu_order":300,"comment_status":"closed","ping_status":"closed","template":"","meta":{"footnotes":""},"class_list":["post-228","page","type-page","status-publish","hentry","description-off"],"yoast_head":"<!-- This site is optimized with the Yoast SEO plugin v27.5 - https:\/\/yoast.com\/product\/yoast-seo-wordpress\/ -->\n<title>Importvermittlung - Carland Solutions<\/title>\n<meta name=\"robots\" content=\"index, follow, max-snippet:-1, max-image-preview:large, max-video-preview:-1\" \/>\n<link rel=\"canonical\" href=\"https:\/\/carland-solutions.pt\/de\/importvermittlung\/\" \/>\n<meta property=\"og:locale\" content=\"de_DE\" \/>\n<meta property=\"og:type\" content=\"article\" \/>\n<meta property=\"og:title\" content=\"Importvermittlung - Carland Solutions\" \/>\n<meta property=\"og:description\" content=\"[vc_row][vc_column width=&#8220;2\/3&#8243;][vc_column_text css=&#8220;&#8220;] Importvermittlung [\/vc_column_text][vc_column_text css=&#8220;&#8220;]Importieren Sie Ihr Auto nach Portugal? Wir machen es Ihnen einfach.. Der Import eines Autos nach Portugal kann ein komplizierter Prozess sein, insbesondere wenn Sie neu im Land sind. Wenn Sie jedoch auswandern, haben Sie unter bestimmten Voraussetzungen die M\u00f6glichkeit, pro erwachsener Person ein Fahrzeug als Teil Ihres Hausrats einzuf\u00fchren,&hellip;\" \/>\n<meta property=\"og:url\" content=\"https:\/\/carland-solutions.pt\/de\/importvermittlung\/\" \/>\n<meta property=\"og:site_name\" content=\"Carland Solutions\" \/>\n<meta property=\"article:publisher\" content=\"https:\/\/www.facebook.com\/carlandsolutions\" \/>\n<meta property=\"article:modified_time\" content=\"2025-03-19T19:39:12+00:00\" \/>\n<meta property=\"og:image\" content=\"https:\/\/carland-solutions.pt\/wp-content\/uploads\/2025\/01\/Carland-Solutions-WBG-900x400-11.jpg\" \/>\n\t<meta property=\"og:image:width\" content=\"900\" \/>\n\t<meta property=\"og:image:height\" content=\"400\" \/>\n\t<meta property=\"og:image:type\" content=\"image\/jpeg\" \/>\n<meta name=\"twitter:card\" content=\"summary_large_image\" \/>\n<meta name=\"twitter:label1\" content=\"Gesch\u00e4tzte Lesezeit\" \/>\n\t<meta name=\"twitter:data1\" content=\"4\u00a0Minuten\" \/>\n<script type=\"application\/ld+json\" class=\"yoast-schema-graph\">{\"@context\":\"https:\\\/\\\/schema.org\",\"@graph\":[{\"@type\":\"WebPage\",\"@id\":\"https:\\\/\\\/carland-solutions.pt\\\/de\\\/importvermittlung\\\/\",\"url\":\"https:\\\/\\\/carland-solutions.pt\\\/de\\\/importvermittlung\\\/\",\"name\":\"Importvermittlung - Carland Solutions\",\"isPartOf\":{\"@id\":\"https:\\\/\\\/carland-solutions.pt\\\/de\\\/#website\"},\"datePublished\":\"2025-01-05T19:57:09+00:00\",\"dateModified\":\"2025-03-19T19:39:12+00:00\",\"breadcrumb\":{\"@id\":\"https:\\\/\\\/carland-solutions.pt\\\/de\\\/importvermittlung\\\/#breadcrumb\"},\"inLanguage\":\"de\",\"potentialAction\":[{\"@type\":\"ReadAction\",\"target\":[\"https:\\\/\\\/carland-solutions.pt\\\/de\\\/importvermittlung\\\/\"]}]},{\"@type\":\"BreadcrumbList\",\"@id\":\"https:\\\/\\\/carland-solutions.pt\\\/de\\\/importvermittlung\\\/#breadcrumb\",\"itemListElement\":[{\"@type\":\"ListItem\",\"position\":1,\"name\":\"Home\",\"item\":\"https:\\\/\\\/carland-solutions.pt\\\/de\\\/\"},{\"@type\":\"ListItem\",\"position\":2,\"name\":\"Importvermittlung\"}]},{\"@type\":\"WebSite\",\"@id\":\"https:\\\/\\\/carland-solutions.pt\\\/de\\\/#website\",\"url\":\"https:\\\/\\\/carland-solutions.pt\\\/de\\\/\",\"name\":\"Carland Solutions\",\"description\":\"\",\"publisher\":{\"@id\":\"https:\\\/\\\/carland-solutions.pt\\\/de\\\/#organization\"},\"potentialAction\":[{\"@type\":\"SearchAction\",\"target\":{\"@type\":\"EntryPoint\",\"urlTemplate\":\"https:\\\/\\\/carland-solutions.pt\\\/de\\\/?s={search_term_string}\"},\"query-input\":{\"@type\":\"PropertyValueSpecification\",\"valueRequired\":true,\"valueName\":\"search_term_string\"}}],\"inLanguage\":\"de\"},{\"@type\":\"Organization\",\"@id\":\"https:\\\/\\\/carland-solutions.pt\\\/de\\\/#organization\",\"name\":\"Carland Solutions\",\"url\":\"https:\\\/\\\/carland-solutions.pt\\\/de\\\/\",\"logo\":{\"@type\":\"ImageObject\",\"inLanguage\":\"de\",\"@id\":\"https:\\\/\\\/carland-solutions.pt\\\/de\\\/#\\\/schema\\\/logo\\\/image\\\/\",\"url\":\"https:\\\/\\\/carland-solutions.pt\\\/wp-content\\\/uploads\\\/2025\\\/01\\\/Carland-Solutions-WBG-900x400-11.jpg\",\"contentUrl\":\"https:\\\/\\\/carland-solutions.pt\\\/wp-content\\\/uploads\\\/2025\\\/01\\\/Carland-Solutions-WBG-900x400-11.jpg\",\"width\":900,\"height\":400,\"caption\":\"Carland Solutions\"},\"image\":{\"@id\":\"https:\\\/\\\/carland-solutions.pt\\\/de\\\/#\\\/schema\\\/logo\\\/image\\\/\"},\"sameAs\":[\"https:\\\/\\\/www.facebook.com\\\/carlandsolutions\",\"https:\\\/\\\/www.instagram.com\\\/carlandsolutions\\\/\"]}]}<\/script>\n<!-- \/ Yoast SEO plugin. -->","yoast_head_json":{"title":"Importvermittlung - Carland Solutions","robots":{"index":"index","follow":"follow","max-snippet":"max-snippet:-1","max-image-preview":"max-image-preview:large","max-video-preview":"max-video-preview:-1"},"canonical":"https:\/\/carland-solutions.pt\/de\/importvermittlung\/","og_locale":"de_DE","og_type":"article","og_title":"Importvermittlung - Carland Solutions","og_description":"[vc_row][vc_column width=&#8220;2\/3&#8243;][vc_column_text css=&#8220;&#8220;] Importvermittlung [\/vc_column_text][vc_column_text css=&#8220;&#8220;]Importieren Sie Ihr Auto nach Portugal? Wir machen es Ihnen einfach.. Der Import eines Autos nach Portugal kann ein komplizierter Prozess sein, insbesondere wenn Sie neu im Land sind. Wenn Sie jedoch auswandern, haben Sie unter bestimmten Voraussetzungen die M\u00f6glichkeit, pro erwachsener Person ein Fahrzeug als Teil Ihres Hausrats einzuf\u00fchren,&hellip;","og_url":"https:\/\/carland-solutions.pt\/de\/importvermittlung\/","og_site_name":"Carland Solutions","article_publisher":"https:\/\/www.facebook.com\/carlandsolutions","article_modified_time":"2025-03-19T19:39:12+00:00","og_image":[{"width":900,"height":400,"url":"https:\/\/carland-solutions.pt\/wp-content\/uploads\/2025\/01\/Carland-Solutions-WBG-900x400-11.jpg","type":"image\/jpeg"}],"twitter_card":"summary_large_image","twitter_misc":{"Gesch\u00e4tzte Lesezeit":"4\u00a0Minuten"},"schema":{"@context":"https:\/\/schema.org","@graph":[{"@type":"WebPage","@id":"https:\/\/carland-solutions.pt\/de\/importvermittlung\/","url":"https:\/\/carland-solutions.pt\/de\/importvermittlung\/","name":"Importvermittlung - Carland Solutions","isPartOf":{"@id":"https:\/\/carland-solutions.pt\/de\/#website"},"datePublished":"2025-01-05T19:57:09+00:00","dateModified":"2025-03-19T19:39:12+00:00","breadcrumb":{"@id":"https:\/\/carland-solutions.pt\/de\/importvermittlung\/#breadcrumb"},"inLanguage":"de","potentialAction":[{"@type":"ReadAction","target":["https:\/\/carland-solutions.pt\/de\/importvermittlung\/"]}]},{"@type":"BreadcrumbList","@id":"https:\/\/carland-solutions.pt\/de\/importvermittlung\/#breadcrumb","itemListElement":[{"@type":"ListItem","position":1,"name":"Home","item":"https:\/\/carland-solutions.pt\/de\/"},{"@type":"ListItem","position":2,"name":"Importvermittlung"}]},{"@type":"WebSite","@id":"https:\/\/carland-solutions.pt\/de\/#website","url":"https:\/\/carland-solutions.pt\/de\/","name":"Carland Solutions","description":"","publisher":{"@id":"https:\/\/carland-solutions.pt\/de\/#organization"},"potentialAction":[{"@type":"SearchAction","target":{"@type":"EntryPoint","urlTemplate":"https:\/\/carland-solutions.pt\/de\/?s={search_term_string}"},"query-input":{"@type":"PropertyValueSpecification","valueRequired":true,"valueName":"search_term_string"}}],"inLanguage":"de"},{"@type":"Organization","@id":"https:\/\/carland-solutions.pt\/de\/#organization","name":"Carland Solutions","url":"https:\/\/carland-solutions.pt\/de\/","logo":{"@type":"ImageObject","inLanguage":"de","@id":"https:\/\/carland-solutions.pt\/de\/#\/schema\/logo\/image\/","url":"https:\/\/carland-solutions.pt\/wp-content\/uploads\/2025\/01\/Carland-Solutions-WBG-900x400-11.jpg","contentUrl":"https:\/\/carland-solutions.pt\/wp-content\/uploads\/2025\/01\/Carland-Solutions-WBG-900x400-11.jpg","width":900,"height":400,"caption":"Carland Solutions"},"image":{"@id":"https:\/\/carland-solutions.pt\/de\/#\/schema\/logo\/image\/"},"sameAs":["https:\/\/www.facebook.com\/carlandsolutions","https:\/\/www.instagram.com\/carlandsolutions\/"]}]}},"_links":{"self":[{"href":"https:\/\/carland-solutions.pt\/de\/wp-json\/wp\/v2\/pages\/228","targetHints":{"allow":["GET"]}}],"collection":[{"href":"https:\/\/carland-solutions.pt\/de\/wp-json\/wp\/v2\/pages"}],"about":[{"href":"https:\/\/carland-solutions.pt\/de\/wp-json\/wp\/v2\/types\/page"}],"author":[{"embeddable":true,"href":"https:\/\/carland-solutions.pt\/de\/wp-json\/wp\/v2\/users\/1"}],"replies":[{"embeddable":true,"href":"https:\/\/carland-solutions.pt\/de\/wp-json\/wp\/v2\/comments?post=228"}],"version-history":[{"count":14,"href":"https:\/\/carland-solutions.pt\/de\/wp-json\/wp\/v2\/pages\/228\/revisions"}],"predecessor-version":[{"id":1435,"href":"https:\/\/carland-solutions.pt\/de\/wp-json\/wp\/v2\/pages\/228\/revisions\/1435"}],"wp:attachment":[{"href":"https:\/\/carland-solutions.pt\/de\/wp-json\/wp\/v2\/media?parent=228"}],"curies":[{"name":"wp","href":"https:\/\/api.w.org\/{rel}","templated":true}]}}